{"id":1847,"date":"2024-03-15T13:31:01","date_gmt":"2024-03-15T17:31:01","guid":{"rendered":"https:\/\/www.vocationministry.com\/about\/board-of-directors\/"},"modified":"2026-01-20T08:07:41","modified_gmt":"2026-01-20T14:07:41","slug":"board-of-directors","status":"publish","type":"page","link":"https:\/\/www.vocationministry.com\/es\/about\/board-of-directors\/","title":{"rendered":"Junta Directiva"},"content":{"rendered":"<h2 class=\"wp-block-heading\" id=\"board-of-directors-d5850029-3ef4-4a53-81be-ae66cb541e74\">Junta Directiva<\/h2>\n\n\n\n<div class=\"wp-block-media-text is-stacked-on-mobile is-vertically-aligned-center\" style=\"grid-template-columns:15% auto\"><figure class=\"wp-block-media-text__media\"><img loading=\"lazy\" decoding=\"async\" width=\"146\" height=\"300\" src=\"https:\/\/www.vocationministry.com\/wp-content\/uploads\/2024\/04\/Gruenewald_full_small-146x300.jpg\" alt=\"\" class=\"wp-image-3711 size-medium\" srcset=\"https:\/\/www.vocationministry.com\/wp-content\/uploads\/2024\/04\/Gruenewald_full_small-146x300.jpg 146w, https:\/\/www.vocationministry.com\/wp-content\/uploads\/2024\/04\/Gruenewald_full_small-6x12.jpg 6w, https:\/\/www.vocationministry.com\/wp-content\/uploads\/2024\/04\/Gruenewald_full_small.jpg 300w\" sizes=\"(max-width: 146px) 100vw, 146px\" \/><\/figure><div class=\"wp-block-media-text__content\">\n<h2 class=\"wp-block-heading\"><strong>Rhonda Gruenewald, presidenta fundadora de la junta<\/strong><\/h2>\n\n\n\n<p>\u00a1La gente a menudo se refiere a m\u00ed como la \u201cDama de las Vocaciones\u201d! Pero, \u00bfc\u00f3mo lleg\u00f3 un converso al catolicismo a las vocaciones? En 2011, en mi parroquia natal, la Iglesia Cat\u00f3lica Santa Cecilia en Houston, Texas, nuestro vicario parroquial reci\u00e9n ordenado, el Padre V\u00edctor P\u00e9rez, me pidi\u00f3 que asistiera a una reuni\u00f3n sobre sacerdotes y cosas as\u00ed. Se le encomend\u00f3 la tarea de reactivar el comit\u00e9 vocacional parroquial que hab\u00eda estado inactivo durante cinco a\u00f1os. Siendo un converso, no sab\u00eda de qu\u00e9 estaba hablando.<\/p>\n\n\n\n<p><u><a href=\"https:\/\/www.vocationministry.com\/es\/about\/about-our-founder\/\" data-type=\"page\" data-id=\"1843\"><strong>Leer m\u00e1s sobre Rhonda Gruenewald<\/strong><\/a><\/u><\/p>\n<\/div><\/div>\n\n\n\n<div style=\"height:15px\" aria-hidden=\"true\" class=\"wp-block-spacer\"><\/div>\n\n\n\n<h3 class=\"wp-block-heading\" id=\"h-jeanmarie-stevenson-chairman\"><strong>Jeanmarie Stevenson, presidenta<\/strong><\/h3>\n\n\n\n<p>Jeanmarie Stevenson y su esposo Bob se conocieron y se casaron en la iglesia cat\u00f3lica St. Michael en Houston, Texas, y criaron a 3 hijos. Jeanmarie ha servido en dos Consejos Pastorales y en varios Ministerios Pastorales. Ella y Bob han sido miembros de la Iglesia Cat\u00f3lica Santa Cecilia durante m\u00e1s de 25 a\u00f1os. Jeanmarie es actualmente directora general de un fabricante de envases en Houston y trabaja con dos de sus hermanos.<\/p>\n\n\n\n<h3 class=\"wp-block-heading\" id=\"h-jim-stevens-secretary\"><strong>Jim Stevens, Secretario<\/strong><\/h3>\n\n\n\n<p>Jim Stevens creci\u00f3 en McKeesport, Pensilvania. Tiene una licenciatura de la Universidad de Notre Dame y una licenciatura en derecho de la Facultad de Derecho Pritzker de la Universidad Northwestern. Ejerci\u00f3 la abogac\u00eda durante 36 a\u00f1os en el departamento jur\u00eddico de una importante empresa de energ\u00eda en Houston. Jim y su esposa Jennifer criaron a tres hijos en Kingwood, Texas, donde han sido durante mucho tiempo feligreses de la Iglesia Cat\u00f3lica Santa Marta, Mar\u00eda y L\u00e1zaro Amigos de Jes\u00fas. Jim participa activamente en el Serra Club al noreste de Houston.<\/p>\n\n\n\n<h3 class=\"wp-block-heading\" id=\"h-andrea-clark-treasurer\"><strong>Andrea Clark, Tesorera<\/strong><\/h3>\n\n\n\n<p>Andrea Clark pas\u00f3 la mayor parte de su carrera como gerente de contabilidad en Domino&#039;s Pizza y ahora trabaja como contable en una parroquia local. Es madre de dos hijos: uno es sacerdote reci\u00e9n ordenado y el otro est\u00e1 casado y tiene cuatro hijos. Andrea vivi\u00f3 su vocaci\u00f3n matrimonial durante 29 a\u00f1os con su esposo, Paul, y lo cuid\u00f3 durante su enfermedad de Lou Gehrig\/ELA. Disfruta del voluntariado y de pasar tiempo con su familia.<\/p>\n\n\n\n<h3 class=\"wp-block-heading\" id=\"h-dr-joe-trumble-ii-director\"><strong>Dr. Joe Trumble, II, Director<\/strong><\/h3>\n\n\n\n<p>El Dr. Trumble ha sido m\u00e9dico en Houston durante m\u00e1s de 30 a\u00f1os y se ha especializado en cuidados paliativos y en residencias de ancianos. Est\u00e1 casado con Sylvia y tienen cuatro hijos mayores. \u00daltimamente, Joe y su esposa han dedicado m\u00e1s tiempo a las actividades parroquiales y comunitarias en St. Vincent de Paul. Ha estado involucrado con ACTS, Ese Hombre eres T\u00fa, el Ministerio Vocacional de San Vicente de Pa\u00fal, y es Ac\u00f3lito Instituido en la Arquidi\u00f3cesis de Galveston-Houston.<\/p>\n\n\n\n<h3 class=\"wp-block-heading\"><strong>Terry J. Foley, <\/strong><strong>Director<\/strong><\/h3>\n\n\n\n<p>Terry ha sido mejorador de ma\u00edz h\u00edbrido en Iowa durante m\u00e1s de 39 a\u00f1os. Terry y su esposa, Dianne, son miembros de St Mary&#039;s en Williamsburg, Iowa, una parroquia rural. Tienen 4 hijos; el hijo mayor fue ordenado sacerdote para la Di\u00f3cesis de Davenport en 2019. Durante los 7 a\u00f1os y medio de su viaje de formaci\u00f3n, se produjo una transformaci\u00f3n notable con cada miembro de la familia a medida que se compart\u00eda su formaci\u00f3n. Terry participa activamente en Caballeros de Col\u00f3n y en el Ministerio de M\u00fasica.<\/p>\n\n\n\n<h3 class=\"wp-block-heading\"><strong>Laura Johnson, OFS, Directora<\/strong><\/h3>\n\n\n\n<p>Laura Johnson es nativa de Houston, TX, y una fiel cat\u00f3lica que asiste a la Iglesia Cat\u00f3lica St. Cecilia, donde fue parte activa en la fundaci\u00f3n de su ministerio vocacional. Adem\u00e1s, Laura sirvi\u00f3 en la junta de capellan\u00eda del Hospital MD Anderson en Houston durante siete a\u00f1os y ha sido Tercera Orden Franciscana durante m\u00e1s de nueve a\u00f1os. Actualmente es miembro auxiliar de la Legi\u00f3n de Mar\u00eda. Laura ha experimentado de primera mano el impacto que pueden tener los ministerios vocacionales fuertes tanto en las parroquias como en las di\u00f3cesis.<\/p>\n\n\n\n<h3 class=\"wp-block-heading\"><strong>Di\u00e1cono Tom Kramer, <\/strong><strong>Director<\/strong><\/h3>\n\n\n\n<p>Tom Kramer obtuvo t\u00edtulos en ingenier\u00eda mec\u00e1nica de Cal Poly y la Universidad Estatal de San Diego. Fund\u00f3 Sirius Engineering en 2008 y es cofundador de cuatro empresas de dispositivos m\u00e9dicos. \u00c9l y su esposa, Julie, criaron a tres hijos en San Carlos, CA, donde han sido miembros de la parroquia de St. Charles desde 1992. Tom ha estado involucrado en muchos ministerios en su parroquia y comenz\u00f3 su programa de ministerio vocacional en 2015. Orden\u00f3 di\u00e1cono permanente para la Arquidi\u00f3cesis de San Francisco el 28 de mayo de 2022.<\/p>\n\n\n\n<h3 class=\"wp-block-heading\" id=\"h-heidi-nbsp-lange-galito-ph-d-director\">Heidi Lange Galito, Ph.D., Directora<\/h3>\n\n\n\n<p>La Dra. Galito es consultora pol\u00edtica y recaudadora de fondos jubilada, educadora jubilada y l\u00edder laica cat\u00f3lica. Obtuvo su doctorado en ciencias pol\u00edticas en la Universidad de Houston y anteriormente imparti\u00f3 clases de gobierno en el Houston Community College, donde dirigi\u00f3 el Programa de Honores del Suroeste. Como presidenta de HM Lange Consulting, Inc. (1993-2019), asesor\u00f3 cientos de campa\u00f1as exitosas y adquiri\u00f3 experiencia en el Senado de los Estados Unidos, el Senado de Texas y la pol\u00edtica texana. Dama de la Orden Ecuestre del Santo Sepulcro de Jerusal\u00e9n, la Dra. Galito es Coordinadora Diocesana del Apostolado de las Siete Hermanas en Galveston-Houston. Ha cofundado varios fondos de becas cat\u00f3licas, ha liderado campa\u00f1as de recaudaci\u00f3n de fondos r\u00e9cord y contin\u00faa impartiendo docencia y mentor\u00eda a trav\u00e9s de la educaci\u00f3n en casa y la educaci\u00f3n cat\u00f3lica.<\/p>\n\n\n\n<h3 class=\"wp-block-heading\" id=\"h-margaret-parmenter-director\">Margaret Parmenter, directora<\/h3>\n\n\n\n<p>Margaret Parmenter naci\u00f3 y creci\u00f3 en Dakota del Sur, pero se mud\u00f3 a Texas hace 35 a\u00f1os para trabajar en ExxonMobil. All\u00ed conoci\u00f3 a su esposo, Tim. Llevan 29 a\u00f1os casados y han criado a seis hijos. Margaret ha participado activamente en la iglesia cat\u00f3lica de San Bartolom\u00e9 en Katy, sirviendo en el Consejo Parroquial, el Comit\u00e9 de Vocaciones, como maestra de Educaci\u00f3n Continua (CCE) y desempe\u00f1ando diversas funciones en el grupo &quot;Bendecidos por Ser Mam\u00e1&quot;. En su tiempo libre, trabaja como voluntaria en Reining Strength, un centro de equitaci\u00f3n terap\u00e9utica, y cuida de beb\u00e9s en la UCIN del Hospital Infantil Memorial Hermann.<\/p>\n\n\n\n<h3 class=\"wp-block-heading\"><strong>Reverendo V\u00edctor P\u00e9rez, Director y Asesor Espiritual<\/strong><\/h3>\n\n\n\n<p>P. V\u00edctor P\u00e9rez creci\u00f3 en Katy, TX. Se especializ\u00f3 en Negocios en la Universidad de Texas en Austin y estudi\u00f3 en el extranjero en Sevilla, Espa\u00f1a. Despu\u00e9s de visitar F\u00e1tima y Lourdes y experimentar la profunda misericordia de Dios en su vida, sinti\u00f3 un fuerte llamado a discernir el sacerdocio. Despu\u00e9s de discernir la vida religiosa y ocho a\u00f1os del seminario diocesano de Galveston-Houston, fue ordenado en 2011. Su primera asignaci\u00f3n fue en Santa Cecilia, donde comenz\u00f3 un ministerio vocacional con Rhonda Gruenewald con mucho \u00e9xito vocacional. Se desempe\u00f1\u00f3 durante tres a\u00f1os como pastor de Most Holy Trinity en Angleton, TX, y en junio de 2019, fue nombrado pastor de las iglesias St. Joseph y St. Stephen en el \u00e1rea de Washington Heights\/Sixth Ward de Houston.<\/p>","protected":false},"excerpt":{"rendered":"<p>Board of Directors Rhonda Gruenewald, Founding President of the Board People often refer to me as the \u201cVocation Lady\u201d! But how did a convert to Catholicism get into Vocations? In 2011, at my home parish Saint Cecilia Catholic Church in Houston, Texas, our newly ordained parochial vicar Father Victor Perez asked me to come to [&hellip;]<\/p>\n","protected":false},"author":1,"featured_media":0,"parent":471,"menu_order":3,"comment_status":"closed","ping_status":"closed","template":"","meta":{"_acf_changed":false,"_et_pb_use_builder":"off","_et_pb_old_content":"","_et_gb_content_width":"","advgb_blocks_editor_width":"","advgb_blocks_columns_visual_guide":"","footnotes":""},"class_list":["post-1847","page","type-page","status-publish","hentry"],"acf":[],"yoast_head":"<!-- This site is optimized with the Yoast SEO Premium plugin v24.9 (Yoast SEO v27.5) - https:\/\/yoast.com\/product\/yoast-seo-premium-wordpress\/ -->\n<title>Board of Directors - Vocation Ministry<\/title>\n<meta name=\"robots\" content=\"index, follow, max-snippet:-1, max-image-preview:large, max-video-preview:-1\" \/>\n<link rel=\"canonical\" href=\"https:\/\/www.vocationministry.com\/es\/about\/board-of-directors\/\" \/>\n<meta property=\"og:locale\" content=\"es_MX\" \/>\n<meta property=\"og:type\" content=\"article\" \/>\n<meta property=\"og:title\" content=\"Board of Directors\" \/>\n<meta property=\"og:description\" content=\"Board of Directors Rhonda Gruenewald, Founding President of the Board People often refer to me as the \u201cVocation Lady\u201d! But how did a convert to Catholicism get into Vocations? In 2011, at my home parish Saint Cecilia Catholic Church in Houston, Texas, our newly ordained parochial vicar Father Victor Perez asked me to come to [&hellip;]\" \/>\n<meta property=\"og:url\" content=\"https:\/\/www.vocationministry.com\/es\/about\/board-of-directors\/\" \/>\n<meta property=\"og:site_name\" content=\"Vocation Ministry\" \/>\n<meta property=\"article:publisher\" content=\"https:\/\/www.facebook.com\/VocationMinistry\" \/>\n<meta property=\"article:modified_time\" content=\"2026-01-20T14:07:41+00:00\" \/>\n<meta property=\"og:image\" content=\"https:\/\/www.vocationministry.com\/wp-content\/uploads\/2024\/07\/Blue-VM-Logo-white-Background.png\" \/>\n\t<meta property=\"og:image:width\" content=\"2000\" \/>\n\t<meta property=\"og:image:height\" content=\"1000\" \/>\n\t<meta property=\"og:image:type\" content=\"image\/png\" \/><meta property=\"og:image\" content=\"https:\/\/www.vocationministry.com\/wp-content\/uploads\/2024\/04\/Gruenewald_full_small.jpg\" \/>\n\t<meta property=\"og:image:width\" content=\"300\" \/>\n\t<meta property=\"og:image:height\" content=\"616\" \/>\n\t<meta property=\"og:image:type\" content=\"image\/jpeg\" \/>\n<meta name=\"twitter:card\" content=\"summary_large_image\" \/>\n<meta name=\"twitter:label1\" content=\"Tiempo de lectura\" \/>\n\t<meta name=\"twitter:data1\" content=\"5 minutos\" \/>\n<script type=\"application\/ld+json\" class=\"yoast-schema-graph\">{\"@context\":\"https:\\\/\\\/schema.org\",\"@graph\":[{\"@type\":\"WebPage\",\"@id\":\"https:\\\/\\\/www.vocationministry.com\\\/about\\\/board-of-directors\\\/\",\"url\":\"https:\\\/\\\/www.vocationministry.com\\\/about\\\/board-of-directors\\\/\",\"name\":\"Board of Directors - Vocation Ministry\",\"isPartOf\":{\"@id\":\"https:\\\/\\\/www.vocationministry.com\\\/es\\\/#website\"},\"primaryImageOfPage\":{\"@id\":\"https:\\\/\\\/www.vocationministry.com\\\/about\\\/board-of-directors\\\/#primaryimage\"},\"image\":{\"@id\":\"https:\\\/\\\/www.vocationministry.com\\\/about\\\/board-of-directors\\\/#primaryimage\"},\"thumbnailUrl\":\"https:\\\/\\\/www.vocationministry.com\\\/wp-content\\\/uploads\\\/2024\\\/04\\\/Gruenewald_full_small-146x300.jpg\",\"datePublished\":\"2024-03-15T17:31:01+00:00\",\"dateModified\":\"2026-01-20T14:07:41+00:00\",\"breadcrumb\":{\"@id\":\"https:\\\/\\\/www.vocationministry.com\\\/about\\\/board-of-directors\\\/#breadcrumb\"},\"inLanguage\":\"es\",\"potentialAction\":[{\"@type\":\"ReadAction\",\"target\":[\"https:\\\/\\\/www.vocationministry.com\\\/about\\\/board-of-directors\\\/\"]}]},{\"@type\":\"ImageObject\",\"inLanguage\":\"es\",\"@id\":\"https:\\\/\\\/www.vocationministry.com\\\/about\\\/board-of-directors\\\/#primaryimage\",\"url\":\"https:\\\/\\\/www.vocationministry.com\\\/wp-content\\\/uploads\\\/2024\\\/04\\\/Gruenewald_full_small-146x300.jpg\",\"contentUrl\":\"https:\\\/\\\/www.vocationministry.com\\\/wp-content\\\/uploads\\\/2024\\\/04\\\/Gruenewald_full_small-146x300.jpg\"},{\"@type\":\"BreadcrumbList\",\"@id\":\"https:\\\/\\\/www.vocationministry.com\\\/about\\\/board-of-directors\\\/#breadcrumb\",\"itemListElement\":[{\"@type\":\"ListItem\",\"position\":1,\"name\":\"Home\",\"item\":\"https:\\\/\\\/www.vocationministry.com\\\/\"},{\"@type\":\"ListItem\",\"position\":2,\"name\":\"About\",\"item\":\"https:\\\/\\\/www.vocationministry.com\\\/about\\\/\"},{\"@type\":\"ListItem\",\"position\":3,\"name\":\"Board of Directors\"}]},{\"@type\":\"WebSite\",\"@id\":\"https:\\\/\\\/www.vocationministry.com\\\/es\\\/#website\",\"url\":\"https:\\\/\\\/www.vocationministry.com\\\/es\\\/\",\"name\":\"Vocation Ministry\",\"description\":\"Creating A Culture of Vocations\",\"publisher\":{\"@id\":\"https:\\\/\\\/www.vocationministry.com\\\/es\\\/#organization\"},\"potentialAction\":[{\"@type\":\"SearchAction\",\"target\":{\"@type\":\"EntryPoint\",\"urlTemplate\":\"https:\\\/\\\/www.vocationministry.com\\\/es\\\/?s={search_term_string}\"},\"query-input\":{\"@type\":\"PropertyValueSpecification\",\"valueRequired\":true,\"valueName\":\"search_term_string\"}}],\"inLanguage\":\"es\"},{\"@type\":\"Organization\",\"@id\":\"https:\\\/\\\/www.vocationministry.com\\\/es\\\/#organization\",\"name\":\"Vocation Ministry\",\"url\":\"https:\\\/\\\/www.vocationministry.com\\\/es\\\/\",\"logo\":{\"@type\":\"ImageObject\",\"inLanguage\":\"es\",\"@id\":\"https:\\\/\\\/www.vocationministry.com\\\/es\\\/#\\\/schema\\\/logo\\\/image\\\/\",\"url\":\"https:\\\/\\\/www.vocationministry.com\\\/wp-content\\\/uploads\\\/2024\\\/02\\\/Blue-VM-Logo-white-Background.png\",\"contentUrl\":\"https:\\\/\\\/www.vocationministry.com\\\/wp-content\\\/uploads\\\/2024\\\/02\\\/Blue-VM-Logo-white-Background.png\",\"width\":2000,\"height\":1000,\"caption\":\"Vocation Ministry\"},\"image\":{\"@id\":\"https:\\\/\\\/www.vocationministry.com\\\/es\\\/#\\\/schema\\\/logo\\\/image\\\/\"},\"sameAs\":[\"https:\\\/\\\/www.facebook.com\\\/VocationMinistry\"]}]}<\/script>\n<!-- \/ Yoast SEO Premium plugin. -->","yoast_head_json":{"title":"Junta Directiva - Vocation Ministry","robots":{"index":"index","follow":"follow","max-snippet":"max-snippet:-1","max-image-preview":"max-image-preview:large","max-video-preview":"max-video-preview:-1"},"canonical":"https:\/\/www.vocationministry.com\/es\/about\/board-of-directors\/","og_locale":"es_MX","og_type":"article","og_title":"Board of Directors","og_description":"Board of Directors Rhonda Gruenewald, Founding President of the Board People often refer to me as the \u201cVocation Lady\u201d! But how did a convert to Catholicism get into Vocations? In 2011, at my home parish Saint Cecilia Catholic Church in Houston, Texas, our newly ordained parochial vicar Father Victor Perez asked me to come to [&hellip;]","og_url":"https:\/\/www.vocationministry.com\/es\/about\/board-of-directors\/","og_site_name":"Vocation Ministry","article_publisher":"https:\/\/www.facebook.com\/VocationMinistry","article_modified_time":"2026-01-20T14:07:41+00:00","og_image":[{"width":2000,"height":1000,"url":"https:\/\/www.vocationministry.com\/wp-content\/uploads\/2024\/07\/Blue-VM-Logo-white-Background.png","type":"image\/png"},{"width":300,"height":616,"url":"https:\/\/www.vocationministry.com\/wp-content\/uploads\/2024\/04\/Gruenewald_full_small.jpg","type":"image\/jpeg"}],"twitter_card":"summary_large_image","twitter_misc":{"Tiempo de lectura":"5 minutos"},"schema":{"@context":"https:\/\/schema.org","@graph":[{"@type":"WebPage","@id":"https:\/\/www.vocationministry.com\/about\/board-of-directors\/","url":"https:\/\/www.vocationministry.com\/about\/board-of-directors\/","name":"Junta Directiva - Vocation Ministry","isPartOf":{"@id":"https:\/\/www.vocationministry.com\/es\/#website"},"primaryImageOfPage":{"@id":"https:\/\/www.vocationministry.com\/about\/board-of-directors\/#primaryimage"},"image":{"@id":"https:\/\/www.vocationministry.com\/about\/board-of-directors\/#primaryimage"},"thumbnailUrl":"https:\/\/www.vocationministry.com\/wp-content\/uploads\/2024\/04\/Gruenewald_full_small-146x300.jpg","datePublished":"2024-03-15T17:31:01+00:00","dateModified":"2026-01-20T14:07:41+00:00","breadcrumb":{"@id":"https:\/\/www.vocationministry.com\/about\/board-of-directors\/#breadcrumb"},"inLanguage":"es","potentialAction":[{"@type":"ReadAction","target":["https:\/\/www.vocationministry.com\/about\/board-of-directors\/"]}]},{"@type":"ImageObject","inLanguage":"es","@id":"https:\/\/www.vocationministry.com\/about\/board-of-directors\/#primaryimage","url":"https:\/\/www.vocationministry.com\/wp-content\/uploads\/2024\/04\/Gruenewald_full_small-146x300.jpg","contentUrl":"https:\/\/www.vocationministry.com\/wp-content\/uploads\/2024\/04\/Gruenewald_full_small-146x300.jpg"},{"@type":"BreadcrumbList","@id":"https:\/\/www.vocationministry.com\/about\/board-of-directors\/#breadcrumb","itemListElement":[{"@type":"ListItem","position":1,"name":"Home","item":"https:\/\/www.vocationministry.com\/"},{"@type":"ListItem","position":2,"name":"About","item":"https:\/\/www.vocationministry.com\/about\/"},{"@type":"ListItem","position":3,"name":"Board of Directors"}]},{"@type":"WebSite","@id":"https:\/\/www.vocationministry.com\/es\/#website","url":"https:\/\/www.vocationministry.com\/es\/","name":"Vocation Ministry","description":"Creando una cultura de vocaciones","publisher":{"@id":"https:\/\/www.vocationministry.com\/es\/#organization"},"potentialAction":[{"@type":"SearchAction","target":{"@type":"EntryPoint","urlTemplate":"https:\/\/www.vocationministry.com\/es\/?s={search_term_string}"},"query-input":{"@type":"PropertyValueSpecification","valueRequired":true,"valueName":"search_term_string"}}],"inLanguage":"es"},{"@type":"Organization","@id":"https:\/\/www.vocationministry.com\/es\/#organization","name":"Vocation Ministry","url":"https:\/\/www.vocationministry.com\/es\/","logo":{"@type":"ImageObject","inLanguage":"es","@id":"https:\/\/www.vocationministry.com\/es\/#\/schema\/logo\/image\/","url":"https:\/\/www.vocationministry.com\/wp-content\/uploads\/2024\/02\/Blue-VM-Logo-white-Background.png","contentUrl":"https:\/\/www.vocationministry.com\/wp-content\/uploads\/2024\/02\/Blue-VM-Logo-white-Background.png","width":2000,"height":1000,"caption":"Vocation Ministry"},"image":{"@id":"https:\/\/www.vocationministry.com\/es\/#\/schema\/logo\/image\/"},"sameAs":["https:\/\/www.facebook.com\/VocationMinistry"]}]}},"coauthors":[],"author_meta":{"author_link":"https:\/\/www.vocationministry.com\/es\/author\/impressusart\/","display_name":"impressusart"},"relative_dates":{"created":"Publicado 2 a\u00f1os hace","modified":"Actualizado 4 meses hace"},"absolute_dates":{"created":"Publicado el marzo 15, 2024","modified":"Actualizado el enero 20, 2026"},"absolute_dates_time":{"created":"Publicado el marzo 15, 2024 1:31 pm","modified":"Actualizado el enero 20, 2026 8:07 am"},"featured_img_caption":"","featured_img":false,"series_order":"","_links":{"self":[{"href":"https:\/\/www.vocationministry.com\/es\/wp-json\/wp\/v2\/pages\/1847","targetHints":{"allow":["GET"]}}],"collection":[{"href":"https:\/\/www.vocationministry.com\/es\/wp-json\/wp\/v2\/pages"}],"about":[{"href":"https:\/\/www.vocationministry.com\/es\/wp-json\/wp\/v2\/types\/page"}],"author":[{"embeddable":true,"href":"https:\/\/www.vocationministry.com\/es\/wp-json\/wp\/v2\/users\/1"}],"replies":[{"embeddable":true,"href":"https:\/\/www.vocationministry.com\/es\/wp-json\/wp\/v2\/comments?post=1847"}],"version-history":[{"count":5,"href":"https:\/\/www.vocationministry.com\/es\/wp-json\/wp\/v2\/pages\/1847\/revisions"}],"predecessor-version":[{"id":11364,"href":"https:\/\/www.vocationministry.com\/es\/wp-json\/wp\/v2\/pages\/1847\/revisions\/11364"}],"up":[{"embeddable":true,"href":"https:\/\/www.vocationministry.com\/es\/wp-json\/wp\/v2\/pages\/471"}],"wp:attachment":[{"href":"https:\/\/www.vocationministry.com\/es\/wp-json\/wp\/v2\/media?parent=1847"}],"curies":[{"name":"Gracias","href":"https:\/\/api.w.org\/{rel}","templated":true}]}}