{"id":1849,"date":"2024-03-15T13:31:02","date_gmt":"2024-03-15T17:31:02","guid":{"rendered":"https:\/\/www.vocationministry.com\/about\/our-impact\/"},"modified":"2025-04-01T10:55:47","modified_gmt":"2025-04-01T15:55:47","slug":"our-impact","status":"publish","type":"page","link":"https:\/\/www.vocationministry.com\/es\/about\/our-impact\/","title":{"rendered":"Nuestro Impacto"},"content":{"rendered":"<p><\/p>\n\n\n\n<figure class=\"wp-block-image aligncenter size-full\"><img loading=\"lazy\" decoding=\"async\" width=\"1800\" height=\"694\" src=\"https:\/\/www.vocationministry.com\/wp-content\/uploads\/2024\/04\/Email-headers.jpg\" alt=\"\" class=\"wp-image-3718\" srcset=\"https:\/\/www.vocationministry.com\/wp-content\/uploads\/2024\/04\/Email-headers.jpg 1800w, https:\/\/www.vocationministry.com\/wp-content\/uploads\/2024\/04\/Email-headers-1280x494.jpg 1280w, https:\/\/www.vocationministry.com\/wp-content\/uploads\/2024\/04\/Email-headers-980x378.jpg 980w, https:\/\/www.vocationministry.com\/wp-content\/uploads\/2024\/04\/Email-headers-480x185.jpg 480w\" sizes=\"(min-width: 0px) and (max-width: 480px) 480px, (min-width: 481px) and (max-width: 980px) 980px, (min-width: 981px) and (max-width: 1280px) 1280px, (min-width: 1281px) 1800px, 100vw\" \/><\/figure>\n\n\n\n<p>Vocation Ministry se ha convertido en un motor de promoci\u00f3n vocacional, habiendo formado a m\u00e1s de <strong>15.000 sacerdotes y laicos<\/strong> al otro lado de <strong>M\u00e1s de 7.000 parroquias<\/strong>. A trav\u00e9s de una <strong>enfoque hol\u00edstico<\/strong> que se mezcla <strong>Formaci\u00f3n espiritual, planificaci\u00f3n estrat\u00e9gica y herramientas pr\u00e1cticas<\/strong>, empoderamos a las di\u00f3cesis para construir una cultura duradera de vocaciones.<\/p>\n\n\n\n<p>Nosotros <strong>Caminar con los directores vocacionales en cada paso del camino<\/strong>, proporcionando <strong>planes estrat\u00e9gicos individualizados<\/strong> que incluyen componentes tanto espirituales como pr\u00e1cticos. Nuestro enfoque garantiza que la promoci\u00f3n vocacional no sea solo un evento, sino una <strong>movimiento sostenible<\/strong>Equipamos a las di\u00f3cesis con la <strong>recursos, materiales de marketing y apoyo continuo<\/strong> necesario para implementar eficazmente las actividades de desarrollo vocacional. Nuestro sitio web y boletines informativos proporcionan <strong>Soporte personalizable a largo plazo<\/strong>, ayudando a las di\u00f3cesis a mantener el impulso y hacer crecer su canal de discernimiento a lo largo del tiempo.<\/p>\n\n\n\n<p><strong>\u00a1Dios todav\u00eda est\u00e1 llamando a hombres y mujeres a servirle, y el trabajo de Vocation Ministry es un testimonio de eso!<\/strong><\/p>\n\n\n\n<p>\ud83d\udcca <em>Vea el impacto medible a continuaci\u00f3n:<\/em><\/p>\n\n\n\n<figure class=\"wp-block-image aligncenter size-full is-resized\"><img loading=\"lazy\" decoding=\"async\" width=\"940\" height=\"788\" src=\"https:\/\/www.vocationministry.com\/wp-content\/uploads\/2025\/03\/Seminarian-Growth-Chart-with-updates.jpg\" alt=\"\" class=\"wp-image-9659\" style=\"width:329px;height:auto\" srcset=\"https:\/\/www.vocationministry.com\/wp-content\/uploads\/2025\/03\/Seminarian-Growth-Chart-with-updates.jpg 940w, https:\/\/www.vocationministry.com\/wp-content\/uploads\/2025\/03\/Seminarian-Growth-Chart-with-updates-480x402.jpg 480w\" sizes=\"(min-width: 0px) and (max-width: 480px) 480px, (min-width: 481px) 940px, 100vw\" \/><\/figure>\n\n\n\n<p>Las di\u00f3cesis que se han asociado con Vocation Ministry han visto <strong>crecimiento notable<\/strong> en sus n\u00fameros de seminaristas:<\/p>\n\n\n\n<p>\u2705 <strong>Di\u00f3cesis de Austin, TX<\/strong> \u2013 Los discernidores potenciales se triplicaron (de 300 a 975), lo que llev\u00f3 a <strong>28 nuevos seminaristas en 2024<\/strong>, estableciendo otro r\u00e9cord.<br>\u2705 <strong>Di\u00f3cesis de Lansing, MI<\/strong> \u2013 Los seminaristas crecieron desde <strong>20 a 31<\/strong> dentro de cinco a\u00f1os.<br>\u2705 <strong>Di\u00f3cesis de San Angelo, TX<\/strong> - M\u00e1s que <strong>duplicado<\/strong> sus seminaristas, de <strong>7 a 14<\/strong>.<br>\u2705 <strong>Di\u00f3cesis de Spokane, WA<\/strong> \u2013 Aumento de <strong>de 3 a 10 seminaristas<\/strong> despu\u00e9s de nuestros talleres.<br>\u2705 <strong>Di\u00f3cesis de Beaumont, TX<\/strong> \u2013 Creci\u00f3 a partir de <strong>4 a 12<\/strong> dentro de cinco a\u00f1os.<\/p>\n\n\n\n<p>La promoci\u00f3n de las vocaciones debe estar en el coraz\u00f3n de cada <strong>familia, parroquia y escuela<\/strong>Nuestros talleres no s\u00f3lo aumentan el n\u00famero de seminaristas; <strong>crear una cultura de discernimiento<\/strong> que fomenta las vocaciones sacerdotales, consagradas y sacramentales, asegurando el futuro <strong>sostenibilidad de las parroquias y escuelas cat\u00f3licas.<\/strong><\/p>\n\n\n\n<p>\ud83d\udce2 <strong>\u00a1Tu di\u00f3cesis puede ser la pr\u00f3xima!<\/strong> Si desea ver resultados similares en su comunidad, <a href=\"https:\/\/www.vocationministry.com\/es\/contact\/?what=workshop\">Cont\u00e1ctanos hoy<\/a> y construyamos juntos una cultura pr\u00f3spera de vocaciones.<\/p>","protected":false},"excerpt":{"rendered":"<p>Vocation Ministry has become a driving force in promoting vocations, having trained over 15,000 priests and laity across 7,000+ parishes. Through a holistic approach that blends spiritual formation, strategic planning, and practical tools, we empower dioceses to build a lasting culture of vocations. We walk with vocation directors every step of the way, providing individualized [&hellip;]<\/p>\n","protected":false},"author":1,"featured_media":0,"parent":471,"menu_order":4,"comment_status":"closed","ping_status":"closed","template":"","meta":{"_acf_changed":false,"_et_pb_use_builder":"","_et_pb_old_content":"","_et_gb_content_width":"","advgb_blocks_editor_width":"","advgb_blocks_columns_visual_guide":"","footnotes":""},"class_list":["post-1849","page","type-page","status-publish","hentry"],"acf":[],"yoast_head":"<!-- This site is optimized with the Yoast SEO Premium plugin v24.9 (Yoast SEO v27.4) - https:\/\/yoast.com\/product\/yoast-seo-premium-wordpress\/ -->\n<title>Our Impact - Vocation Ministry<\/title>\n<meta name=\"description\" content=\"Understand Our Impact in promoting vocations through holistic approaches and ongoing support for dioceses and vocation directors.\" \/>\n<meta name=\"robots\" content=\"index, follow, max-snippet:-1, max-image-preview:large, max-video-preview:-1\" \/>\n<link rel=\"canonical\" href=\"https:\/\/www.vocationministry.com\/es\/about\/our-impact\/\" \/>\n<meta property=\"og:locale\" content=\"es_MX\" \/>\n<meta property=\"og:type\" content=\"article\" \/>\n<meta property=\"og:title\" content=\"Our Impact\" \/>\n<meta property=\"og:description\" content=\"Understand Our Impact in promoting vocations through holistic approaches and ongoing support for dioceses and vocation directors.\" \/>\n<meta property=\"og:url\" content=\"https:\/\/www.vocationministry.com\/es\/about\/our-impact\/\" \/>\n<meta property=\"og:site_name\" content=\"Vocation Ministry\" \/>\n<meta property=\"article:publisher\" content=\"https:\/\/www.facebook.com\/VocationMinistry\" \/>\n<meta property=\"article:modified_time\" content=\"2025-04-01T15:55:47+00:00\" \/>\n<meta property=\"og:image\" content=\"https:\/\/www.vocationministry.com\/wp-content\/uploads\/2024\/07\/Blue-VM-Logo-white-Background.png\" \/>\n\t<meta property=\"og:image:width\" content=\"2000\" \/>\n\t<meta property=\"og:image:height\" content=\"1000\" \/>\n\t<meta property=\"og:image:type\" content=\"image\/png\" \/><meta property=\"og:image\" content=\"https:\/\/www.vocationministry.com\/wp-content\/uploads\/2024\/04\/Email-headers.jpg\" \/>\n\t<meta property=\"og:image:width\" content=\"1800\" \/>\n\t<meta property=\"og:image:height\" content=\"694\" \/>\n\t<meta property=\"og:image:type\" content=\"image\/jpeg\" \/>\n<meta name=\"twitter:card\" content=\"summary_large_image\" \/>\n<meta name=\"twitter:label1\" content=\"Tiempo de lectura\" \/>\n\t<meta name=\"twitter:data1\" content=\"2 minutos\" \/>\n<script type=\"application\/ld+json\" class=\"yoast-schema-graph\">{\"@context\":\"https:\\\/\\\/schema.org\",\"@graph\":[{\"@type\":\"WebPage\",\"@id\":\"https:\\\/\\\/www.vocationministry.com\\\/about\\\/our-impact\\\/\",\"url\":\"https:\\\/\\\/www.vocationministry.com\\\/about\\\/our-impact\\\/\",\"name\":\"Our Impact - Vocation Ministry\",\"isPartOf\":{\"@id\":\"https:\\\/\\\/www.vocationministry.com\\\/es\\\/#website\"},\"primaryImageOfPage\":{\"@id\":\"https:\\\/\\\/www.vocationministry.com\\\/about\\\/our-impact\\\/#primaryimage\"},\"image\":{\"@id\":\"https:\\\/\\\/www.vocationministry.com\\\/about\\\/our-impact\\\/#primaryimage\"},\"thumbnailUrl\":\"https:\\\/\\\/www.vocationministry.com\\\/wp-content\\\/uploads\\\/2024\\\/04\\\/Email-headers.jpg\",\"datePublished\":\"2024-03-15T17:31:02+00:00\",\"dateModified\":\"2025-04-01T15:55:47+00:00\",\"description\":\"Understand Our Impact in promoting vocations through holistic approaches and ongoing support for dioceses and vocation directors.\",\"breadcrumb\":{\"@id\":\"https:\\\/\\\/www.vocationministry.com\\\/about\\\/our-impact\\\/#breadcrumb\"},\"inLanguage\":\"es\",\"potentialAction\":[{\"@type\":\"ReadAction\",\"target\":[\"https:\\\/\\\/www.vocationministry.com\\\/about\\\/our-impact\\\/\"]}]},{\"@type\":\"ImageObject\",\"inLanguage\":\"es\",\"@id\":\"https:\\\/\\\/www.vocationministry.com\\\/about\\\/our-impact\\\/#primaryimage\",\"url\":\"https:\\\/\\\/www.vocationministry.com\\\/wp-content\\\/uploads\\\/2024\\\/04\\\/Email-headers.jpg\",\"contentUrl\":\"https:\\\/\\\/www.vocationministry.com\\\/wp-content\\\/uploads\\\/2024\\\/04\\\/Email-headers.jpg\"},{\"@type\":\"BreadcrumbList\",\"@id\":\"https:\\\/\\\/www.vocationministry.com\\\/about\\\/our-impact\\\/#breadcrumb\",\"itemListElement\":[{\"@type\":\"ListItem\",\"position\":1,\"name\":\"Home\",\"item\":\"https:\\\/\\\/www.vocationministry.com\\\/\"},{\"@type\":\"ListItem\",\"position\":2,\"name\":\"About\",\"item\":\"https:\\\/\\\/www.vocationministry.com\\\/about\\\/\"},{\"@type\":\"ListItem\",\"position\":3,\"name\":\"Our Impact\"}]},{\"@type\":\"WebSite\",\"@id\":\"https:\\\/\\\/www.vocationministry.com\\\/es\\\/#website\",\"url\":\"https:\\\/\\\/www.vocationministry.com\\\/es\\\/\",\"name\":\"Vocation Ministry\",\"description\":\"Creating A Culture of Vocations\",\"publisher\":{\"@id\":\"https:\\\/\\\/www.vocationministry.com\\\/es\\\/#organization\"},\"potentialAction\":[{\"@type\":\"SearchAction\",\"target\":{\"@type\":\"EntryPoint\",\"urlTemplate\":\"https:\\\/\\\/www.vocationministry.com\\\/es\\\/?s={search_term_string}\"},\"query-input\":{\"@type\":\"PropertyValueSpecification\",\"valueRequired\":true,\"valueName\":\"search_term_string\"}}],\"inLanguage\":\"es\"},{\"@type\":\"Organization\",\"@id\":\"https:\\\/\\\/www.vocationministry.com\\\/es\\\/#organization\",\"name\":\"Vocation Ministry\",\"url\":\"https:\\\/\\\/www.vocationministry.com\\\/es\\\/\",\"logo\":{\"@type\":\"ImageObject\",\"inLanguage\":\"es\",\"@id\":\"https:\\\/\\\/www.vocationministry.com\\\/es\\\/#\\\/schema\\\/logo\\\/image\\\/\",\"url\":\"https:\\\/\\\/www.vocationministry.com\\\/wp-content\\\/uploads\\\/2024\\\/02\\\/Blue-VM-Logo-white-Background.png\",\"contentUrl\":\"https:\\\/\\\/www.vocationministry.com\\\/wp-content\\\/uploads\\\/2024\\\/02\\\/Blue-VM-Logo-white-Background.png\",\"width\":2000,\"height\":1000,\"caption\":\"Vocation Ministry\"},\"image\":{\"@id\":\"https:\\\/\\\/www.vocationministry.com\\\/es\\\/#\\\/schema\\\/logo\\\/image\\\/\"},\"sameAs\":[\"https:\\\/\\\/www.facebook.com\\\/VocationMinistry\"]}]}<\/script>\n<!-- \/ Yoast SEO Premium plugin. -->","yoast_head_json":{"title":"Nuestro Impacto - Vocation Ministry","description":"Comprenda nuestro impacto en la promoci\u00f3n de las vocaciones a trav\u00e9s de enfoques hol\u00edsticos y apoyo continuo a las di\u00f3cesis y directores de vocaciones.","robots":{"index":"index","follow":"follow","max-snippet":"max-snippet:-1","max-image-preview":"max-image-preview:large","max-video-preview":"max-video-preview:-1"},"canonical":"https:\/\/www.vocationministry.com\/es\/about\/our-impact\/","og_locale":"es_MX","og_type":"article","og_title":"Our Impact","og_description":"Understand Our Impact in promoting vocations through holistic approaches and ongoing support for dioceses and vocation directors.","og_url":"https:\/\/www.vocationministry.com\/es\/about\/our-impact\/","og_site_name":"Vocation Ministry","article_publisher":"https:\/\/www.facebook.com\/VocationMinistry","article_modified_time":"2025-04-01T15:55:47+00:00","og_image":[{"width":2000,"height":1000,"url":"https:\/\/www.vocationministry.com\/wp-content\/uploads\/2024\/07\/Blue-VM-Logo-white-Background.png","type":"image\/png"},{"width":1800,"height":694,"url":"https:\/\/www.vocationministry.com\/wp-content\/uploads\/2024\/04\/Email-headers.jpg","type":"image\/jpeg"}],"twitter_card":"summary_large_image","twitter_misc":{"Tiempo de lectura":"2 minutos"},"schema":{"@context":"https:\/\/schema.org","@graph":[{"@type":"WebPage","@id":"https:\/\/www.vocationministry.com\/about\/our-impact\/","url":"https:\/\/www.vocationministry.com\/about\/our-impact\/","name":"Nuestro Impacto - Vocation Ministry","isPartOf":{"@id":"https:\/\/www.vocationministry.com\/es\/#website"},"primaryImageOfPage":{"@id":"https:\/\/www.vocationministry.com\/about\/our-impact\/#primaryimage"},"image":{"@id":"https:\/\/www.vocationministry.com\/about\/our-impact\/#primaryimage"},"thumbnailUrl":"https:\/\/www.vocationministry.com\/wp-content\/uploads\/2024\/04\/Email-headers.jpg","datePublished":"2024-03-15T17:31:02+00:00","dateModified":"2025-04-01T15:55:47+00:00","description":"Comprenda nuestro impacto en la promoci\u00f3n de las vocaciones a trav\u00e9s de enfoques hol\u00edsticos y apoyo continuo a las di\u00f3cesis y directores de vocaciones.","breadcrumb":{"@id":"https:\/\/www.vocationministry.com\/about\/our-impact\/#breadcrumb"},"inLanguage":"es","potentialAction":[{"@type":"ReadAction","target":["https:\/\/www.vocationministry.com\/about\/our-impact\/"]}]},{"@type":"ImageObject","inLanguage":"es","@id":"https:\/\/www.vocationministry.com\/about\/our-impact\/#primaryimage","url":"https:\/\/www.vocationministry.com\/wp-content\/uploads\/2024\/04\/Email-headers.jpg","contentUrl":"https:\/\/www.vocationministry.com\/wp-content\/uploads\/2024\/04\/Email-headers.jpg"},{"@type":"BreadcrumbList","@id":"https:\/\/www.vocationministry.com\/about\/our-impact\/#breadcrumb","itemListElement":[{"@type":"ListItem","position":1,"name":"Home","item":"https:\/\/www.vocationministry.com\/"},{"@type":"ListItem","position":2,"name":"About","item":"https:\/\/www.vocationministry.com\/about\/"},{"@type":"ListItem","position":3,"name":"Our Impact"}]},{"@type":"WebSite","@id":"https:\/\/www.vocationministry.com\/es\/#website","url":"https:\/\/www.vocationministry.com\/es\/","name":"Vocation Ministry","description":"Creando una cultura de vocaciones","publisher":{"@id":"https:\/\/www.vocationministry.com\/es\/#organization"},"potentialAction":[{"@type":"SearchAction","target":{"@type":"EntryPoint","urlTemplate":"https:\/\/www.vocationministry.com\/es\/?s={search_term_string}"},"query-input":{"@type":"PropertyValueSpecification","valueRequired":true,"valueName":"search_term_string"}}],"inLanguage":"es"},{"@type":"Organization","@id":"https:\/\/www.vocationministry.com\/es\/#organization","name":"Vocation Ministry","url":"https:\/\/www.vocationministry.com\/es\/","logo":{"@type":"ImageObject","inLanguage":"es","@id":"https:\/\/www.vocationministry.com\/es\/#\/schema\/logo\/image\/","url":"https:\/\/www.vocationministry.com\/wp-content\/uploads\/2024\/02\/Blue-VM-Logo-white-Background.png","contentUrl":"https:\/\/www.vocationministry.com\/wp-content\/uploads\/2024\/02\/Blue-VM-Logo-white-Background.png","width":2000,"height":1000,"caption":"Vocation Ministry"},"image":{"@id":"https:\/\/www.vocationministry.com\/es\/#\/schema\/logo\/image\/"},"sameAs":["https:\/\/www.facebook.com\/VocationMinistry"]}]}},"coauthors":[],"author_meta":{"author_link":"https:\/\/www.vocationministry.com\/es\/author\/impressusart\/","display_name":"impressusart"},"relative_dates":{"created":"Publicado 2 a\u00f1os hace","modified":"Actualizado 1 a\u00f1o hace"},"absolute_dates":{"created":"Publicado el marzo 15, 2024","modified":"Actualizado el abril 1, 2025"},"absolute_dates_time":{"created":"Publicado el marzo 15, 2024 1:31 pm","modified":"Actualizado el abril 1, 2025 10:55 am"},"featured_img_caption":"","featured_img":false,"series_order":"","_links":{"self":[{"href":"https:\/\/www.vocationministry.com\/es\/wp-json\/wp\/v2\/pages\/1849","targetHints":{"allow":["GET"]}}],"collection":[{"href":"https:\/\/www.vocationministry.com\/es\/wp-json\/wp\/v2\/pages"}],"about":[{"href":"https:\/\/www.vocationministry.com\/es\/wp-json\/wp\/v2\/types\/page"}],"author":[{"embeddable":true,"href":"https:\/\/www.vocationministry.com\/es\/wp-json\/wp\/v2\/users\/1"}],"replies":[{"embeddable":true,"href":"https:\/\/www.vocationministry.com\/es\/wp-json\/wp\/v2\/comments?post=1849"}],"version-history":[{"count":4,"href":"https:\/\/www.vocationministry.com\/es\/wp-json\/wp\/v2\/pages\/1849\/revisions"}],"predecessor-version":[{"id":9663,"href":"https:\/\/www.vocationministry.com\/es\/wp-json\/wp\/v2\/pages\/1849\/revisions\/9663"}],"up":[{"embeddable":true,"href":"https:\/\/www.vocationministry.com\/es\/wp-json\/wp\/v2\/pages\/471"}],"wp:attachment":[{"href":"https:\/\/www.vocationministry.com\/es\/wp-json\/wp\/v2\/media?parent=1849"}],"curies":[{"name":"Gracias","href":"https:\/\/api.w.org\/{rel}","templated":true}]}}