{"id":1881,"date":"2024-03-15T13:33:55","date_gmt":"2024-03-15T17:33:55","guid":{"rendered":"https:\/\/www.vocationministry.com\/workshops\/youth-young-adult-ministers\/"},"modified":"2024-06-06T22:42:43","modified_gmt":"2024-06-07T02:42:43","slug":"youth-young-adult-ministers","status":"publish","type":"page","link":"https:\/\/www.vocationministry.com\/es\/workshops\/youth-young-adult-ministers\/","title":{"rendered":"Ministros de j\u00f3venes y adultos j\u00f3venes"},"content":{"rendered":"<h2 class=\"wp-block-heading\">Ministros de j\u00f3venes y adultos j\u00f3venes<\/h2>\n\n\n\n<div class=\"wp-block-columns is-layout-flex wp-container-core-columns-is-layout-9d6595d7 wp-block-columns-is-layout-flex\">\n<div class=\"wp-block-column is-layout-flow wp-block-column-is-layout-flow\">\n<p>\u00bfSab\u00edas que a\u00f1o tras a\u00f1o, los estudios encuentran que cerca de 75% de los reci\u00e9n ordenados consideraron por primera vez ser sacerdotes entre el nacimiento y los 18 a\u00f1os de edad? Esta estad\u00edstica enfatiza la absoluta necesidad de fomentar las vocaciones en las primeras etapas de la vida. Para inspirar a m\u00e1s j\u00f3venes a escuchar el llamado de Dios y normalizar el discernimiento, Vocation Ministry cre\u00f3 un enfoque fresco e innovador para presentar la alegr\u00eda de las santas vocaciones a nuestros j\u00f3venes en su entorno cotidiano.<\/p>\n\n\n\n<p>Basados en el \u00e9xito comprobado de los talleres parroquiales de Vocation Ministry, los nuevos talleres educativos de Vocation Ministry fueron dise\u00f1ados espec\u00edficamente para alentar, inspirar y equipar a los ministros juveniles para crear un ambiente favorable a las vocaciones. <\/p>\n<\/div>\n\n\n\n<div class=\"wp-block-column is-layout-flow wp-block-column-is-layout-flow\">\n<figure class=\"wp-block-image size-large\"><img loading=\"lazy\" decoding=\"async\" width=\"1024\" height=\"576\" src=\"https:\/\/www.vocationministry.com\/wp-content\/uploads\/2024\/04\/Workshop-Header_Youth-YA-1024x576.jpg\" alt=\"\" class=\"wp-image-3467\" srcset=\"https:\/\/www.vocationministry.com\/wp-content\/uploads\/2024\/04\/Workshop-Header_Youth-YA-1024x576.jpg 1024w, https:\/\/www.vocationministry.com\/wp-content\/uploads\/2024\/04\/Workshop-Header_Youth-YA-980x551.jpg 980w, https:\/\/www.vocationministry.com\/wp-content\/uploads\/2024\/04\/Workshop-Header_Youth-YA-480x270.jpg 480w\" sizes=\"(min-width: 0px) and (max-width: 480px) 480px, (min-width: 481px) and (max-width: 980px) 980px, (min-width: 981px) 1024px, 100vw\" \/><\/figure>\n<\/div>\n<\/div>\n\n\n\n<p><strong>\u00a1\u00danase a nosotros en un taller dise\u00f1ado solo para USTED! Cubre:<\/strong><\/p>\n\n\n\n<ul class=\"wp-block-list\">\n<li>Introducci\u00f3n a Vocation Ministry<\/li>\n\n\n\n<li>Actividades pr\u00e1cticas de Oraci\u00f3n, Conciencia y Educaci\u00f3n y Afirmaci\u00f3n<\/li>\n\n\n\n<li>Empezando poco a poco<\/li>\n\n\n\n<li>Jornadas en la Iglesia para la promoci\u00f3n vocacional<\/li>\n\n\n\n<li>Por qu\u00e9 el ministerio juvenil es clave para el discernimiento<\/li>\n\n\n\n<li>Invitando a los j\u00f3venes a discernir<\/li>\n\n\n\n<li>\u00a1Santos para inspirar!<\/li>\n<\/ul>\n\n\n\n<h4 class=\"wp-block-heading has-text-align-center\"><strong>Este taller se puede ofrecer virtualmente y se puede adaptar a sus necesidades\/plazo.<\/strong><\/h4>\n\n\n\n<div class=\"wp-block-buttons is-content-justification-center is-layout-flex wp-container-core-buttons-is-layout-16018d1d wp-block-buttons-is-layout-flex\">\n<div class=\"wp-block-button\"><a class=\"wp-block-button__link wp-element-button\" href=\"https:\/\/www.vocationministry.com\/es\/contact\/?what=workshop\">Reserva un taller<\/a><\/div>\n<\/div>\n\n\n\n<h4 class=\"wp-block-heading\">Carta de recomendaci\u00f3n<\/h4>\n\n\n\n<div class=\"wp-block-buttons is-content-justification-center is-layout-flex wp-container-core-buttons-is-layout-16018d1d wp-block-buttons-is-layout-flex\">\n<div class=\"wp-block-button\"><a class=\"wp-block-button__link wp-element-button\" href=\"https:\/\/www.vocationministry.com\/wp-content\/uploads\/2024\/04\/Andrea-Slaven-Recommendation.pdf\">Carta de Andrea Slaven, Directora de Catequesis<\/a><\/div>\n<\/div>","protected":false},"excerpt":{"rendered":"<p>Youth &amp; Young Adult Ministers Did you know that year after year, studies find that close to 75% of the newly ordained first considered being a priest between birth and 18 years of age? This statistic emphasizes the absolute necessity to encourage vocations early in life. To inspire more youth to hear God\u2019s call and [&hellip;]<\/p>\n","protected":false},"author":1,"featured_media":0,"parent":469,"menu_order":12,"comment_status":"closed","ping_status":"closed","template":"","meta":{"_acf_changed":false,"_et_pb_use_builder":"","_et_pb_old_content":"","_et_gb_content_width":"","advgb_blocks_editor_width":"","advgb_blocks_columns_visual_guide":"","footnotes":""},"class_list":["post-1881","page","type-page","status-publish","hentry"],"acf":[],"yoast_head":"<!-- This site is optimized with the Yoast SEO Premium plugin v24.9 (Yoast SEO v27.5) - https:\/\/yoast.com\/product\/yoast-seo-premium-wordpress\/ -->\n<title>Youth &amp; Young Adult Ministers - Vocation Ministry<\/title>\n<meta name=\"robots\" content=\"index, follow, max-snippet:-1, max-image-preview:large, max-video-preview:-1\" \/>\n<link rel=\"canonical\" href=\"https:\/\/www.vocationministry.com\/es\/workshops\/youth-young-adult-ministers\/\" \/>\n<meta property=\"og:locale\" content=\"es_MX\" \/>\n<meta property=\"og:type\" content=\"article\" \/>\n<meta property=\"og:title\" content=\"Youth &amp; Young Adult Ministers\" \/>\n<meta property=\"og:description\" content=\"Youth &amp; Young Adult Ministers Did you know that year after year, studies find that close to 75% of the newly ordained first considered being a priest between birth and 18 years of age? This statistic emphasizes the absolute necessity to encourage vocations early in life. To inspire more youth to hear God\u2019s call and [&hellip;]\" \/>\n<meta property=\"og:url\" content=\"https:\/\/www.vocationministry.com\/es\/workshops\/youth-young-adult-ministers\/\" \/>\n<meta property=\"og:site_name\" content=\"Vocation Ministry\" \/>\n<meta property=\"article:publisher\" content=\"https:\/\/www.facebook.com\/VocationMinistry\" \/>\n<meta property=\"article:modified_time\" content=\"2024-06-07T02:42:43+00:00\" \/>\n<meta property=\"og:image\" content=\"https:\/\/www.vocationministry.com\/wp-content\/uploads\/2024\/07\/Blue-VM-Logo-white-Background.png\" \/>\n\t<meta property=\"og:image:width\" content=\"2000\" \/>\n\t<meta property=\"og:image:height\" content=\"1000\" \/>\n\t<meta property=\"og:image:type\" content=\"image\/png\" \/><meta property=\"og:image\" content=\"https:\/\/www.vocationministry.com\/wp-content\/uploads\/2024\/04\/Workshop-Header_Youth-YA-1024x576.jpg\" \/>\n<meta name=\"twitter:card\" content=\"summary_large_image\" \/>\n<meta name=\"twitter:label1\" content=\"Tiempo de lectura\" \/>\n\t<meta name=\"twitter:data1\" content=\"1 minuto\" \/>\n<script type=\"application\/ld+json\" class=\"yoast-schema-graph\">{\"@context\":\"https:\\\/\\\/schema.org\",\"@graph\":[{\"@type\":\"WebPage\",\"@id\":\"https:\\\/\\\/www.vocationministry.com\\\/workshops\\\/youth-young-adult-ministers\\\/\",\"url\":\"https:\\\/\\\/www.vocationministry.com\\\/workshops\\\/youth-young-adult-ministers\\\/\",\"name\":\"Youth & Young Adult Ministers - Vocation Ministry\",\"isPartOf\":{\"@id\":\"https:\\\/\\\/www.vocationministry.com\\\/es\\\/#website\"},\"primaryImageOfPage\":{\"@id\":\"https:\\\/\\\/www.vocationministry.com\\\/workshops\\\/youth-young-adult-ministers\\\/#primaryimage\"},\"image\":{\"@id\":\"https:\\\/\\\/www.vocationministry.com\\\/workshops\\\/youth-young-adult-ministers\\\/#primaryimage\"},\"thumbnailUrl\":\"https:\\\/\\\/www.vocationministry.com\\\/wp-content\\\/uploads\\\/2024\\\/04\\\/Workshop-Header_Youth-YA-1024x576.jpg\",\"datePublished\":\"2024-03-15T17:33:55+00:00\",\"dateModified\":\"2024-06-07T02:42:43+00:00\",\"breadcrumb\":{\"@id\":\"https:\\\/\\\/www.vocationministry.com\\\/workshops\\\/youth-young-adult-ministers\\\/#breadcrumb\"},\"inLanguage\":\"es\",\"potentialAction\":[{\"@type\":\"ReadAction\",\"target\":[\"https:\\\/\\\/www.vocationministry.com\\\/workshops\\\/youth-young-adult-ministers\\\/\"]}]},{\"@type\":\"ImageObject\",\"inLanguage\":\"es\",\"@id\":\"https:\\\/\\\/www.vocationministry.com\\\/workshops\\\/youth-young-adult-ministers\\\/#primaryimage\",\"url\":\"https:\\\/\\\/www.vocationministry.com\\\/wp-content\\\/uploads\\\/2024\\\/04\\\/Workshop-Header_Youth-YA-1024x576.jpg\",\"contentUrl\":\"https:\\\/\\\/www.vocationministry.com\\\/wp-content\\\/uploads\\\/2024\\\/04\\\/Workshop-Header_Youth-YA-1024x576.jpg\"},{\"@type\":\"BreadcrumbList\",\"@id\":\"https:\\\/\\\/www.vocationministry.com\\\/workshops\\\/youth-young-adult-ministers\\\/#breadcrumb\",\"itemListElement\":[{\"@type\":\"ListItem\",\"position\":1,\"name\":\"Home\",\"item\":\"https:\\\/\\\/www.vocationministry.com\\\/\"},{\"@type\":\"ListItem\",\"position\":2,\"name\":\"Workshops\",\"item\":\"https:\\\/\\\/www.vocationministry.com\\\/workshops\\\/\"},{\"@type\":\"ListItem\",\"position\":3,\"name\":\"Youth &#038; Young Adult Ministers\"}]},{\"@type\":\"WebSite\",\"@id\":\"https:\\\/\\\/www.vocationministry.com\\\/es\\\/#website\",\"url\":\"https:\\\/\\\/www.vocationministry.com\\\/es\\\/\",\"name\":\"Vocation Ministry\",\"description\":\"Creating A Culture of Vocations\",\"publisher\":{\"@id\":\"https:\\\/\\\/www.vocationministry.com\\\/es\\\/#organization\"},\"potentialAction\":[{\"@type\":\"SearchAction\",\"target\":{\"@type\":\"EntryPoint\",\"urlTemplate\":\"https:\\\/\\\/www.vocationministry.com\\\/es\\\/?s={search_term_string}\"},\"query-input\":{\"@type\":\"PropertyValueSpecification\",\"valueRequired\":true,\"valueName\":\"search_term_string\"}}],\"inLanguage\":\"es\"},{\"@type\":\"Organization\",\"@id\":\"https:\\\/\\\/www.vocationministry.com\\\/es\\\/#organization\",\"name\":\"Vocation Ministry\",\"url\":\"https:\\\/\\\/www.vocationministry.com\\\/es\\\/\",\"logo\":{\"@type\":\"ImageObject\",\"inLanguage\":\"es\",\"@id\":\"https:\\\/\\\/www.vocationministry.com\\\/es\\\/#\\\/schema\\\/logo\\\/image\\\/\",\"url\":\"https:\\\/\\\/www.vocationministry.com\\\/wp-content\\\/uploads\\\/2024\\\/02\\\/Blue-VM-Logo-white-Background.png\",\"contentUrl\":\"https:\\\/\\\/www.vocationministry.com\\\/wp-content\\\/uploads\\\/2024\\\/02\\\/Blue-VM-Logo-white-Background.png\",\"width\":2000,\"height\":1000,\"caption\":\"Vocation Ministry\"},\"image\":{\"@id\":\"https:\\\/\\\/www.vocationministry.com\\\/es\\\/#\\\/schema\\\/logo\\\/image\\\/\"},\"sameAs\":[\"https:\\\/\\\/www.facebook.com\\\/VocationMinistry\"]}]}<\/script>\n<!-- \/ Yoast SEO Premium plugin. -->","yoast_head_json":{"title":"Ministros de J\u00f3venes y Adultos J\u00f3venes - Vocation Ministry","robots":{"index":"index","follow":"follow","max-snippet":"max-snippet:-1","max-image-preview":"max-image-preview:large","max-video-preview":"max-video-preview:-1"},"canonical":"https:\/\/www.vocationministry.com\/es\/workshops\/youth-young-adult-ministers\/","og_locale":"es_MX","og_type":"article","og_title":"Youth & Young Adult Ministers","og_description":"Youth &amp; Young Adult Ministers Did you know that year after year, studies find that close to 75% of the newly ordained first considered being a priest between birth and 18 years of age? This statistic emphasizes the absolute necessity to encourage vocations early in life. To inspire more youth to hear God\u2019s call and [&hellip;]","og_url":"https:\/\/www.vocationministry.com\/es\/workshops\/youth-young-adult-ministers\/","og_site_name":"Vocation Ministry","article_publisher":"https:\/\/www.facebook.com\/VocationMinistry","article_modified_time":"2024-06-07T02:42:43+00:00","og_image":[{"width":2000,"height":1000,"url":"https:\/\/www.vocationministry.com\/wp-content\/uploads\/2024\/07\/Blue-VM-Logo-white-Background.png","type":"image\/png"},{"url":"https:\/\/www.vocationministry.com\/wp-content\/uploads\/2024\/04\/Workshop-Header_Youth-YA-1024x576.jpg","type":"","width":"","height":""}],"twitter_card":"summary_large_image","twitter_misc":{"Tiempo de lectura":"1 minuto"},"schema":{"@context":"https:\/\/schema.org","@graph":[{"@type":"WebPage","@id":"https:\/\/www.vocationministry.com\/workshops\/youth-young-adult-ministers\/","url":"https:\/\/www.vocationministry.com\/workshops\/youth-young-adult-ministers\/","name":"Ministros de J\u00f3venes y Adultos J\u00f3venes - Vocation Ministry","isPartOf":{"@id":"https:\/\/www.vocationministry.com\/es\/#website"},"primaryImageOfPage":{"@id":"https:\/\/www.vocationministry.com\/workshops\/youth-young-adult-ministers\/#primaryimage"},"image":{"@id":"https:\/\/www.vocationministry.com\/workshops\/youth-young-adult-ministers\/#primaryimage"},"thumbnailUrl":"https:\/\/www.vocationministry.com\/wp-content\/uploads\/2024\/04\/Workshop-Header_Youth-YA-1024x576.jpg","datePublished":"2024-03-15T17:33:55+00:00","dateModified":"2024-06-07T02:42:43+00:00","breadcrumb":{"@id":"https:\/\/www.vocationministry.com\/workshops\/youth-young-adult-ministers\/#breadcrumb"},"inLanguage":"es","potentialAction":[{"@type":"ReadAction","target":["https:\/\/www.vocationministry.com\/workshops\/youth-young-adult-ministers\/"]}]},{"@type":"ImageObject","inLanguage":"es","@id":"https:\/\/www.vocationministry.com\/workshops\/youth-young-adult-ministers\/#primaryimage","url":"https:\/\/www.vocationministry.com\/wp-content\/uploads\/2024\/04\/Workshop-Header_Youth-YA-1024x576.jpg","contentUrl":"https:\/\/www.vocationministry.com\/wp-content\/uploads\/2024\/04\/Workshop-Header_Youth-YA-1024x576.jpg"},{"@type":"BreadcrumbList","@id":"https:\/\/www.vocationministry.com\/workshops\/youth-young-adult-ministers\/#breadcrumb","itemListElement":[{"@type":"ListItem","position":1,"name":"Home","item":"https:\/\/www.vocationministry.com\/"},{"@type":"ListItem","position":2,"name":"Workshops","item":"https:\/\/www.vocationministry.com\/workshops\/"},{"@type":"ListItem","position":3,"name":"Youth &#038; Young Adult Ministers"}]},{"@type":"WebSite","@id":"https:\/\/www.vocationministry.com\/es\/#website","url":"https:\/\/www.vocationministry.com\/es\/","name":"Vocation Ministry","description":"Creando una cultura de vocaciones","publisher":{"@id":"https:\/\/www.vocationministry.com\/es\/#organization"},"potentialAction":[{"@type":"SearchAction","target":{"@type":"EntryPoint","urlTemplate":"https:\/\/www.vocationministry.com\/es\/?s={search_term_string}"},"query-input":{"@type":"PropertyValueSpecification","valueRequired":true,"valueName":"search_term_string"}}],"inLanguage":"es"},{"@type":"Organization","@id":"https:\/\/www.vocationministry.com\/es\/#organization","name":"Vocation Ministry","url":"https:\/\/www.vocationministry.com\/es\/","logo":{"@type":"ImageObject","inLanguage":"es","@id":"https:\/\/www.vocationministry.com\/es\/#\/schema\/logo\/image\/","url":"https:\/\/www.vocationministry.com\/wp-content\/uploads\/2024\/02\/Blue-VM-Logo-white-Background.png","contentUrl":"https:\/\/www.vocationministry.com\/wp-content\/uploads\/2024\/02\/Blue-VM-Logo-white-Background.png","width":2000,"height":1000,"caption":"Vocation Ministry"},"image":{"@id":"https:\/\/www.vocationministry.com\/es\/#\/schema\/logo\/image\/"},"sameAs":["https:\/\/www.facebook.com\/VocationMinistry"]}]}},"coauthors":[],"author_meta":{"author_link":"https:\/\/www.vocationministry.com\/es\/author\/impressusart\/","display_name":"impressusart"},"relative_dates":{"created":"Publicado 2 a\u00f1os hace","modified":"Actualizado 2 a\u00f1os hace"},"absolute_dates":{"created":"Publicado el marzo 15, 2024","modified":"Actualizado el junio 6, 2024"},"absolute_dates_time":{"created":"Publicado el marzo 15, 2024 1:33 pm","modified":"Actualizado el junio 6, 2024 10:42 pm"},"featured_img_caption":"","featured_img":false,"series_order":"","_links":{"self":[{"href":"https:\/\/www.vocationministry.com\/es\/wp-json\/wp\/v2\/pages\/1881","targetHints":{"allow":["GET"]}}],"collection":[{"href":"https:\/\/www.vocationministry.com\/es\/wp-json\/wp\/v2\/pages"}],"about":[{"href":"https:\/\/www.vocationministry.com\/es\/wp-json\/wp\/v2\/types\/page"}],"author":[{"embeddable":true,"href":"https:\/\/www.vocationministry.com\/es\/wp-json\/wp\/v2\/users\/1"}],"replies":[{"embeddable":true,"href":"https:\/\/www.vocationministry.com\/es\/wp-json\/wp\/v2\/comments?post=1881"}],"version-history":[{"count":4,"href":"https:\/\/www.vocationministry.com\/es\/wp-json\/wp\/v2\/pages\/1881\/revisions"}],"predecessor-version":[{"id":8064,"href":"https:\/\/www.vocationministry.com\/es\/wp-json\/wp\/v2\/pages\/1881\/revisions\/8064"}],"up":[{"embeddable":true,"href":"https:\/\/www.vocationministry.com\/es\/wp-json\/wp\/v2\/pages\/469"}],"wp:attachment":[{"href":"https:\/\/www.vocationministry.com\/es\/wp-json\/wp\/v2\/media?parent=1881"}],"curies":[{"name":"Gracias","href":"https:\/\/api.w.org\/{rel}","templated":true}]}}