{"id":3887,"date":"2024-04-11T15:55:22","date_gmt":"2024-04-11T19:55:22","guid":{"rendered":"https:\/\/www.vocationministry.com\/?page_id=3887"},"modified":"2024-06-11T10:42:57","modified_gmt":"2024-06-11T14:42:57","slug":"the-story-of-vocation-ministry","status":"publish","type":"page","link":"https:\/\/www.vocationministry.com\/es\/about\/the-story-of-vocation-ministry\/","title":{"rendered":"La Historia de Vocation Ministry"},"content":{"rendered":"<h2 class=\"wp-block-heading\">La Historia de Vocation Ministry<\/h2>\n\n\n\n<figure class=\"wp-block-image alignright size-full is-resized\"><img loading=\"lazy\" decoding=\"async\" width=\"800\" height=\"800\" src=\"https:\/\/www.vocationministry.com\/wp-content\/uploads\/2024\/05\/fathervictor.png\" alt=\"\" class=\"wp-image-7789\" style=\"width:204px;height:auto\" srcset=\"https:\/\/www.vocationministry.com\/wp-content\/uploads\/2024\/05\/fathervictor.png 800w, https:\/\/www.vocationministry.com\/wp-content\/uploads\/2024\/05\/fathervictor-480x480.png 480w\" sizes=\"(min-width: 0px) and (max-width: 480px) 480px, (min-width: 481px) 800px, 100vw\" \/><\/figure>\n\n\n\n<p>Vocation Ministry comenz\u00f3 inadvertidamente en 2011 en la Iglesia Cat\u00f3lica Santa Cecilia en Houston, TX, con una simple petici\u00f3n de un p\u00e1rroco y un simple s\u00ed de una fiel laica. \u201cNuestro vicario parroquial reci\u00e9n ordenado, el P. V\u00edctor P\u00e9rez, me pidi\u00f3 que viniera a una reuni\u00f3n sobre sacerdotes\u201d, record\u00f3 Rhonda Gruenewald, fundadora de Vocation Ministry. \u201cP. A V\u00edctor se le hab\u00eda encomendado la tarea de reactivar el comit\u00e9 vocacional parroquial que hab\u00eda estado inactivo durante m\u00e1s de cinco a\u00f1os\u201d. Al ser convertida a la Iglesia, Rhonda no sab\u00eda de qu\u00e9 estaba hablando. \u201cLas vocaciones, en el contexto cat\u00f3lico, eran ajenas a m\u00ed\u201d, dijo Rhonda. \u201cPero despu\u00e9s de escuchar al P. El entusiasmo de V\u00edctor por todo lo relacionado con la vocaci\u00f3n me enganch\u00f3 y asum\u00ed como l\u00edder de la reci\u00e9n fundada Vocation Ministry\u201d. <\/p>\n\n\n\n<p>De all\u00ed, Rhonda regres\u00f3 a su casa para investigar todo lo que pudiera sobre las vocaciones. Al no encontrar nada detallado sobre c\u00f3mo iniciar o reactivar un comit\u00e9, Rhonda dej\u00f3 que el Esp\u00edritu Santo guiara la direcci\u00f3n del comit\u00e9. \u201cOramos y promovimos las vocaciones de cualquier manera que pudimos en nuestra parroquia, desde iniciar la Adoraci\u00f3n por las Vocaciones hasta jugar a poner la mitra al obispo en nuestro festival parroquial\u201d, record\u00f3 Rhonda. Despu\u00e9s de 18 meses, le preguntaron c\u00f3mo podr\u00eda colocar este modelo para un ministerio vocacional en cada parroquia de la Arquidi\u00f3cesis de Galveston-Houston. En respuesta, pens\u00f3 que tal vez podr\u00eda escribir un folleto. Pero el Esp\u00edritu Santo ten\u00eda planes mucho m\u00e1s amplios. \u201c\u00a1Diecisiete meses despu\u00e9s, el \u201cfolleto\u201d era un libro de 288 p\u00e1ginas completamente publicado con un imprim\u00e1tur! dijo Rhonda.<\/p>\n\n\n\n<p>El objetivo de\u00a0<em><a href=\"https:\/\/www.vocationministry.com\/es\/shop\/hundredfold-book\/\">Cien veces: una gu\u00eda para la parroquia Vocation Ministry<\/a><\/em>\u00a0era proporcionar informaci\u00f3n, actividades e inspiraci\u00f3n a cualquiera que iniciara, reviviera o refrescara un ministerio vocacional, y ayudar a que esos ministerios prosperaran. Fue dise\u00f1ado para inspirar a las parroquias a involucrarse en el trabajo vocacional, para ayudar a los nuevos ministerios a comenzar con fuerza al proporcionar una gu\u00eda clara de los aspectos pr\u00e1cticos del ministerio y para revitalizar los comit\u00e9s de larga data con ideas frescas que atraigan a nuevos trabajadores a su vi\u00f1edo.<\/p>\n\n\n\n<figure class=\"wp-block-image alignleft size-large is-resized\"><img loading=\"lazy\" decoding=\"async\" width=\"1024\" height=\"683\" src=\"https:\/\/www.vocationministry.com\/wp-content\/uploads\/2024\/05\/paterson5-1-1024x683.png\" alt=\"\" class=\"wp-image-7791\" style=\"width:257px;height:auto\" srcset=\"https:\/\/www.vocationministry.com\/wp-content\/uploads\/2024\/05\/paterson5-1-980x653.png 980w, https:\/\/www.vocationministry.com\/wp-content\/uploads\/2024\/05\/paterson5-1-480x320.png 480w\" sizes=\"(min-width: 0px) and (max-width: 480px) 480px, (min-width: 481px) and (max-width: 980px) 980px, (min-width: 981px) 1024px, 100vw\" \/><\/figure>\n\n\n\n<p><em>C\u00e9ntuplo<\/em>&nbsp;Fue inmediatamente bien recibido y aquellos inspirados por el libro comenzaron a pedir m\u00e1s recursos. Ese mismo a\u00f1o, se lanz\u00f3 VocationMinistry.com como una plataforma para ayudar a otros a iniciar un ministerio vocacional y crear una red ingeniosa de personas que trabajan hacia el mismo objetivo.<\/p>\n\n\n\n<p>En \u00faltima instancia, el \u00e9xito del libro y el sitio web dio lugar a la creaci\u00f3n de Vocation Ministry, una organizaci\u00f3n sin fines de lucro comprometida con el trabajo de promoci\u00f3n de vocaciones en parroquias y di\u00f3cesis cat\u00f3licas en los Estados Unidos y Canad\u00e1 proporcionando recursos pr\u00e1cticos, talleres y presentaciones para equipar a aquellos que buscan promover vocaciones en todos los niveles dentro de la Iglesia. Finalmente \u2013 hab\u00eda cobrado vida una red vocacional y un centro de recursos \u2013&nbsp;<em>\u00a1Dios estaba obrando!<\/em><\/p>\n\n\n\n<p>A medida que crec\u00eda Vocation Ministry, tambi\u00e9n lo hac\u00eda la demanda de m\u00e1s recursos. En abril de 2017,&nbsp;<em><a href=\"https:\/\/www.vocationministry.com\/es\/shop\/sembrando-semillas\/\">Sembrando Semillas<\/a><\/em>, se public\u00f3 una traducci\u00f3n al espa\u00f1ol de su libro, que proporciona materiales adicionales espec\u00edficamente relacionados con parroquias predominantemente de habla hispana. El sitio web tambi\u00e9n estuvo disponible en espa\u00f1ol junto con talleres y presentaciones.<\/p>\n\n\n\n<p>Desde entonces, Vocation Ministry ha trabajado con m\u00e1s de 12,000 promotores vocacionales en todo el pa\u00eds y ese n\u00famero aumenta cada a\u00f1o. &quot;La demanda est\u00e1 ah\u00ed&quot;, dice Rhonda. \u201cLa gente de todo el mundo siente pasi\u00f3n por aumentar y fomentar las vocaciones. Lo veo en todo el pa\u00eds. Esta pasi\u00f3n nace no s\u00f3lo del deseo de fomentar vocaciones m\u00e1s sanas, sino verdaderamente del amor de las personas a Cristo y a su Iglesia. La Iglesia del ma\u00f1ana ya existe, \u00a1s\u00f3lo tenemos que empezar a despertarla!\u201d<\/p>\n\n\n\n<p>En 2021, agregamos <em><a href=\"https:\/\/www.vocationministry.com\/es\/shop\/the-harvest-a-guide-to-vocation-ministry-in-education\/\">La cosecha: una gu\u00eda para Vocation Ministry en educaci\u00f3n<\/a> <\/em>despu\u00e9s de que nos preguntaran muchas veces \u201c\u00bfQu\u00e9 podemos hacer en nuestras escuelas cat\u00f3licas?\u201d Esta gu\u00eda completa de 200 p\u00e1ginas proporciona inspiraci\u00f3n y consejos pr\u00e1cticos, incluidas 75 actividades impactantes, que se implementan f\u00e1cilmente en el aula. \u00a1Este enfoque innovador del ministerio vocacional brinda a nuestros educadores cat\u00f3licos los recursos necesarios para afectar positivamente a la Iglesia y a nuestros j\u00f3venes para las generaciones venideras!<\/p>\n\n\n\n<p>Para equipar a los directores y maestros de escuelas cat\u00f3licas, DRE y catequistas, ministros juveniles y familias que educan en el hogar para que puedan implementar estas actividades, Vocation Ministry cre\u00f3 nuevos talleres educativos dise\u00f1ados espec\u00edficamente para alentar, inspirar y equipar a los educadores cat\u00f3licos para crear un ambiente favorable a las vocaciones. Un maestro dijo: \u201cEsta es la hoja de ruta clara para fomentar las vocaciones en mi sal\u00f3n de clases\u201d.<\/p>\n\n\n\n<p>San Alfonso de Ligorio, \u00a1ruega por nosotros!<\/p>","protected":false},"excerpt":{"rendered":"<p>The Story of Vocation Ministry Vocation Ministry inadvertently began in 2011 at St. Cecilia Catholic Church in Houston, TX with a simple ask by a parish priest and a simple yes by a faithful laywoman. \u201cOur newly ordained parochial vicar, Fr. Victor Perez, asked me to come to a meeting about priests,\u201d recalled Rhonda Gruenewald, [&hellip;]<\/p>\n","protected":false},"author":1,"featured_media":0,"parent":471,"menu_order":1,"comment_status":"closed","ping_status":"closed","template":"","meta":{"_acf_changed":false,"_et_pb_use_builder":"off","_et_pb_old_content":"","_et_gb_content_width":"","advgb_blocks_editor_width":"","advgb_blocks_columns_visual_guide":"","footnotes":""},"class_list":["post-3887","page","type-page","status-publish","hentry"],"acf":[],"yoast_head":"<!-- This site is optimized with the Yoast SEO Premium plugin v24.9 (Yoast SEO v27.3) - https:\/\/yoast.com\/product\/yoast-seo-premium-wordpress\/ -->\n<title>The Story of Vocation Ministry - Vocation Ministry<\/title>\n<meta name=\"robots\" content=\"index, follow, max-snippet:-1, max-image-preview:large, max-video-preview:-1\" \/>\n<link rel=\"canonical\" href=\"https:\/\/www.vocationministry.com\/es\/about\/the-story-of-vocation-ministry\/\" \/>\n<meta property=\"og:locale\" content=\"es_MX\" \/>\n<meta property=\"og:type\" content=\"article\" \/>\n<meta property=\"og:title\" content=\"The Story of Vocation Ministry\" \/>\n<meta property=\"og:description\" content=\"The Story of Vocation Ministry Vocation Ministry inadvertently began in 2011 at St. Cecilia Catholic Church in Houston, TX with a simple ask by a parish priest and a simple yes by a faithful laywoman. \u201cOur newly ordained parochial vicar, Fr. Victor Perez, asked me to come to a meeting about priests,\u201d recalled Rhonda Gruenewald, [&hellip;]\" \/>\n<meta property=\"og:url\" content=\"https:\/\/www.vocationministry.com\/es\/about\/the-story-of-vocation-ministry\/\" \/>\n<meta property=\"og:site_name\" content=\"Vocation Ministry\" \/>\n<meta property=\"article:publisher\" content=\"https:\/\/www.facebook.com\/VocationMinistry\" \/>\n<meta property=\"article:modified_time\" content=\"2024-06-11T14:42:57+00:00\" \/>\n<meta property=\"og:image\" content=\"https:\/\/www.vocationministry.com\/wp-content\/uploads\/2024\/07\/Blue-VM-Logo-white-Background.png\" \/>\n\t<meta property=\"og:image:width\" content=\"2000\" \/>\n\t<meta property=\"og:image:height\" content=\"1000\" \/>\n\t<meta property=\"og:image:type\" content=\"image\/png\" \/><meta property=\"og:image\" content=\"https:\/\/www.vocationministry.com\/wp-content\/uploads\/2024\/05\/fathervictor.png\" \/>\n<meta name=\"twitter:card\" content=\"summary_large_image\" \/>\n<meta name=\"twitter:label1\" content=\"Tiempo de lectura\" \/>\n\t<meta name=\"twitter:data1\" content=\"3 minutos\" \/>\n<script type=\"application\/ld+json\" class=\"yoast-schema-graph\">{\"@context\":\"https:\\\/\\\/schema.org\",\"@graph\":[{\"@type\":\"WebPage\",\"@id\":\"https:\\\/\\\/www.vocationministry.com\\\/about\\\/the-story-of-vocation-ministry\\\/\",\"url\":\"https:\\\/\\\/www.vocationministry.com\\\/about\\\/the-story-of-vocation-ministry\\\/\",\"name\":\"The Story of Vocation Ministry - Vocation Ministry\",\"isPartOf\":{\"@id\":\"https:\\\/\\\/www.vocationministry.com\\\/es\\\/#website\"},\"primaryImageOfPage\":{\"@id\":\"https:\\\/\\\/www.vocationministry.com\\\/about\\\/the-story-of-vocation-ministry\\\/#primaryimage\"},\"image\":{\"@id\":\"https:\\\/\\\/www.vocationministry.com\\\/about\\\/the-story-of-vocation-ministry\\\/#primaryimage\"},\"thumbnailUrl\":\"https:\\\/\\\/www.vocationministry.com\\\/wp-content\\\/uploads\\\/2024\\\/05\\\/fathervictor.png\",\"datePublished\":\"2024-04-11T19:55:22+00:00\",\"dateModified\":\"2024-06-11T14:42:57+00:00\",\"breadcrumb\":{\"@id\":\"https:\\\/\\\/www.vocationministry.com\\\/about\\\/the-story-of-vocation-ministry\\\/#breadcrumb\"},\"inLanguage\":\"es\",\"potentialAction\":[{\"@type\":\"ReadAction\",\"target\":[\"https:\\\/\\\/www.vocationministry.com\\\/about\\\/the-story-of-vocation-ministry\\\/\"]}]},{\"@type\":\"ImageObject\",\"inLanguage\":\"es\",\"@id\":\"https:\\\/\\\/www.vocationministry.com\\\/about\\\/the-story-of-vocation-ministry\\\/#primaryimage\",\"url\":\"https:\\\/\\\/www.vocationministry.com\\\/wp-content\\\/uploads\\\/2024\\\/05\\\/fathervictor.png\",\"contentUrl\":\"https:\\\/\\\/www.vocationministry.com\\\/wp-content\\\/uploads\\\/2024\\\/05\\\/fathervictor.png\"},{\"@type\":\"BreadcrumbList\",\"@id\":\"https:\\\/\\\/www.vocationministry.com\\\/about\\\/the-story-of-vocation-ministry\\\/#breadcrumb\",\"itemListElement\":[{\"@type\":\"ListItem\",\"position\":1,\"name\":\"Home\",\"item\":\"https:\\\/\\\/www.vocationministry.com\\\/\"},{\"@type\":\"ListItem\",\"position\":2,\"name\":\"About\",\"item\":\"https:\\\/\\\/www.vocationministry.com\\\/about\\\/\"},{\"@type\":\"ListItem\",\"position\":3,\"name\":\"The Story of Vocation Ministry\"}]},{\"@type\":\"WebSite\",\"@id\":\"https:\\\/\\\/www.vocationministry.com\\\/es\\\/#website\",\"url\":\"https:\\\/\\\/www.vocationministry.com\\\/es\\\/\",\"name\":\"Vocation Ministry\",\"description\":\"Creating A Culture of Vocations\",\"publisher\":{\"@id\":\"https:\\\/\\\/www.vocationministry.com\\\/es\\\/#organization\"},\"potentialAction\":[{\"@type\":\"SearchAction\",\"target\":{\"@type\":\"EntryPoint\",\"urlTemplate\":\"https:\\\/\\\/www.vocationministry.com\\\/es\\\/?s={search_term_string}\"},\"query-input\":{\"@type\":\"PropertyValueSpecification\",\"valueRequired\":true,\"valueName\":\"search_term_string\"}}],\"inLanguage\":\"es\"},{\"@type\":\"Organization\",\"@id\":\"https:\\\/\\\/www.vocationministry.com\\\/es\\\/#organization\",\"name\":\"Vocation Ministry\",\"url\":\"https:\\\/\\\/www.vocationministry.com\\\/es\\\/\",\"logo\":{\"@type\":\"ImageObject\",\"inLanguage\":\"es\",\"@id\":\"https:\\\/\\\/www.vocationministry.com\\\/es\\\/#\\\/schema\\\/logo\\\/image\\\/\",\"url\":\"https:\\\/\\\/www.vocationministry.com\\\/wp-content\\\/uploads\\\/2024\\\/02\\\/Blue-VM-Logo-white-Background.png\",\"contentUrl\":\"https:\\\/\\\/www.vocationministry.com\\\/wp-content\\\/uploads\\\/2024\\\/02\\\/Blue-VM-Logo-white-Background.png\",\"width\":2000,\"height\":1000,\"caption\":\"Vocation Ministry\"},\"image\":{\"@id\":\"https:\\\/\\\/www.vocationministry.com\\\/es\\\/#\\\/schema\\\/logo\\\/image\\\/\"},\"sameAs\":[\"https:\\\/\\\/www.facebook.com\\\/VocationMinistry\"]}]}<\/script>\n<!-- \/ Yoast SEO Premium plugin. -->","yoast_head_json":{"title":"La historia de Vocation Ministry - Vocation Ministry","robots":{"index":"index","follow":"follow","max-snippet":"max-snippet:-1","max-image-preview":"max-image-preview:large","max-video-preview":"max-video-preview:-1"},"canonical":"https:\/\/www.vocationministry.com\/es\/about\/the-story-of-vocation-ministry\/","og_locale":"es_MX","og_type":"article","og_title":"The Story of Vocation Ministry","og_description":"The Story of Vocation Ministry Vocation Ministry inadvertently began in 2011 at St. Cecilia Catholic Church in Houston, TX with a simple ask by a parish priest and a simple yes by a faithful laywoman. \u201cOur newly ordained parochial vicar, Fr. Victor Perez, asked me to come to a meeting about priests,\u201d recalled Rhonda Gruenewald, [&hellip;]","og_url":"https:\/\/www.vocationministry.com\/es\/about\/the-story-of-vocation-ministry\/","og_site_name":"Vocation Ministry","article_publisher":"https:\/\/www.facebook.com\/VocationMinistry","article_modified_time":"2024-06-11T14:42:57+00:00","og_image":[{"width":2000,"height":1000,"url":"https:\/\/www.vocationministry.com\/wp-content\/uploads\/2024\/07\/Blue-VM-Logo-white-Background.png","type":"image\/png"},{"url":"https:\/\/www.vocationministry.com\/wp-content\/uploads\/2024\/05\/fathervictor.png","type":"","width":"","height":""}],"twitter_card":"summary_large_image","twitter_misc":{"Tiempo de lectura":"3 minutos"},"schema":{"@context":"https:\/\/schema.org","@graph":[{"@type":"WebPage","@id":"https:\/\/www.vocationministry.com\/about\/the-story-of-vocation-ministry\/","url":"https:\/\/www.vocationministry.com\/about\/the-story-of-vocation-ministry\/","name":"La historia de Vocation Ministry - Vocation Ministry","isPartOf":{"@id":"https:\/\/www.vocationministry.com\/es\/#website"},"primaryImageOfPage":{"@id":"https:\/\/www.vocationministry.com\/about\/the-story-of-vocation-ministry\/#primaryimage"},"image":{"@id":"https:\/\/www.vocationministry.com\/about\/the-story-of-vocation-ministry\/#primaryimage"},"thumbnailUrl":"https:\/\/www.vocationministry.com\/wp-content\/uploads\/2024\/05\/fathervictor.png","datePublished":"2024-04-11T19:55:22+00:00","dateModified":"2024-06-11T14:42:57+00:00","breadcrumb":{"@id":"https:\/\/www.vocationministry.com\/about\/the-story-of-vocation-ministry\/#breadcrumb"},"inLanguage":"es","potentialAction":[{"@type":"ReadAction","target":["https:\/\/www.vocationministry.com\/about\/the-story-of-vocation-ministry\/"]}]},{"@type":"ImageObject","inLanguage":"es","@id":"https:\/\/www.vocationministry.com\/about\/the-story-of-vocation-ministry\/#primaryimage","url":"https:\/\/www.vocationministry.com\/wp-content\/uploads\/2024\/05\/fathervictor.png","contentUrl":"https:\/\/www.vocationministry.com\/wp-content\/uploads\/2024\/05\/fathervictor.png"},{"@type":"BreadcrumbList","@id":"https:\/\/www.vocationministry.com\/about\/the-story-of-vocation-ministry\/#breadcrumb","itemListElement":[{"@type":"ListItem","position":1,"name":"Home","item":"https:\/\/www.vocationministry.com\/"},{"@type":"ListItem","position":2,"name":"About","item":"https:\/\/www.vocationministry.com\/about\/"},{"@type":"ListItem","position":3,"name":"The Story of Vocation Ministry"}]},{"@type":"WebSite","@id":"https:\/\/www.vocationministry.com\/es\/#website","url":"https:\/\/www.vocationministry.com\/es\/","name":"Vocation Ministry","description":"Creando una cultura de vocaciones","publisher":{"@id":"https:\/\/www.vocationministry.com\/es\/#organization"},"potentialAction":[{"@type":"SearchAction","target":{"@type":"EntryPoint","urlTemplate":"https:\/\/www.vocationministry.com\/es\/?s={search_term_string}"},"query-input":{"@type":"PropertyValueSpecification","valueRequired":true,"valueName":"search_term_string"}}],"inLanguage":"es"},{"@type":"Organization","@id":"https:\/\/www.vocationministry.com\/es\/#organization","name":"Vocation Ministry","url":"https:\/\/www.vocationministry.com\/es\/","logo":{"@type":"ImageObject","inLanguage":"es","@id":"https:\/\/www.vocationministry.com\/es\/#\/schema\/logo\/image\/","url":"https:\/\/www.vocationministry.com\/wp-content\/uploads\/2024\/02\/Blue-VM-Logo-white-Background.png","contentUrl":"https:\/\/www.vocationministry.com\/wp-content\/uploads\/2024\/02\/Blue-VM-Logo-white-Background.png","width":2000,"height":1000,"caption":"Vocation Ministry"},"image":{"@id":"https:\/\/www.vocationministry.com\/es\/#\/schema\/logo\/image\/"},"sameAs":["https:\/\/www.facebook.com\/VocationMinistry"]}]}},"coauthors":[],"author_meta":{"author_link":"https:\/\/www.vocationministry.com\/es\/author\/impressusart\/","display_name":"impressusart"},"relative_dates":{"created":"Publicado 2 a\u00f1os hace","modified":"Actualizado 2 a\u00f1os hace"},"absolute_dates":{"created":"Publicado el abril 11, 2024","modified":"Actualizado el junio 11, 2024"},"absolute_dates_time":{"created":"Publicado el abril 11, 2024 3:55 pm","modified":"Actualizado el junio 11, 2024 10:42 am"},"featured_img_caption":"","featured_img":false,"series_order":"","_links":{"self":[{"href":"https:\/\/www.vocationministry.com\/es\/wp-json\/wp\/v2\/pages\/3887","targetHints":{"allow":["GET"]}}],"collection":[{"href":"https:\/\/www.vocationministry.com\/es\/wp-json\/wp\/v2\/pages"}],"about":[{"href":"https:\/\/www.vocationministry.com\/es\/wp-json\/wp\/v2\/types\/page"}],"author":[{"embeddable":true,"href":"https:\/\/www.vocationministry.com\/es\/wp-json\/wp\/v2\/users\/1"}],"replies":[{"embeddable":true,"href":"https:\/\/www.vocationministry.com\/es\/wp-json\/wp\/v2\/comments?post=3887"}],"version-history":[{"count":4,"href":"https:\/\/www.vocationministry.com\/es\/wp-json\/wp\/v2\/pages\/3887\/revisions"}],"predecessor-version":[{"id":8164,"href":"https:\/\/www.vocationministry.com\/es\/wp-json\/wp\/v2\/pages\/3887\/revisions\/8164"}],"up":[{"embeddable":true,"href":"https:\/\/www.vocationministry.com\/es\/wp-json\/wp\/v2\/pages\/471"}],"wp:attachment":[{"href":"https:\/\/www.vocationministry.com\/es\/wp-json\/wp\/v2\/media?parent=3887"}],"curies":[{"name":"Gracias","href":"https:\/\/api.w.org\/{rel}","templated":true}]}}