{"id":11274,"date":"2026-01-08T15:55:25","date_gmt":"2026-01-08T21:55:25","guid":{"rendered":"https:\/\/www.vocationministry.com\/?post_type=product&#038;p=11274"},"modified":"2026-02-19T11:37:13","modified_gmt":"2026-02-19T17:37:13","slug":"parish-vocation-starter-packs","status":"publish","type":"product","link":"https:\/\/www.vocationministry.com\/es\/shop\/parish-vocation-starter-packs\/","title":{"rendered":"Paquetes de inicio para vocaciones parroquiales"},"content":{"rendered":"<p data-start=\"984\" data-end=\"1235\">Este paquete es ideal para parroquias que est\u00e1n listas para ir m\u00e1s all\u00e1 de la conciencia vocacional ocasional y comenzar a cultivar un ambiente parroquial donde se ore regularmente por el sacerdocio, la vida consagrada y el matrimonio sacramental, se hable de ellos y se alienten con alegr\u00eda.<\/p>\n<p data-start=\"1237\" data-end=\"1250\"><strong data-start=\"1237\" data-end=\"1250\">Incluye:<\/strong><\/p>\n<ul data-start=\"1251\" data-end=\"1423\">\n<li data-start=\"1251\" data-end=\"1286\">\n<p data-start=\"1253\" data-end=\"1286\"><em data-start=\"1253\" data-end=\"1266\">C\u00e9ntuplo<\/em> &amp; Paquete de recursos<\/p>\n<\/li>\n<li data-start=\"1287\" data-end=\"1317\">\n<p data-start=\"1289\" data-end=\"1317\">Oraci\u00f3n por las Vocaciones Tarjetas Biling\u00fces para Bancos<\/p>\n<\/li>\n<li data-start=\"1318\" data-end=\"1337\">\n<p data-start=\"1320\" data-end=\"1337\">Ayuda para el culto de la Adoraci\u00f3n por las Vocaciones<\/p>\n<\/li>\n<li data-start=\"1338\" data-end=\"1381\">\n<p data-start=\"1340\" data-end=\"1381\">Tarjetas de oraci\u00f3n de San Juan Pablo II por las vocaciones (en ingl\u00e9s)<\/p>\n<\/li>\n<li data-start=\"1382\" data-end=\"1423\">\n<p data-start=\"1384\" data-end=\"1423\">Tarjetas de oraci\u00f3n para la ofrenda matutina (en ingl\u00e9s)<\/p>\n<\/li>\n<\/ul>","protected":false},"excerpt":{"rendered":"<p data-start=\"302\" data-end=\"616\">Construya una cultura vocacional duradera en su parroquia con el Paquete de Inicio para las Vocaciones Parroquiales. Cuidadosamente dise\u00f1ado para p\u00e1rrocos, l\u00edderes parroquiales y comit\u00e9s de vocaciones, esta colecci\u00f3n ofrece herramientas pr\u00e1cticas que invitan a feligreses de todas las edades a orar, observar y responder a la invitaci\u00f3n de Dios en su vida diaria.<\/p>\n<p data-start=\"618\" data-end=\"982\">Anclado por <em data-start=\"630\" data-end=\"643\">C\u00e9ntuplo<\/em> Junto con el Paquete de Recursos Vocation Ministry, este paquete inicial proporciona a su parroquia un marco claro para promover las vocaciones de forma coherente y significativa. Las tarjetas biling\u00fces de oraci\u00f3n por las vocaciones para los bancos garantizan la participaci\u00f3n de todos los feligreses, mientras que las gu\u00edas de oraci\u00f3n y las tarjetas de oraci\u00f3n devocional de Adoraci\u00f3n por las Vocaciones fomentan la oraci\u00f3n en la misa, durante la adoraci\u00f3n y en casa.<\/p>","protected":false},"author":2,"featured_media":11275,"template":"","meta":{"_acf_changed":false,"_et_pb_use_builder":"","_et_pb_old_content":"","_et_gb_content_width":"","advgb_blocks_editor_width":"","advgb_blocks_columns_visual_guide":""},"product_brand":[],"product_cat":[47,38,82],"product_tag":[44,48,49,55],"class_list":{"0":"post-11274","1":"product","2":"type-product","3":"status-publish","4":"has-post-thumbnail","6":"product_cat-books","7":"product_cat-resources","8":"product_cat-starter-pack","9":"product_tag-books","10":"product_tag-hundredfold","11":"product_tag-parish-resources","12":"product_tag-prayer-cards","13":"product_shipping_class-standard","15":"first","16":"instock","17":"featured","18":"taxable","19":"shipping-taxable","20":"purchasable","21":"product-type-simple"},"acf":[],"yoast_head":"<!-- This site is optimized with the Yoast SEO Premium plugin v24.9 (Yoast SEO v27.6) - https:\/\/yoast.com\/product\/yoast-seo-premium-wordpress\/ -->\n<title>Parish Vocation Starter Packs - Vocation Ministry<\/title>\n<meta name=\"robots\" content=\"index, follow, max-snippet:-1, max-image-preview:large, max-video-preview:-1\" \/>\n<link rel=\"canonical\" href=\"https:\/\/www.vocationministry.com\/es\/shop\/parish-vocation-starter-packs\/\" \/>\n<meta property=\"og:locale\" content=\"es_MX\" \/>\n<meta property=\"og:type\" content=\"article\" \/>\n<meta property=\"og:title\" content=\"Parish Vocation Starter Packs\" \/>\n<meta property=\"og:description\" content=\"Build a lasting culture of vocations in your parish with the Parish Vocation Starter Pack. Thoughtfully curated for pastors, parish leaders, and vocation committees, this collection provides practical tools that invite parishioners of all ages to pray, notice, and respond to God\u2019s invitation in their daily lives. Anchored by Hundredfold and the Vocation Ministry Resource Bundle, this starter pack equips your parish with a clear framework for promoting vocations in a consistent and meaningful way. Bilingual prayer for vocations pew cards ensure every parishioner can participate, while Adoration for Vocations worship aids and devotional prayer cards encourage prayer at Mass, during adoration, and at home.\" \/>\n<meta property=\"og:url\" content=\"https:\/\/www.vocationministry.com\/es\/shop\/parish-vocation-starter-packs\/\" \/>\n<meta property=\"og:site_name\" content=\"Vocation Ministry\" \/>\n<meta property=\"article:publisher\" content=\"https:\/\/www.facebook.com\/VocationMinistry\" \/>\n<meta property=\"article:modified_time\" content=\"2026-02-19T17:37:13+00:00\" \/>\n<meta property=\"og:image\" content=\"https:\/\/www.vocationministry.com\/wp-content\/uploads\/2024\/07\/Blue-VM-Logo-white-Background.png\" \/>\n\t<meta property=\"og:image:width\" content=\"2000\" \/>\n\t<meta property=\"og:image:height\" content=\"1000\" \/>\n\t<meta property=\"og:image:type\" content=\"image\/png\" \/><meta property=\"og:image\" content=\"https:\/\/www.vocationministry.com\/wp-content\/uploads\/2025\/12\/Parish-Vocation-Starter-Pack.png\" \/>\n\t<meta property=\"og:image:width\" content=\"940\" \/>\n\t<meta property=\"og:image:height\" content=\"788\" \/>\n\t<meta property=\"og:image:type\" content=\"image\/png\" \/>\n<meta name=\"twitter:card\" content=\"summary_large_image\" \/>\n<meta name=\"twitter:label1\" content=\"Tiempo de lectura\" \/>\n\t<meta name=\"twitter:data1\" content=\"1 minuto\" \/>\n<script type=\"application\/ld+json\" class=\"yoast-schema-graph\">{\"@context\":\"https:\\\/\\\/schema.org\",\"@graph\":[{\"@type\":\"WebPage\",\"@id\":\"https:\\\/\\\/www.vocationministry.com\\\/shop\\\/parish-vocation-starter-packs\\\/\",\"url\":\"https:\\\/\\\/www.vocationministry.com\\\/shop\\\/parish-vocation-starter-packs\\\/\",\"name\":\"Parish Vocation Starter Packs - Vocation Ministry\",\"isPartOf\":{\"@id\":\"https:\\\/\\\/www.vocationministry.com\\\/es\\\/#website\"},\"primaryImageOfPage\":{\"@id\":\"https:\\\/\\\/www.vocationministry.com\\\/shop\\\/parish-vocation-starter-packs\\\/#primaryimage\"},\"image\":{\"@id\":\"https:\\\/\\\/www.vocationministry.com\\\/shop\\\/parish-vocation-starter-packs\\\/#primaryimage\"},\"thumbnailUrl\":\"https:\\\/\\\/www.vocationministry.com\\\/wp-content\\\/uploads\\\/2025\\\/12\\\/Parish-Vocation-Starter-Pack.png\",\"datePublished\":\"2026-01-08T21:55:25+00:00\",\"dateModified\":\"2026-02-19T17:37:13+00:00\",\"breadcrumb\":{\"@id\":\"https:\\\/\\\/www.vocationministry.com\\\/shop\\\/parish-vocation-starter-packs\\\/#breadcrumb\"},\"inLanguage\":\"es\",\"potentialAction\":[{\"@type\":\"ReadAction\",\"target\":[\"https:\\\/\\\/www.vocationministry.com\\\/shop\\\/parish-vocation-starter-packs\\\/\"]}]},{\"@type\":\"ImageObject\",\"inLanguage\":\"es\",\"@id\":\"https:\\\/\\\/www.vocationministry.com\\\/shop\\\/parish-vocation-starter-packs\\\/#primaryimage\",\"url\":\"https:\\\/\\\/www.vocationministry.com\\\/wp-content\\\/uploads\\\/2025\\\/12\\\/Parish-Vocation-Starter-Pack.png\",\"contentUrl\":\"https:\\\/\\\/www.vocationministry.com\\\/wp-content\\\/uploads\\\/2025\\\/12\\\/Parish-Vocation-Starter-Pack.png\",\"width\":940,\"height\":788},{\"@type\":\"BreadcrumbList\",\"@id\":\"https:\\\/\\\/www.vocationministry.com\\\/shop\\\/parish-vocation-starter-packs\\\/#breadcrumb\",\"itemListElement\":[{\"@type\":\"ListItem\",\"position\":1,\"name\":\"Home\",\"item\":\"https:\\\/\\\/www.vocationministry.com\\\/\"},{\"@type\":\"ListItem\",\"position\":2,\"name\":\"Shop\",\"item\":\"https:\\\/\\\/www.vocationministry.com\\\/shop\\\/\"},{\"@type\":\"ListItem\",\"position\":3,\"name\":\"Parish Vocation Starter Packs\"}]},{\"@type\":\"WebSite\",\"@id\":\"https:\\\/\\\/www.vocationministry.com\\\/es\\\/#website\",\"url\":\"https:\\\/\\\/www.vocationministry.com\\\/es\\\/\",\"name\":\"Vocation Ministry\",\"description\":\"Creating A Culture of Vocations\",\"publisher\":{\"@id\":\"https:\\\/\\\/www.vocationministry.com\\\/es\\\/#organization\"},\"potentialAction\":[{\"@type\":\"SearchAction\",\"target\":{\"@type\":\"EntryPoint\",\"urlTemplate\":\"https:\\\/\\\/www.vocationministry.com\\\/es\\\/?s={search_term_string}\"},\"query-input\":{\"@type\":\"PropertyValueSpecification\",\"valueRequired\":true,\"valueName\":\"search_term_string\"}}],\"inLanguage\":\"es\"},{\"@type\":\"Organization\",\"@id\":\"https:\\\/\\\/www.vocationministry.com\\\/es\\\/#organization\",\"name\":\"Vocation Ministry\",\"url\":\"https:\\\/\\\/www.vocationministry.com\\\/es\\\/\",\"logo\":{\"@type\":\"ImageObject\",\"inLanguage\":\"es\",\"@id\":\"https:\\\/\\\/www.vocationministry.com\\\/es\\\/#\\\/schema\\\/logo\\\/image\\\/\",\"url\":\"https:\\\/\\\/www.vocationministry.com\\\/wp-content\\\/uploads\\\/2024\\\/02\\\/Blue-VM-Logo-white-Background.png\",\"contentUrl\":\"https:\\\/\\\/www.vocationministry.com\\\/wp-content\\\/uploads\\\/2024\\\/02\\\/Blue-VM-Logo-white-Background.png\",\"width\":2000,\"height\":1000,\"caption\":\"Vocation Ministry\"},\"image\":{\"@id\":\"https:\\\/\\\/www.vocationministry.com\\\/es\\\/#\\\/schema\\\/logo\\\/image\\\/\"},\"sameAs\":[\"https:\\\/\\\/www.facebook.com\\\/VocationMinistry\"]}]}<\/script>\n<!-- \/ Yoast SEO Premium plugin. -->","yoast_head_json":{"title":"Paquetes de inicio para vocaciones parroquiales - Vocation Ministry","robots":{"index":"index","follow":"follow","max-snippet":"max-snippet:-1","max-image-preview":"max-image-preview:large","max-video-preview":"max-video-preview:-1"},"canonical":"https:\/\/www.vocationministry.com\/es\/shop\/parish-vocation-starter-packs\/","og_locale":"es_MX","og_type":"article","og_title":"Parish Vocation Starter Packs","og_description":"Build a lasting culture of vocations in your parish with the Parish Vocation Starter Pack. Thoughtfully curated for pastors, parish leaders, and vocation committees, this collection provides practical tools that invite parishioners of all ages to pray, notice, and respond to God\u2019s invitation in their daily lives. Anchored by Hundredfold and the Vocation Ministry Resource Bundle, this starter pack equips your parish with a clear framework for promoting vocations in a consistent and meaningful way. Bilingual prayer for vocations pew cards ensure every parishioner can participate, while Adoration for Vocations worship aids and devotional prayer cards encourage prayer at Mass, during adoration, and at home.","og_url":"https:\/\/www.vocationministry.com\/es\/shop\/parish-vocation-starter-packs\/","og_site_name":"Vocation Ministry","article_publisher":"https:\/\/www.facebook.com\/VocationMinistry","article_modified_time":"2026-02-19T17:37:13+00:00","og_image":[{"width":2000,"height":1000,"url":"https:\/\/www.vocationministry.com\/wp-content\/uploads\/2024\/07\/Blue-VM-Logo-white-Background.png","type":"image\/png"},{"width":940,"height":788,"url":"https:\/\/www.vocationministry.com\/wp-content\/uploads\/2025\/12\/Parish-Vocation-Starter-Pack.png","type":"image\/png"}],"twitter_card":"summary_large_image","twitter_misc":{"Tiempo de lectura":"1 minuto"},"schema":{"@context":"https:\/\/schema.org","@graph":[{"@type":"WebPage","@id":"https:\/\/www.vocationministry.com\/shop\/parish-vocation-starter-packs\/","url":"https:\/\/www.vocationministry.com\/shop\/parish-vocation-starter-packs\/","name":"Paquetes de inicio para vocaciones parroquiales - Vocation Ministry","isPartOf":{"@id":"https:\/\/www.vocationministry.com\/es\/#website"},"primaryImageOfPage":{"@id":"https:\/\/www.vocationministry.com\/shop\/parish-vocation-starter-packs\/#primaryimage"},"image":{"@id":"https:\/\/www.vocationministry.com\/shop\/parish-vocation-starter-packs\/#primaryimage"},"thumbnailUrl":"https:\/\/www.vocationministry.com\/wp-content\/uploads\/2025\/12\/Parish-Vocation-Starter-Pack.png","datePublished":"2026-01-08T21:55:25+00:00","dateModified":"2026-02-19T17:37:13+00:00","breadcrumb":{"@id":"https:\/\/www.vocationministry.com\/shop\/parish-vocation-starter-packs\/#breadcrumb"},"inLanguage":"es","potentialAction":[{"@type":"ReadAction","target":["https:\/\/www.vocationministry.com\/shop\/parish-vocation-starter-packs\/"]}]},{"@type":"ImageObject","inLanguage":"es","@id":"https:\/\/www.vocationministry.com\/shop\/parish-vocation-starter-packs\/#primaryimage","url":"https:\/\/www.vocationministry.com\/wp-content\/uploads\/2025\/12\/Parish-Vocation-Starter-Pack.png","contentUrl":"https:\/\/www.vocationministry.com\/wp-content\/uploads\/2025\/12\/Parish-Vocation-Starter-Pack.png","width":940,"height":788},{"@type":"BreadcrumbList","@id":"https:\/\/www.vocationministry.com\/shop\/parish-vocation-starter-packs\/#breadcrumb","itemListElement":[{"@type":"ListItem","position":1,"name":"Home","item":"https:\/\/www.vocationministry.com\/"},{"@type":"ListItem","position":2,"name":"Shop","item":"https:\/\/www.vocationministry.com\/shop\/"},{"@type":"ListItem","position":3,"name":"Parish Vocation Starter Packs"}]},{"@type":"WebSite","@id":"https:\/\/www.vocationministry.com\/es\/#website","url":"https:\/\/www.vocationministry.com\/es\/","name":"Vocation Ministry","description":"Creando una cultura de vocaciones","publisher":{"@id":"https:\/\/www.vocationministry.com\/es\/#organization"},"potentialAction":[{"@type":"SearchAction","target":{"@type":"EntryPoint","urlTemplate":"https:\/\/www.vocationministry.com\/es\/?s={search_term_string}"},"query-input":{"@type":"PropertyValueSpecification","valueRequired":true,"valueName":"search_term_string"}}],"inLanguage":"es"},{"@type":"Organization","@id":"https:\/\/www.vocationministry.com\/es\/#organization","name":"Vocation Ministry","url":"https:\/\/www.vocationministry.com\/es\/","logo":{"@type":"ImageObject","inLanguage":"es","@id":"https:\/\/www.vocationministry.com\/es\/#\/schema\/logo\/image\/","url":"https:\/\/www.vocationministry.com\/wp-content\/uploads\/2024\/02\/Blue-VM-Logo-white-Background.png","contentUrl":"https:\/\/www.vocationministry.com\/wp-content\/uploads\/2024\/02\/Blue-VM-Logo-white-Background.png","width":2000,"height":1000,"caption":"Vocation Ministry"},"image":{"@id":"https:\/\/www.vocationministry.com\/es\/#\/schema\/logo\/image\/"},"sameAs":["https:\/\/www.facebook.com\/VocationMinistry"]}]}},"featured_img":"https:\/\/www.vocationministry.com\/wp-content\/uploads\/2025\/12\/Parish-Vocation-Starter-Pack.png","coauthors":[],"author_meta":{"author_link":"https:\/\/www.vocationministry.com\/es\/author\/marketing\/","display_name":"McKinsey Ogle"},"relative_dates":{"created":"Publicado 4 meses hace","modified":"Actualizado 3 meses hace"},"absolute_dates":{"created":"Publicado el enero 8, 2026","modified":"Actualizado el febrero 19, 2026"},"absolute_dates_time":{"created":"Publicado el enero 8, 2026 3:55 pm","modified":"Actualizado el febrero 19, 2026 11:37 am"},"featured_img_caption":"","tax_additional":{"product_brand":{"linked":[],"unlinked":[],"slug":"product_brand","name":"Marcas"},"product_type":{"linked":["<a href=\"https:\/\/www.vocationministry.com\/es\/?taxonomy=product_type&#038;term=simple\" class=\"advgb-post-tax-term\">simple<\/a>"],"unlinked":["<span class=\"advgb-post-tax-term\">simple<\/span>"],"slug":"product_type","name":"Tipo de producto"},"product_visibility":{"linked":["<a href=\"https:\/\/www.vocationministry.com\/es\/?taxonomy=product_visibility&#038;term=featured\" class=\"advgb-post-tax-term\">featured<\/a>"],"unlinked":["<span class=\"advgb-post-tax-term\">featured<\/span>"],"slug":"product_visibility","name":"Visibilidad del producto"},"product_cat":{"linked":["<a href=\"https:\/\/www.vocationministry.com\/es\/categoria-producto\/books\/\" class=\"advgb-post-tax-term\">Books<\/a>","<a href=\"https:\/\/www.vocationministry.com\/es\/categoria-producto\/resources\/\" class=\"advgb-post-tax-term\">Resources<\/a>","<a href=\"https:\/\/www.vocationministry.com\/es\/categoria-producto\/starter-pack\/\" class=\"advgb-post-tax-term\">Starter Pack<\/a>"],"unlinked":["<span class=\"advgb-post-tax-term\">Books<\/span>","<span class=\"advgb-post-tax-term\">Resources<\/span>","<span class=\"advgb-post-tax-term\">Starter Pack<\/span>"],"slug":"product_cat","name":"Categor\u00edas del producto"},"product_tag":{"linked":["<a href=\"https:\/\/www.vocationministry.com\/es\/etiqueta-producto\/books\/\" class=\"advgb-post-tax-term\">Books<\/a>","<a href=\"https:\/\/www.vocationministry.com\/es\/etiqueta-producto\/hundredfold\/\" class=\"advgb-post-tax-term\">Hundredfold<\/a>","<a href=\"https:\/\/www.vocationministry.com\/es\/etiqueta-producto\/parish-resources\/\" class=\"advgb-post-tax-term\">Parish Resources<\/a>","<a href=\"https:\/\/www.vocationministry.com\/es\/etiqueta-producto\/prayer-cards\/\" class=\"advgb-post-tax-term\">Prayer Cards<\/a>"],"unlinked":["<span class=\"advgb-post-tax-term\">Books<\/span>","<span class=\"advgb-post-tax-term\">Hundredfold<\/span>","<span class=\"advgb-post-tax-term\">Parish Resources<\/span>","<span class=\"advgb-post-tax-term\">Prayer Cards<\/span>"],"slug":"product_tag","name":"Etiquetas del producto"},"product_shipping_class":{"linked":["<a href=\"https:\/\/www.vocationministry.com\/es\/?taxonomy=product_shipping_class&#038;term=standard\" class=\"advgb-post-tax-term\">Standard<\/a>"],"unlinked":["<span class=\"advgb-post-tax-term\">Standard<\/span>"],"slug":"product_shipping_class","name":"Clases de env\u00edo del producto"},"pos_product_visibility":{"linked":[],"unlinked":[],"slug":"pos_product_visibility","name":"Visibilidad del producto en el punto de venta"},"pa_rosary-for-vocations":{"linked":[],"unlinked":[],"slug":"pa_rosary-for-vocations","name":"Rosario por las Vocaciones del producto"},"pa_vocation-ministry-polo":{"linked":[],"unlinked":[],"slug":"pa_vocation-ministry-polo","name":"Polo del producto"}},"series_order":"","_links":{"self":[{"href":"https:\/\/www.vocationministry.com\/es\/wp-json\/wp\/v2\/product\/11274","targetHints":{"allow":["GET"]}}],"collection":[{"href":"https:\/\/www.vocationministry.com\/es\/wp-json\/wp\/v2\/product"}],"about":[{"href":"https:\/\/www.vocationministry.com\/es\/wp-json\/wp\/v2\/types\/product"}],"wp:featuredmedia":[{"embeddable":true,"href":"https:\/\/www.vocationministry.com\/es\/wp-json\/wp\/v2\/media\/11275"}],"wp:attachment":[{"href":"https:\/\/www.vocationministry.com\/es\/wp-json\/wp\/v2\/media?parent=11274"}],"wp:term":[{"taxonomy":"product_brand","embeddable":true,"href":"https:\/\/www.vocationministry.com\/es\/wp-json\/wp\/v2\/product_brand?post=11274"},{"taxonomy":"product_cat","embeddable":true,"href":"https:\/\/www.vocationministry.com\/es\/wp-json\/wp\/v2\/product_cat?post=11274"},{"taxonomy":"product_tag","embeddable":true,"href":"https:\/\/www.vocationministry.com\/es\/wp-json\/wp\/v2\/product_tag?post=11274"}],"curies":[{"name":"Gracias","href":"https:\/\/api.w.org\/{rel}","templated":true}]}}