{"id":11279,"date":"2026-01-08T15:51:39","date_gmt":"2026-01-08T21:51:39","guid":{"rendered":"https:\/\/www.vocationministry.com\/?post_type=product&#038;p=11279"},"modified":"2026-02-19T11:37:28","modified_gmt":"2026-02-19T17:37:28","slug":"school-vocation-starter-pack","status":"publish","type":"product","link":"https:\/\/www.vocationministry.com\/es\/shop\/school-vocation-starter-pack\/","title":{"rendered":"Paquete de inicio para la vocaci\u00f3n escolar"},"content":{"rendered":"<p data-start=\"2837\" data-end=\"3179\">Centrado en <em data-start=\"2849\" data-end=\"2862\">La cosecha<\/em> y <em>El libro de recursos de la cosecha<\/em>, Este paquete de inicio proporciona a los educadores herramientas para despertar la curiosidad, la conversaci\u00f3n y la oraci\u00f3n en torno al sacerdocio, la vida religiosa y el matrimonio sacramental. Recordatorios visuales, actividades pr\u00e1cticas y recursos de oraci\u00f3n ayudan a reforzar la conciencia vocacional durante todo el a\u00f1o escolar.<\/p>\n<p data-start=\"3181\" data-end=\"3409\">Los Osos Sacerdotes y Monjas invitan a los estudiantes y a las familias a orar juntos por las vocaciones y fomentar un sentido de alegr\u00eda y familiaridad con las vocaciones religiosas.<\/p>\n<p data-start=\"3411\" data-end=\"3424\"><strong data-start=\"3411\" data-end=\"3424\">Incluye:<\/strong><\/p>\n<ul data-start=\"3425\" data-end=\"3614\">\n<li data-start=\"3425\" data-end=\"3460\">\n<p data-start=\"3427\" data-end=\"3460\"><em data-start=\"3427\" data-end=\"3440\">La cosecha<\/em> &amp; Paquete de recursos<\/p>\n<\/li>\n<li data-start=\"3461\" data-end=\"3492\">\n<p data-start=\"3463\" data-end=\"3492\">10 carteles de \u201cJes\u00fas me ama\u201d<\/p>\n<\/li>\n<li data-start=\"3493\" data-end=\"3521\">\n<p data-start=\"3495\" data-end=\"3521\">Libro de actividades para ni\u00f1os<\/p>\n<\/li>\n<li data-start=\"3522\" data-end=\"3558\">\n<p data-start=\"3524\" data-end=\"3558\">Tarjetas de oraci\u00f3n por las vocaciones de los ni\u00f1os<\/p>\n<\/li>\n<li data-start=\"3559\" data-end=\"3614\">\n<p data-start=\"3561\" data-end=\"3614\">Osos sacerdotes y monjas<\/p>\n<\/li>\n<\/ul>","protected":false},"excerpt":{"rendered":"<p>Inspire a los estudiantes a ver sus vidas como un don y una vocaci\u00f3n con el Paquete de Inicio de Vocaciones Escolares. Creado para escuelas cat\u00f3licas, programas de educaci\u00f3n religiosa parroquial y aulas, esta atractiva colecci\u00f3n presenta a los ni\u00f1os la belleza de las vocaciones de maneras memorables y apropiadas para su edad.<\/p>","protected":false},"author":2,"featured_media":11276,"template":"","meta":{"_acf_changed":false,"_et_pb_use_builder":"","_et_pb_old_content":"","_et_gb_content_width":"","advgb_blocks_editor_width":"","advgb_blocks_columns_visual_guide":""},"product_brand":[],"product_cat":[47,38,82],"product_tag":[40,44,41,59],"class_list":{"0":"post-11279","1":"product","2":"type-product","3":"status-publish","4":"has-post-thumbnail","6":"product_cat-books","7":"product_cat-resources","8":"product_cat-starter-pack","9":"product_tag-bears","10":"product_tag-books","11":"product_tag-education-resources","12":"product_tag-the-harvest","13":"product_shipping_class-standard","15":"first","16":"instock","17":"featured","18":"taxable","19":"shipping-taxable","20":"purchasable","21":"product-type-simple"},"acf":[],"yoast_head":"<!-- This site is optimized with the Yoast SEO Premium plugin v24.9 (Yoast SEO v27.4) - https:\/\/yoast.com\/product\/yoast-seo-premium-wordpress\/ -->\n<title>School Vocation Starter Pack - Vocation Ministry<\/title>\n<meta name=\"robots\" content=\"index, follow, max-snippet:-1, max-image-preview:large, max-video-preview:-1\" \/>\n<link rel=\"canonical\" href=\"https:\/\/www.vocationministry.com\/es\/shop\/school-vocation-starter-pack\/\" \/>\n<meta property=\"og:locale\" content=\"es_MX\" \/>\n<meta property=\"og:type\" content=\"article\" \/>\n<meta property=\"og:title\" content=\"School Vocation Starter Pack\" \/>\n<meta property=\"og:description\" content=\"Inspire students to see their lives as a gift and a calling with the School Vocation Starter Pack. Created for Catholic schools, parish religious education programs, and classrooms, this engaging collection introduces children to the beauty of vocations in age-appropriate and memorable ways.\" \/>\n<meta property=\"og:url\" content=\"https:\/\/www.vocationministry.com\/es\/shop\/school-vocation-starter-pack\/\" \/>\n<meta property=\"og:site_name\" content=\"Vocation Ministry\" \/>\n<meta property=\"article:publisher\" content=\"https:\/\/www.facebook.com\/VocationMinistry\" \/>\n<meta property=\"article:modified_time\" content=\"2026-02-19T17:37:28+00:00\" \/>\n<meta property=\"og:image\" content=\"https:\/\/www.vocationministry.com\/wp-content\/uploads\/2024\/07\/Blue-VM-Logo-white-Background.png\" \/>\n\t<meta property=\"og:image:width\" content=\"2000\" \/>\n\t<meta property=\"og:image:height\" content=\"1000\" \/>\n\t<meta property=\"og:image:type\" content=\"image\/png\" \/><meta property=\"og:image\" content=\"https:\/\/www.vocationministry.com\/wp-content\/uploads\/2025\/12\/School-Vocation-Starter-Pack.png\" \/>\n\t<meta property=\"og:image:width\" content=\"940\" \/>\n\t<meta property=\"og:image:height\" content=\"788\" \/>\n\t<meta property=\"og:image:type\" content=\"image\/png\" \/>\n<meta name=\"twitter:card\" content=\"summary_large_image\" \/>\n<meta name=\"twitter:label1\" content=\"Tiempo de lectura\" \/>\n\t<meta name=\"twitter:data1\" content=\"1 minuto\" \/>\n<script type=\"application\/ld+json\" class=\"yoast-schema-graph\">{\"@context\":\"https:\\\/\\\/schema.org\",\"@graph\":[{\"@type\":\"WebPage\",\"@id\":\"https:\\\/\\\/www.vocationministry.com\\\/shop\\\/school-vocation-starter-pack\\\/\",\"url\":\"https:\\\/\\\/www.vocationministry.com\\\/shop\\\/school-vocation-starter-pack\\\/\",\"name\":\"School Vocation Starter Pack - Vocation Ministry\",\"isPartOf\":{\"@id\":\"https:\\\/\\\/www.vocationministry.com\\\/es\\\/#website\"},\"primaryImageOfPage\":{\"@id\":\"https:\\\/\\\/www.vocationministry.com\\\/shop\\\/school-vocation-starter-pack\\\/#primaryimage\"},\"image\":{\"@id\":\"https:\\\/\\\/www.vocationministry.com\\\/shop\\\/school-vocation-starter-pack\\\/#primaryimage\"},\"thumbnailUrl\":\"https:\\\/\\\/www.vocationministry.com\\\/wp-content\\\/uploads\\\/2025\\\/12\\\/School-Vocation-Starter-Pack.png\",\"datePublished\":\"2026-01-08T21:51:39+00:00\",\"dateModified\":\"2026-02-19T17:37:28+00:00\",\"breadcrumb\":{\"@id\":\"https:\\\/\\\/www.vocationministry.com\\\/shop\\\/school-vocation-starter-pack\\\/#breadcrumb\"},\"inLanguage\":\"es\",\"potentialAction\":[{\"@type\":\"ReadAction\",\"target\":[\"https:\\\/\\\/www.vocationministry.com\\\/shop\\\/school-vocation-starter-pack\\\/\"]}]},{\"@type\":\"ImageObject\",\"inLanguage\":\"es\",\"@id\":\"https:\\\/\\\/www.vocationministry.com\\\/shop\\\/school-vocation-starter-pack\\\/#primaryimage\",\"url\":\"https:\\\/\\\/www.vocationministry.com\\\/wp-content\\\/uploads\\\/2025\\\/12\\\/School-Vocation-Starter-Pack.png\",\"contentUrl\":\"https:\\\/\\\/www.vocationministry.com\\\/wp-content\\\/uploads\\\/2025\\\/12\\\/School-Vocation-Starter-Pack.png\",\"width\":940,\"height\":788},{\"@type\":\"BreadcrumbList\",\"@id\":\"https:\\\/\\\/www.vocationministry.com\\\/shop\\\/school-vocation-starter-pack\\\/#breadcrumb\",\"itemListElement\":[{\"@type\":\"ListItem\",\"position\":1,\"name\":\"Home\",\"item\":\"https:\\\/\\\/www.vocationministry.com\\\/\"},{\"@type\":\"ListItem\",\"position\":2,\"name\":\"Shop\",\"item\":\"https:\\\/\\\/www.vocationministry.com\\\/shop\\\/\"},{\"@type\":\"ListItem\",\"position\":3,\"name\":\"School Vocation Starter Pack\"}]},{\"@type\":\"WebSite\",\"@id\":\"https:\\\/\\\/www.vocationministry.com\\\/es\\\/#website\",\"url\":\"https:\\\/\\\/www.vocationministry.com\\\/es\\\/\",\"name\":\"Vocation Ministry\",\"description\":\"Creating A Culture of Vocations\",\"publisher\":{\"@id\":\"https:\\\/\\\/www.vocationministry.com\\\/es\\\/#organization\"},\"potentialAction\":[{\"@type\":\"SearchAction\",\"target\":{\"@type\":\"EntryPoint\",\"urlTemplate\":\"https:\\\/\\\/www.vocationministry.com\\\/es\\\/?s={search_term_string}\"},\"query-input\":{\"@type\":\"PropertyValueSpecification\",\"valueRequired\":true,\"valueName\":\"search_term_string\"}}],\"inLanguage\":\"es\"},{\"@type\":\"Organization\",\"@id\":\"https:\\\/\\\/www.vocationministry.com\\\/es\\\/#organization\",\"name\":\"Vocation Ministry\",\"url\":\"https:\\\/\\\/www.vocationministry.com\\\/es\\\/\",\"logo\":{\"@type\":\"ImageObject\",\"inLanguage\":\"es\",\"@id\":\"https:\\\/\\\/www.vocationministry.com\\\/es\\\/#\\\/schema\\\/logo\\\/image\\\/\",\"url\":\"https:\\\/\\\/www.vocationministry.com\\\/wp-content\\\/uploads\\\/2024\\\/02\\\/Blue-VM-Logo-white-Background.png\",\"contentUrl\":\"https:\\\/\\\/www.vocationministry.com\\\/wp-content\\\/uploads\\\/2024\\\/02\\\/Blue-VM-Logo-white-Background.png\",\"width\":2000,\"height\":1000,\"caption\":\"Vocation Ministry\"},\"image\":{\"@id\":\"https:\\\/\\\/www.vocationministry.com\\\/es\\\/#\\\/schema\\\/logo\\\/image\\\/\"},\"sameAs\":[\"https:\\\/\\\/www.facebook.com\\\/VocationMinistry\"]}]}<\/script>\n<!-- \/ Yoast SEO Premium plugin. -->","yoast_head_json":{"title":"Paquete de inicio para la vocaci\u00f3n escolar - Vocation Ministry","robots":{"index":"index","follow":"follow","max-snippet":"max-snippet:-1","max-image-preview":"max-image-preview:large","max-video-preview":"max-video-preview:-1"},"canonical":"https:\/\/www.vocationministry.com\/es\/shop\/school-vocation-starter-pack\/","og_locale":"es_MX","og_type":"article","og_title":"School Vocation Starter Pack","og_description":"Inspire students to see their lives as a gift and a calling with the School Vocation Starter Pack. Created for Catholic schools, parish religious education programs, and classrooms, this engaging collection introduces children to the beauty of vocations in age-appropriate and memorable ways.","og_url":"https:\/\/www.vocationministry.com\/es\/shop\/school-vocation-starter-pack\/","og_site_name":"Vocation Ministry","article_publisher":"https:\/\/www.facebook.com\/VocationMinistry","article_modified_time":"2026-02-19T17:37:28+00:00","og_image":[{"width":2000,"height":1000,"url":"https:\/\/www.vocationministry.com\/wp-content\/uploads\/2024\/07\/Blue-VM-Logo-white-Background.png","type":"image\/png"},{"width":940,"height":788,"url":"https:\/\/www.vocationministry.com\/wp-content\/uploads\/2025\/12\/School-Vocation-Starter-Pack.png","type":"image\/png"}],"twitter_card":"summary_large_image","twitter_misc":{"Tiempo de lectura":"1 minuto"},"schema":{"@context":"https:\/\/schema.org","@graph":[{"@type":"WebPage","@id":"https:\/\/www.vocationministry.com\/shop\/school-vocation-starter-pack\/","url":"https:\/\/www.vocationministry.com\/shop\/school-vocation-starter-pack\/","name":"Paquete de inicio para la vocaci\u00f3n escolar - Vocation Ministry","isPartOf":{"@id":"https:\/\/www.vocationministry.com\/es\/#website"},"primaryImageOfPage":{"@id":"https:\/\/www.vocationministry.com\/shop\/school-vocation-starter-pack\/#primaryimage"},"image":{"@id":"https:\/\/www.vocationministry.com\/shop\/school-vocation-starter-pack\/#primaryimage"},"thumbnailUrl":"https:\/\/www.vocationministry.com\/wp-content\/uploads\/2025\/12\/School-Vocation-Starter-Pack.png","datePublished":"2026-01-08T21:51:39+00:00","dateModified":"2026-02-19T17:37:28+00:00","breadcrumb":{"@id":"https:\/\/www.vocationministry.com\/shop\/school-vocation-starter-pack\/#breadcrumb"},"inLanguage":"es","potentialAction":[{"@type":"ReadAction","target":["https:\/\/www.vocationministry.com\/shop\/school-vocation-starter-pack\/"]}]},{"@type":"ImageObject","inLanguage":"es","@id":"https:\/\/www.vocationministry.com\/shop\/school-vocation-starter-pack\/#primaryimage","url":"https:\/\/www.vocationministry.com\/wp-content\/uploads\/2025\/12\/School-Vocation-Starter-Pack.png","contentUrl":"https:\/\/www.vocationministry.com\/wp-content\/uploads\/2025\/12\/School-Vocation-Starter-Pack.png","width":940,"height":788},{"@type":"BreadcrumbList","@id":"https:\/\/www.vocationministry.com\/shop\/school-vocation-starter-pack\/#breadcrumb","itemListElement":[{"@type":"ListItem","position":1,"name":"Home","item":"https:\/\/www.vocationministry.com\/"},{"@type":"ListItem","position":2,"name":"Shop","item":"https:\/\/www.vocationministry.com\/shop\/"},{"@type":"ListItem","position":3,"name":"School Vocation Starter Pack"}]},{"@type":"WebSite","@id":"https:\/\/www.vocationministry.com\/es\/#website","url":"https:\/\/www.vocationministry.com\/es\/","name":"Vocation Ministry","description":"Creando una cultura de vocaciones","publisher":{"@id":"https:\/\/www.vocationministry.com\/es\/#organization"},"potentialAction":[{"@type":"SearchAction","target":{"@type":"EntryPoint","urlTemplate":"https:\/\/www.vocationministry.com\/es\/?s={search_term_string}"},"query-input":{"@type":"PropertyValueSpecification","valueRequired":true,"valueName":"search_term_string"}}],"inLanguage":"es"},{"@type":"Organization","@id":"https:\/\/www.vocationministry.com\/es\/#organization","name":"Vocation Ministry","url":"https:\/\/www.vocationministry.com\/es\/","logo":{"@type":"ImageObject","inLanguage":"es","@id":"https:\/\/www.vocationministry.com\/es\/#\/schema\/logo\/image\/","url":"https:\/\/www.vocationministry.com\/wp-content\/uploads\/2024\/02\/Blue-VM-Logo-white-Background.png","contentUrl":"https:\/\/www.vocationministry.com\/wp-content\/uploads\/2024\/02\/Blue-VM-Logo-white-Background.png","width":2000,"height":1000,"caption":"Vocation Ministry"},"image":{"@id":"https:\/\/www.vocationministry.com\/es\/#\/schema\/logo\/image\/"},"sameAs":["https:\/\/www.facebook.com\/VocationMinistry"]}]}},"featured_img":"https:\/\/www.vocationministry.com\/wp-content\/uploads\/2025\/12\/School-Vocation-Starter-Pack.png","coauthors":[],"author_meta":{"author_link":"https:\/\/www.vocationministry.com\/es\/author\/marketing\/","display_name":"McKinsey Ogle"},"relative_dates":{"created":"Publicado 4 meses hace","modified":"Actualizado 2 meses hace"},"absolute_dates":{"created":"Publicado el enero 8, 2026","modified":"Actualizado el febrero 19, 2026"},"absolute_dates_time":{"created":"Publicado el enero 8, 2026 3:51 pm","modified":"Actualizado el febrero 19, 2026 11:37 am"},"featured_img_caption":"","tax_additional":{"product_brand":{"linked":[],"unlinked":[],"slug":"product_brand","name":"Marcas"},"product_type":{"linked":["<a href=\"https:\/\/www.vocationministry.com\/es\/?taxonomy=product_type&#038;term=simple\" class=\"advgb-post-tax-term\">simple<\/a>"],"unlinked":["<span class=\"advgb-post-tax-term\">simple<\/span>"],"slug":"product_type","name":"Tipo de producto"},"product_visibility":{"linked":["<a href=\"https:\/\/www.vocationministry.com\/es\/?taxonomy=product_visibility&#038;term=featured\" class=\"advgb-post-tax-term\">featured<\/a>"],"unlinked":["<span class=\"advgb-post-tax-term\">featured<\/span>"],"slug":"product_visibility","name":"Visibilidad del producto"},"product_cat":{"linked":["<a href=\"https:\/\/www.vocationministry.com\/es\/categoria-producto\/books\/\" class=\"advgb-post-tax-term\">Books<\/a>","<a href=\"https:\/\/www.vocationministry.com\/es\/categoria-producto\/resources\/\" class=\"advgb-post-tax-term\">Resources<\/a>","<a href=\"https:\/\/www.vocationministry.com\/es\/categoria-producto\/starter-pack\/\" class=\"advgb-post-tax-term\">Starter Pack<\/a>"],"unlinked":["<span class=\"advgb-post-tax-term\">Books<\/span>","<span class=\"advgb-post-tax-term\">Resources<\/span>","<span class=\"advgb-post-tax-term\">Starter Pack<\/span>"],"slug":"product_cat","name":"Categor\u00edas del producto"},"product_tag":{"linked":["<a href=\"https:\/\/www.vocationministry.com\/es\/etiqueta-producto\/bears\/\" class=\"advgb-post-tax-term\">Bears<\/a>","<a href=\"https:\/\/www.vocationministry.com\/es\/etiqueta-producto\/books\/\" class=\"advgb-post-tax-term\">Books<\/a>","<a href=\"https:\/\/www.vocationministry.com\/es\/etiqueta-producto\/education-resources\/\" class=\"advgb-post-tax-term\">Education Resources<\/a>","<a href=\"https:\/\/www.vocationministry.com\/es\/etiqueta-producto\/the-harvest\/\" class=\"advgb-post-tax-term\">The Harvest<\/a>"],"unlinked":["<span class=\"advgb-post-tax-term\">Bears<\/span>","<span class=\"advgb-post-tax-term\">Books<\/span>","<span class=\"advgb-post-tax-term\">Education Resources<\/span>","<span class=\"advgb-post-tax-term\">The Harvest<\/span>"],"slug":"product_tag","name":"Etiquetas del producto"},"product_shipping_class":{"linked":["<a href=\"https:\/\/www.vocationministry.com\/es\/?taxonomy=product_shipping_class&#038;term=standard\" class=\"advgb-post-tax-term\">Standard<\/a>"],"unlinked":["<span class=\"advgb-post-tax-term\">Standard<\/span>"],"slug":"product_shipping_class","name":"Clases de env\u00edo del producto"},"pos_product_visibility":{"linked":[],"unlinked":[],"slug":"pos_product_visibility","name":"Visibilidad del producto en el punto de venta"},"pa_rosary-for-vocations":{"linked":[],"unlinked":[],"slug":"pa_rosary-for-vocations","name":"Rosario por las Vocaciones del producto"},"pa_vocation-ministry-polo":{"linked":[],"unlinked":[],"slug":"pa_vocation-ministry-polo","name":"Polo del producto"}},"series_order":"","_links":{"self":[{"href":"https:\/\/www.vocationministry.com\/es\/wp-json\/wp\/v2\/product\/11279","targetHints":{"allow":["GET"]}}],"collection":[{"href":"https:\/\/www.vocationministry.com\/es\/wp-json\/wp\/v2\/product"}],"about":[{"href":"https:\/\/www.vocationministry.com\/es\/wp-json\/wp\/v2\/types\/product"}],"wp:featuredmedia":[{"embeddable":true,"href":"https:\/\/www.vocationministry.com\/es\/wp-json\/wp\/v2\/media\/11276"}],"wp:attachment":[{"href":"https:\/\/www.vocationministry.com\/es\/wp-json\/wp\/v2\/media?parent=11279"}],"wp:term":[{"taxonomy":"product_brand","embeddable":true,"href":"https:\/\/www.vocationministry.com\/es\/wp-json\/wp\/v2\/product_brand?post=11279"},{"taxonomy":"product_cat","embeddable":true,"href":"https:\/\/www.vocationministry.com\/es\/wp-json\/wp\/v2\/product_cat?post=11279"},{"taxonomy":"product_tag","embeddable":true,"href":"https:\/\/www.vocationministry.com\/es\/wp-json\/wp\/v2\/product_tag?post=11279"}],"curies":[{"name":"Gracias","href":"https:\/\/api.w.org\/{rel}","templated":true}]}}