{"id":2142,"date":"2025-07-29T20:03:42","date_gmt":"2025-07-30T01:03:42","guid":{"rendered":"https:\/\/www.vocationministry.com\/product\/vocations-backpack-bundle-boy-2\/"},"modified":"2026-01-13T08:54:33","modified_gmt":"2026-01-13T14:54:33","slug":"vocations-backpack-bundle-boy","status":"publish","type":"product","link":"https:\/\/www.vocationministry.com\/es\/shop\/vocations-backpack-bundle-boy\/","title":{"rendered":"Paquete de mochila vocacional (ni\u00f1o)"},"content":{"rendered":"<p class=\"fab6k8g\">\u00bfEst\u00e1s buscando una gran actividad para compartir el mensaje de vocaciones y santidad con las familias? \u00bfCoger una mochila vocacional que se pueda firmar en la misa o en la biblioteca parroquial? A los ni\u00f1os les encantar\u00e1n estos art\u00edculos divertidos y tiernos y se inspirar\u00e1n a lo largo del camino. Tambi\u00e9n son geniales 1<sup>calle<\/sup>\u00a0\u00a1Regalos de comuni\u00f3n para ni\u00f1os y nietos!<\/p>\n<p class=\"fab6k8g\">\u00bfQu\u00e9 viene en una Mochila Vocacional?<\/p>\n<ul>\n<li>Mochila azul con cord\u00f3n y texto que dice \u201cSoy un hijo de Dios\u201d<\/li>\n<li>Oso Sacerdote de 9\u2033<\/li>\n<li><i>Orar con los dedos: una manera f\u00e1cil de hablar con Dios<\/i>\u00a0Libro de cart\u00f3n de\u00a0<span class=\"fa-iedsfs\">Prensa del Par\u00e1clito y<\/span><span class=\"fa-xvest8\">\u00a0<\/span><span class=\"fa-iedsfs\">Papa Francisco<\/span><\/li>\n<li><em>\u00bfQu\u00e9 hace un sacerdote?<\/em> por Susan Heyboer O&#039;Keefe <span class=\"fa-vi5geo\">y SM Alan\u00a0<\/span><\/li>\n<li><em>Libro Cat\u00f3lico de Oraciones para Ni\u00f1os <\/em>por el Reverendo Lawrence Lovasik, SVD<\/li>\n<li><i>Soy un santo en ciernes por Lisa Hendey\u00a0<\/i><\/li>\n<\/ul>","protected":false},"excerpt":{"rendered":"<p class=\"fab6k8g\">\u00bfEst\u00e1s buscando una gran actividad para compartir el mensaje de vocaciones y santidad con las familias? \u00bfCoger una mochila vocacional que se pueda firmar en la misa o en la biblioteca parroquial? A los ni\u00f1os les encantar\u00e1n estos art\u00edculos divertidos y tiernos y se inspirar\u00e1n a lo largo del camino. Tambi\u00e9n son geniales 1<sup>calle<\/sup>\u00a0\u00a1Regalos de comuni\u00f3n para ni\u00f1os y nietos!<\/p>\n<p class=\"fab6k8g\">\u00bfQu\u00e9 viene en una Mochila Vocacional?<\/p>\n<ul>\n<li>Mochila azul con cord\u00f3n y texto que dice \u201cSoy un hijo de Dios\u201d<\/li>\n<li>&#039;9 \u2033 Oso Sacerdote<\/li>\n<li><i>Orar con los dedos: una manera f\u00e1cil de hablar con Dios<\/i>\u00a0Libro de cart\u00f3n de\u00a0<span class=\"fa-iedsfs\">Prensa del Par\u00e1clito y<\/span><span class=\"fa-xvest8\">\u00a0<\/span><span class=\"fa-iedsfs\">Papa Francisco<\/span><\/li>\n<li><em>\u00bfQu\u00e9 hace un sacerdote?<\/em> por Susan Heyboer O&#039;Keefe <span class=\"fa-vi5geo\">y SM Alan\u00a0<\/span><\/li>\n<li><i>Libro Cat\u00f3lico de Oraciones para Ni\u00f1os\u00a0<\/i>por el Reverendo Jude Winkler OFM<\/li>\n<li><i>Soy un santo en ciernes <\/i>por Lisa Hendey<\/li>\n<\/ul>","protected":false},"author":1,"featured_media":6462,"template":"","meta":{"_acf_changed":false,"_et_pb_use_builder":"","_et_pb_old_content":"","_et_gb_content_width":"","advgb_blocks_editor_width":"","advgb_blocks_columns_visual_guide":""},"product_brand":[],"product_cat":[39,62],"product_tag":[40,44,45,41,42,43],"class_list":{"0":"post-2142","1":"product","2":"type-product","3":"status-publish","4":"has-post-thumbnail","6":"product_cat-gifts","7":"product_cat-kids","8":"product_tag-bears","9":"product_tag-books","10":"product_tag-bundles","11":"product_tag-education-resources","12":"product_tag-gifts","13":"product_tag-kids","14":"product_shipping_class-standard","16":"first","17":"instock","18":"taxable","19":"shipping-taxable","20":"purchasable","21":"product-type-simple"},"acf":[],"yoast_head":"<!-- This site is optimized with the Yoast SEO Premium plugin v24.9 (Yoast SEO v27.3) - https:\/\/yoast.com\/product\/yoast-seo-premium-wordpress\/ -->\n<title>Vocations Backpack Bundle (Boy) - Vocation Ministry<\/title>\n<meta name=\"robots\" content=\"index, follow, max-snippet:-1, max-image-preview:large, max-video-preview:-1\" \/>\n<link rel=\"canonical\" href=\"https:\/\/www.vocationministry.com\/es\/shop\/vocations-backpack-bundle-boy\/\" \/>\n<meta property=\"og:locale\" content=\"es_MX\" \/>\n<meta property=\"og:type\" content=\"article\" \/>\n<meta property=\"og:title\" content=\"Vocations Backpack Bundle (Boy)\" \/>\n<meta property=\"og:description\" content=\"Are you looking for a great activity to share the message of vocations and holiness with families? Grab a Vocations Backpack that can be signed out at Mass or from the parish library? Kids will love these cuddly and fun items and be inspired along the way.\u00a0 They also make great 1st\u00a0communion gifts for kids and grandkids! What comes in a Vocation Backpack?    Blue drawstring backpack with text that reads &quot;I am a Child of God&quot;  &#039;9&quot; Priest Bear  Praying with My Fingers: An Easy Way to Talk with God\u00a0Board book by\u00a0Paraclete Press and\u00a0Pope Francis  What Does a Priest Do? by Susan Heyboer O&#039;Keefe and\u00a0H. M. Alan\u00a0  Catholic Book of Prayers for Children\u00a0by\u00a0Reverend Jude Winkler O.F.M.  I&#039;m a Saint in the Making by Lisa Hendey\" \/>\n<meta property=\"og:url\" content=\"https:\/\/www.vocationministry.com\/es\/shop\/vocations-backpack-bundle-boy\/\" \/>\n<meta property=\"og:site_name\" content=\"Vocation Ministry\" \/>\n<meta property=\"article:publisher\" content=\"https:\/\/www.facebook.com\/VocationMinistry\" \/>\n<meta property=\"article:modified_time\" content=\"2026-01-13T14:54:33+00:00\" \/>\n<meta property=\"og:image\" content=\"https:\/\/www.vocationministry.com\/wp-content\/uploads\/2024\/07\/Blue-VM-Logo-white-Background.png\" \/>\n\t<meta property=\"og:image:width\" content=\"2000\" \/>\n\t<meta property=\"og:image:height\" content=\"1000\" \/>\n\t<meta property=\"og:image:type\" content=\"image\/png\" \/><meta property=\"og:image\" content=\"https:\/\/www.vocationministry.com\/wp-content\/uploads\/2019\/03\/Boy-Vocation-Backpack-1-1024x1024.png\" \/>\n\t<meta property=\"og:image:width\" content=\"1024\" \/>\n\t<meta property=\"og:image:height\" content=\"1024\" \/>\n\t<meta property=\"og:image:type\" content=\"image\/png\" \/>\n<meta name=\"twitter:card\" content=\"summary_large_image\" \/>\n<meta name=\"twitter:label1\" content=\"Tiempo de lectura\" \/>\n\t<meta name=\"twitter:data1\" content=\"1 minuto\" \/>\n<script type=\"application\/ld+json\" class=\"yoast-schema-graph\">{\"@context\":\"https:\\\/\\\/schema.org\",\"@graph\":[{\"@type\":\"WebPage\",\"@id\":\"https:\\\/\\\/www.vocationministry.com\\\/shop\\\/vocations-backpack-bundle-boy\\\/\",\"url\":\"https:\\\/\\\/www.vocationministry.com\\\/shop\\\/vocations-backpack-bundle-boy\\\/\",\"name\":\"Vocations Backpack Bundle (Boy) - Vocation Ministry\",\"isPartOf\":{\"@id\":\"https:\\\/\\\/www.vocationministry.com\\\/es\\\/#website\"},\"primaryImageOfPage\":{\"@id\":\"https:\\\/\\\/www.vocationministry.com\\\/shop\\\/vocations-backpack-bundle-boy\\\/#primaryimage\"},\"image\":{\"@id\":\"https:\\\/\\\/www.vocationministry.com\\\/shop\\\/vocations-backpack-bundle-boy\\\/#primaryimage\"},\"thumbnailUrl\":\"https:\\\/\\\/www.vocationministry.com\\\/wp-content\\\/uploads\\\/2019\\\/03\\\/Boy-Vocation-Backpack-1.png\",\"datePublished\":\"2025-07-30T01:03:42+00:00\",\"dateModified\":\"2026-01-13T14:54:33+00:00\",\"breadcrumb\":{\"@id\":\"https:\\\/\\\/www.vocationministry.com\\\/shop\\\/vocations-backpack-bundle-boy\\\/#breadcrumb\"},\"inLanguage\":\"es\",\"potentialAction\":[{\"@type\":\"ReadAction\",\"target\":[\"https:\\\/\\\/www.vocationministry.com\\\/shop\\\/vocations-backpack-bundle-boy\\\/\"]}]},{\"@type\":\"ImageObject\",\"inLanguage\":\"es\",\"@id\":\"https:\\\/\\\/www.vocationministry.com\\\/shop\\\/vocations-backpack-bundle-boy\\\/#primaryimage\",\"url\":\"https:\\\/\\\/www.vocationministry.com\\\/wp-content\\\/uploads\\\/2019\\\/03\\\/Boy-Vocation-Backpack-1.png\",\"contentUrl\":\"https:\\\/\\\/www.vocationministry.com\\\/wp-content\\\/uploads\\\/2019\\\/03\\\/Boy-Vocation-Backpack-1.png\",\"width\":2048,\"height\":2048},{\"@type\":\"BreadcrumbList\",\"@id\":\"https:\\\/\\\/www.vocationministry.com\\\/shop\\\/vocations-backpack-bundle-boy\\\/#breadcrumb\",\"itemListElement\":[{\"@type\":\"ListItem\",\"position\":1,\"name\":\"Home\",\"item\":\"https:\\\/\\\/www.vocationministry.com\\\/\"},{\"@type\":\"ListItem\",\"position\":2,\"name\":\"Shop\",\"item\":\"https:\\\/\\\/www.vocationministry.com\\\/shop\\\/\"},{\"@type\":\"ListItem\",\"position\":3,\"name\":\"Vocations Backpack Bundle (Boy)\"}]},{\"@type\":\"WebSite\",\"@id\":\"https:\\\/\\\/www.vocationministry.com\\\/es\\\/#website\",\"url\":\"https:\\\/\\\/www.vocationministry.com\\\/es\\\/\",\"name\":\"Vocation Ministry\",\"description\":\"Creating A Culture of Vocations\",\"publisher\":{\"@id\":\"https:\\\/\\\/www.vocationministry.com\\\/es\\\/#organization\"},\"potentialAction\":[{\"@type\":\"SearchAction\",\"target\":{\"@type\":\"EntryPoint\",\"urlTemplate\":\"https:\\\/\\\/www.vocationministry.com\\\/es\\\/?s={search_term_string}\"},\"query-input\":{\"@type\":\"PropertyValueSpecification\",\"valueRequired\":true,\"valueName\":\"search_term_string\"}}],\"inLanguage\":\"es\"},{\"@type\":\"Organization\",\"@id\":\"https:\\\/\\\/www.vocationministry.com\\\/es\\\/#organization\",\"name\":\"Vocation Ministry\",\"url\":\"https:\\\/\\\/www.vocationministry.com\\\/es\\\/\",\"logo\":{\"@type\":\"ImageObject\",\"inLanguage\":\"es\",\"@id\":\"https:\\\/\\\/www.vocationministry.com\\\/es\\\/#\\\/schema\\\/logo\\\/image\\\/\",\"url\":\"https:\\\/\\\/www.vocationministry.com\\\/wp-content\\\/uploads\\\/2024\\\/02\\\/Blue-VM-Logo-white-Background.png\",\"contentUrl\":\"https:\\\/\\\/www.vocationministry.com\\\/wp-content\\\/uploads\\\/2024\\\/02\\\/Blue-VM-Logo-white-Background.png\",\"width\":2000,\"height\":1000,\"caption\":\"Vocation Ministry\"},\"image\":{\"@id\":\"https:\\\/\\\/www.vocationministry.com\\\/es\\\/#\\\/schema\\\/logo\\\/image\\\/\"},\"sameAs\":[\"https:\\\/\\\/www.facebook.com\\\/VocationMinistry\"]}]}<\/script>\n<!-- \/ Yoast SEO Premium plugin. -->","yoast_head_json":{"title":"Mochila Vocaciones (Ni\u00f1o) - Vocation Ministry","robots":{"index":"index","follow":"follow","max-snippet":"max-snippet:-1","max-image-preview":"max-image-preview:large","max-video-preview":"max-video-preview:-1"},"canonical":"https:\/\/www.vocationministry.com\/es\/shop\/vocations-backpack-bundle-boy\/","og_locale":"es_MX","og_type":"article","og_title":"Vocations Backpack Bundle (Boy)","og_description":"Are you looking for a great activity to share the message of vocations and holiness with families? Grab a Vocations Backpack that can be signed out at Mass or from the parish library? Kids will love these cuddly and fun items and be inspired along the way.\u00a0 They also make great 1st\u00a0communion gifts for kids and grandkids! What comes in a Vocation Backpack?    Blue drawstring backpack with text that reads \"I am a Child of God\"  '9\" Priest Bear  Praying with My Fingers: An Easy Way to Talk with God\u00a0Board book by\u00a0Paraclete Press and\u00a0Pope Francis  What Does a Priest Do? by Susan Heyboer O'Keefe and\u00a0H. M. Alan\u00a0  Catholic Book of Prayers for Children\u00a0by\u00a0Reverend Jude Winkler O.F.M.  I'm a Saint in the Making by Lisa Hendey","og_url":"https:\/\/www.vocationministry.com\/es\/shop\/vocations-backpack-bundle-boy\/","og_site_name":"Vocation Ministry","article_publisher":"https:\/\/www.facebook.com\/VocationMinistry","article_modified_time":"2026-01-13T14:54:33+00:00","og_image":[{"width":2000,"height":1000,"url":"https:\/\/www.vocationministry.com\/wp-content\/uploads\/2024\/07\/Blue-VM-Logo-white-Background.png","type":"image\/png"},{"width":1024,"height":1024,"url":"https:\/\/www.vocationministry.com\/wp-content\/uploads\/2019\/03\/Boy-Vocation-Backpack-1-1024x1024.png","type":"image\/png"}],"twitter_card":"summary_large_image","twitter_misc":{"Tiempo de lectura":"1 minuto"},"schema":{"@context":"https:\/\/schema.org","@graph":[{"@type":"WebPage","@id":"https:\/\/www.vocationministry.com\/shop\/vocations-backpack-bundle-boy\/","url":"https:\/\/www.vocationministry.com\/shop\/vocations-backpack-bundle-boy\/","name":"Mochila Vocaciones (Ni\u00f1o) - Vocation Ministry","isPartOf":{"@id":"https:\/\/www.vocationministry.com\/es\/#website"},"primaryImageOfPage":{"@id":"https:\/\/www.vocationministry.com\/shop\/vocations-backpack-bundle-boy\/#primaryimage"},"image":{"@id":"https:\/\/www.vocationministry.com\/shop\/vocations-backpack-bundle-boy\/#primaryimage"},"thumbnailUrl":"https:\/\/www.vocationministry.com\/wp-content\/uploads\/2019\/03\/Boy-Vocation-Backpack-1.png","datePublished":"2025-07-30T01:03:42+00:00","dateModified":"2026-01-13T14:54:33+00:00","breadcrumb":{"@id":"https:\/\/www.vocationministry.com\/shop\/vocations-backpack-bundle-boy\/#breadcrumb"},"inLanguage":"es","potentialAction":[{"@type":"ReadAction","target":["https:\/\/www.vocationministry.com\/shop\/vocations-backpack-bundle-boy\/"]}]},{"@type":"ImageObject","inLanguage":"es","@id":"https:\/\/www.vocationministry.com\/shop\/vocations-backpack-bundle-boy\/#primaryimage","url":"https:\/\/www.vocationministry.com\/wp-content\/uploads\/2019\/03\/Boy-Vocation-Backpack-1.png","contentUrl":"https:\/\/www.vocationministry.com\/wp-content\/uploads\/2019\/03\/Boy-Vocation-Backpack-1.png","width":2048,"height":2048},{"@type":"BreadcrumbList","@id":"https:\/\/www.vocationministry.com\/shop\/vocations-backpack-bundle-boy\/#breadcrumb","itemListElement":[{"@type":"ListItem","position":1,"name":"Home","item":"https:\/\/www.vocationministry.com\/"},{"@type":"ListItem","position":2,"name":"Shop","item":"https:\/\/www.vocationministry.com\/shop\/"},{"@type":"ListItem","position":3,"name":"Vocations Backpack Bundle (Boy)"}]},{"@type":"WebSite","@id":"https:\/\/www.vocationministry.com\/es\/#website","url":"https:\/\/www.vocationministry.com\/es\/","name":"Vocation Ministry","description":"Creando una cultura de vocaciones","publisher":{"@id":"https:\/\/www.vocationministry.com\/es\/#organization"},"potentialAction":[{"@type":"SearchAction","target":{"@type":"EntryPoint","urlTemplate":"https:\/\/www.vocationministry.com\/es\/?s={search_term_string}"},"query-input":{"@type":"PropertyValueSpecification","valueRequired":true,"valueName":"search_term_string"}}],"inLanguage":"es"},{"@type":"Organization","@id":"https:\/\/www.vocationministry.com\/es\/#organization","name":"Vocation Ministry","url":"https:\/\/www.vocationministry.com\/es\/","logo":{"@type":"ImageObject","inLanguage":"es","@id":"https:\/\/www.vocationministry.com\/es\/#\/schema\/logo\/image\/","url":"https:\/\/www.vocationministry.com\/wp-content\/uploads\/2024\/02\/Blue-VM-Logo-white-Background.png","contentUrl":"https:\/\/www.vocationministry.com\/wp-content\/uploads\/2024\/02\/Blue-VM-Logo-white-Background.png","width":2000,"height":1000,"caption":"Vocation Ministry"},"image":{"@id":"https:\/\/www.vocationministry.com\/es\/#\/schema\/logo\/image\/"},"sameAs":["https:\/\/www.facebook.com\/VocationMinistry"]}]}},"featured_img":"https:\/\/www.vocationministry.com\/wp-content\/uploads\/2019\/03\/Boy-Vocation-Backpack-1.png","coauthors":[],"author_meta":{"author_link":"https:\/\/www.vocationministry.com\/es\/author\/impressusart\/","display_name":"impressusart"},"relative_dates":{"created":"Publicado 8 meses hace","modified":"Actualizado 3 meses hace"},"absolute_dates":{"created":"Publicado el julio 29, 2025","modified":"Actualizado el enero 13, 2026"},"absolute_dates_time":{"created":"Publicado el julio 29, 2025 8:03 pm","modified":"Actualizado el enero 13, 2026 8:54 am"},"featured_img_caption":"","tax_additional":{"product_brand":{"linked":[],"unlinked":[],"slug":"product_brand","name":"Marcas"},"product_type":{"linked":["<a href=\"https:\/\/www.vocationministry.com\/es\/?taxonomy=product_type&#038;term=simple\" class=\"advgb-post-tax-term\">simple<\/a>"],"unlinked":["<span class=\"advgb-post-tax-term\">simple<\/span>"],"slug":"product_type","name":"Tipo de producto"},"product_visibility":{"linked":[],"unlinked":[],"slug":"product_visibility","name":"Visibilidad del producto"},"product_cat":{"linked":["<a href=\"https:\/\/www.vocationministry.com\/es\/categoria-producto\/gifts\/\" class=\"advgb-post-tax-term\">Gifts<\/a>","<a href=\"https:\/\/www.vocationministry.com\/es\/categoria-producto\/kids\/\" class=\"advgb-post-tax-term\">Kids<\/a>"],"unlinked":["<span class=\"advgb-post-tax-term\">Gifts<\/span>","<span class=\"advgb-post-tax-term\">Kids<\/span>"],"slug":"product_cat","name":"Categor\u00edas del producto"},"product_tag":{"linked":["<a href=\"https:\/\/www.vocationministry.com\/es\/etiqueta-producto\/bears\/\" class=\"advgb-post-tax-term\">Bears<\/a>","<a href=\"https:\/\/www.vocationministry.com\/es\/etiqueta-producto\/books\/\" class=\"advgb-post-tax-term\">Books<\/a>","<a href=\"https:\/\/www.vocationministry.com\/es\/etiqueta-producto\/bundles\/\" class=\"advgb-post-tax-term\">Bundles<\/a>","<a href=\"https:\/\/www.vocationministry.com\/es\/etiqueta-producto\/education-resources\/\" class=\"advgb-post-tax-term\">Education Resources<\/a>","<a href=\"https:\/\/www.vocationministry.com\/es\/etiqueta-producto\/gifts\/\" class=\"advgb-post-tax-term\">Gifts<\/a>","<a href=\"https:\/\/www.vocationministry.com\/es\/etiqueta-producto\/kids\/\" class=\"advgb-post-tax-term\">Kids<\/a>"],"unlinked":["<span class=\"advgb-post-tax-term\">Bears<\/span>","<span class=\"advgb-post-tax-term\">Books<\/span>","<span class=\"advgb-post-tax-term\">Bundles<\/span>","<span class=\"advgb-post-tax-term\">Education Resources<\/span>","<span class=\"advgb-post-tax-term\">Gifts<\/span>","<span class=\"advgb-post-tax-term\">Kids<\/span>"],"slug":"product_tag","name":"Etiquetas del producto"},"product_shipping_class":{"linked":["<a href=\"https:\/\/www.vocationministry.com\/es\/?taxonomy=product_shipping_class&#038;term=standard\" class=\"advgb-post-tax-term\">Standard<\/a>"],"unlinked":["<span class=\"advgb-post-tax-term\">Standard<\/span>"],"slug":"product_shipping_class","name":"Clases de env\u00edo del producto"},"pos_product_visibility":{"linked":[],"unlinked":[],"slug":"pos_product_visibility","name":"Visibilidad del producto en el punto de venta"},"pa_rosary-for-vocations":{"linked":[],"unlinked":[],"slug":"pa_rosary-for-vocations","name":"Rosario por las Vocaciones del producto"}},"series_order":"","_links":{"self":[{"href":"https:\/\/www.vocationministry.com\/es\/wp-json\/wp\/v2\/product\/2142","targetHints":{"allow":["GET"]}}],"collection":[{"href":"https:\/\/www.vocationministry.com\/es\/wp-json\/wp\/v2\/product"}],"about":[{"href":"https:\/\/www.vocationministry.com\/es\/wp-json\/wp\/v2\/types\/product"}],"wp:featuredmedia":[{"embeddable":true,"href":"https:\/\/www.vocationministry.com\/es\/wp-json\/wp\/v2\/media\/6462"}],"wp:attachment":[{"href":"https:\/\/www.vocationministry.com\/es\/wp-json\/wp\/v2\/media?parent=2142"}],"wp:term":[{"taxonomy":"product_brand","embeddable":true,"href":"https:\/\/www.vocationministry.com\/es\/wp-json\/wp\/v2\/product_brand?post=2142"},{"taxonomy":"product_cat","embeddable":true,"href":"https:\/\/www.vocationministry.com\/es\/wp-json\/wp\/v2\/product_cat?post=2142"},{"taxonomy":"product_tag","embeddable":true,"href":"https:\/\/www.vocationministry.com\/es\/wp-json\/wp\/v2\/product_tag?post=2142"}],"curies":[{"name":"Gracias","href":"https:\/\/api.w.org\/{rel}","templated":true}]}}