{"id":2144,"date":"2019-03-29T20:03:42","date_gmt":"2019-03-30T00:03:42","guid":{"rendered":"https:\/\/www.vocationministry.com\/product\/hundredfold-book-2\/"},"modified":"2026-02-26T16:14:03","modified_gmt":"2026-02-26T22:14:03","slug":"2nd-edition-hundredfold","status":"publish","type":"product","link":"https:\/\/www.vocationministry.com\/es\/shop\/2nd-edition-hundredfold\/","title":{"rendered":"2.\u00aa edici\u00f3n Hundredfold: Una gu\u00eda para la parroquia Vocation Ministry"},"content":{"rendered":"<p>Rhonda Gruenewald, desde su experiencia de dirigir un exitoso ministerio vocacional parroquial, ha escrito <em><strong>Cien veces: una gu\u00eda para la parroquia Vocation Ministry<\/strong><\/em> brindar informaci\u00f3n, actividades e inspiraci\u00f3n a cualquiera que inicie, revitalice o actualice un Vocation Ministry, y haga que esos ministerios prosperen. Est\u00e1 dise\u00f1ado para inspirar a las parroquias a involucrarse en el trabajo de vocaciones, para ayudar a los nuevos ministerios a comenzar con fuerza al proporcionar una gu\u00eda clara de los aspectos pr\u00e1cticos del ministerio y para revitalizar los comit\u00e9s de larga data con ideas frescas que atraigan a nuevos trabajadores a la vi\u00f1a de Dios. .<\/p>\n<p><strong>Este libro le ofrece al lector:<\/strong><\/p>\n<ul>\n<li>una visi\u00f3n general de las vocaciones: por qu\u00e9 necesitamos promover buenas vocaciones al sacerdocio, la vida religiosa y el matrimonio sacramental, y por qu\u00e9 la parroquia es el lugar perfecto para promover las vocaciones;<\/li>\n<li>direcci\u00f3n sobre los aspectos de la administraci\u00f3n de un Vocation Ministry: orar por su efectividad, reclutar personas para participar, liderar reuniones eficientes, aprovechar recursos adicionales y financiar el ministerio;<\/li>\n<li>una gu\u00eda de oraci\u00f3n sobre c\u00f3mo implementar hasta 67 actividades vocacionales diferentes que involucran alg\u00fan aspecto de oraci\u00f3n, concientizaci\u00f3n y educaci\u00f3n, juventud y afirmaci\u00f3n, incluyendo instrucciones paso a paso para cada actividad, para que un ministerio, nuevo o establecido, tenga exactamente las herramientas necesarias para fomentar las vocaciones en una parroquia.<\/li>\n<\/ul>\n<p>Rhonda Gruenewald entiende c\u00f3mo cada comit\u00e9\/ministerio vocacional parroquial debe reinventar la rueda cuando se trata del trabajo vocacional.<\/p>\n<p>Recorriendo su propio camino vocacional, ha escrito <em><strong>Cien veces: una gu\u00eda para la parroquia Vocation Ministry<\/strong><\/em> para que tu ministerio no tenga que empezar de cero, haci\u00e9ndote ese camino m\u00e1s f\u00e1cil y fruct\u00edfero.<\/p>","protected":false},"excerpt":{"rendered":"<p><em><strong>C\u00e9ntuplo<\/strong><\/em> est\u00e1 dise\u00f1ado para el cat\u00f3lico com\u00fan y corriente que desea fomentar una nueva ola extraordinaria de vocaciones al sacerdocio, la vida consagrada y el matrimonio sacramental. Es un manual integral de 288 p\u00e1ginas sobre c\u00f3mo iniciar y mantener un Vocation Ministry efectivo en una parroquia cat\u00f3lica t\u00edpica, que incluye una gu\u00eda paso a paso para cada una de las 67 actividades destacadas que ayudar\u00e1n a una parroquia a crear un ambiente favorable a las vocaciones.<\/p>","protected":false},"author":1,"featured_media":3247,"template":"","meta":{"_acf_changed":false,"_et_pb_use_builder":"","_et_pb_old_content":"","_et_gb_content_width":"","advgb_blocks_editor_width":"","advgb_blocks_columns_visual_guide":""},"product_brand":[],"product_cat":[47],"product_tag":[44,48,49],"class_list":{"0":"post-2144","1":"product","2":"type-product","3":"status-publish","4":"has-post-thumbnail","6":"product_cat-books","7":"product_tag-books","8":"product_tag-hundredfold","9":"product_tag-parish-resources","10":"product_shipping_class-media-mail","12":"first","13":"instock","14":"taxable","15":"shipping-taxable","16":"purchasable","17":"product-type-simple"},"acf":[],"yoast_head":"<!-- This site is optimized with the Yoast SEO Premium plugin v24.9 (Yoast SEO v27.3) - https:\/\/yoast.com\/product\/yoast-seo-premium-wordpress\/ -->\n<title>2nd Edition Hundredfold: A Guide to Parish Vocation Ministry - Vocation Ministry<\/title>\n<meta name=\"robots\" content=\"index, follow, max-snippet:-1, max-image-preview:large, max-video-preview:-1\" \/>\n<link rel=\"canonical\" href=\"https:\/\/www.vocationministry.com\/es\/shop\/2nd-edition-hundredfold\/\" \/>\n<meta property=\"og:locale\" content=\"es_MX\" \/>\n<meta property=\"og:type\" content=\"article\" \/>\n<meta property=\"og:title\" content=\"2nd Edition Hundredfold: A Guide to Parish Vocation Ministry\" \/>\n<meta property=\"og:description\" content=\"Hundredfold is designed for the ordinary Catholic who wants to encourage an extraordinary new wave of vocations to the priesthood, consecrated life, and sacramental marriage! It is a 288-page comprehensive manual on how to start and sustain an effective Vocation Ministry in the typical Catholic Parish, including a step-by-step guide for each of the highlighted 67 activities that will help a parish create a vocation-friendly environment.\" \/>\n<meta property=\"og:url\" content=\"https:\/\/www.vocationministry.com\/es\/shop\/2nd-edition-hundredfold\/\" \/>\n<meta property=\"og:site_name\" content=\"Vocation Ministry\" \/>\n<meta property=\"article:publisher\" content=\"https:\/\/www.facebook.com\/VocationMinistry\" \/>\n<meta property=\"article:modified_time\" content=\"2026-02-26T22:14:03+00:00\" \/>\n<meta property=\"og:image\" content=\"https:\/\/www.vocationministry.com\/wp-content\/uploads\/2024\/07\/Blue-VM-Logo-white-Background.png\" \/>\n\t<meta property=\"og:image:width\" content=\"2000\" \/>\n\t<meta property=\"og:image:height\" content=\"1000\" \/>\n\t<meta property=\"og:image:type\" content=\"image\/png\" \/><meta property=\"og:image\" content=\"https:\/\/www.vocationministry.com\/wp-content\/uploads\/2024\/03\/Hundredfold.png\" \/>\n\t<meta property=\"og:image:width\" content=\"1080\" \/>\n\t<meta property=\"og:image:height\" content=\"1080\" \/>\n\t<meta property=\"og:image:type\" content=\"image\/png\" \/>\n<meta name=\"twitter:card\" content=\"summary_large_image\" \/>\n<meta name=\"twitter:label1\" content=\"Tiempo de lectura\" \/>\n\t<meta name=\"twitter:data1\" content=\"2 minutos\" \/>\n<script type=\"application\/ld+json\" class=\"yoast-schema-graph\">{\"@context\":\"https:\\\/\\\/schema.org\",\"@graph\":[{\"@type\":\"WebPage\",\"@id\":\"https:\\\/\\\/www.vocationministry.com\\\/shop\\\/2nd-edition-hundredfold\\\/\",\"url\":\"https:\\\/\\\/www.vocationministry.com\\\/shop\\\/2nd-edition-hundredfold\\\/\",\"name\":\"2nd Edition Hundredfold: A Guide to Parish Vocation Ministry - Vocation Ministry\",\"isPartOf\":{\"@id\":\"https:\\\/\\\/www.vocationministry.com\\\/es\\\/#website\"},\"primaryImageOfPage\":{\"@id\":\"https:\\\/\\\/www.vocationministry.com\\\/shop\\\/2nd-edition-hundredfold\\\/#primaryimage\"},\"image\":{\"@id\":\"https:\\\/\\\/www.vocationministry.com\\\/shop\\\/2nd-edition-hundredfold\\\/#primaryimage\"},\"thumbnailUrl\":\"https:\\\/\\\/www.vocationministry.com\\\/wp-content\\\/uploads\\\/2024\\\/03\\\/Hundredfold.png\",\"datePublished\":\"2019-03-30T00:03:42+00:00\",\"dateModified\":\"2026-02-26T22:14:03+00:00\",\"breadcrumb\":{\"@id\":\"https:\\\/\\\/www.vocationministry.com\\\/shop\\\/2nd-edition-hundredfold\\\/#breadcrumb\"},\"inLanguage\":\"es\",\"potentialAction\":[{\"@type\":\"ReadAction\",\"target\":[\"https:\\\/\\\/www.vocationministry.com\\\/shop\\\/2nd-edition-hundredfold\\\/\"]}]},{\"@type\":\"ImageObject\",\"inLanguage\":\"es\",\"@id\":\"https:\\\/\\\/www.vocationministry.com\\\/shop\\\/2nd-edition-hundredfold\\\/#primaryimage\",\"url\":\"https:\\\/\\\/www.vocationministry.com\\\/wp-content\\\/uploads\\\/2024\\\/03\\\/Hundredfold.png\",\"contentUrl\":\"https:\\\/\\\/www.vocationministry.com\\\/wp-content\\\/uploads\\\/2024\\\/03\\\/Hundredfold.png\",\"width\":1080,\"height\":1080},{\"@type\":\"BreadcrumbList\",\"@id\":\"https:\\\/\\\/www.vocationministry.com\\\/shop\\\/2nd-edition-hundredfold\\\/#breadcrumb\",\"itemListElement\":[{\"@type\":\"ListItem\",\"position\":1,\"name\":\"Home\",\"item\":\"https:\\\/\\\/www.vocationministry.com\\\/\"},{\"@type\":\"ListItem\",\"position\":2,\"name\":\"Shop\",\"item\":\"https:\\\/\\\/www.vocationministry.com\\\/shop\\\/\"},{\"@type\":\"ListItem\",\"position\":3,\"name\":\"2nd Edition Hundredfold: A Guide to Parish Vocation Ministry\"}]},{\"@type\":\"WebSite\",\"@id\":\"https:\\\/\\\/www.vocationministry.com\\\/es\\\/#website\",\"url\":\"https:\\\/\\\/www.vocationministry.com\\\/es\\\/\",\"name\":\"Vocation Ministry\",\"description\":\"Creating A Culture of Vocations\",\"publisher\":{\"@id\":\"https:\\\/\\\/www.vocationministry.com\\\/es\\\/#organization\"},\"potentialAction\":[{\"@type\":\"SearchAction\",\"target\":{\"@type\":\"EntryPoint\",\"urlTemplate\":\"https:\\\/\\\/www.vocationministry.com\\\/es\\\/?s={search_term_string}\"},\"query-input\":{\"@type\":\"PropertyValueSpecification\",\"valueRequired\":true,\"valueName\":\"search_term_string\"}}],\"inLanguage\":\"es\"},{\"@type\":\"Organization\",\"@id\":\"https:\\\/\\\/www.vocationministry.com\\\/es\\\/#organization\",\"name\":\"Vocation Ministry\",\"url\":\"https:\\\/\\\/www.vocationministry.com\\\/es\\\/\",\"logo\":{\"@type\":\"ImageObject\",\"inLanguage\":\"es\",\"@id\":\"https:\\\/\\\/www.vocationministry.com\\\/es\\\/#\\\/schema\\\/logo\\\/image\\\/\",\"url\":\"https:\\\/\\\/www.vocationministry.com\\\/wp-content\\\/uploads\\\/2024\\\/02\\\/Blue-VM-Logo-white-Background.png\",\"contentUrl\":\"https:\\\/\\\/www.vocationministry.com\\\/wp-content\\\/uploads\\\/2024\\\/02\\\/Blue-VM-Logo-white-Background.png\",\"width\":2000,\"height\":1000,\"caption\":\"Vocation Ministry\"},\"image\":{\"@id\":\"https:\\\/\\\/www.vocationministry.com\\\/es\\\/#\\\/schema\\\/logo\\\/image\\\/\"},\"sameAs\":[\"https:\\\/\\\/www.facebook.com\\\/VocationMinistry\"]}]}<\/script>\n<!-- \/ Yoast SEO Premium plugin. -->","yoast_head_json":{"title":"2.\u00aa edici\u00f3n Hundredfold: Una gu\u00eda para la parroquia Vocation Ministry - Vocation Ministry","robots":{"index":"index","follow":"follow","max-snippet":"max-snippet:-1","max-image-preview":"max-image-preview:large","max-video-preview":"max-video-preview:-1"},"canonical":"https:\/\/www.vocationministry.com\/es\/shop\/2nd-edition-hundredfold\/","og_locale":"es_MX","og_type":"article","og_title":"2nd Edition Hundredfold: A Guide to Parish Vocation Ministry","og_description":"Hundredfold is designed for the ordinary Catholic who wants to encourage an extraordinary new wave of vocations to the priesthood, consecrated life, and sacramental marriage! It is a 288-page comprehensive manual on how to start and sustain an effective Vocation Ministry in the typical Catholic Parish, including a step-by-step guide for each of the highlighted 67 activities that will help a parish create a vocation-friendly environment.","og_url":"https:\/\/www.vocationministry.com\/es\/shop\/2nd-edition-hundredfold\/","og_site_name":"Vocation Ministry","article_publisher":"https:\/\/www.facebook.com\/VocationMinistry","article_modified_time":"2026-02-26T22:14:03+00:00","og_image":[{"width":2000,"height":1000,"url":"https:\/\/www.vocationministry.com\/wp-content\/uploads\/2024\/07\/Blue-VM-Logo-white-Background.png","type":"image\/png"},{"width":1080,"height":1080,"url":"https:\/\/www.vocationministry.com\/wp-content\/uploads\/2024\/03\/Hundredfold.png","type":"image\/png"}],"twitter_card":"summary_large_image","twitter_misc":{"Tiempo de lectura":"2 minutos"},"schema":{"@context":"https:\/\/schema.org","@graph":[{"@type":"WebPage","@id":"https:\/\/www.vocationministry.com\/shop\/2nd-edition-hundredfold\/","url":"https:\/\/www.vocationministry.com\/shop\/2nd-edition-hundredfold\/","name":"2.\u00aa edici\u00f3n Hundredfold: Una gu\u00eda para la parroquia Vocation Ministry - Vocation Ministry","isPartOf":{"@id":"https:\/\/www.vocationministry.com\/es\/#website"},"primaryImageOfPage":{"@id":"https:\/\/www.vocationministry.com\/shop\/2nd-edition-hundredfold\/#primaryimage"},"image":{"@id":"https:\/\/www.vocationministry.com\/shop\/2nd-edition-hundredfold\/#primaryimage"},"thumbnailUrl":"https:\/\/www.vocationministry.com\/wp-content\/uploads\/2024\/03\/Hundredfold.png","datePublished":"2019-03-30T00:03:42+00:00","dateModified":"2026-02-26T22:14:03+00:00","breadcrumb":{"@id":"https:\/\/www.vocationministry.com\/shop\/2nd-edition-hundredfold\/#breadcrumb"},"inLanguage":"es","potentialAction":[{"@type":"ReadAction","target":["https:\/\/www.vocationministry.com\/shop\/2nd-edition-hundredfold\/"]}]},{"@type":"ImageObject","inLanguage":"es","@id":"https:\/\/www.vocationministry.com\/shop\/2nd-edition-hundredfold\/#primaryimage","url":"https:\/\/www.vocationministry.com\/wp-content\/uploads\/2024\/03\/Hundredfold.png","contentUrl":"https:\/\/www.vocationministry.com\/wp-content\/uploads\/2024\/03\/Hundredfold.png","width":1080,"height":1080},{"@type":"BreadcrumbList","@id":"https:\/\/www.vocationministry.com\/shop\/2nd-edition-hundredfold\/#breadcrumb","itemListElement":[{"@type":"ListItem","position":1,"name":"Home","item":"https:\/\/www.vocationministry.com\/"},{"@type":"ListItem","position":2,"name":"Shop","item":"https:\/\/www.vocationministry.com\/shop\/"},{"@type":"ListItem","position":3,"name":"2nd Edition Hundredfold: A Guide to Parish Vocation Ministry"}]},{"@type":"WebSite","@id":"https:\/\/www.vocationministry.com\/es\/#website","url":"https:\/\/www.vocationministry.com\/es\/","name":"Vocation Ministry","description":"Creando una cultura de vocaciones","publisher":{"@id":"https:\/\/www.vocationministry.com\/es\/#organization"},"potentialAction":[{"@type":"SearchAction","target":{"@type":"EntryPoint","urlTemplate":"https:\/\/www.vocationministry.com\/es\/?s={search_term_string}"},"query-input":{"@type":"PropertyValueSpecification","valueRequired":true,"valueName":"search_term_string"}}],"inLanguage":"es"},{"@type":"Organization","@id":"https:\/\/www.vocationministry.com\/es\/#organization","name":"Vocation Ministry","url":"https:\/\/www.vocationministry.com\/es\/","logo":{"@type":"ImageObject","inLanguage":"es","@id":"https:\/\/www.vocationministry.com\/es\/#\/schema\/logo\/image\/","url":"https:\/\/www.vocationministry.com\/wp-content\/uploads\/2024\/02\/Blue-VM-Logo-white-Background.png","contentUrl":"https:\/\/www.vocationministry.com\/wp-content\/uploads\/2024\/02\/Blue-VM-Logo-white-Background.png","width":2000,"height":1000,"caption":"Vocation Ministry"},"image":{"@id":"https:\/\/www.vocationministry.com\/es\/#\/schema\/logo\/image\/"},"sameAs":["https:\/\/www.facebook.com\/VocationMinistry"]}]}},"featured_img":"https:\/\/www.vocationministry.com\/wp-content\/uploads\/2024\/03\/Hundredfold.png","coauthors":[],"author_meta":{"author_link":"https:\/\/www.vocationministry.com\/es\/author\/impressusart\/","display_name":"impressusart"},"relative_dates":{"created":"Publicado 7 a\u00f1os hace","modified":"Actualizado 1 mes hace"},"absolute_dates":{"created":"Publicado el marzo 29, 2019","modified":"Actualizado el febrero 26, 2026"},"absolute_dates_time":{"created":"Publicado el marzo 29, 2019 8:03 pm","modified":"Actualizado el febrero 26, 2026 4:14 pm"},"featured_img_caption":"","tax_additional":{"product_brand":{"linked":[],"unlinked":[],"slug":"product_brand","name":"Marcas"},"product_type":{"linked":["<a href=\"https:\/\/www.vocationministry.com\/es\/?taxonomy=product_type&#038;term=simple\" class=\"advgb-post-tax-term\">simple<\/a>"],"unlinked":["<span class=\"advgb-post-tax-term\">simple<\/span>"],"slug":"product_type","name":"Tipo de producto"},"product_visibility":{"linked":[],"unlinked":[],"slug":"product_visibility","name":"Visibilidad del producto"},"product_cat":{"linked":["<a href=\"https:\/\/www.vocationministry.com\/es\/categoria-producto\/books\/\" class=\"advgb-post-tax-term\">Books<\/a>"],"unlinked":["<span class=\"advgb-post-tax-term\">Books<\/span>"],"slug":"product_cat","name":"Categor\u00edas del producto"},"product_tag":{"linked":["<a href=\"https:\/\/www.vocationministry.com\/es\/etiqueta-producto\/books\/\" class=\"advgb-post-tax-term\">Books<\/a>","<a href=\"https:\/\/www.vocationministry.com\/es\/etiqueta-producto\/hundredfold\/\" class=\"advgb-post-tax-term\">Hundredfold<\/a>","<a href=\"https:\/\/www.vocationministry.com\/es\/etiqueta-producto\/parish-resources\/\" class=\"advgb-post-tax-term\">Parish Resources<\/a>"],"unlinked":["<span class=\"advgb-post-tax-term\">Books<\/span>","<span class=\"advgb-post-tax-term\">Hundredfold<\/span>","<span class=\"advgb-post-tax-term\">Parish Resources<\/span>"],"slug":"product_tag","name":"Etiquetas del producto"},"product_shipping_class":{"linked":["<a href=\"https:\/\/www.vocationministry.com\/es\/?taxonomy=product_shipping_class&#038;term=media-mail\" class=\"advgb-post-tax-term\">Media Mail<\/a>"],"unlinked":["<span class=\"advgb-post-tax-term\">Media Mail<\/span>"],"slug":"product_shipping_class","name":"Clases de env\u00edo del producto"},"pos_product_visibility":{"linked":[],"unlinked":[],"slug":"pos_product_visibility","name":"Visibilidad del producto en el punto de venta"},"pa_rosary-for-vocations":{"linked":[],"unlinked":[],"slug":"pa_rosary-for-vocations","name":"Rosario por las Vocaciones del producto"}},"series_order":"","_links":{"self":[{"href":"https:\/\/www.vocationministry.com\/es\/wp-json\/wp\/v2\/product\/2144","targetHints":{"allow":["GET"]}}],"collection":[{"href":"https:\/\/www.vocationministry.com\/es\/wp-json\/wp\/v2\/product"}],"about":[{"href":"https:\/\/www.vocationministry.com\/es\/wp-json\/wp\/v2\/types\/product"}],"wp:featuredmedia":[{"embeddable":true,"href":"https:\/\/www.vocationministry.com\/es\/wp-json\/wp\/v2\/media\/3247"}],"wp:attachment":[{"href":"https:\/\/www.vocationministry.com\/es\/wp-json\/wp\/v2\/media?parent=2144"}],"wp:term":[{"taxonomy":"product_brand","embeddable":true,"href":"https:\/\/www.vocationministry.com\/es\/wp-json\/wp\/v2\/product_brand?post=2144"},{"taxonomy":"product_cat","embeddable":true,"href":"https:\/\/www.vocationministry.com\/es\/wp-json\/wp\/v2\/product_cat?post=2144"},{"taxonomy":"product_tag","embeddable":true,"href":"https:\/\/www.vocationministry.com\/es\/wp-json\/wp\/v2\/product_tag?post=2144"}],"curies":[{"name":"Gracias","href":"https:\/\/api.w.org\/{rel}","templated":true}]}}