{"id":2149,"date":"2019-04-10T20:32:53","date_gmt":"2019-04-11T00:32:53","guid":{"rendered":"https:\/\/www.vocationministry.com\/product\/catholic-book-of-prayers-for-children-book-2\/"},"modified":"2024-06-26T16:32:48","modified_gmt":"2024-06-26T21:32:48","slug":"catholic-book-of-prayers-for-children-book","status":"publish","type":"product","link":"https:\/\/www.vocationministry.com\/es\/shop\/catholic-book-of-prayers-for-children-book\/","title":{"rendered":"Libro cat\u00f3lico de oraciones para ni\u00f1os \u2013 Libro para ni\u00f1os"},"content":{"rendered":"<p>La serie de libros ilustrados de San Jos\u00e9 tiene como objetivo ayudar a ense\u00f1ar los conceptos b\u00e1sicos de la fe cat\u00f3lica a los ni\u00f1os de una manera divertida. <em>Libro Cat\u00f3lico de Oraciones para Ni\u00f1os<\/em> (por el Rev. <span class=\"author notFaded\" data-width=\"\">Lawrence Lovasik<\/span>) es un tesoro de oraciones esenciales para los j\u00f3venes creyentes.<\/p>\n<p>Las siguientes oraciones est\u00e1n incluidas en este t\u00edtulo:<\/p>\n<ul>\n<li>La Se\u00f1al de la Cruz<\/li>\n<li>la gloria sea<\/li>\n<li>Ofrenda de la ma\u00f1ana<\/li>\n<li>Oraci\u00f3n a mi \u00e1ngel de la guarda<\/li>\n<li>El Padre Nuestro<\/li>\n<li>Oraci\u00f3n de alabanza al Se\u00f1or<\/li>\n<li>El Avemar\u00eda<\/li>\n<li>Ofrenda a Mar\u00eda<\/li>\n<li>El Credo de los Ap\u00f3stoles<\/li>\n<li>Acto de contrici\u00f3n<\/li>\n<li>Oraci\u00f3n por la misericordia<\/li>\n<li>Acto de fe<\/li>\n<li>Acto de esperanza<\/li>\n<li>acto de amor<\/li>\n<li>Oraci\u00f3n antes de las comidas<\/li>\n<li>Oraci\u00f3n despu\u00e9s de las comidas<\/li>\n<li>Oraci\u00f3n de acci\u00f3n de gracias<\/li>\n<li>Oraci\u00f3n ante un Crucifijo<\/li>\n<li>Salve, Santa Reina<\/li>\n<li>La Oraci\u00f3n de San Francisco<\/li>\n<li>El Memorario<\/li>\n<li>Oraci\u00f3n por mi familia<\/li>\n<li>Oraciones de la tarde<\/li>\n<li>Salmo 23: Oraci\u00f3n al Se\u00f1or, mi pastor<\/li>\n<\/ul>\n<p>Ilustrado a todo color.<\/p>\n<p><span class=\"a-list-item\"><span class=\"a-text-bold\">Edad de lectura 4-<\/span>7 a\u00f1os.<\/span><\/p>\n<p>32 p\u00e1ginas.<\/p>","protected":false},"excerpt":{"rendered":"<p>Un tesoro de oraciones esenciales para los j\u00f3venes creyentes<span class=\"a-list-item\"><span class=\"a-text-bold\"> 4 a\u00f1os-<\/span>7 a\u00f1os. <\/span>32 p\u00e1ginas. (por el Rev. <span class=\"author notFaded\" data-width=\"\">Lawrence G Lovasik)<\/span><\/p>","protected":false},"author":2,"featured_media":3252,"template":"","meta":{"_acf_changed":false,"_et_pb_use_builder":"","_et_pb_old_content":"","_et_gb_content_width":"","advgb_blocks_editor_width":"","advgb_blocks_columns_visual_guide":""},"product_brand":[],"product_cat":[47,62],"product_tag":[44,41,42,43],"class_list":{"0":"post-2149","1":"product","2":"type-product","3":"status-publish","4":"has-post-thumbnail","6":"product_cat-books","7":"product_cat-kids","8":"product_tag-books","9":"product_tag-education-resources","10":"product_tag-gifts","11":"product_tag-kids","12":"product_shipping_class-media-mail","14":"first","15":"instock","16":"taxable","17":"shipping-taxable","18":"purchasable","19":"product-type-simple"},"acf":[],"yoast_head":"<!-- This site is optimized with the Yoast SEO Premium plugin v24.9 (Yoast SEO v27.4) - https:\/\/yoast.com\/product\/yoast-seo-premium-wordpress\/ -->\n<title>Catholic Book of Prayers for Children - Children&#039;s Book - Vocation Ministry<\/title>\n<meta name=\"robots\" content=\"index, follow, max-snippet:-1, max-image-preview:large, max-video-preview:-1\" \/>\n<link rel=\"canonical\" href=\"https:\/\/www.vocationministry.com\/es\/shop\/catholic-book-of-prayers-for-children-book\/\" \/>\n<meta property=\"og:locale\" content=\"es_MX\" \/>\n<meta property=\"og:type\" content=\"article\" \/>\n<meta property=\"og:title\" content=\"Catholic Book of Prayers for Children - Children&#039;s Book\" \/>\n<meta property=\"og:description\" content=\"A treasury of essential prayers for young believers age 4-7 years. 32 pages. (by Rev. Lawrence G Lovasik)\" \/>\n<meta property=\"og:url\" content=\"https:\/\/www.vocationministry.com\/es\/shop\/catholic-book-of-prayers-for-children-book\/\" \/>\n<meta property=\"og:site_name\" content=\"Vocation Ministry\" \/>\n<meta property=\"article:publisher\" content=\"https:\/\/www.facebook.com\/VocationMinistry\" \/>\n<meta property=\"article:modified_time\" content=\"2024-06-26T21:32:48+00:00\" \/>\n<meta property=\"og:image\" content=\"https:\/\/www.vocationministry.com\/wp-content\/uploads\/2024\/07\/Blue-VM-Logo-white-Background.png\" \/>\n\t<meta property=\"og:image:width\" content=\"2000\" \/>\n\t<meta property=\"og:image:height\" content=\"1000\" \/>\n\t<meta property=\"og:image:type\" content=\"image\/png\" \/><meta property=\"og:image\" content=\"https:\/\/www.vocationministry.com\/wp-content\/uploads\/2024\/03\/Untitled-design-66.png\" \/>\n\t<meta property=\"og:image:width\" content=\"500\" \/>\n\t<meta property=\"og:image:height\" content=\"500\" \/>\n\t<meta property=\"og:image:type\" content=\"image\/webp\" \/>\n<meta name=\"twitter:card\" content=\"summary_large_image\" \/>\n<meta name=\"twitter:label1\" content=\"Tiempo de lectura\" \/>\n\t<meta name=\"twitter:data1\" content=\"1 minuto\" \/>\n<script type=\"application\/ld+json\" class=\"yoast-schema-graph\">{\"@context\":\"https:\\\/\\\/schema.org\",\"@graph\":[{\"@type\":\"WebPage\",\"@id\":\"https:\\\/\\\/www.vocationministry.com\\\/shop\\\/catholic-book-of-prayers-for-children-book\\\/\",\"url\":\"https:\\\/\\\/www.vocationministry.com\\\/shop\\\/catholic-book-of-prayers-for-children-book\\\/\",\"name\":\"Catholic Book of Prayers for Children - Children's Book - Vocation Ministry\",\"isPartOf\":{\"@id\":\"https:\\\/\\\/www.vocationministry.com\\\/es\\\/#website\"},\"primaryImageOfPage\":{\"@id\":\"https:\\\/\\\/www.vocationministry.com\\\/shop\\\/catholic-book-of-prayers-for-children-book\\\/#primaryimage\"},\"image\":{\"@id\":\"https:\\\/\\\/www.vocationministry.com\\\/shop\\\/catholic-book-of-prayers-for-children-book\\\/#primaryimage\"},\"thumbnailUrl\":\"https:\\\/\\\/www.vocationministry.com\\\/wp-content\\\/uploads\\\/2024\\\/03\\\/Untitled-design-66.png\",\"datePublished\":\"2019-04-11T00:32:53+00:00\",\"dateModified\":\"2024-06-26T21:32:48+00:00\",\"breadcrumb\":{\"@id\":\"https:\\\/\\\/www.vocationministry.com\\\/shop\\\/catholic-book-of-prayers-for-children-book\\\/#breadcrumb\"},\"inLanguage\":\"es\",\"potentialAction\":[{\"@type\":\"ReadAction\",\"target\":[\"https:\\\/\\\/www.vocationministry.com\\\/shop\\\/catholic-book-of-prayers-for-children-book\\\/\"]}]},{\"@type\":\"ImageObject\",\"inLanguage\":\"es\",\"@id\":\"https:\\\/\\\/www.vocationministry.com\\\/shop\\\/catholic-book-of-prayers-for-children-book\\\/#primaryimage\",\"url\":\"https:\\\/\\\/www.vocationministry.com\\\/wp-content\\\/uploads\\\/2024\\\/03\\\/Untitled-design-66.png\",\"contentUrl\":\"https:\\\/\\\/www.vocationministry.com\\\/wp-content\\\/uploads\\\/2024\\\/03\\\/Untitled-design-66.png\",\"width\":500,\"height\":500},{\"@type\":\"BreadcrumbList\",\"@id\":\"https:\\\/\\\/www.vocationministry.com\\\/shop\\\/catholic-book-of-prayers-for-children-book\\\/#breadcrumb\",\"itemListElement\":[{\"@type\":\"ListItem\",\"position\":1,\"name\":\"Home\",\"item\":\"https:\\\/\\\/www.vocationministry.com\\\/\"},{\"@type\":\"ListItem\",\"position\":2,\"name\":\"Shop\",\"item\":\"https:\\\/\\\/www.vocationministry.com\\\/shop\\\/\"},{\"@type\":\"ListItem\",\"position\":3,\"name\":\"Catholic Book of Prayers for Children &#8211; Children&#8217;s Book\"}]},{\"@type\":\"WebSite\",\"@id\":\"https:\\\/\\\/www.vocationministry.com\\\/es\\\/#website\",\"url\":\"https:\\\/\\\/www.vocationministry.com\\\/es\\\/\",\"name\":\"Vocation Ministry\",\"description\":\"Creating A Culture of Vocations\",\"publisher\":{\"@id\":\"https:\\\/\\\/www.vocationministry.com\\\/es\\\/#organization\"},\"potentialAction\":[{\"@type\":\"SearchAction\",\"target\":{\"@type\":\"EntryPoint\",\"urlTemplate\":\"https:\\\/\\\/www.vocationministry.com\\\/es\\\/?s={search_term_string}\"},\"query-input\":{\"@type\":\"PropertyValueSpecification\",\"valueRequired\":true,\"valueName\":\"search_term_string\"}}],\"inLanguage\":\"es\"},{\"@type\":\"Organization\",\"@id\":\"https:\\\/\\\/www.vocationministry.com\\\/es\\\/#organization\",\"name\":\"Vocation Ministry\",\"url\":\"https:\\\/\\\/www.vocationministry.com\\\/es\\\/\",\"logo\":{\"@type\":\"ImageObject\",\"inLanguage\":\"es\",\"@id\":\"https:\\\/\\\/www.vocationministry.com\\\/es\\\/#\\\/schema\\\/logo\\\/image\\\/\",\"url\":\"https:\\\/\\\/www.vocationministry.com\\\/wp-content\\\/uploads\\\/2024\\\/02\\\/Blue-VM-Logo-white-Background.png\",\"contentUrl\":\"https:\\\/\\\/www.vocationministry.com\\\/wp-content\\\/uploads\\\/2024\\\/02\\\/Blue-VM-Logo-white-Background.png\",\"width\":2000,\"height\":1000,\"caption\":\"Vocation Ministry\"},\"image\":{\"@id\":\"https:\\\/\\\/www.vocationministry.com\\\/es\\\/#\\\/schema\\\/logo\\\/image\\\/\"},\"sameAs\":[\"https:\\\/\\\/www.facebook.com\\\/VocationMinistry\"]}]}<\/script>\n<!-- \/ Yoast SEO Premium plugin. -->","yoast_head_json":{"title":"Libro cat\u00f3lico de oraciones para ni\u00f1os - Libro infantil - Vocation Ministry","robots":{"index":"index","follow":"follow","max-snippet":"max-snippet:-1","max-image-preview":"max-image-preview:large","max-video-preview":"max-video-preview:-1"},"canonical":"https:\/\/www.vocationministry.com\/es\/shop\/catholic-book-of-prayers-for-children-book\/","og_locale":"es_MX","og_type":"article","og_title":"Catholic Book of Prayers for Children - Children's Book","og_description":"A treasury of essential prayers for young believers age 4-7 years. 32 pages. (by Rev. Lawrence G Lovasik)","og_url":"https:\/\/www.vocationministry.com\/es\/shop\/catholic-book-of-prayers-for-children-book\/","og_site_name":"Vocation Ministry","article_publisher":"https:\/\/www.facebook.com\/VocationMinistry","article_modified_time":"2024-06-26T21:32:48+00:00","og_image":[{"width":2000,"height":1000,"url":"https:\/\/www.vocationministry.com\/wp-content\/uploads\/2024\/07\/Blue-VM-Logo-white-Background.png","type":"image\/png"},{"width":500,"height":500,"url":"https:\/\/www.vocationministry.com\/wp-content\/uploads\/2024\/03\/Untitled-design-66.png","type":"image\/webp"}],"twitter_card":"summary_large_image","twitter_misc":{"Tiempo de lectura":"1 minuto"},"schema":{"@context":"https:\/\/schema.org","@graph":[{"@type":"WebPage","@id":"https:\/\/www.vocationministry.com\/shop\/catholic-book-of-prayers-for-children-book\/","url":"https:\/\/www.vocationministry.com\/shop\/catholic-book-of-prayers-for-children-book\/","name":"Libro cat\u00f3lico de oraciones para ni\u00f1os - Libro infantil - Vocation Ministry","isPartOf":{"@id":"https:\/\/www.vocationministry.com\/es\/#website"},"primaryImageOfPage":{"@id":"https:\/\/www.vocationministry.com\/shop\/catholic-book-of-prayers-for-children-book\/#primaryimage"},"image":{"@id":"https:\/\/www.vocationministry.com\/shop\/catholic-book-of-prayers-for-children-book\/#primaryimage"},"thumbnailUrl":"https:\/\/www.vocationministry.com\/wp-content\/uploads\/2024\/03\/Untitled-design-66.png","datePublished":"2019-04-11T00:32:53+00:00","dateModified":"2024-06-26T21:32:48+00:00","breadcrumb":{"@id":"https:\/\/www.vocationministry.com\/shop\/catholic-book-of-prayers-for-children-book\/#breadcrumb"},"inLanguage":"es","potentialAction":[{"@type":"ReadAction","target":["https:\/\/www.vocationministry.com\/shop\/catholic-book-of-prayers-for-children-book\/"]}]},{"@type":"ImageObject","inLanguage":"es","@id":"https:\/\/www.vocationministry.com\/shop\/catholic-book-of-prayers-for-children-book\/#primaryimage","url":"https:\/\/www.vocationministry.com\/wp-content\/uploads\/2024\/03\/Untitled-design-66.png","contentUrl":"https:\/\/www.vocationministry.com\/wp-content\/uploads\/2024\/03\/Untitled-design-66.png","width":500,"height":500},{"@type":"BreadcrumbList","@id":"https:\/\/www.vocationministry.com\/shop\/catholic-book-of-prayers-for-children-book\/#breadcrumb","itemListElement":[{"@type":"ListItem","position":1,"name":"Home","item":"https:\/\/www.vocationministry.com\/"},{"@type":"ListItem","position":2,"name":"Shop","item":"https:\/\/www.vocationministry.com\/shop\/"},{"@type":"ListItem","position":3,"name":"Catholic Book of Prayers for Children &#8211; Children&#8217;s Book"}]},{"@type":"WebSite","@id":"https:\/\/www.vocationministry.com\/es\/#website","url":"https:\/\/www.vocationministry.com\/es\/","name":"Vocation Ministry","description":"Creando una cultura de vocaciones","publisher":{"@id":"https:\/\/www.vocationministry.com\/es\/#organization"},"potentialAction":[{"@type":"SearchAction","target":{"@type":"EntryPoint","urlTemplate":"https:\/\/www.vocationministry.com\/es\/?s={search_term_string}"},"query-input":{"@type":"PropertyValueSpecification","valueRequired":true,"valueName":"search_term_string"}}],"inLanguage":"es"},{"@type":"Organization","@id":"https:\/\/www.vocationministry.com\/es\/#organization","name":"Vocation Ministry","url":"https:\/\/www.vocationministry.com\/es\/","logo":{"@type":"ImageObject","inLanguage":"es","@id":"https:\/\/www.vocationministry.com\/es\/#\/schema\/logo\/image\/","url":"https:\/\/www.vocationministry.com\/wp-content\/uploads\/2024\/02\/Blue-VM-Logo-white-Background.png","contentUrl":"https:\/\/www.vocationministry.com\/wp-content\/uploads\/2024\/02\/Blue-VM-Logo-white-Background.png","width":2000,"height":1000,"caption":"Vocation Ministry"},"image":{"@id":"https:\/\/www.vocationministry.com\/es\/#\/schema\/logo\/image\/"},"sameAs":["https:\/\/www.facebook.com\/VocationMinistry"]}]}},"featured_img":"https:\/\/www.vocationministry.com\/wp-content\/uploads\/2024\/03\/Untitled-design-66.png","coauthors":[],"author_meta":{"author_link":"https:\/\/www.vocationministry.com\/es\/author\/marketing\/","display_name":"McKinsey Ogle"},"relative_dates":{"created":"Publicado 7 a\u00f1os hace","modified":"Actualizado 2 a\u00f1os hace"},"absolute_dates":{"created":"Publicado el abril 10, 2019","modified":"Actualizado el junio 26, 2024"},"absolute_dates_time":{"created":"Publicado el abril 10, 2019 8:32 pm","modified":"Actualizado el junio 26, 2024 4:32 pm"},"featured_img_caption":"","tax_additional":{"product_brand":{"linked":[],"unlinked":[],"slug":"product_brand","name":"Marcas"},"product_type":{"linked":["<a href=\"https:\/\/www.vocationministry.com\/es\/?taxonomy=product_type&#038;term=simple\" class=\"advgb-post-tax-term\">simple<\/a>"],"unlinked":["<span class=\"advgb-post-tax-term\">simple<\/span>"],"slug":"product_type","name":"Tipo de producto"},"product_visibility":{"linked":[],"unlinked":[],"slug":"product_visibility","name":"Visibilidad del producto"},"product_cat":{"linked":["<a href=\"https:\/\/www.vocationministry.com\/es\/categoria-producto\/books\/\" class=\"advgb-post-tax-term\">Books<\/a>","<a href=\"https:\/\/www.vocationministry.com\/es\/categoria-producto\/kids\/\" class=\"advgb-post-tax-term\">Kids<\/a>"],"unlinked":["<span class=\"advgb-post-tax-term\">Books<\/span>","<span class=\"advgb-post-tax-term\">Kids<\/span>"],"slug":"product_cat","name":"Categor\u00edas del producto"},"product_tag":{"linked":["<a href=\"https:\/\/www.vocationministry.com\/es\/etiqueta-producto\/books\/\" class=\"advgb-post-tax-term\">Books<\/a>","<a href=\"https:\/\/www.vocationministry.com\/es\/etiqueta-producto\/education-resources\/\" class=\"advgb-post-tax-term\">Education Resources<\/a>","<a href=\"https:\/\/www.vocationministry.com\/es\/etiqueta-producto\/gifts\/\" class=\"advgb-post-tax-term\">Gifts<\/a>","<a href=\"https:\/\/www.vocationministry.com\/es\/etiqueta-producto\/kids\/\" class=\"advgb-post-tax-term\">Kids<\/a>"],"unlinked":["<span class=\"advgb-post-tax-term\">Books<\/span>","<span class=\"advgb-post-tax-term\">Education Resources<\/span>","<span class=\"advgb-post-tax-term\">Gifts<\/span>","<span class=\"advgb-post-tax-term\">Kids<\/span>"],"slug":"product_tag","name":"Etiquetas del producto"},"product_shipping_class":{"linked":["<a href=\"https:\/\/www.vocationministry.com\/es\/?taxonomy=product_shipping_class&#038;term=media-mail\" class=\"advgb-post-tax-term\">Media Mail<\/a>"],"unlinked":["<span class=\"advgb-post-tax-term\">Media Mail<\/span>"],"slug":"product_shipping_class","name":"Clases de env\u00edo del producto"},"pos_product_visibility":{"linked":[],"unlinked":[],"slug":"pos_product_visibility","name":"Visibilidad del producto en el punto de venta"},"pa_rosary-for-vocations":{"linked":[],"unlinked":[],"slug":"pa_rosary-for-vocations","name":"Rosario por las Vocaciones del producto"},"pa_vocation-ministry-polo":{"linked":[],"unlinked":[],"slug":"pa_vocation-ministry-polo","name":"Polo del producto"}},"series_order":"","_links":{"self":[{"href":"https:\/\/www.vocationministry.com\/es\/wp-json\/wp\/v2\/product\/2149","targetHints":{"allow":["GET"]}}],"collection":[{"href":"https:\/\/www.vocationministry.com\/es\/wp-json\/wp\/v2\/product"}],"about":[{"href":"https:\/\/www.vocationministry.com\/es\/wp-json\/wp\/v2\/types\/product"}],"wp:featuredmedia":[{"embeddable":true,"href":"https:\/\/www.vocationministry.com\/es\/wp-json\/wp\/v2\/media\/3252"}],"wp:attachment":[{"href":"https:\/\/www.vocationministry.com\/es\/wp-json\/wp\/v2\/media?parent=2149"}],"wp:term":[{"taxonomy":"product_brand","embeddable":true,"href":"https:\/\/www.vocationministry.com\/es\/wp-json\/wp\/v2\/product_brand?post=2149"},{"taxonomy":"product_cat","embeddable":true,"href":"https:\/\/www.vocationministry.com\/es\/wp-json\/wp\/v2\/product_cat?post=2149"},{"taxonomy":"product_tag","embeddable":true,"href":"https:\/\/www.vocationministry.com\/es\/wp-json\/wp\/v2\/product_tag?post=2149"}],"curies":[{"name":"Gracias","href":"https:\/\/api.w.org\/{rel}","templated":true}]}}