{"id":2150,"date":"2019-04-10T20:48:08","date_gmt":"2019-04-11T00:48:08","guid":{"rendered":"https:\/\/www.vocationministry.com\/product\/what-does-a-priest-do-book-2\/"},"modified":"2025-04-10T15:43:29","modified_gmt":"2025-04-10T20:43:29","slug":"what-does-a-priest-do-book","status":"publish","type":"product","link":"https:\/\/www.vocationministry.com\/es\/shop\/what-does-a-priest-do-book\/","title":{"rendered":"\u00bfQu\u00e9 hace un sacerdote?\/ \u00bfQu\u00e9 hace una monja? - Libro de ni\u00f1os"},"content":{"rendered":"<p>\u00bfQu\u00e9 hace un sacerdote?\/ \u00bfQu\u00e9 hace una monja? por Susan Heyboer O&#039;Keefe<\/p>\n<p>Los ni\u00f1os peque\u00f1os sienten fascinaci\u00f3n por los sacerdotes y las monjas. Este encantador libro dos en uno muestra la realidad de que son amigables y accesibles. Los ni\u00f1os descubrir\u00e1n que los sacerdotes y las monjas son como ellos: r\u00eden, lloran, trabajan, juegan y rezan.<\/p>\n<p>Sirve como un sutil iniciador de vocaciones al introducir la idea de la vida religiosa o el sacerdocio como algo que hace la gente \u201ccom\u00fan y corriente\u201d.<\/p>\n<p>Lectura de 5 a 6 a\u00f1os.<\/p>\n<p>32 p\u00e1ginas.<\/p>","protected":false},"excerpt":{"rendered":"<p><strong>\u00bfQu\u00e9 hace un sacerdote? \/ \u00bfQu\u00e9 hace una monja?<\/strong><br \/>\n<em>Por Susan Heyboer O&#039;Keefe<\/em><\/p>\n<p>\u00bfSientes curiosidad por los sacerdotes y las monjas? Este encantador libro dos en uno presenta a los lectores j\u00f3venes la vida cotidiana de quienes sirven en la Iglesia. A trav\u00e9s de un texto sencillo y atractivo e ilustraciones c\u00e1lidas y divertidas, los ni\u00f1os aprender\u00e1n que los sacerdotes y las monjas son personas accesibles y cercanas: r\u00eden, lloran, trabajan, juegan y rezan, como todos los dem\u00e1s.<\/p>\n<p>Perfecto para ni\u00f1os de 5 a 6 a\u00f1os, este libro presenta suavemente la idea de las vocaciones religiosas, mostrando c\u00f3mo la gente com\u00fan est\u00e1 llamada a servir a los dem\u00e1s y compartir el amor de Cristo.<\/p>\n<ul>\n<li>Sirve como una excelente introducci\u00f3n a las vocaciones religiosas para ni\u00f1os peque\u00f1os.<\/li>\n<li>Muestra sacerdotes y monjas en entornos religiosos y cotidianos.<\/li>\n<li>Incluye diversos personajes, lo que lo hace identificable para todos.<\/li>\n<\/ul>","protected":false},"author":2,"featured_media":3253,"template":"","meta":{"_acf_changed":false,"_et_pb_use_builder":"","_et_pb_old_content":"","_et_gb_content_width":"","advgb_blocks_editor_width":"","advgb_blocks_columns_visual_guide":""},"product_brand":[],"product_cat":[47,62],"product_tag":[44,41,42,43],"class_list":{"0":"post-2150","1":"product","2":"type-product","3":"status-publish","4":"has-post-thumbnail","6":"product_cat-books","7":"product_cat-kids","8":"product_tag-books","9":"product_tag-education-resources","10":"product_tag-gifts","11":"product_tag-kids","12":"product_shipping_class-media-mail","14":"first","15":"instock","16":"taxable","17":"shipping-taxable","18":"purchasable","19":"product-type-simple"},"acf":[],"yoast_head":"<!-- This site is optimized with the Yoast SEO Premium plugin v24.9 (Yoast SEO v27.5) - https:\/\/yoast.com\/product\/yoast-seo-premium-wordpress\/ -->\n<title>What Does a Priest Do?\/ What Does a Nun Do? - Children&#039;s Book - Vocation Ministry<\/title>\n<meta name=\"robots\" content=\"index, follow, max-snippet:-1, max-image-preview:large, max-video-preview:-1\" \/>\n<link rel=\"canonical\" href=\"https:\/\/www.vocationministry.com\/es\/shop\/what-does-a-priest-do-book\/\" \/>\n<meta property=\"og:locale\" content=\"es_MX\" \/>\n<meta property=\"og:type\" content=\"article\" \/>\n<meta property=\"og:title\" content=\"What Does a Priest Do?\/ What Does a Nun Do? - Children&#039;s Book\" \/>\n<meta property=\"og:description\" content=\"What Does a Priest Do? \/ What Does a Nun Do? by Susan Heyboer O\u2019Keefe  Curious about priests and nuns? This delightful two-in-one book introduces young readers to the everyday lives of those serving in the Church. Through simple, engaging text and warm, playful illustrations, children will learn that priests and nuns are approachable and relatable\u2014they laugh, cry, work, play, and pray, just like everyone else.  Perfect for children ages 5-6, this book gently introduces the idea of religious vocations, showing how ordinary people are called to serve others and share the love of Christ.   Serves as an excellent introduction to religious vocations for young children.  Shows priests and nuns in both religious and everyday settings.  Includes diverse characters, making it relatable for all.\" \/>\n<meta property=\"og:url\" content=\"https:\/\/www.vocationministry.com\/es\/shop\/what-does-a-priest-do-book\/\" \/>\n<meta property=\"og:site_name\" content=\"Vocation Ministry\" \/>\n<meta property=\"article:publisher\" content=\"https:\/\/www.facebook.com\/VocationMinistry\" \/>\n<meta property=\"article:modified_time\" content=\"2025-04-10T20:43:29+00:00\" \/>\n<meta property=\"og:image\" content=\"https:\/\/www.vocationministry.com\/wp-content\/uploads\/2024\/07\/Blue-VM-Logo-white-Background.png\" \/>\n\t<meta property=\"og:image:width\" content=\"2000\" \/>\n\t<meta property=\"og:image:height\" content=\"1000\" \/>\n\t<meta property=\"og:image:type\" content=\"image\/png\" \/><meta property=\"og:image\" content=\"https:\/\/www.vocationministry.com\/wp-content\/uploads\/2024\/03\/Untitled-design-41.png\" \/>\n\t<meta property=\"og:image:width\" content=\"1080\" \/>\n\t<meta property=\"og:image:height\" content=\"1080\" \/>\n\t<meta property=\"og:image:type\" content=\"image\/webp\" \/>\n<meta name=\"twitter:card\" content=\"summary_large_image\" \/>\n<meta name=\"twitter:label1\" content=\"Tiempo de lectura\" \/>\n\t<meta name=\"twitter:data1\" content=\"1 minuto\" \/>\n<script type=\"application\/ld+json\" class=\"yoast-schema-graph\">{\"@context\":\"https:\\\/\\\/schema.org\",\"@graph\":[{\"@type\":\"WebPage\",\"@id\":\"https:\\\/\\\/www.vocationministry.com\\\/shop\\\/what-does-a-priest-do-book\\\/\",\"url\":\"https:\\\/\\\/www.vocationministry.com\\\/shop\\\/what-does-a-priest-do-book\\\/\",\"name\":\"What Does a Priest Do?\\\/ What Does a Nun Do? - Children's Book - Vocation Ministry\",\"isPartOf\":{\"@id\":\"https:\\\/\\\/www.vocationministry.com\\\/es\\\/#website\"},\"primaryImageOfPage\":{\"@id\":\"https:\\\/\\\/www.vocationministry.com\\\/shop\\\/what-does-a-priest-do-book\\\/#primaryimage\"},\"image\":{\"@id\":\"https:\\\/\\\/www.vocationministry.com\\\/shop\\\/what-does-a-priest-do-book\\\/#primaryimage\"},\"thumbnailUrl\":\"https:\\\/\\\/www.vocationministry.com\\\/wp-content\\\/uploads\\\/2024\\\/03\\\/Untitled-design-41.png\",\"datePublished\":\"2019-04-11T00:48:08+00:00\",\"dateModified\":\"2025-04-10T20:43:29+00:00\",\"breadcrumb\":{\"@id\":\"https:\\\/\\\/www.vocationministry.com\\\/shop\\\/what-does-a-priest-do-book\\\/#breadcrumb\"},\"inLanguage\":\"es\",\"potentialAction\":[{\"@type\":\"ReadAction\",\"target\":[\"https:\\\/\\\/www.vocationministry.com\\\/shop\\\/what-does-a-priest-do-book\\\/\"]}]},{\"@type\":\"ImageObject\",\"inLanguage\":\"es\",\"@id\":\"https:\\\/\\\/www.vocationministry.com\\\/shop\\\/what-does-a-priest-do-book\\\/#primaryimage\",\"url\":\"https:\\\/\\\/www.vocationministry.com\\\/wp-content\\\/uploads\\\/2024\\\/03\\\/Untitled-design-41.png\",\"contentUrl\":\"https:\\\/\\\/www.vocationministry.com\\\/wp-content\\\/uploads\\\/2024\\\/03\\\/Untitled-design-41.png\",\"width\":1080,\"height\":1080},{\"@type\":\"BreadcrumbList\",\"@id\":\"https:\\\/\\\/www.vocationministry.com\\\/shop\\\/what-does-a-priest-do-book\\\/#breadcrumb\",\"itemListElement\":[{\"@type\":\"ListItem\",\"position\":1,\"name\":\"Home\",\"item\":\"https:\\\/\\\/www.vocationministry.com\\\/\"},{\"@type\":\"ListItem\",\"position\":2,\"name\":\"Shop\",\"item\":\"https:\\\/\\\/www.vocationministry.com\\\/shop\\\/\"},{\"@type\":\"ListItem\",\"position\":3,\"name\":\"What Does a Priest Do?\\\/ What Does a Nun Do? &#8211; Children&#8217;s Book\"}]},{\"@type\":\"WebSite\",\"@id\":\"https:\\\/\\\/www.vocationministry.com\\\/es\\\/#website\",\"url\":\"https:\\\/\\\/www.vocationministry.com\\\/es\\\/\",\"name\":\"Vocation Ministry\",\"description\":\"Creating A Culture of Vocations\",\"publisher\":{\"@id\":\"https:\\\/\\\/www.vocationministry.com\\\/es\\\/#organization\"},\"potentialAction\":[{\"@type\":\"SearchAction\",\"target\":{\"@type\":\"EntryPoint\",\"urlTemplate\":\"https:\\\/\\\/www.vocationministry.com\\\/es\\\/?s={search_term_string}\"},\"query-input\":{\"@type\":\"PropertyValueSpecification\",\"valueRequired\":true,\"valueName\":\"search_term_string\"}}],\"inLanguage\":\"es\"},{\"@type\":\"Organization\",\"@id\":\"https:\\\/\\\/www.vocationministry.com\\\/es\\\/#organization\",\"name\":\"Vocation Ministry\",\"url\":\"https:\\\/\\\/www.vocationministry.com\\\/es\\\/\",\"logo\":{\"@type\":\"ImageObject\",\"inLanguage\":\"es\",\"@id\":\"https:\\\/\\\/www.vocationministry.com\\\/es\\\/#\\\/schema\\\/logo\\\/image\\\/\",\"url\":\"https:\\\/\\\/www.vocationministry.com\\\/wp-content\\\/uploads\\\/2024\\\/02\\\/Blue-VM-Logo-white-Background.png\",\"contentUrl\":\"https:\\\/\\\/www.vocationministry.com\\\/wp-content\\\/uploads\\\/2024\\\/02\\\/Blue-VM-Logo-white-Background.png\",\"width\":2000,\"height\":1000,\"caption\":\"Vocation Ministry\"},\"image\":{\"@id\":\"https:\\\/\\\/www.vocationministry.com\\\/es\\\/#\\\/schema\\\/logo\\\/image\\\/\"},\"sameAs\":[\"https:\\\/\\\/www.facebook.com\\\/VocationMinistry\"]}]}<\/script>\n<!-- \/ Yoast SEO Premium plugin. -->","yoast_head_json":{"title":"\u00bfQu\u00e9 hace un sacerdote? \/ \u00bfQu\u00e9 hace una monja? - Libro infantil - Vocation Ministry","robots":{"index":"index","follow":"follow","max-snippet":"max-snippet:-1","max-image-preview":"max-image-preview:large","max-video-preview":"max-video-preview:-1"},"canonical":"https:\/\/www.vocationministry.com\/es\/shop\/what-does-a-priest-do-book\/","og_locale":"es_MX","og_type":"article","og_title":"What Does a Priest Do?\/ What Does a Nun Do? - Children's Book","og_description":"What Does a Priest Do? \/ What Does a Nun Do? by Susan Heyboer O\u2019Keefe  Curious about priests and nuns? This delightful two-in-one book introduces young readers to the everyday lives of those serving in the Church. Through simple, engaging text and warm, playful illustrations, children will learn that priests and nuns are approachable and relatable\u2014they laugh, cry, work, play, and pray, just like everyone else.  Perfect for children ages 5-6, this book gently introduces the idea of religious vocations, showing how ordinary people are called to serve others and share the love of Christ.   Serves as an excellent introduction to religious vocations for young children.  Shows priests and nuns in both religious and everyday settings.  Includes diverse characters, making it relatable for all.","og_url":"https:\/\/www.vocationministry.com\/es\/shop\/what-does-a-priest-do-book\/","og_site_name":"Vocation Ministry","article_publisher":"https:\/\/www.facebook.com\/VocationMinistry","article_modified_time":"2025-04-10T20:43:29+00:00","og_image":[{"width":2000,"height":1000,"url":"https:\/\/www.vocationministry.com\/wp-content\/uploads\/2024\/07\/Blue-VM-Logo-white-Background.png","type":"image\/png"},{"width":1080,"height":1080,"url":"https:\/\/www.vocationministry.com\/wp-content\/uploads\/2024\/03\/Untitled-design-41.png","type":"image\/webp"}],"twitter_card":"summary_large_image","twitter_misc":{"Tiempo de lectura":"1 minuto"},"schema":{"@context":"https:\/\/schema.org","@graph":[{"@type":"WebPage","@id":"https:\/\/www.vocationministry.com\/shop\/what-does-a-priest-do-book\/","url":"https:\/\/www.vocationministry.com\/shop\/what-does-a-priest-do-book\/","name":"\u00bfQu\u00e9 hace un sacerdote? \/ \u00bfQu\u00e9 hace una monja? - Libro infantil - Vocation Ministry","isPartOf":{"@id":"https:\/\/www.vocationministry.com\/es\/#website"},"primaryImageOfPage":{"@id":"https:\/\/www.vocationministry.com\/shop\/what-does-a-priest-do-book\/#primaryimage"},"image":{"@id":"https:\/\/www.vocationministry.com\/shop\/what-does-a-priest-do-book\/#primaryimage"},"thumbnailUrl":"https:\/\/www.vocationministry.com\/wp-content\/uploads\/2024\/03\/Untitled-design-41.png","datePublished":"2019-04-11T00:48:08+00:00","dateModified":"2025-04-10T20:43:29+00:00","breadcrumb":{"@id":"https:\/\/www.vocationministry.com\/shop\/what-does-a-priest-do-book\/#breadcrumb"},"inLanguage":"es","potentialAction":[{"@type":"ReadAction","target":["https:\/\/www.vocationministry.com\/shop\/what-does-a-priest-do-book\/"]}]},{"@type":"ImageObject","inLanguage":"es","@id":"https:\/\/www.vocationministry.com\/shop\/what-does-a-priest-do-book\/#primaryimage","url":"https:\/\/www.vocationministry.com\/wp-content\/uploads\/2024\/03\/Untitled-design-41.png","contentUrl":"https:\/\/www.vocationministry.com\/wp-content\/uploads\/2024\/03\/Untitled-design-41.png","width":1080,"height":1080},{"@type":"BreadcrumbList","@id":"https:\/\/www.vocationministry.com\/shop\/what-does-a-priest-do-book\/#breadcrumb","itemListElement":[{"@type":"ListItem","position":1,"name":"Home","item":"https:\/\/www.vocationministry.com\/"},{"@type":"ListItem","position":2,"name":"Shop","item":"https:\/\/www.vocationministry.com\/shop\/"},{"@type":"ListItem","position":3,"name":"What Does a Priest Do?\/ What Does a Nun Do? &#8211; Children&#8217;s Book"}]},{"@type":"WebSite","@id":"https:\/\/www.vocationministry.com\/es\/#website","url":"https:\/\/www.vocationministry.com\/es\/","name":"Vocation Ministry","description":"Creando una cultura de vocaciones","publisher":{"@id":"https:\/\/www.vocationministry.com\/es\/#organization"},"potentialAction":[{"@type":"SearchAction","target":{"@type":"EntryPoint","urlTemplate":"https:\/\/www.vocationministry.com\/es\/?s={search_term_string}"},"query-input":{"@type":"PropertyValueSpecification","valueRequired":true,"valueName":"search_term_string"}}],"inLanguage":"es"},{"@type":"Organization","@id":"https:\/\/www.vocationministry.com\/es\/#organization","name":"Vocation Ministry","url":"https:\/\/www.vocationministry.com\/es\/","logo":{"@type":"ImageObject","inLanguage":"es","@id":"https:\/\/www.vocationministry.com\/es\/#\/schema\/logo\/image\/","url":"https:\/\/www.vocationministry.com\/wp-content\/uploads\/2024\/02\/Blue-VM-Logo-white-Background.png","contentUrl":"https:\/\/www.vocationministry.com\/wp-content\/uploads\/2024\/02\/Blue-VM-Logo-white-Background.png","width":2000,"height":1000,"caption":"Vocation Ministry"},"image":{"@id":"https:\/\/www.vocationministry.com\/es\/#\/schema\/logo\/image\/"},"sameAs":["https:\/\/www.facebook.com\/VocationMinistry"]}]}},"featured_img":"https:\/\/www.vocationministry.com\/wp-content\/uploads\/2024\/03\/Untitled-design-41.png","coauthors":[],"author_meta":{"author_link":"https:\/\/www.vocationministry.com\/es\/author\/marketing\/","display_name":"McKinsey Ogle"},"relative_dates":{"created":"Publicado 7 a\u00f1os hace","modified":"Actualizado 1 a\u00f1o hace"},"absolute_dates":{"created":"Publicado el abril 10, 2019","modified":"Actualizado el abril 10, 2025"},"absolute_dates_time":{"created":"Publicado el abril 10, 2019 8:48 pm","modified":"Actualizado el abril 10, 2025 3:43 pm"},"featured_img_caption":"","tax_additional":{"product_brand":{"linked":[],"unlinked":[],"slug":"product_brand","name":"Marcas"},"product_type":{"linked":["<a href=\"https:\/\/www.vocationministry.com\/es\/?taxonomy=product_type&#038;term=simple\" class=\"advgb-post-tax-term\">simple<\/a>"],"unlinked":["<span class=\"advgb-post-tax-term\">simple<\/span>"],"slug":"product_type","name":"Tipo de producto"},"product_visibility":{"linked":[],"unlinked":[],"slug":"product_visibility","name":"Visibilidad del producto"},"product_cat":{"linked":["<a href=\"https:\/\/www.vocationministry.com\/es\/categoria-producto\/books\/\" class=\"advgb-post-tax-term\">Books<\/a>","<a href=\"https:\/\/www.vocationministry.com\/es\/categoria-producto\/kids\/\" class=\"advgb-post-tax-term\">Kids<\/a>"],"unlinked":["<span class=\"advgb-post-tax-term\">Books<\/span>","<span class=\"advgb-post-tax-term\">Kids<\/span>"],"slug":"product_cat","name":"Categor\u00edas del producto"},"product_tag":{"linked":["<a href=\"https:\/\/www.vocationministry.com\/es\/etiqueta-producto\/books\/\" class=\"advgb-post-tax-term\">Books<\/a>","<a href=\"https:\/\/www.vocationministry.com\/es\/etiqueta-producto\/education-resources\/\" class=\"advgb-post-tax-term\">Education Resources<\/a>","<a href=\"https:\/\/www.vocationministry.com\/es\/etiqueta-producto\/gifts\/\" class=\"advgb-post-tax-term\">Gifts<\/a>","<a href=\"https:\/\/www.vocationministry.com\/es\/etiqueta-producto\/kids\/\" class=\"advgb-post-tax-term\">Kids<\/a>"],"unlinked":["<span class=\"advgb-post-tax-term\">Books<\/span>","<span class=\"advgb-post-tax-term\">Education Resources<\/span>","<span class=\"advgb-post-tax-term\">Gifts<\/span>","<span class=\"advgb-post-tax-term\">Kids<\/span>"],"slug":"product_tag","name":"Etiquetas del producto"},"product_shipping_class":{"linked":["<a href=\"https:\/\/www.vocationministry.com\/es\/?taxonomy=product_shipping_class&#038;term=media-mail\" class=\"advgb-post-tax-term\">Media Mail<\/a>"],"unlinked":["<span class=\"advgb-post-tax-term\">Media Mail<\/span>"],"slug":"product_shipping_class","name":"Clases de env\u00edo del producto"},"pos_product_visibility":{"linked":[],"unlinked":[],"slug":"pos_product_visibility","name":"Visibilidad del producto en el punto de venta"},"pa_rosary-for-vocations":{"linked":[],"unlinked":[],"slug":"pa_rosary-for-vocations","name":"Rosario por las Vocaciones del producto"},"pa_vocation-ministry-polo":{"linked":[],"unlinked":[],"slug":"pa_vocation-ministry-polo","name":"Polo del producto"}},"series_order":"","_links":{"self":[{"href":"https:\/\/www.vocationministry.com\/es\/wp-json\/wp\/v2\/product\/2150","targetHints":{"allow":["GET"]}}],"collection":[{"href":"https:\/\/www.vocationministry.com\/es\/wp-json\/wp\/v2\/product"}],"about":[{"href":"https:\/\/www.vocationministry.com\/es\/wp-json\/wp\/v2\/types\/product"}],"wp:featuredmedia":[{"embeddable":true,"href":"https:\/\/www.vocationministry.com\/es\/wp-json\/wp\/v2\/media\/3253"}],"wp:attachment":[{"href":"https:\/\/www.vocationministry.com\/es\/wp-json\/wp\/v2\/media?parent=2150"}],"wp:term":[{"taxonomy":"product_brand","embeddable":true,"href":"https:\/\/www.vocationministry.com\/es\/wp-json\/wp\/v2\/product_brand?post=2150"},{"taxonomy":"product_cat","embeddable":true,"href":"https:\/\/www.vocationministry.com\/es\/wp-json\/wp\/v2\/product_cat?post=2150"},{"taxonomy":"product_tag","embeddable":true,"href":"https:\/\/www.vocationministry.com\/es\/wp-json\/wp\/v2\/product_tag?post=2150"}],"curies":[{"name":"Gracias","href":"https:\/\/api.w.org\/{rel}","templated":true}]}}