{"id":2152,"date":"2019-10-17T16:38:49","date_gmt":"2019-10-17T20:38:49","guid":{"rendered":"https:\/\/www.vocationministry.com\/product\/sembrando-semillas-2\/"},"modified":"2025-06-19T15:59:09","modified_gmt":"2025-06-19T20:59:09","slug":"sembrando-semillas","status":"publish","type":"product","link":"https:\/\/www.vocationministry.com\/es\/shop\/sembrando-semillas\/","title":{"rendered":"Sembrando Semillas: Una Gu\u00eda para el Ministerio de Vocaci\u00f3n Parroquial"},"content":{"rendered":"<p>\u00bfSab\u00edas que solo tenemos 5% de sacerdotes en los EE. UU. que se identifican como hispanos? Esos pocos sacerdotes no son suficientes para ministrar a los cat\u00f3licos hispanos, que constituyen el 39% de los cat\u00f3licos estadounidenses. \u00a1Los laicos en estas comunidades son cruciales para promover el sacerdocio, la vida religiosa y el matrimonio sacramental entre estos feligreses! <strong><em>Sembrando Semillas: Una Gu\u00eda para el Ministerio de Vocaci\u00f3n Parroquial<\/em><\/strong> tiene como objetivo ayudar a los laicos de habla hispana a tener ministerios vocacionales parroquiales vibrantes.<\/p>\n<p><strong>Este libro le ofrece al lector:<\/strong><\/p>\n<ul>\n<li>Actividades para inspirar a los feligreses latinos a orar y promover vocaciones en sus parroquias<\/li>\n<li>Estad\u00edsticas e informaci\u00f3n, dirigidas a los cat\u00f3licos de habla hispana<\/li>\n<li>Pr\u00f3logo del obispo Oscar Cant\u00fa de San Jos\u00e9, California<\/li>\n<li>Ep\u00edlogo del Reverendo V\u00edctor P\u00e9rez<\/li>\n<li>Respaldo del Arzobispo Jos\u00e9 G\u00f3mez de Los \u00c1ngeles<\/li>\n<\/ul>\n<p>&nbsp;<\/p>\n<hr \/>\n<p>&nbsp;<\/p>\n<p>\u00bfSab\u00eda usted que s\u00f3lo tenemos un 5% de sacerdotes en los Estados Unidos que se identifican como hispanos o latinos? Esos pocos sacerdotes no son suficientes para servir a los cat\u00f3licos hispanos, que representan el 35% de los cat\u00f3licos estadounidenses. \u00a1Los laicos en estas comunidades son esenciales para promover el sacerdocio, la vida religiosa y el matrimonio sacramental con estos feligreses! Sembrando Semillas: Una Gu\u00eda para el Ministerio de Vocaci\u00f3n Parroquial tiene como objetivo ayudar a los laicos de habla hispana a tener vibrantes Ministerios de Vocaciones.<\/p>\n<p><strong>Este libro incluye:<\/strong><\/p>\n<ul>\n<li>Actividades para inspirar a los feligreses latinos a orar y promover las vocaciones en sus parroquias.<\/li>\n<li>Estad\u00edsticas e informaci\u00f3n actualizadas, dirigidas a los cat\u00f3licos de habla hispana.<\/li>\n<li>Pr\u00f3logo del Obispo Oscar Cant\u00fa de San Jos\u00e9, California<\/li>\n<li>Ep\u00edlogo del reverendo V\u00edctor P\u00e9rez<\/li>\n<li>Aprobaci\u00f3n por el arzobispo Jos\u00e9 G\u00f3mez de Los \u00c1ngeles<\/li>\n<\/ul>","protected":false},"excerpt":{"rendered":"<p>La versi\u00f3n espa\u00f1ola de\u00a0<i><strong>Cien veces: una gu\u00eda para la parroquia Vocation Ministry<\/strong>\u00a0<\/i>es un manual completo sobre c\u00f3mo iniciar y sostener un Vocation Ministry efectivo en la parroquia cat\u00f3lica t\u00edpica, espec\u00edficamente dirigido a la poblaci\u00f3n hispana. Este libro incluye una gu\u00eda paso a paso para cada una de las 57 actividades destacadas que ayudar\u00e1n a una parroquia a crear un ambiente favorable a las vocaciones y un cuadro desplegable de 11\u201d x 16\u201d de todas las actividades. Usar <strong><i>Sembrando Semillas<\/i><\/strong>\u00a0para crear una cultura de vocaciones para los hispanos en su parroquia.<\/p>\n<h4>Descuento por cantidad:<\/h4>\n<table class=\"wcj_product_wholesale_price_table\"><tbody><tr class=\"wcj-row wcj-row0 wcj-row-even\"><th style=\"text-align: center\">20-49<\/th><th style=\"text-align: center\">50-99<\/th><th style=\"text-align: center\">100+<\/th><\/tr><tr class=\"wcj-row wcj-row1 wcj-row-odd\"><td style=\"text-align: center\"><del><span class=\"woocommerce-Price-amount amount\"><bdi><span class=\"woocommerce-Price-currencySymbol\">&#036;<\/span>17.95<\/bdi><\/span><\/del> <span class=\"woocommerce-Price-amount amount\"><bdi><span class=\"woocommerce-Price-currencySymbol\">&#036;<\/span>16.15<\/bdi><\/span><\/td><td style=\"text-align: center\"><del><span class=\"woocommerce-Price-amount amount\"><bdi><span class=\"woocommerce-Price-currencySymbol\">&#036;<\/span>17.95<\/bdi><\/span><\/del> <span class=\"woocommerce-Price-amount amount\"><bdi><span class=\"woocommerce-Price-currencySymbol\">&#036;<\/span>15.25<\/bdi><\/span><\/td><td style=\"text-align: center\"><del><span class=\"woocommerce-Price-amount amount\"><bdi><span class=\"woocommerce-Price-currencySymbol\">&#036;<\/span>17.95<\/bdi><\/span><\/del> <span class=\"woocommerce-Price-amount amount\"><bdi><span class=\"woocommerce-Price-currencySymbol\">&#036;<\/span>14.35<\/bdi><\/span><\/td><\/tr><\/tbody><\/table>","protected":false},"author":12,"featured_media":3255,"template":"","meta":{"_acf_changed":false,"_et_pb_use_builder":"","_et_pb_old_content":"","_et_gb_content_width":"","advgb_blocks_editor_width":"","advgb_blocks_columns_visual_guide":""},"product_brand":[],"product_cat":[47],"product_tag":[44,48,49,53],"class_list":{"0":"post-2152","1":"product","2":"type-product","3":"status-publish","4":"has-post-thumbnail","6":"product_cat-books","7":"product_tag-books","8":"product_tag-hundredfold","9":"product_tag-parish-resources","10":"product_tag-spanish","11":"product_shipping_class-media-mail","13":"first","14":"instock","15":"taxable","16":"shipping-taxable","17":"purchasable","18":"product-type-simple"},"acf":[],"yoast_head":"<!-- This site is optimized with the Yoast SEO Premium plugin v24.9 (Yoast SEO v27.5) - https:\/\/yoast.com\/product\/yoast-seo-premium-wordpress\/ -->\n<title>Sembrando Semillas: Una Gu\u00eda para Ministerio de Vocaci\u00f3n Parroquial - Vocation Ministry<\/title>\n<meta name=\"robots\" content=\"index, follow, max-snippet:-1, max-image-preview:large, max-video-preview:-1\" \/>\n<link rel=\"canonical\" href=\"https:\/\/www.vocationministry.com\/es\/shop\/sembrando-semillas\/\" \/>\n<meta property=\"og:locale\" content=\"es_MX\" \/>\n<meta property=\"og:type\" content=\"article\" \/>\n<meta property=\"og:title\" content=\"Sembrando Semillas: Una Gu\u00eda para Ministerio de Vocaci\u00f3n Parroquial\" \/>\n<meta property=\"og:description\" content=\"The Spanish version of\u00a0Hundredfold: A Guide to Parish Vocation Ministry\u00a0is a comprehensive manual on how to start and sustain an effective Vocation Ministry in the typical Catholic Parish, specifically geared towards the Hispanic population. This book includes step-by-step guide for each of the highlighted 57 activities that will help a parish create a vocation-friendly environment and a 11\u201d x 16\u201d pullout chart of all the activities. Use Sembrando Semillas\u00a0to create a culture of vocations to the Hispanics in your parish. Quantity Discount:\" \/>\n<meta property=\"og:url\" content=\"https:\/\/www.vocationministry.com\/es\/shop\/sembrando-semillas\/\" \/>\n<meta property=\"og:site_name\" content=\"Vocation Ministry\" \/>\n<meta property=\"article:publisher\" content=\"https:\/\/www.facebook.com\/VocationMinistry\" \/>\n<meta property=\"article:modified_time\" content=\"2025-06-19T20:59:09+00:00\" \/>\n<meta property=\"og:image\" content=\"https:\/\/www.vocationministry.com\/wp-content\/uploads\/2024\/07\/Blue-VM-Logo-white-Background.png\" \/>\n\t<meta property=\"og:image:width\" content=\"2000\" \/>\n\t<meta property=\"og:image:height\" content=\"1000\" \/>\n\t<meta property=\"og:image:type\" content=\"image\/png\" \/><meta property=\"og:image\" content=\"https:\/\/www.vocationministry.com\/wp-content\/uploads\/2024\/03\/Sembrando-Semillas.png\" \/>\n\t<meta property=\"og:image:width\" content=\"1080\" \/>\n\t<meta property=\"og:image:height\" content=\"1080\" \/>\n\t<meta property=\"og:image:type\" content=\"image\/png\" \/>\n<meta name=\"twitter:card\" content=\"summary_large_image\" \/>\n<meta name=\"twitter:label1\" content=\"Tiempo de lectura\" \/>\n\t<meta name=\"twitter:data1\" content=\"2 minutos\" \/>\n<script type=\"application\/ld+json\" class=\"yoast-schema-graph\">{\"@context\":\"https:\\\/\\\/schema.org\",\"@graph\":[{\"@type\":\"WebPage\",\"@id\":\"https:\\\/\\\/www.vocationministry.com\\\/shop\\\/sembrando-semillas\\\/\",\"url\":\"https:\\\/\\\/www.vocationministry.com\\\/shop\\\/sembrando-semillas\\\/\",\"name\":\"Sembrando Semillas: Una Gu\u00eda para Ministerio de Vocaci\u00f3n Parroquial - Vocation Ministry\",\"isPartOf\":{\"@id\":\"https:\\\/\\\/www.vocationministry.com\\\/es\\\/#website\"},\"primaryImageOfPage\":{\"@id\":\"https:\\\/\\\/www.vocationministry.com\\\/shop\\\/sembrando-semillas\\\/#primaryimage\"},\"image\":{\"@id\":\"https:\\\/\\\/www.vocationministry.com\\\/shop\\\/sembrando-semillas\\\/#primaryimage\"},\"thumbnailUrl\":\"https:\\\/\\\/www.vocationministry.com\\\/wp-content\\\/uploads\\\/2024\\\/03\\\/Sembrando-Semillas.png\",\"datePublished\":\"2019-10-17T20:38:49+00:00\",\"dateModified\":\"2025-06-19T20:59:09+00:00\",\"breadcrumb\":{\"@id\":\"https:\\\/\\\/www.vocationministry.com\\\/shop\\\/sembrando-semillas\\\/#breadcrumb\"},\"inLanguage\":\"es\",\"potentialAction\":[{\"@type\":\"ReadAction\",\"target\":[\"https:\\\/\\\/www.vocationministry.com\\\/shop\\\/sembrando-semillas\\\/\"]}]},{\"@type\":\"ImageObject\",\"inLanguage\":\"es\",\"@id\":\"https:\\\/\\\/www.vocationministry.com\\\/shop\\\/sembrando-semillas\\\/#primaryimage\",\"url\":\"https:\\\/\\\/www.vocationministry.com\\\/wp-content\\\/uploads\\\/2024\\\/03\\\/Sembrando-Semillas.png\",\"contentUrl\":\"https:\\\/\\\/www.vocationministry.com\\\/wp-content\\\/uploads\\\/2024\\\/03\\\/Sembrando-Semillas.png\",\"width\":1080,\"height\":1080},{\"@type\":\"BreadcrumbList\",\"@id\":\"https:\\\/\\\/www.vocationministry.com\\\/shop\\\/sembrando-semillas\\\/#breadcrumb\",\"itemListElement\":[{\"@type\":\"ListItem\",\"position\":1,\"name\":\"Home\",\"item\":\"https:\\\/\\\/www.vocationministry.com\\\/\"},{\"@type\":\"ListItem\",\"position\":2,\"name\":\"Shop\",\"item\":\"https:\\\/\\\/www.vocationministry.com\\\/shop\\\/\"},{\"@type\":\"ListItem\",\"position\":3,\"name\":\"Sembrando Semillas: Una Gu\u00eda para Ministerio de Vocaci\u00f3n Parroquial\"}]},{\"@type\":\"WebSite\",\"@id\":\"https:\\\/\\\/www.vocationministry.com\\\/es\\\/#website\",\"url\":\"https:\\\/\\\/www.vocationministry.com\\\/es\\\/\",\"name\":\"Vocation Ministry\",\"description\":\"Creating A Culture of Vocations\",\"publisher\":{\"@id\":\"https:\\\/\\\/www.vocationministry.com\\\/es\\\/#organization\"},\"potentialAction\":[{\"@type\":\"SearchAction\",\"target\":{\"@type\":\"EntryPoint\",\"urlTemplate\":\"https:\\\/\\\/www.vocationministry.com\\\/es\\\/?s={search_term_string}\"},\"query-input\":{\"@type\":\"PropertyValueSpecification\",\"valueRequired\":true,\"valueName\":\"search_term_string\"}}],\"inLanguage\":\"es\"},{\"@type\":\"Organization\",\"@id\":\"https:\\\/\\\/www.vocationministry.com\\\/es\\\/#organization\",\"name\":\"Vocation Ministry\",\"url\":\"https:\\\/\\\/www.vocationministry.com\\\/es\\\/\",\"logo\":{\"@type\":\"ImageObject\",\"inLanguage\":\"es\",\"@id\":\"https:\\\/\\\/www.vocationministry.com\\\/es\\\/#\\\/schema\\\/logo\\\/image\\\/\",\"url\":\"https:\\\/\\\/www.vocationministry.com\\\/wp-content\\\/uploads\\\/2024\\\/02\\\/Blue-VM-Logo-white-Background.png\",\"contentUrl\":\"https:\\\/\\\/www.vocationministry.com\\\/wp-content\\\/uploads\\\/2024\\\/02\\\/Blue-VM-Logo-white-Background.png\",\"width\":2000,\"height\":1000,\"caption\":\"Vocation Ministry\"},\"image\":{\"@id\":\"https:\\\/\\\/www.vocationministry.com\\\/es\\\/#\\\/schema\\\/logo\\\/image\\\/\"},\"sameAs\":[\"https:\\\/\\\/www.facebook.com\\\/VocationMinistry\"]}]}<\/script>\n<!-- \/ Yoast SEO Premium plugin. -->","yoast_head_json":{"title":"Sembrando Semillas: Una Gu\u00eda para el Ministerio de Vocaci\u00f3n Parroquial - Vocation Ministry","robots":{"index":"index","follow":"follow","max-snippet":"max-snippet:-1","max-image-preview":"max-image-preview:large","max-video-preview":"max-video-preview:-1"},"canonical":"https:\/\/www.vocationministry.com\/es\/shop\/sembrando-semillas\/","og_locale":"es_MX","og_type":"article","og_title":"Sembrando Semillas: Una Gu\u00eda para Ministerio de Vocaci\u00f3n Parroquial","og_description":"The Spanish version of\u00a0Hundredfold: A Guide to Parish Vocation Ministry\u00a0is a comprehensive manual on how to start and sustain an effective Vocation Ministry in the typical Catholic Parish, specifically geared towards the Hispanic population. This book includes step-by-step guide for each of the highlighted 57 activities that will help a parish create a vocation-friendly environment and a 11\u201d x 16\u201d pullout chart of all the activities. Use Sembrando Semillas\u00a0to create a culture of vocations to the Hispanics in your parish. Quantity Discount:","og_url":"https:\/\/www.vocationministry.com\/es\/shop\/sembrando-semillas\/","og_site_name":"Vocation Ministry","article_publisher":"https:\/\/www.facebook.com\/VocationMinistry","article_modified_time":"2025-06-19T20:59:09+00:00","og_image":[{"width":2000,"height":1000,"url":"https:\/\/www.vocationministry.com\/wp-content\/uploads\/2024\/07\/Blue-VM-Logo-white-Background.png","type":"image\/png"},{"width":1080,"height":1080,"url":"https:\/\/www.vocationministry.com\/wp-content\/uploads\/2024\/03\/Sembrando-Semillas.png","type":"image\/png"}],"twitter_card":"summary_large_image","twitter_misc":{"Tiempo de lectura":"2 minutos"},"schema":{"@context":"https:\/\/schema.org","@graph":[{"@type":"WebPage","@id":"https:\/\/www.vocationministry.com\/shop\/sembrando-semillas\/","url":"https:\/\/www.vocationministry.com\/shop\/sembrando-semillas\/","name":"Sembrando Semillas: Una Gu\u00eda para el Ministerio de Vocaci\u00f3n Parroquial - Vocation Ministry","isPartOf":{"@id":"https:\/\/www.vocationministry.com\/es\/#website"},"primaryImageOfPage":{"@id":"https:\/\/www.vocationministry.com\/shop\/sembrando-semillas\/#primaryimage"},"image":{"@id":"https:\/\/www.vocationministry.com\/shop\/sembrando-semillas\/#primaryimage"},"thumbnailUrl":"https:\/\/www.vocationministry.com\/wp-content\/uploads\/2024\/03\/Sembrando-Semillas.png","datePublished":"2019-10-17T20:38:49+00:00","dateModified":"2025-06-19T20:59:09+00:00","breadcrumb":{"@id":"https:\/\/www.vocationministry.com\/shop\/sembrando-semillas\/#breadcrumb"},"inLanguage":"es","potentialAction":[{"@type":"ReadAction","target":["https:\/\/www.vocationministry.com\/shop\/sembrando-semillas\/"]}]},{"@type":"ImageObject","inLanguage":"es","@id":"https:\/\/www.vocationministry.com\/shop\/sembrando-semillas\/#primaryimage","url":"https:\/\/www.vocationministry.com\/wp-content\/uploads\/2024\/03\/Sembrando-Semillas.png","contentUrl":"https:\/\/www.vocationministry.com\/wp-content\/uploads\/2024\/03\/Sembrando-Semillas.png","width":1080,"height":1080},{"@type":"BreadcrumbList","@id":"https:\/\/www.vocationministry.com\/shop\/sembrando-semillas\/#breadcrumb","itemListElement":[{"@type":"ListItem","position":1,"name":"Home","item":"https:\/\/www.vocationministry.com\/"},{"@type":"ListItem","position":2,"name":"Shop","item":"https:\/\/www.vocationministry.com\/shop\/"},{"@type":"ListItem","position":3,"name":"Sembrando Semillas: Una Gu\u00eda para Ministerio de Vocaci\u00f3n Parroquial"}]},{"@type":"WebSite","@id":"https:\/\/www.vocationministry.com\/es\/#website","url":"https:\/\/www.vocationministry.com\/es\/","name":"Vocation Ministry","description":"Creando una cultura de vocaciones","publisher":{"@id":"https:\/\/www.vocationministry.com\/es\/#organization"},"potentialAction":[{"@type":"SearchAction","target":{"@type":"EntryPoint","urlTemplate":"https:\/\/www.vocationministry.com\/es\/?s={search_term_string}"},"query-input":{"@type":"PropertyValueSpecification","valueRequired":true,"valueName":"search_term_string"}}],"inLanguage":"es"},{"@type":"Organization","@id":"https:\/\/www.vocationministry.com\/es\/#organization","name":"Vocation Ministry","url":"https:\/\/www.vocationministry.com\/es\/","logo":{"@type":"ImageObject","inLanguage":"es","@id":"https:\/\/www.vocationministry.com\/es\/#\/schema\/logo\/image\/","url":"https:\/\/www.vocationministry.com\/wp-content\/uploads\/2024\/02\/Blue-VM-Logo-white-Background.png","contentUrl":"https:\/\/www.vocationministry.com\/wp-content\/uploads\/2024\/02\/Blue-VM-Logo-white-Background.png","width":2000,"height":1000,"caption":"Vocation Ministry"},"image":{"@id":"https:\/\/www.vocationministry.com\/es\/#\/schema\/logo\/image\/"},"sameAs":["https:\/\/www.facebook.com\/VocationMinistry"]}]}},"featured_img":"https:\/\/www.vocationministry.com\/wp-content\/uploads\/2024\/03\/Sembrando-Semillas.png","coauthors":[],"author_meta":{"author_link":"https:\/\/www.vocationministry.com\/es\/author\/scouch25\/","display_name":"scouch25"},"relative_dates":{"created":"Publicado 7 a\u00f1os hace","modified":"Actualizado 11 meses hace"},"absolute_dates":{"created":"Publicado el octubre 17, 2019","modified":"Actualizado el junio 19, 2025"},"absolute_dates_time":{"created":"Publicado el octubre 17, 2019 4:38 pm","modified":"Actualizado el junio 19, 2025 3:59 pm"},"featured_img_caption":"","tax_additional":{"product_brand":{"linked":[],"unlinked":[],"slug":"product_brand","name":"Marcas"},"product_type":{"linked":["<a href=\"https:\/\/www.vocationministry.com\/es\/?taxonomy=product_type&#038;term=simple\" class=\"advgb-post-tax-term\">simple<\/a>"],"unlinked":["<span class=\"advgb-post-tax-term\">simple<\/span>"],"slug":"product_type","name":"Tipo de producto"},"product_visibility":{"linked":[],"unlinked":[],"slug":"product_visibility","name":"Visibilidad del producto"},"product_cat":{"linked":["<a href=\"https:\/\/www.vocationministry.com\/es\/categoria-producto\/books\/\" class=\"advgb-post-tax-term\">Books<\/a>"],"unlinked":["<span class=\"advgb-post-tax-term\">Books<\/span>"],"slug":"product_cat","name":"Categor\u00edas del producto"},"product_tag":{"linked":["<a href=\"https:\/\/www.vocationministry.com\/es\/etiqueta-producto\/books\/\" class=\"advgb-post-tax-term\">Books<\/a>","<a href=\"https:\/\/www.vocationministry.com\/es\/etiqueta-producto\/hundredfold\/\" class=\"advgb-post-tax-term\">Hundredfold<\/a>","<a href=\"https:\/\/www.vocationministry.com\/es\/etiqueta-producto\/parish-resources\/\" class=\"advgb-post-tax-term\">Parish Resources<\/a>","<a href=\"https:\/\/www.vocationministry.com\/es\/etiqueta-producto\/spanish\/\" class=\"advgb-post-tax-term\">Spanish<\/a>"],"unlinked":["<span class=\"advgb-post-tax-term\">Books<\/span>","<span class=\"advgb-post-tax-term\">Hundredfold<\/span>","<span class=\"advgb-post-tax-term\">Parish Resources<\/span>","<span class=\"advgb-post-tax-term\">Spanish<\/span>"],"slug":"product_tag","name":"Etiquetas del producto"},"product_shipping_class":{"linked":["<a href=\"https:\/\/www.vocationministry.com\/es\/?taxonomy=product_shipping_class&#038;term=media-mail\" class=\"advgb-post-tax-term\">Media Mail<\/a>"],"unlinked":["<span class=\"advgb-post-tax-term\">Media Mail<\/span>"],"slug":"product_shipping_class","name":"Clases de env\u00edo del producto"},"pos_product_visibility":{"linked":[],"unlinked":[],"slug":"pos_product_visibility","name":"Visibilidad del producto en el punto de venta"},"pa_rosary-for-vocations":{"linked":[],"unlinked":[],"slug":"pa_rosary-for-vocations","name":"Rosario por las Vocaciones del producto"},"pa_vocation-ministry-polo":{"linked":[],"unlinked":[],"slug":"pa_vocation-ministry-polo","name":"Polo del producto"}},"series_order":"","_links":{"self":[{"href":"https:\/\/www.vocationministry.com\/es\/wp-json\/wp\/v2\/product\/2152","targetHints":{"allow":["GET"]}}],"collection":[{"href":"https:\/\/www.vocationministry.com\/es\/wp-json\/wp\/v2\/product"}],"about":[{"href":"https:\/\/www.vocationministry.com\/es\/wp-json\/wp\/v2\/types\/product"}],"wp:featuredmedia":[{"embeddable":true,"href":"https:\/\/www.vocationministry.com\/es\/wp-json\/wp\/v2\/media\/3255"}],"wp:attachment":[{"href":"https:\/\/www.vocationministry.com\/es\/wp-json\/wp\/v2\/media?parent=2152"}],"wp:term":[{"taxonomy":"product_brand","embeddable":true,"href":"https:\/\/www.vocationministry.com\/es\/wp-json\/wp\/v2\/product_brand?post=2152"},{"taxonomy":"product_cat","embeddable":true,"href":"https:\/\/www.vocationministry.com\/es\/wp-json\/wp\/v2\/product_cat?post=2152"},{"taxonomy":"product_tag","embeddable":true,"href":"https:\/\/www.vocationministry.com\/es\/wp-json\/wp\/v2\/product_tag?post=2152"}],"curies":[{"name":"Gracias","href":"https:\/\/api.w.org\/{rel}","templated":true}]}}