{"id":2153,"date":"2019-10-17T16:43:11","date_gmt":"2019-10-17T20:43:11","guid":{"rendered":"https:\/\/www.vocationministry.com\/product\/set-of-books-sembrando-semillas-resource-book-spanish-version-2\/"},"modified":"2025-09-09T12:48:11","modified_gmt":"2025-09-09T17:48:11","slug":"set-of-books-sembrando-semillas-resource-book-spanish-version","status":"publish","type":"product","link":"https:\/\/www.vocationministry.com\/es\/shop\/set-of-books-sembrando-semillas-resource-book-spanish-version\/","title":{"rendered":"Paquete de libros de recursos de Sembrando Semillas"},"content":{"rendered":"<p><strong><em>Sembrando Semillas: Una Gu\u00eda para el Ministerio de Vocaci\u00f3n Parroquial<\/em><\/strong>\u00a0tiene como objetivo ayudar a los laicos de habla hispana a tener ministerios vocacionales parroquiales vibrantes. Este libro incluye:<br \/>\n\u2022 Actividades para inspirar a los feligreses latinos a orar y promover vocaciones en sus parroquias.<br \/>\n\u2022 Estad\u00edsticas e informaci\u00f3n, dirigidas a los cat\u00f3licos de habla hispana.<br \/>\n\u2022 Pr\u00f3logo del obispo Oscar Cant\u00fa de San Jos\u00e9, California<br \/>\n\u2022 Ep\u00edlogo del Reverendo V\u00edctor P\u00e9rez<br \/>\n\u2022 Respaldo del Arzobispo Jos\u00e9 G\u00f3mez de Los \u00c1ngeles<\/p>\n<p class=\"x_xxmsonormal\">El libro de recursos de la tercera edici\u00f3n incluye <b>NUEVO<\/b>\u00a0herramientas necesarias para guiar a los fieles en su camino vocacional personal. Al utilizar este recurso, impactar\u00e1 el crecimiento de las vocaciones para garantizar el futuro de la Iglesia Cat\u00f3lica.<\/p>\n<p class=\"x_MsoNormal\">\u00bfPor qu\u00e9 necesito esto?\u00a0<u>actualizado<\/u>\u00a0\u00bfLibro de recursos?<\/p>\n<p class=\"x_MsoNormal\">Ya ver\u00e1s\u00a0<b>M\u00c1S<\/b>:<\/p>\n<ul type=\"disc\">\n<li class=\"x_MsoListParagraph\">Recursos en espa\u00f1ol<\/li>\n<li class=\"x_MsoListParagraph\">Herramientas a utilizar para cada d\u00eda del calendario vocacional<\/li>\n<li class=\"x_MsoListParagraph\">Tarjetas de oraci\u00f3n<\/li>\n<li class=\"x_MsoListParagraph\">Actividades para involucrar a los ni\u00f1os.<\/li>\n<li class=\"x_MsoListParagraph\">\u00a1Y mucho m\u00e1s!<\/li>\n<\/ul>","protected":false},"excerpt":{"rendered":"<p>Este conjunto es el recurso perfecto para iniciar y mantener un Comit\u00e9\/Vocation Ministry en su parroquia.<\/p>\n<h4>Descuento por cantidad:<\/h4>\n<table class=\"wcj_product_wholesale_price_table\"><tbody><tr class=\"wcj-row wcj-row0 wcj-row-even\"><th style=\"text-align: center\">20-49<\/th><th style=\"text-align: center\">50-99<\/th><th style=\"text-align: center\">100+<\/th><\/tr><tr class=\"wcj-row wcj-row1 wcj-row-odd\"><td style=\"text-align: center\"><del><span class=\"woocommerce-Price-amount amount\"><bdi><span class=\"woocommerce-Price-currencySymbol\">&#036;<\/span>35.95<\/bdi><\/span><\/del> <span class=\"woocommerce-Price-amount amount\"><bdi><span class=\"woocommerce-Price-currencySymbol\">&#036;<\/span>32.35<\/bdi><\/span><\/td><td style=\"text-align: center\"><del><span class=\"woocommerce-Price-amount amount\"><bdi><span class=\"woocommerce-Price-currencySymbol\">&#036;<\/span>35.95<\/bdi><\/span><\/del> <span class=\"woocommerce-Price-amount amount\"><bdi><span class=\"woocommerce-Price-currencySymbol\">&#036;<\/span>30.55<\/bdi><\/span><\/td><td style=\"text-align: center\"><del><span class=\"woocommerce-Price-amount amount\"><bdi><span class=\"woocommerce-Price-currencySymbol\">&#036;<\/span>35.95<\/bdi><\/span><\/del> <span class=\"woocommerce-Price-amount amount\"><bdi><span class=\"woocommerce-Price-currencySymbol\">&#036;<\/span>28.75<\/bdi><\/span><\/td><\/tr><\/tbody><\/table>","protected":false},"author":12,"featured_media":10794,"template":"","meta":{"_acf_changed":false,"_et_pb_use_builder":"","_et_pb_old_content":"","_et_gb_content_width":"","advgb_blocks_editor_width":"","advgb_blocks_columns_visual_guide":""},"product_brand":[],"product_cat":[47],"product_tag":[44,45,48,49,53],"class_list":{"0":"post-2153","1":"product","2":"type-product","3":"status-publish","4":"has-post-thumbnail","6":"product_cat-books","7":"product_tag-books","8":"product_tag-bundles","9":"product_tag-hundredfold","10":"product_tag-parish-resources","11":"product_tag-spanish","12":"product_shipping_class-media-mail","14":"first","15":"instock","16":"taxable","17":"shipping-taxable","18":"purchasable","19":"product-type-simple"},"acf":[],"yoast_head":"<!-- This site is optimized with the Yoast SEO Premium plugin v24.9 (Yoast SEO v27.4) - https:\/\/yoast.com\/product\/yoast-seo-premium-wordpress\/ -->\n<title>Sembrando Semillas Resource Book Bundle - Vocation Ministry<\/title>\n<meta name=\"robots\" content=\"index, follow, max-snippet:-1, max-image-preview:large, max-video-preview:-1\" \/>\n<link rel=\"canonical\" href=\"https:\/\/www.vocationministry.com\/es\/shop\/set-of-books-sembrando-semillas-resource-book-spanish-version\/\" \/>\n<meta property=\"og:locale\" content=\"es_MX\" \/>\n<meta property=\"og:type\" content=\"article\" \/>\n<meta property=\"og:title\" content=\"Sembrando Semillas Resource Book Bundle\" \/>\n<meta property=\"og:description\" content=\"This set is the perfect resource to start and maintain a Vocation Ministry\/Committee at your parish. Quantity Discount:\" \/>\n<meta property=\"og:url\" content=\"https:\/\/www.vocationministry.com\/es\/shop\/set-of-books-sembrando-semillas-resource-book-spanish-version\/\" \/>\n<meta property=\"og:site_name\" content=\"Vocation Ministry\" \/>\n<meta property=\"article:publisher\" content=\"https:\/\/www.facebook.com\/VocationMinistry\" \/>\n<meta property=\"article:modified_time\" content=\"2025-09-09T17:48:11+00:00\" \/>\n<meta property=\"og:image\" content=\"https:\/\/www.vocationministry.com\/wp-content\/uploads\/2024\/07\/Blue-VM-Logo-white-Background.png\" \/>\n\t<meta property=\"og:image:width\" content=\"2000\" \/>\n\t<meta property=\"og:image:height\" content=\"1000\" \/>\n\t<meta property=\"og:image:type\" content=\"image\/png\" \/><meta property=\"og:image\" content=\"https:\/\/www.vocationministry.com\/wp-content\/uploads\/2019\/10\/3rd-editionSembrando-SET-transparent.png\" \/>\n\t<meta property=\"og:image:width\" content=\"940\" \/>\n\t<meta property=\"og:image:height\" content=\"788\" \/>\n\t<meta property=\"og:image:type\" content=\"image\/png\" \/>\n<meta name=\"twitter:card\" content=\"summary_large_image\" \/>\n<meta name=\"twitter:label1\" content=\"Tiempo de lectura\" \/>\n\t<meta name=\"twitter:data1\" content=\"1 minuto\" \/>\n<script type=\"application\/ld+json\" class=\"yoast-schema-graph\">{\"@context\":\"https:\\\/\\\/schema.org\",\"@graph\":[{\"@type\":\"WebPage\",\"@id\":\"https:\\\/\\\/www.vocationministry.com\\\/shop\\\/set-of-books-sembrando-semillas-resource-book-spanish-version\\\/\",\"url\":\"https:\\\/\\\/www.vocationministry.com\\\/shop\\\/set-of-books-sembrando-semillas-resource-book-spanish-version\\\/\",\"name\":\"Sembrando Semillas Resource Book Bundle - Vocation Ministry\",\"isPartOf\":{\"@id\":\"https:\\\/\\\/www.vocationministry.com\\\/es\\\/#website\"},\"primaryImageOfPage\":{\"@id\":\"https:\\\/\\\/www.vocationministry.com\\\/shop\\\/set-of-books-sembrando-semillas-resource-book-spanish-version\\\/#primaryimage\"},\"image\":{\"@id\":\"https:\\\/\\\/www.vocationministry.com\\\/shop\\\/set-of-books-sembrando-semillas-resource-book-spanish-version\\\/#primaryimage\"},\"thumbnailUrl\":\"https:\\\/\\\/www.vocationministry.com\\\/wp-content\\\/uploads\\\/2019\\\/10\\\/3rd-editionSembrando-SET-transparent.png\",\"datePublished\":\"2019-10-17T20:43:11+00:00\",\"dateModified\":\"2025-09-09T17:48:11+00:00\",\"breadcrumb\":{\"@id\":\"https:\\\/\\\/www.vocationministry.com\\\/shop\\\/set-of-books-sembrando-semillas-resource-book-spanish-version\\\/#breadcrumb\"},\"inLanguage\":\"es\",\"potentialAction\":[{\"@type\":\"ReadAction\",\"target\":[\"https:\\\/\\\/www.vocationministry.com\\\/shop\\\/set-of-books-sembrando-semillas-resource-book-spanish-version\\\/\"]}]},{\"@type\":\"ImageObject\",\"inLanguage\":\"es\",\"@id\":\"https:\\\/\\\/www.vocationministry.com\\\/shop\\\/set-of-books-sembrando-semillas-resource-book-spanish-version\\\/#primaryimage\",\"url\":\"https:\\\/\\\/www.vocationministry.com\\\/wp-content\\\/uploads\\\/2019\\\/10\\\/3rd-editionSembrando-SET-transparent.png\",\"contentUrl\":\"https:\\\/\\\/www.vocationministry.com\\\/wp-content\\\/uploads\\\/2019\\\/10\\\/3rd-editionSembrando-SET-transparent.png\",\"width\":940,\"height\":788},{\"@type\":\"BreadcrumbList\",\"@id\":\"https:\\\/\\\/www.vocationministry.com\\\/shop\\\/set-of-books-sembrando-semillas-resource-book-spanish-version\\\/#breadcrumb\",\"itemListElement\":[{\"@type\":\"ListItem\",\"position\":1,\"name\":\"Home\",\"item\":\"https:\\\/\\\/www.vocationministry.com\\\/\"},{\"@type\":\"ListItem\",\"position\":2,\"name\":\"Shop\",\"item\":\"https:\\\/\\\/www.vocationministry.com\\\/shop\\\/\"},{\"@type\":\"ListItem\",\"position\":3,\"name\":\"Sembrando Semillas Resource Book Bundle\"}]},{\"@type\":\"WebSite\",\"@id\":\"https:\\\/\\\/www.vocationministry.com\\\/es\\\/#website\",\"url\":\"https:\\\/\\\/www.vocationministry.com\\\/es\\\/\",\"name\":\"Vocation Ministry\",\"description\":\"Creating A Culture of Vocations\",\"publisher\":{\"@id\":\"https:\\\/\\\/www.vocationministry.com\\\/es\\\/#organization\"},\"potentialAction\":[{\"@type\":\"SearchAction\",\"target\":{\"@type\":\"EntryPoint\",\"urlTemplate\":\"https:\\\/\\\/www.vocationministry.com\\\/es\\\/?s={search_term_string}\"},\"query-input\":{\"@type\":\"PropertyValueSpecification\",\"valueRequired\":true,\"valueName\":\"search_term_string\"}}],\"inLanguage\":\"es\"},{\"@type\":\"Organization\",\"@id\":\"https:\\\/\\\/www.vocationministry.com\\\/es\\\/#organization\",\"name\":\"Vocation Ministry\",\"url\":\"https:\\\/\\\/www.vocationministry.com\\\/es\\\/\",\"logo\":{\"@type\":\"ImageObject\",\"inLanguage\":\"es\",\"@id\":\"https:\\\/\\\/www.vocationministry.com\\\/es\\\/#\\\/schema\\\/logo\\\/image\\\/\",\"url\":\"https:\\\/\\\/www.vocationministry.com\\\/wp-content\\\/uploads\\\/2024\\\/02\\\/Blue-VM-Logo-white-Background.png\",\"contentUrl\":\"https:\\\/\\\/www.vocationministry.com\\\/wp-content\\\/uploads\\\/2024\\\/02\\\/Blue-VM-Logo-white-Background.png\",\"width\":2000,\"height\":1000,\"caption\":\"Vocation Ministry\"},\"image\":{\"@id\":\"https:\\\/\\\/www.vocationministry.com\\\/es\\\/#\\\/schema\\\/logo\\\/image\\\/\"},\"sameAs\":[\"https:\\\/\\\/www.facebook.com\\\/VocationMinistry\"]}]}<\/script>\n<!-- \/ Yoast SEO Premium plugin. -->","yoast_head_json":{"title":"Paquete de libros de recursos Sembrando Semillas - Vocation Ministry","robots":{"index":"index","follow":"follow","max-snippet":"max-snippet:-1","max-image-preview":"max-image-preview:large","max-video-preview":"max-video-preview:-1"},"canonical":"https:\/\/www.vocationministry.com\/es\/shop\/set-of-books-sembrando-semillas-resource-book-spanish-version\/","og_locale":"es_MX","og_type":"article","og_title":"Sembrando Semillas Resource Book Bundle","og_description":"This set is the perfect resource to start and maintain a Vocation Ministry\/Committee at your parish. Quantity Discount:","og_url":"https:\/\/www.vocationministry.com\/es\/shop\/set-of-books-sembrando-semillas-resource-book-spanish-version\/","og_site_name":"Vocation Ministry","article_publisher":"https:\/\/www.facebook.com\/VocationMinistry","article_modified_time":"2025-09-09T17:48:11+00:00","og_image":[{"width":2000,"height":1000,"url":"https:\/\/www.vocationministry.com\/wp-content\/uploads\/2024\/07\/Blue-VM-Logo-white-Background.png","type":"image\/png"},{"width":940,"height":788,"url":"https:\/\/www.vocationministry.com\/wp-content\/uploads\/2019\/10\/3rd-editionSembrando-SET-transparent.png","type":"image\/png"}],"twitter_card":"summary_large_image","twitter_misc":{"Tiempo de lectura":"1 minuto"},"schema":{"@context":"https:\/\/schema.org","@graph":[{"@type":"WebPage","@id":"https:\/\/www.vocationministry.com\/shop\/set-of-books-sembrando-semillas-resource-book-spanish-version\/","url":"https:\/\/www.vocationministry.com\/shop\/set-of-books-sembrando-semillas-resource-book-spanish-version\/","name":"Paquete de libros de recursos Sembrando Semillas - Vocation Ministry","isPartOf":{"@id":"https:\/\/www.vocationministry.com\/es\/#website"},"primaryImageOfPage":{"@id":"https:\/\/www.vocationministry.com\/shop\/set-of-books-sembrando-semillas-resource-book-spanish-version\/#primaryimage"},"image":{"@id":"https:\/\/www.vocationministry.com\/shop\/set-of-books-sembrando-semillas-resource-book-spanish-version\/#primaryimage"},"thumbnailUrl":"https:\/\/www.vocationministry.com\/wp-content\/uploads\/2019\/10\/3rd-editionSembrando-SET-transparent.png","datePublished":"2019-10-17T20:43:11+00:00","dateModified":"2025-09-09T17:48:11+00:00","breadcrumb":{"@id":"https:\/\/www.vocationministry.com\/shop\/set-of-books-sembrando-semillas-resource-book-spanish-version\/#breadcrumb"},"inLanguage":"es","potentialAction":[{"@type":"ReadAction","target":["https:\/\/www.vocationministry.com\/shop\/set-of-books-sembrando-semillas-resource-book-spanish-version\/"]}]},{"@type":"ImageObject","inLanguage":"es","@id":"https:\/\/www.vocationministry.com\/shop\/set-of-books-sembrando-semillas-resource-book-spanish-version\/#primaryimage","url":"https:\/\/www.vocationministry.com\/wp-content\/uploads\/2019\/10\/3rd-editionSembrando-SET-transparent.png","contentUrl":"https:\/\/www.vocationministry.com\/wp-content\/uploads\/2019\/10\/3rd-editionSembrando-SET-transparent.png","width":940,"height":788},{"@type":"BreadcrumbList","@id":"https:\/\/www.vocationministry.com\/shop\/set-of-books-sembrando-semillas-resource-book-spanish-version\/#breadcrumb","itemListElement":[{"@type":"ListItem","position":1,"name":"Home","item":"https:\/\/www.vocationministry.com\/"},{"@type":"ListItem","position":2,"name":"Shop","item":"https:\/\/www.vocationministry.com\/shop\/"},{"@type":"ListItem","position":3,"name":"Sembrando Semillas Resource Book Bundle"}]},{"@type":"WebSite","@id":"https:\/\/www.vocationministry.com\/es\/#website","url":"https:\/\/www.vocationministry.com\/es\/","name":"Vocation Ministry","description":"Creando una cultura de vocaciones","publisher":{"@id":"https:\/\/www.vocationministry.com\/es\/#organization"},"potentialAction":[{"@type":"SearchAction","target":{"@type":"EntryPoint","urlTemplate":"https:\/\/www.vocationministry.com\/es\/?s={search_term_string}"},"query-input":{"@type":"PropertyValueSpecification","valueRequired":true,"valueName":"search_term_string"}}],"inLanguage":"es"},{"@type":"Organization","@id":"https:\/\/www.vocationministry.com\/es\/#organization","name":"Vocation Ministry","url":"https:\/\/www.vocationministry.com\/es\/","logo":{"@type":"ImageObject","inLanguage":"es","@id":"https:\/\/www.vocationministry.com\/es\/#\/schema\/logo\/image\/","url":"https:\/\/www.vocationministry.com\/wp-content\/uploads\/2024\/02\/Blue-VM-Logo-white-Background.png","contentUrl":"https:\/\/www.vocationministry.com\/wp-content\/uploads\/2024\/02\/Blue-VM-Logo-white-Background.png","width":2000,"height":1000,"caption":"Vocation Ministry"},"image":{"@id":"https:\/\/www.vocationministry.com\/es\/#\/schema\/logo\/image\/"},"sameAs":["https:\/\/www.facebook.com\/VocationMinistry"]}]}},"featured_img":"https:\/\/www.vocationministry.com\/wp-content\/uploads\/2019\/10\/3rd-editionSembrando-SET-transparent.png","coauthors":[],"author_meta":{"author_link":"https:\/\/www.vocationministry.com\/es\/author\/scouch25\/","display_name":"scouch25"},"relative_dates":{"created":"Publicado 7 a\u00f1os hace","modified":"Actualizado 8 meses hace"},"absolute_dates":{"created":"Publicado el octubre 17, 2019","modified":"Actualizado el septiembre 9, 2025"},"absolute_dates_time":{"created":"Publicado el octubre 17, 2019 4:43 pm","modified":"Actualizado el septiembre 9, 2025 12:48 pm"},"featured_img_caption":"","tax_additional":{"product_brand":{"linked":[],"unlinked":[],"slug":"product_brand","name":"Marcas"},"product_type":{"linked":["<a href=\"https:\/\/www.vocationministry.com\/es\/?taxonomy=product_type&#038;term=simple\" class=\"advgb-post-tax-term\">simple<\/a>"],"unlinked":["<span class=\"advgb-post-tax-term\">simple<\/span>"],"slug":"product_type","name":"Tipo de producto"},"product_visibility":{"linked":[],"unlinked":[],"slug":"product_visibility","name":"Visibilidad del producto"},"product_cat":{"linked":["<a href=\"https:\/\/www.vocationministry.com\/es\/categoria-producto\/books\/\" class=\"advgb-post-tax-term\">Books<\/a>"],"unlinked":["<span class=\"advgb-post-tax-term\">Books<\/span>"],"slug":"product_cat","name":"Categor\u00edas del producto"},"product_tag":{"linked":["<a href=\"https:\/\/www.vocationministry.com\/es\/etiqueta-producto\/books\/\" class=\"advgb-post-tax-term\">Books<\/a>","<a href=\"https:\/\/www.vocationministry.com\/es\/etiqueta-producto\/bundles\/\" class=\"advgb-post-tax-term\">Bundles<\/a>","<a href=\"https:\/\/www.vocationministry.com\/es\/etiqueta-producto\/hundredfold\/\" class=\"advgb-post-tax-term\">Hundredfold<\/a>","<a href=\"https:\/\/www.vocationministry.com\/es\/etiqueta-producto\/parish-resources\/\" class=\"advgb-post-tax-term\">Parish Resources<\/a>","<a href=\"https:\/\/www.vocationministry.com\/es\/etiqueta-producto\/spanish\/\" class=\"advgb-post-tax-term\">Spanish<\/a>"],"unlinked":["<span class=\"advgb-post-tax-term\">Books<\/span>","<span class=\"advgb-post-tax-term\">Bundles<\/span>","<span class=\"advgb-post-tax-term\">Hundredfold<\/span>","<span class=\"advgb-post-tax-term\">Parish Resources<\/span>","<span class=\"advgb-post-tax-term\">Spanish<\/span>"],"slug":"product_tag","name":"Etiquetas del producto"},"product_shipping_class":{"linked":["<a href=\"https:\/\/www.vocationministry.com\/es\/?taxonomy=product_shipping_class&#038;term=media-mail\" class=\"advgb-post-tax-term\">Media Mail<\/a>"],"unlinked":["<span class=\"advgb-post-tax-term\">Media Mail<\/span>"],"slug":"product_shipping_class","name":"Clases de env\u00edo del producto"},"pos_product_visibility":{"linked":[],"unlinked":[],"slug":"pos_product_visibility","name":"Visibilidad del producto en el punto de venta"},"pa_rosary-for-vocations":{"linked":[],"unlinked":[],"slug":"pa_rosary-for-vocations","name":"Rosario por las Vocaciones del producto"},"pa_vocation-ministry-polo":{"linked":[],"unlinked":[],"slug":"pa_vocation-ministry-polo","name":"Polo del producto"}},"series_order":"","_links":{"self":[{"href":"https:\/\/www.vocationministry.com\/es\/wp-json\/wp\/v2\/product\/2153","targetHints":{"allow":["GET"]}}],"collection":[{"href":"https:\/\/www.vocationministry.com\/es\/wp-json\/wp\/v2\/product"}],"about":[{"href":"https:\/\/www.vocationministry.com\/es\/wp-json\/wp\/v2\/types\/product"}],"wp:featuredmedia":[{"embeddable":true,"href":"https:\/\/www.vocationministry.com\/es\/wp-json\/wp\/v2\/media\/10794"}],"wp:attachment":[{"href":"https:\/\/www.vocationministry.com\/es\/wp-json\/wp\/v2\/media?parent=2153"}],"wp:term":[{"taxonomy":"product_brand","embeddable":true,"href":"https:\/\/www.vocationministry.com\/es\/wp-json\/wp\/v2\/product_brand?post=2153"},{"taxonomy":"product_cat","embeddable":true,"href":"https:\/\/www.vocationministry.com\/es\/wp-json\/wp\/v2\/product_cat?post=2153"},{"taxonomy":"product_tag","embeddable":true,"href":"https:\/\/www.vocationministry.com\/es\/wp-json\/wp\/v2\/product_tag?post=2153"}],"curies":[{"name":"Gracias","href":"https:\/\/api.w.org\/{rel}","templated":true}]}}