{"id":2155,"date":"2021-05-20T15:55:32","date_gmt":"2021-05-20T19:55:32","guid":{"rendered":"https:\/\/www.vocationministry.com\/product\/the-harvest-a-guide-to-vocation-ministry-in-education-2\/"},"modified":"2026-02-10T09:43:27","modified_gmt":"2026-02-10T15:43:27","slug":"the-harvest-a-guide-to-vocation-ministry-in-education","status":"publish","type":"product","link":"https:\/\/www.vocationministry.com\/es\/shop\/the-harvest-a-guide-to-vocation-ministry-in-education\/","title":{"rendered":"La cosecha: una gu\u00eda para Vocation Ministry en educaci\u00f3n"},"content":{"rendered":"<p><strong><em>La cosecha: una gu\u00eda para Vocation Ministry en educaci\u00f3n<\/em><\/strong>\u00a0se centra en c\u00f3mo promover santas vocaciones en:<\/p>\n<ul>\n<li><strong>escuelas cat\u00f3licas<\/strong><\/li>\n<li><strong>Escuelas en el hogar\/Cooperativas<\/strong><\/li>\n<li><strong>clases de catecismo<\/strong><\/li>\n<li><strong>Programas de ministerio juvenil<\/strong><\/li>\n<li><strong>Ministerios universitarios<\/strong><\/li>\n<\/ul>\n<p>Rhonda Gruenewald es nativa de Texas y apasionada conversa al catolicismo. Despu\u00e9s de ense\u00f1ar en la escuela secundaria durante 6 a\u00f1os y quedarse en casa durante 15 a\u00f1os con sus dos hijos, fund\u00f3 Vocation Ministry, que promueve las vocaciones al sacerdocio, la vida consagrada y el matrimonio sacramental. Despu\u00e9s de que nos preguntaran muchas veces \u201c\u00bfQu\u00e9 podemos hacer en nuestras escuelas cat\u00f3licas?\u201d ella es autora de un libro <strong><em>La cosecha: una gu\u00eda para Vocation Ministry en educaci\u00f3n<\/em><\/strong>.<\/p>\n<p>Esta gu\u00eda completa de 200 p\u00e1ginas proporciona inspiraci\u00f3n y consejos pr\u00e1cticos, incluidas 75 actividades impactantes, que se implementan f\u00e1cilmente en el aula. \u00a1Este enfoque innovador brinda a nuestros educadores cat\u00f3licos los recursos necesarios para afectar positivamente a la Iglesia y a nuestros j\u00f3venes para las generaciones venideras!<\/p>","protected":false},"excerpt":{"rendered":"<p><em><strong>La cosecha<\/strong><\/em> se centra en c\u00f3mo promover vocaciones santas en escuelas cat\u00f3licas, escuelas en el hogar\/cooperativas, clases de catecismo, programas de ministerio juvenil y ministerios en campus universitarios. Esta gu\u00eda completa de 200 p\u00e1ginas proporciona inspiraci\u00f3n y consejos pr\u00e1cticos, incluidas 75 actividades impactantes, que se implementan f\u00e1cilmente en el aula.<\/p>\n<h4>Descuento por cantidad:<\/h4>\n<table class=\"wcj_product_wholesale_price_table\"><tbody><tr class=\"wcj-row wcj-row0 wcj-row-even\"><th style=\"text-align: center\">20-49<\/th><th style=\"text-align: center\">50-99<\/th><th style=\"text-align: center\">100+<\/th><\/tr><tr class=\"wcj-row wcj-row1 wcj-row-odd\"><td style=\"text-align: center\"><del><span class=\"woocommerce-Price-amount amount\"><bdi><span class=\"woocommerce-Price-currencySymbol\">&#036;<\/span>17.95<\/bdi><\/span><\/del> <span class=\"woocommerce-Price-amount amount\"><bdi><span class=\"woocommerce-Price-currencySymbol\">&#036;<\/span>16.15<\/bdi><\/span><\/td><td style=\"text-align: center\"><del><span class=\"woocommerce-Price-amount amount\"><bdi><span class=\"woocommerce-Price-currencySymbol\">&#036;<\/span>17.95<\/bdi><\/span><\/del> <span class=\"woocommerce-Price-amount amount\"><bdi><span class=\"woocommerce-Price-currencySymbol\">&#036;<\/span>15.25<\/bdi><\/span><\/td><td style=\"text-align: center\"><del><span class=\"woocommerce-Price-amount amount\"><bdi><span class=\"woocommerce-Price-currencySymbol\">&#036;<\/span>17.95<\/bdi><\/span><\/del> <span class=\"woocommerce-Price-amount amount\"><bdi><span class=\"woocommerce-Price-currencySymbol\">&#036;<\/span>14.35<\/bdi><\/span><\/td><\/tr><\/tbody><\/table>","protected":false},"author":2,"featured_media":3258,"template":"","meta":{"_acf_changed":false,"_et_pb_use_builder":"","_et_pb_old_content":"","_et_gb_content_width":"","advgb_blocks_editor_width":"","advgb_blocks_columns_visual_guide":""},"product_brand":[],"product_cat":[47],"product_tag":[44,41,59],"class_list":{"0":"post-2155","1":"product","2":"type-product","3":"status-publish","4":"has-post-thumbnail","6":"product_cat-books","7":"product_tag-books","8":"product_tag-education-resources","9":"product_tag-the-harvest","10":"product_shipping_class-media-mail","12":"first","13":"instock","14":"taxable","15":"shipping-taxable","16":"purchasable","17":"product-type-simple"},"acf":[],"yoast_head":"<!-- This site is optimized with the Yoast SEO Premium plugin v24.9 (Yoast SEO v27.4) - https:\/\/yoast.com\/product\/yoast-seo-premium-wordpress\/ -->\n<title>The Harvest: A Guide to Vocation Ministry in Education - Vocation Ministry<\/title>\n<meta name=\"robots\" content=\"index, follow, max-snippet:-1, max-image-preview:large, max-video-preview:-1\" \/>\n<link rel=\"canonical\" href=\"https:\/\/www.vocationministry.com\/es\/shop\/the-harvest-a-guide-to-vocation-ministry-in-education\/\" \/>\n<meta property=\"og:locale\" content=\"es_MX\" \/>\n<meta property=\"og:type\" content=\"article\" \/>\n<meta property=\"og:title\" content=\"The Harvest: A Guide to Vocation Ministry in Education\" \/>\n<meta property=\"og:description\" content=\"The Harvest focuses on how to promote holy vocations in Catholic Schools, Homeschools\/Co-Ops, Catechism classes, Youth Ministry Programs and College Campus Ministries. This 200-page comprehensive guide provides practical advice and inspiration, including 75 impactful activities, easily implemented in classroom settings. Quantity Discount:\" \/>\n<meta property=\"og:url\" content=\"https:\/\/www.vocationministry.com\/es\/shop\/the-harvest-a-guide-to-vocation-ministry-in-education\/\" \/>\n<meta property=\"og:site_name\" content=\"Vocation Ministry\" \/>\n<meta property=\"article:publisher\" content=\"https:\/\/www.facebook.com\/VocationMinistry\" \/>\n<meta property=\"article:modified_time\" content=\"2026-02-10T15:43:27+00:00\" \/>\n<meta property=\"og:image\" content=\"https:\/\/www.vocationministry.com\/wp-content\/uploads\/2024\/07\/Blue-VM-Logo-white-Background.png\" \/>\n\t<meta property=\"og:image:width\" content=\"2000\" \/>\n\t<meta property=\"og:image:height\" content=\"1000\" \/>\n\t<meta property=\"og:image:type\" content=\"image\/png\" \/><meta property=\"og:image\" content=\"https:\/\/www.vocationministry.com\/wp-content\/uploads\/2024\/03\/Website-Product-Image-3.png\" \/>\n\t<meta property=\"og:image:width\" content=\"2048\" \/>\n\t<meta property=\"og:image:height\" content=\"2048\" \/>\n\t<meta property=\"og:image:type\" content=\"image\/png\" \/>\n<meta name=\"twitter:card\" content=\"summary_large_image\" \/>\n<meta name=\"twitter:label1\" content=\"Tiempo de lectura\" \/>\n\t<meta name=\"twitter:data1\" content=\"1 minuto\" \/>\n<script type=\"application\/ld+json\" class=\"yoast-schema-graph\">{\"@context\":\"https:\\\/\\\/schema.org\",\"@graph\":[{\"@type\":\"WebPage\",\"@id\":\"https:\\\/\\\/www.vocationministry.com\\\/shop\\\/the-harvest-a-guide-to-vocation-ministry-in-education\\\/\",\"url\":\"https:\\\/\\\/www.vocationministry.com\\\/shop\\\/the-harvest-a-guide-to-vocation-ministry-in-education\\\/\",\"name\":\"The Harvest: A Guide to Vocation Ministry in Education - Vocation Ministry\",\"isPartOf\":{\"@id\":\"https:\\\/\\\/www.vocationministry.com\\\/es\\\/#website\"},\"primaryImageOfPage\":{\"@id\":\"https:\\\/\\\/www.vocationministry.com\\\/shop\\\/the-harvest-a-guide-to-vocation-ministry-in-education\\\/#primaryimage\"},\"image\":{\"@id\":\"https:\\\/\\\/www.vocationministry.com\\\/shop\\\/the-harvest-a-guide-to-vocation-ministry-in-education\\\/#primaryimage\"},\"thumbnailUrl\":\"https:\\\/\\\/www.vocationministry.com\\\/wp-content\\\/uploads\\\/2024\\\/03\\\/Website-Product-Image-3.png\",\"datePublished\":\"2021-05-20T19:55:32+00:00\",\"dateModified\":\"2026-02-10T15:43:27+00:00\",\"breadcrumb\":{\"@id\":\"https:\\\/\\\/www.vocationministry.com\\\/shop\\\/the-harvest-a-guide-to-vocation-ministry-in-education\\\/#breadcrumb\"},\"inLanguage\":\"es\",\"potentialAction\":[{\"@type\":\"ReadAction\",\"target\":[\"https:\\\/\\\/www.vocationministry.com\\\/shop\\\/the-harvest-a-guide-to-vocation-ministry-in-education\\\/\"]}]},{\"@type\":\"ImageObject\",\"inLanguage\":\"es\",\"@id\":\"https:\\\/\\\/www.vocationministry.com\\\/shop\\\/the-harvest-a-guide-to-vocation-ministry-in-education\\\/#primaryimage\",\"url\":\"https:\\\/\\\/www.vocationministry.com\\\/wp-content\\\/uploads\\\/2024\\\/03\\\/Website-Product-Image-3.png\",\"contentUrl\":\"https:\\\/\\\/www.vocationministry.com\\\/wp-content\\\/uploads\\\/2024\\\/03\\\/Website-Product-Image-3.png\",\"width\":2048,\"height\":2048},{\"@type\":\"BreadcrumbList\",\"@id\":\"https:\\\/\\\/www.vocationministry.com\\\/shop\\\/the-harvest-a-guide-to-vocation-ministry-in-education\\\/#breadcrumb\",\"itemListElement\":[{\"@type\":\"ListItem\",\"position\":1,\"name\":\"Home\",\"item\":\"https:\\\/\\\/www.vocationministry.com\\\/\"},{\"@type\":\"ListItem\",\"position\":2,\"name\":\"Shop\",\"item\":\"https:\\\/\\\/www.vocationministry.com\\\/shop\\\/\"},{\"@type\":\"ListItem\",\"position\":3,\"name\":\"The Harvest: A Guide to Vocation Ministry in Education\"}]},{\"@type\":\"WebSite\",\"@id\":\"https:\\\/\\\/www.vocationministry.com\\\/es\\\/#website\",\"url\":\"https:\\\/\\\/www.vocationministry.com\\\/es\\\/\",\"name\":\"Vocation Ministry\",\"description\":\"Creating A Culture of Vocations\",\"publisher\":{\"@id\":\"https:\\\/\\\/www.vocationministry.com\\\/es\\\/#organization\"},\"potentialAction\":[{\"@type\":\"SearchAction\",\"target\":{\"@type\":\"EntryPoint\",\"urlTemplate\":\"https:\\\/\\\/www.vocationministry.com\\\/es\\\/?s={search_term_string}\"},\"query-input\":{\"@type\":\"PropertyValueSpecification\",\"valueRequired\":true,\"valueName\":\"search_term_string\"}}],\"inLanguage\":\"es\"},{\"@type\":\"Organization\",\"@id\":\"https:\\\/\\\/www.vocationministry.com\\\/es\\\/#organization\",\"name\":\"Vocation Ministry\",\"url\":\"https:\\\/\\\/www.vocationministry.com\\\/es\\\/\",\"logo\":{\"@type\":\"ImageObject\",\"inLanguage\":\"es\",\"@id\":\"https:\\\/\\\/www.vocationministry.com\\\/es\\\/#\\\/schema\\\/logo\\\/image\\\/\",\"url\":\"https:\\\/\\\/www.vocationministry.com\\\/wp-content\\\/uploads\\\/2024\\\/02\\\/Blue-VM-Logo-white-Background.png\",\"contentUrl\":\"https:\\\/\\\/www.vocationministry.com\\\/wp-content\\\/uploads\\\/2024\\\/02\\\/Blue-VM-Logo-white-Background.png\",\"width\":2000,\"height\":1000,\"caption\":\"Vocation Ministry\"},\"image\":{\"@id\":\"https:\\\/\\\/www.vocationministry.com\\\/es\\\/#\\\/schema\\\/logo\\\/image\\\/\"},\"sameAs\":[\"https:\\\/\\\/www.facebook.com\\\/VocationMinistry\"]}]}<\/script>\n<!-- \/ Yoast SEO Premium plugin. -->","yoast_head_json":{"title":"La Cosecha: Una Gu\u00eda para Vocation Ministry en Educaci\u00f3n - Vocation Ministry","robots":{"index":"index","follow":"follow","max-snippet":"max-snippet:-1","max-image-preview":"max-image-preview:large","max-video-preview":"max-video-preview:-1"},"canonical":"https:\/\/www.vocationministry.com\/es\/shop\/the-harvest-a-guide-to-vocation-ministry-in-education\/","og_locale":"es_MX","og_type":"article","og_title":"The Harvest: A Guide to Vocation Ministry in Education","og_description":"The Harvest focuses on how to promote holy vocations in Catholic Schools, Homeschools\/Co-Ops, Catechism classes, Youth Ministry Programs and College Campus Ministries. This 200-page comprehensive guide provides practical advice and inspiration, including 75 impactful activities, easily implemented in classroom settings. Quantity Discount:","og_url":"https:\/\/www.vocationministry.com\/es\/shop\/the-harvest-a-guide-to-vocation-ministry-in-education\/","og_site_name":"Vocation Ministry","article_publisher":"https:\/\/www.facebook.com\/VocationMinistry","article_modified_time":"2026-02-10T15:43:27+00:00","og_image":[{"width":2000,"height":1000,"url":"https:\/\/www.vocationministry.com\/wp-content\/uploads\/2024\/07\/Blue-VM-Logo-white-Background.png","type":"image\/png"},{"width":2048,"height":2048,"url":"https:\/\/www.vocationministry.com\/wp-content\/uploads\/2024\/03\/Website-Product-Image-3.png","type":"image\/png"}],"twitter_card":"summary_large_image","twitter_misc":{"Tiempo de lectura":"1 minuto"},"schema":{"@context":"https:\/\/schema.org","@graph":[{"@type":"WebPage","@id":"https:\/\/www.vocationministry.com\/shop\/the-harvest-a-guide-to-vocation-ministry-in-education\/","url":"https:\/\/www.vocationministry.com\/shop\/the-harvest-a-guide-to-vocation-ministry-in-education\/","name":"La Cosecha: Una Gu\u00eda para Vocation Ministry en Educaci\u00f3n - Vocation Ministry","isPartOf":{"@id":"https:\/\/www.vocationministry.com\/es\/#website"},"primaryImageOfPage":{"@id":"https:\/\/www.vocationministry.com\/shop\/the-harvest-a-guide-to-vocation-ministry-in-education\/#primaryimage"},"image":{"@id":"https:\/\/www.vocationministry.com\/shop\/the-harvest-a-guide-to-vocation-ministry-in-education\/#primaryimage"},"thumbnailUrl":"https:\/\/www.vocationministry.com\/wp-content\/uploads\/2024\/03\/Website-Product-Image-3.png","datePublished":"2021-05-20T19:55:32+00:00","dateModified":"2026-02-10T15:43:27+00:00","breadcrumb":{"@id":"https:\/\/www.vocationministry.com\/shop\/the-harvest-a-guide-to-vocation-ministry-in-education\/#breadcrumb"},"inLanguage":"es","potentialAction":[{"@type":"ReadAction","target":["https:\/\/www.vocationministry.com\/shop\/the-harvest-a-guide-to-vocation-ministry-in-education\/"]}]},{"@type":"ImageObject","inLanguage":"es","@id":"https:\/\/www.vocationministry.com\/shop\/the-harvest-a-guide-to-vocation-ministry-in-education\/#primaryimage","url":"https:\/\/www.vocationministry.com\/wp-content\/uploads\/2024\/03\/Website-Product-Image-3.png","contentUrl":"https:\/\/www.vocationministry.com\/wp-content\/uploads\/2024\/03\/Website-Product-Image-3.png","width":2048,"height":2048},{"@type":"BreadcrumbList","@id":"https:\/\/www.vocationministry.com\/shop\/the-harvest-a-guide-to-vocation-ministry-in-education\/#breadcrumb","itemListElement":[{"@type":"ListItem","position":1,"name":"Home","item":"https:\/\/www.vocationministry.com\/"},{"@type":"ListItem","position":2,"name":"Shop","item":"https:\/\/www.vocationministry.com\/shop\/"},{"@type":"ListItem","position":3,"name":"The Harvest: A Guide to Vocation Ministry in Education"}]},{"@type":"WebSite","@id":"https:\/\/www.vocationministry.com\/es\/#website","url":"https:\/\/www.vocationministry.com\/es\/","name":"Vocation Ministry","description":"Creando una cultura de vocaciones","publisher":{"@id":"https:\/\/www.vocationministry.com\/es\/#organization"},"potentialAction":[{"@type":"SearchAction","target":{"@type":"EntryPoint","urlTemplate":"https:\/\/www.vocationministry.com\/es\/?s={search_term_string}"},"query-input":{"@type":"PropertyValueSpecification","valueRequired":true,"valueName":"search_term_string"}}],"inLanguage":"es"},{"@type":"Organization","@id":"https:\/\/www.vocationministry.com\/es\/#organization","name":"Vocation Ministry","url":"https:\/\/www.vocationministry.com\/es\/","logo":{"@type":"ImageObject","inLanguage":"es","@id":"https:\/\/www.vocationministry.com\/es\/#\/schema\/logo\/image\/","url":"https:\/\/www.vocationministry.com\/wp-content\/uploads\/2024\/02\/Blue-VM-Logo-white-Background.png","contentUrl":"https:\/\/www.vocationministry.com\/wp-content\/uploads\/2024\/02\/Blue-VM-Logo-white-Background.png","width":2000,"height":1000,"caption":"Vocation Ministry"},"image":{"@id":"https:\/\/www.vocationministry.com\/es\/#\/schema\/logo\/image\/"},"sameAs":["https:\/\/www.facebook.com\/VocationMinistry"]}]}},"featured_img":"https:\/\/www.vocationministry.com\/wp-content\/uploads\/2024\/03\/Website-Product-Image-3.png","coauthors":[],"author_meta":{"author_link":"https:\/\/www.vocationministry.com\/es\/author\/marketing\/","display_name":"McKinsey Ogle"},"relative_dates":{"created":"Publicado 5 a\u00f1os hace","modified":"Actualizado 2 meses hace"},"absolute_dates":{"created":"Publicado el mayo 20, 2021","modified":"Actualizado el febrero 10, 2026"},"absolute_dates_time":{"created":"Publicado el mayo 20, 2021 3:55 pm","modified":"Actualizado el febrero 10, 2026 9:43 am"},"featured_img_caption":"","tax_additional":{"product_brand":{"linked":[],"unlinked":[],"slug":"product_brand","name":"Marcas"},"product_type":{"linked":["<a href=\"https:\/\/www.vocationministry.com\/es\/?taxonomy=product_type&#038;term=simple\" class=\"advgb-post-tax-term\">simple<\/a>"],"unlinked":["<span class=\"advgb-post-tax-term\">simple<\/span>"],"slug":"product_type","name":"Tipo de producto"},"product_visibility":{"linked":[],"unlinked":[],"slug":"product_visibility","name":"Visibilidad del producto"},"product_cat":{"linked":["<a href=\"https:\/\/www.vocationministry.com\/es\/categoria-producto\/books\/\" class=\"advgb-post-tax-term\">Books<\/a>"],"unlinked":["<span class=\"advgb-post-tax-term\">Books<\/span>"],"slug":"product_cat","name":"Categor\u00edas del producto"},"product_tag":{"linked":["<a href=\"https:\/\/www.vocationministry.com\/es\/etiqueta-producto\/books\/\" class=\"advgb-post-tax-term\">Books<\/a>","<a href=\"https:\/\/www.vocationministry.com\/es\/etiqueta-producto\/education-resources\/\" class=\"advgb-post-tax-term\">Education Resources<\/a>","<a href=\"https:\/\/www.vocationministry.com\/es\/etiqueta-producto\/the-harvest\/\" class=\"advgb-post-tax-term\">The Harvest<\/a>"],"unlinked":["<span class=\"advgb-post-tax-term\">Books<\/span>","<span class=\"advgb-post-tax-term\">Education Resources<\/span>","<span class=\"advgb-post-tax-term\">The Harvest<\/span>"],"slug":"product_tag","name":"Etiquetas del producto"},"product_shipping_class":{"linked":["<a href=\"https:\/\/www.vocationministry.com\/es\/?taxonomy=product_shipping_class&#038;term=media-mail\" class=\"advgb-post-tax-term\">Media Mail<\/a>"],"unlinked":["<span class=\"advgb-post-tax-term\">Media Mail<\/span>"],"slug":"product_shipping_class","name":"Clases de env\u00edo del producto"},"pos_product_visibility":{"linked":[],"unlinked":[],"slug":"pos_product_visibility","name":"Visibilidad del producto en el punto de venta"},"pa_rosary-for-vocations":{"linked":[],"unlinked":[],"slug":"pa_rosary-for-vocations","name":"Rosario por las Vocaciones del producto"},"pa_vocation-ministry-polo":{"linked":[],"unlinked":[],"slug":"pa_vocation-ministry-polo","name":"Polo del producto"}},"series_order":"","_links":{"self":[{"href":"https:\/\/www.vocationministry.com\/es\/wp-json\/wp\/v2\/product\/2155","targetHints":{"allow":["GET"]}}],"collection":[{"href":"https:\/\/www.vocationministry.com\/es\/wp-json\/wp\/v2\/product"}],"about":[{"href":"https:\/\/www.vocationministry.com\/es\/wp-json\/wp\/v2\/types\/product"}],"wp:featuredmedia":[{"embeddable":true,"href":"https:\/\/www.vocationministry.com\/es\/wp-json\/wp\/v2\/media\/3258"}],"wp:attachment":[{"href":"https:\/\/www.vocationministry.com\/es\/wp-json\/wp\/v2\/media?parent=2155"}],"wp:term":[{"taxonomy":"product_brand","embeddable":true,"href":"https:\/\/www.vocationministry.com\/es\/wp-json\/wp\/v2\/product_brand?post=2155"},{"taxonomy":"product_cat","embeddable":true,"href":"https:\/\/www.vocationministry.com\/es\/wp-json\/wp\/v2\/product_cat?post=2155"},{"taxonomy":"product_tag","embeddable":true,"href":"https:\/\/www.vocationministry.com\/es\/wp-json\/wp\/v2\/product_tag?post=2155"}],"curies":[{"name":"Gracias","href":"https:\/\/api.w.org\/{rel}","templated":true}]}}