{"id":2157,"date":"2025-07-28T21:38:02","date_gmt":"2025-07-29T02:38:02","guid":{"rendered":"https:\/\/www.vocationministry.com\/product\/vocations-prayer-card\/"},"modified":"2026-01-13T08:54:36","modified_gmt":"2026-01-13T14:54:36","slug":"vocations-prayer-card","status":"publish","type":"product","link":"https:\/\/www.vocationministry.com\/es\/shop\/vocations-prayer-card\/","title":{"rendered":"Estampilla de oraci\u00f3n: Oraci\u00f3n del Inmaculado Coraz\u00f3n por las vocaciones (paquete de 50)"},"content":{"rendered":"<p>Una hermosa tarjeta de oraci\u00f3n de 3\u2033x4\u2033 presenta una impresionante imagen del Inmaculado Coraz\u00f3n de Mar\u00eda en el frente y una sentida oraci\u00f3n por las vocaciones: sacerdotes, hermanos, hermanas, monjas, \u00f3rdenes religiosas y matrimonio en el reverso, escrita por el Rev. Victor. P\u00e9rez, Capell\u00e1n de la Vocation Ministry.<\/p>\n<p><strong>*Se vende en paquetes de 50.<\/strong><\/p>\n<p>Oraci\u00f3n por las vocaciones:<\/p>\n<p class=\"p1\" style=\"text-align: center;\"><strong>Se\u00f1or Jes\u00fas, te pedimos con confianza un nuevo derramamiento del Esp\u00edritu Santo sobre Tu Iglesia.<\/strong><\/p>\n<p class=\"p1\" style=\"text-align: center;\"><strong>Que, ayudados por la intercesi\u00f3n de Mar\u00eda Inmaculada, haya una rica cosecha de vocaciones. Que los hombres sean iluminados y fortalecidos para seguir Tu llamado a servir como sacerdotes y hermanos.<\/strong><\/p>\n<p class=\"p1\" style=\"text-align: center;\"><strong>Que los seminarios se desborden y bendigan sus formaciones y maestros con una sabidur\u00eda no de este mundo.<\/strong><\/p>\n<p class=\"p1\" style=\"text-align: center;\"><strong>Deja que Tus hijas sientan una atracci\u00f3n irresistible hacia una vida de contemplaci\u00f3n y servicio como hermanas y monjas.<\/strong><\/p>\n<p class=\"p1\" style=\"text-align: center;\"><strong>Que haya un nuevo florecimiento de \u00f3rdenes religiosas que busquen el camino de la santidad.<\/strong><\/p>\n<p class=\"p1\" style=\"text-align: center;\"><strong>Que los hombres y mujeres a quienes llamas al matrimonio vean la importancia de esta vocaci\u00f3n y, como Tob\u00edas, busquen a sus c\u00f3nyuges con un noble prop\u00f3sito.<\/strong><\/p>\n<p class=\"p1\" style=\"text-align: center;\"><strong>Te lo pedimos por Cristo Nuestro Se\u00f1or. Am\u00e9n<\/strong><\/p>","protected":false},"excerpt":{"rendered":"<p>Esta tarjeta de oraci\u00f3n puede ser utilizada como oraci\u00f3n diaria o semanal por familias, parroquias y escuelas cat\u00f3licas para fortalecer las vocaciones a la Iglesia Cat\u00f3lica.<\/p>","protected":false},"author":647,"featured_media":3260,"template":"","meta":{"_acf_changed":false,"_et_pb_use_builder":"","_et_pb_old_content":"","_et_gb_content_width":"","advgb_blocks_editor_width":"","advgb_blocks_columns_visual_guide":""},"product_brand":[],"product_cat":[54],"product_tag":[49,55],"class_list":{"0":"post-2157","1":"product","2":"type-product","3":"status-publish","4":"has-post-thumbnail","6":"product_cat-prayer-cards","7":"product_tag-parish-resources","8":"product_tag-prayer-cards","9":"product_shipping_class-standard","11":"first","12":"instock","13":"taxable","14":"shipping-taxable","15":"purchasable","16":"product-type-simple"},"acf":[],"yoast_head":"<!-- This site is optimized with the Yoast SEO Premium plugin v24.9 (Yoast SEO v27.4) - https:\/\/yoast.com\/product\/yoast-seo-premium-wordpress\/ -->\n<title>Prayer Card \u2014 Immaculate Heart Prayer for Vocations (Pack of 50) - Vocation Ministry<\/title>\n<meta name=\"robots\" content=\"index, follow, max-snippet:-1, max-image-preview:large, max-video-preview:-1\" \/>\n<link rel=\"canonical\" href=\"https:\/\/www.vocationministry.com\/es\/shop\/vocations-prayer-card\/\" \/>\n<meta property=\"og:locale\" content=\"es_MX\" \/>\n<meta property=\"og:type\" content=\"article\" \/>\n<meta property=\"og:title\" content=\"Prayer Card \u2014 Immaculate Heart Prayer for Vocations (Pack of 50)\" \/>\n<meta property=\"og:description\" content=\"This prayer card can be used as a daily or weekly prayer by families, parishes, and Catholic schools to strengthen vocations to the Catholic Church.\" \/>\n<meta property=\"og:url\" content=\"https:\/\/www.vocationministry.com\/es\/shop\/vocations-prayer-card\/\" \/>\n<meta property=\"og:site_name\" content=\"Vocation Ministry\" \/>\n<meta property=\"article:publisher\" content=\"https:\/\/www.facebook.com\/VocationMinistry\" \/>\n<meta property=\"article:modified_time\" content=\"2026-01-13T14:54:36+00:00\" \/>\n<meta property=\"og:image\" content=\"https:\/\/www.vocationministry.com\/wp-content\/uploads\/2024\/07\/Blue-VM-Logo-white-Background.png\" \/>\n\t<meta property=\"og:image:width\" content=\"2000\" \/>\n\t<meta property=\"og:image:height\" content=\"1000\" \/>\n\t<meta property=\"og:image:type\" content=\"image\/png\" \/><meta property=\"og:image\" content=\"https:\/\/www.vocationministry.com\/wp-content\/uploads\/2024\/03\/Website-Shop-Images.png\" \/>\n\t<meta property=\"og:image:width\" content=\"1080\" \/>\n\t<meta property=\"og:image:height\" content=\"1080\" \/>\n\t<meta property=\"og:image:type\" content=\"image\/png\" \/>\n<meta name=\"twitter:card\" content=\"summary_large_image\" \/>\n<meta name=\"twitter:label1\" content=\"Tiempo de lectura\" \/>\n\t<meta name=\"twitter:data1\" content=\"2 minutos\" \/>\n<script type=\"application\/ld+json\" class=\"yoast-schema-graph\">{\"@context\":\"https:\\\/\\\/schema.org\",\"@graph\":[{\"@type\":\"WebPage\",\"@id\":\"https:\\\/\\\/www.vocationministry.com\\\/shop\\\/vocations-prayer-card\\\/\",\"url\":\"https:\\\/\\\/www.vocationministry.com\\\/shop\\\/vocations-prayer-card\\\/\",\"name\":\"Prayer Card \u2014 Immaculate Heart Prayer for Vocations (Pack of 50) - Vocation Ministry\",\"isPartOf\":{\"@id\":\"https:\\\/\\\/www.vocationministry.com\\\/es\\\/#website\"},\"primaryImageOfPage\":{\"@id\":\"https:\\\/\\\/www.vocationministry.com\\\/shop\\\/vocations-prayer-card\\\/#primaryimage\"},\"image\":{\"@id\":\"https:\\\/\\\/www.vocationministry.com\\\/shop\\\/vocations-prayer-card\\\/#primaryimage\"},\"thumbnailUrl\":\"https:\\\/\\\/www.vocationministry.com\\\/wp-content\\\/uploads\\\/2024\\\/03\\\/Website-Shop-Images.png\",\"datePublished\":\"2025-07-29T02:38:02+00:00\",\"dateModified\":\"2026-01-13T14:54:36+00:00\",\"breadcrumb\":{\"@id\":\"https:\\\/\\\/www.vocationministry.com\\\/shop\\\/vocations-prayer-card\\\/#breadcrumb\"},\"inLanguage\":\"es\",\"potentialAction\":[{\"@type\":\"ReadAction\",\"target\":[\"https:\\\/\\\/www.vocationministry.com\\\/shop\\\/vocations-prayer-card\\\/\"]}]},{\"@type\":\"ImageObject\",\"inLanguage\":\"es\",\"@id\":\"https:\\\/\\\/www.vocationministry.com\\\/shop\\\/vocations-prayer-card\\\/#primaryimage\",\"url\":\"https:\\\/\\\/www.vocationministry.com\\\/wp-content\\\/uploads\\\/2024\\\/03\\\/Website-Shop-Images.png\",\"contentUrl\":\"https:\\\/\\\/www.vocationministry.com\\\/wp-content\\\/uploads\\\/2024\\\/03\\\/Website-Shop-Images.png\",\"width\":1080,\"height\":1080},{\"@type\":\"BreadcrumbList\",\"@id\":\"https:\\\/\\\/www.vocationministry.com\\\/shop\\\/vocations-prayer-card\\\/#breadcrumb\",\"itemListElement\":[{\"@type\":\"ListItem\",\"position\":1,\"name\":\"Home\",\"item\":\"https:\\\/\\\/www.vocationministry.com\\\/\"},{\"@type\":\"ListItem\",\"position\":2,\"name\":\"Shop\",\"item\":\"https:\\\/\\\/www.vocationministry.com\\\/shop\\\/\"},{\"@type\":\"ListItem\",\"position\":3,\"name\":\"Prayer Card \u2014 Immaculate Heart Prayer for Vocations (Pack of 50)\"}]},{\"@type\":\"WebSite\",\"@id\":\"https:\\\/\\\/www.vocationministry.com\\\/es\\\/#website\",\"url\":\"https:\\\/\\\/www.vocationministry.com\\\/es\\\/\",\"name\":\"Vocation Ministry\",\"description\":\"Creating A Culture of Vocations\",\"publisher\":{\"@id\":\"https:\\\/\\\/www.vocationministry.com\\\/es\\\/#organization\"},\"potentialAction\":[{\"@type\":\"SearchAction\",\"target\":{\"@type\":\"EntryPoint\",\"urlTemplate\":\"https:\\\/\\\/www.vocationministry.com\\\/es\\\/?s={search_term_string}\"},\"query-input\":{\"@type\":\"PropertyValueSpecification\",\"valueRequired\":true,\"valueName\":\"search_term_string\"}}],\"inLanguage\":\"es\"},{\"@type\":\"Organization\",\"@id\":\"https:\\\/\\\/www.vocationministry.com\\\/es\\\/#organization\",\"name\":\"Vocation Ministry\",\"url\":\"https:\\\/\\\/www.vocationministry.com\\\/es\\\/\",\"logo\":{\"@type\":\"ImageObject\",\"inLanguage\":\"es\",\"@id\":\"https:\\\/\\\/www.vocationministry.com\\\/es\\\/#\\\/schema\\\/logo\\\/image\\\/\",\"url\":\"https:\\\/\\\/www.vocationministry.com\\\/wp-content\\\/uploads\\\/2024\\\/02\\\/Blue-VM-Logo-white-Background.png\",\"contentUrl\":\"https:\\\/\\\/www.vocationministry.com\\\/wp-content\\\/uploads\\\/2024\\\/02\\\/Blue-VM-Logo-white-Background.png\",\"width\":2000,\"height\":1000,\"caption\":\"Vocation Ministry\"},\"image\":{\"@id\":\"https:\\\/\\\/www.vocationministry.com\\\/es\\\/#\\\/schema\\\/logo\\\/image\\\/\"},\"sameAs\":[\"https:\\\/\\\/www.facebook.com\\\/VocationMinistry\"]}]}<\/script>\n<!-- \/ Yoast SEO Premium plugin. -->","yoast_head_json":{"title":"Tarjeta de oraci\u00f3n \u2014 Oraci\u00f3n al Inmaculado Coraz\u00f3n por las Vocaciones (Paquete de 50) - Vocation Ministry","robots":{"index":"index","follow":"follow","max-snippet":"max-snippet:-1","max-image-preview":"max-image-preview:large","max-video-preview":"max-video-preview:-1"},"canonical":"https:\/\/www.vocationministry.com\/es\/shop\/vocations-prayer-card\/","og_locale":"es_MX","og_type":"article","og_title":"Prayer Card \u2014 Immaculate Heart Prayer for Vocations (Pack of 50)","og_description":"This prayer card can be used as a daily or weekly prayer by families, parishes, and Catholic schools to strengthen vocations to the Catholic Church.","og_url":"https:\/\/www.vocationministry.com\/es\/shop\/vocations-prayer-card\/","og_site_name":"Vocation Ministry","article_publisher":"https:\/\/www.facebook.com\/VocationMinistry","article_modified_time":"2026-01-13T14:54:36+00:00","og_image":[{"width":2000,"height":1000,"url":"https:\/\/www.vocationministry.com\/wp-content\/uploads\/2024\/07\/Blue-VM-Logo-white-Background.png","type":"image\/png"},{"width":1080,"height":1080,"url":"https:\/\/www.vocationministry.com\/wp-content\/uploads\/2024\/03\/Website-Shop-Images.png","type":"image\/png"}],"twitter_card":"summary_large_image","twitter_misc":{"Tiempo de lectura":"2 minutos"},"schema":{"@context":"https:\/\/schema.org","@graph":[{"@type":"WebPage","@id":"https:\/\/www.vocationministry.com\/shop\/vocations-prayer-card\/","url":"https:\/\/www.vocationministry.com\/shop\/vocations-prayer-card\/","name":"Tarjeta de oraci\u00f3n \u2014 Oraci\u00f3n al Inmaculado Coraz\u00f3n por las Vocaciones (Paquete de 50) - Vocation Ministry","isPartOf":{"@id":"https:\/\/www.vocationministry.com\/es\/#website"},"primaryImageOfPage":{"@id":"https:\/\/www.vocationministry.com\/shop\/vocations-prayer-card\/#primaryimage"},"image":{"@id":"https:\/\/www.vocationministry.com\/shop\/vocations-prayer-card\/#primaryimage"},"thumbnailUrl":"https:\/\/www.vocationministry.com\/wp-content\/uploads\/2024\/03\/Website-Shop-Images.png","datePublished":"2025-07-29T02:38:02+00:00","dateModified":"2026-01-13T14:54:36+00:00","breadcrumb":{"@id":"https:\/\/www.vocationministry.com\/shop\/vocations-prayer-card\/#breadcrumb"},"inLanguage":"es","potentialAction":[{"@type":"ReadAction","target":["https:\/\/www.vocationministry.com\/shop\/vocations-prayer-card\/"]}]},{"@type":"ImageObject","inLanguage":"es","@id":"https:\/\/www.vocationministry.com\/shop\/vocations-prayer-card\/#primaryimage","url":"https:\/\/www.vocationministry.com\/wp-content\/uploads\/2024\/03\/Website-Shop-Images.png","contentUrl":"https:\/\/www.vocationministry.com\/wp-content\/uploads\/2024\/03\/Website-Shop-Images.png","width":1080,"height":1080},{"@type":"BreadcrumbList","@id":"https:\/\/www.vocationministry.com\/shop\/vocations-prayer-card\/#breadcrumb","itemListElement":[{"@type":"ListItem","position":1,"name":"Home","item":"https:\/\/www.vocationministry.com\/"},{"@type":"ListItem","position":2,"name":"Shop","item":"https:\/\/www.vocationministry.com\/shop\/"},{"@type":"ListItem","position":3,"name":"Prayer Card \u2014 Immaculate Heart Prayer for Vocations (Pack of 50)"}]},{"@type":"WebSite","@id":"https:\/\/www.vocationministry.com\/es\/#website","url":"https:\/\/www.vocationministry.com\/es\/","name":"Vocation Ministry","description":"Creando una cultura de vocaciones","publisher":{"@id":"https:\/\/www.vocationministry.com\/es\/#organization"},"potentialAction":[{"@type":"SearchAction","target":{"@type":"EntryPoint","urlTemplate":"https:\/\/www.vocationministry.com\/es\/?s={search_term_string}"},"query-input":{"@type":"PropertyValueSpecification","valueRequired":true,"valueName":"search_term_string"}}],"inLanguage":"es"},{"@type":"Organization","@id":"https:\/\/www.vocationministry.com\/es\/#organization","name":"Vocation Ministry","url":"https:\/\/www.vocationministry.com\/es\/","logo":{"@type":"ImageObject","inLanguage":"es","@id":"https:\/\/www.vocationministry.com\/es\/#\/schema\/logo\/image\/","url":"https:\/\/www.vocationministry.com\/wp-content\/uploads\/2024\/02\/Blue-VM-Logo-white-Background.png","contentUrl":"https:\/\/www.vocationministry.com\/wp-content\/uploads\/2024\/02\/Blue-VM-Logo-white-Background.png","width":2000,"height":1000,"caption":"Vocation Ministry"},"image":{"@id":"https:\/\/www.vocationministry.com\/es\/#\/schema\/logo\/image\/"},"sameAs":["https:\/\/www.facebook.com\/VocationMinistry"]}]}},"featured_img":"https:\/\/www.vocationministry.com\/wp-content\/uploads\/2024\/03\/Website-Shop-Images.png","coauthors":[],"author_meta":{"author_link":"https:\/\/www.vocationministry.com\/es\/author\/ninfa-campomanes\/","display_name":"Ninfa Campomanes"},"relative_dates":{"created":"Publicado 9 meses hace","modified":"Actualizado 3 meses hace"},"absolute_dates":{"created":"Publicado el julio 28, 2025","modified":"Actualizado el enero 13, 2026"},"absolute_dates_time":{"created":"Publicado el julio 28, 2025 9:38 pm","modified":"Actualizado el enero 13, 2026 8:54 am"},"featured_img_caption":"","tax_additional":{"product_brand":{"linked":[],"unlinked":[],"slug":"product_brand","name":"Marcas"},"product_type":{"linked":["<a href=\"https:\/\/www.vocationministry.com\/es\/?taxonomy=product_type&#038;term=simple\" class=\"advgb-post-tax-term\">simple<\/a>"],"unlinked":["<span class=\"advgb-post-tax-term\">simple<\/span>"],"slug":"product_type","name":"Tipo de producto"},"product_visibility":{"linked":[],"unlinked":[],"slug":"product_visibility","name":"Visibilidad del producto"},"product_cat":{"linked":["<a href=\"https:\/\/www.vocationministry.com\/es\/categoria-producto\/prayer-cards\/\" class=\"advgb-post-tax-term\">Prayer Cards<\/a>"],"unlinked":["<span class=\"advgb-post-tax-term\">Prayer Cards<\/span>"],"slug":"product_cat","name":"Categor\u00edas del producto"},"product_tag":{"linked":["<a href=\"https:\/\/www.vocationministry.com\/es\/etiqueta-producto\/parish-resources\/\" class=\"advgb-post-tax-term\">Parish Resources<\/a>","<a href=\"https:\/\/www.vocationministry.com\/es\/etiqueta-producto\/prayer-cards\/\" class=\"advgb-post-tax-term\">Prayer Cards<\/a>"],"unlinked":["<span class=\"advgb-post-tax-term\">Parish Resources<\/span>","<span class=\"advgb-post-tax-term\">Prayer Cards<\/span>"],"slug":"product_tag","name":"Etiquetas del producto"},"product_shipping_class":{"linked":["<a href=\"https:\/\/www.vocationministry.com\/es\/?taxonomy=product_shipping_class&#038;term=standard\" class=\"advgb-post-tax-term\">Standard<\/a>"],"unlinked":["<span class=\"advgb-post-tax-term\">Standard<\/span>"],"slug":"product_shipping_class","name":"Clases de env\u00edo del producto"},"pos_product_visibility":{"linked":[],"unlinked":[],"slug":"pos_product_visibility","name":"Visibilidad del producto en el punto de venta"},"pa_rosary-for-vocations":{"linked":[],"unlinked":[],"slug":"pa_rosary-for-vocations","name":"Rosario por las Vocaciones del producto"},"pa_vocation-ministry-polo":{"linked":[],"unlinked":[],"slug":"pa_vocation-ministry-polo","name":"Polo del producto"}},"series_order":"","_links":{"self":[{"href":"https:\/\/www.vocationministry.com\/es\/wp-json\/wp\/v2\/product\/2157","targetHints":{"allow":["GET"]}}],"collection":[{"href":"https:\/\/www.vocationministry.com\/es\/wp-json\/wp\/v2\/product"}],"about":[{"href":"https:\/\/www.vocationministry.com\/es\/wp-json\/wp\/v2\/types\/product"}],"wp:featuredmedia":[{"embeddable":true,"href":"https:\/\/www.vocationministry.com\/es\/wp-json\/wp\/v2\/media\/3260"}],"wp:attachment":[{"href":"https:\/\/www.vocationministry.com\/es\/wp-json\/wp\/v2\/media?parent=2157"}],"wp:term":[{"taxonomy":"product_brand","embeddable":true,"href":"https:\/\/www.vocationministry.com\/es\/wp-json\/wp\/v2\/product_brand?post=2157"},{"taxonomy":"product_cat","embeddable":true,"href":"https:\/\/www.vocationministry.com\/es\/wp-json\/wp\/v2\/product_cat?post=2157"},{"taxonomy":"product_tag","embeddable":true,"href":"https:\/\/www.vocationministry.com\/es\/wp-json\/wp\/v2\/product_tag?post=2157"}],"curies":[{"name":"Gracias","href":"https:\/\/api.w.org\/{rel}","templated":true}]}}