{"id":2158,"date":"2022-03-21T19:28:44","date_gmt":"2022-03-21T23:28:44","guid":{"rendered":"https:\/\/www.vocationministry.com\/product\/saints-like-me-childrens-board-book-2\/"},"modified":"2024-06-26T16:32:21","modified_gmt":"2024-06-26T21:32:21","slug":"saints-like-me-childrens-board-book","status":"publish","type":"product","link":"https:\/\/www.vocationministry.com\/es\/shop\/saints-like-me-childrens-board-book\/","title":{"rendered":"Santos como yo \u2013 Libro de cart\u00f3n para ni\u00f1os"},"content":{"rendered":"<p class=\"x_MsoNormal\"><em>Santos como yo<\/em> por Lisa Hendey (Libro de mesa para ni\u00f1os)<\/p>\n<p>Lisa Hendey, la autora m\u00e1s vendida de <i>Soy un santo en ciernes<\/i>, presenta un encantador libro de cart\u00f3n para ayudar a los ni\u00f1os peque\u00f1os a descubrir que Dios tiene una misi\u00f3n especial solo para ellos.<\/p>\n<p>Incluso la gente com\u00fan y corriente puede vivir vidas incre\u00edbles. Ese es el mensaje de\u00a0<i>Santos como yo<\/i>, un libro para ayudar a los ni\u00f1os m\u00e1s peque\u00f1os a comprender que Dios tiene un plan y un prop\u00f3sito para sus vidas! No tenemos que ser adultos y no tenemos que hacer grandes cosas. Siempre que hacemos una peque\u00f1a cosa con gran amor, \u00a1somos como Jes\u00fas y los santos!<br aria-hidden=\"true\" \/><br aria-hidden=\"true\" \/><i>Santos como yo<\/i>:<\/p>\n<ul type=\"disc\">\n<li>Les asegura a los ni\u00f1os que Dios los conoce, los ama y los escucha.<\/li>\n<li>Inculca valores de respeto por uno mismo, cuidado de los dem\u00e1s y cuidado de la tierra.<\/li>\n<li>Ayuda a los ni\u00f1os a comprender que Dios los ama incondicionalmente, pase lo que pase.<\/li>\n<li>Es un gran regalo para cumplea\u00f1os, Primera Comuni\u00f3n, D\u00eda de Todos los Santos, ni\u00f1os peque\u00f1os y preescolares.<\/li>\n<\/ul>\n<p>Con ilustraciones caprichosas de Katie Broussard y un texto dulce y sencillo de la popular autora, catequista, madre y abuela cat\u00f3lica Lisa Hendey,\u00a0<i>Santos como yo<\/i>\u00a0Ser\u00e1 un regalo de bienvenida para cada familia joven.<\/p>\n<p><span class=\"a-list-item\"><span class=\"a-text-bold\">Edad de lectura: <\/span>25 a\u00f1os<\/span><\/p>\n<p>16 p\u00e1ginas.<\/p>","protected":false},"excerpt":{"rendered":"<p>Libro de cart\u00f3n para ni\u00f1os de Lisa Hendey: ayuda a los ni\u00f1os m\u00e1s peque\u00f1os a comprender que Dios tiene un plan y un prop\u00f3sito para sus vidas.<\/p>","protected":false},"author":647,"featured_media":3261,"template":"","meta":{"_acf_changed":false,"_et_pb_use_builder":"","_et_pb_old_content":"","_et_gb_content_width":"","advgb_blocks_editor_width":"","advgb_blocks_columns_visual_guide":""},"product_brand":[],"product_cat":[47,62],"product_tag":[44,41,42,43],"class_list":{"0":"post-2158","1":"product","2":"type-product","3":"status-publish","4":"has-post-thumbnail","6":"product_cat-books","7":"product_cat-kids","8":"product_tag-books","9":"product_tag-education-resources","10":"product_tag-gifts","11":"product_tag-kids","12":"product_shipping_class-media-mail","14":"first","15":"instock","16":"taxable","17":"shipping-taxable","18":"purchasable","19":"product-type-simple"},"acf":[],"yoast_head":"<!-- This site is optimized with the Yoast SEO Premium plugin v24.9 (Yoast SEO v27.4) - https:\/\/yoast.com\/product\/yoast-seo-premium-wordpress\/ -->\n<title>Saints Like Me \u2013 Children\u2019s Board Book - Vocation Ministry<\/title>\n<meta name=\"robots\" content=\"index, follow, max-snippet:-1, max-image-preview:large, max-video-preview:-1\" \/>\n<link rel=\"canonical\" href=\"https:\/\/www.vocationministry.com\/es\/shop\/saints-like-me-childrens-board-book\/\" \/>\n<meta property=\"og:locale\" content=\"es_MX\" \/>\n<meta property=\"og:type\" content=\"article\" \/>\n<meta property=\"og:title\" content=\"Saints Like Me \u2013 Children\u2019s Board Book\" \/>\n<meta property=\"og:description\" content=\"Children\u2019s Board Book by Lisa Hendey - helps the youngest children understand that God has a plan and a purpose for their lives.\" \/>\n<meta property=\"og:url\" content=\"https:\/\/www.vocationministry.com\/es\/shop\/saints-like-me-childrens-board-book\/\" \/>\n<meta property=\"og:site_name\" content=\"Vocation Ministry\" \/>\n<meta property=\"article:publisher\" content=\"https:\/\/www.facebook.com\/VocationMinistry\" \/>\n<meta property=\"article:modified_time\" content=\"2024-06-26T21:32:21+00:00\" \/>\n<meta property=\"og:image\" content=\"https:\/\/www.vocationministry.com\/wp-content\/uploads\/2024\/07\/Blue-VM-Logo-white-Background.png\" \/>\n\t<meta property=\"og:image:width\" content=\"2000\" \/>\n\t<meta property=\"og:image:height\" content=\"1000\" \/>\n\t<meta property=\"og:image:type\" content=\"image\/png\" \/><meta property=\"og:image\" content=\"https:\/\/www.vocationministry.com\/wp-content\/uploads\/2024\/03\/14-1024x1024.png\" \/>\n\t<meta property=\"og:image:width\" content=\"1024\" \/>\n\t<meta property=\"og:image:height\" content=\"1024\" \/>\n\t<meta property=\"og:image:type\" content=\"image\/png\" \/>\n<meta name=\"twitter:card\" content=\"summary_large_image\" \/>\n<meta name=\"twitter:label1\" content=\"Tiempo de lectura\" \/>\n\t<meta name=\"twitter:data1\" content=\"1 minuto\" \/>\n<script type=\"application\/ld+json\" class=\"yoast-schema-graph\">{\"@context\":\"https:\\\/\\\/schema.org\",\"@graph\":[{\"@type\":\"WebPage\",\"@id\":\"https:\\\/\\\/www.vocationministry.com\\\/shop\\\/saints-like-me-childrens-board-book\\\/\",\"url\":\"https:\\\/\\\/www.vocationministry.com\\\/shop\\\/saints-like-me-childrens-board-book\\\/\",\"name\":\"Saints Like Me \u2013 Children\u2019s Board Book - Vocation Ministry\",\"isPartOf\":{\"@id\":\"https:\\\/\\\/www.vocationministry.com\\\/es\\\/#website\"},\"primaryImageOfPage\":{\"@id\":\"https:\\\/\\\/www.vocationministry.com\\\/shop\\\/saints-like-me-childrens-board-book\\\/#primaryimage\"},\"image\":{\"@id\":\"https:\\\/\\\/www.vocationministry.com\\\/shop\\\/saints-like-me-childrens-board-book\\\/#primaryimage\"},\"thumbnailUrl\":\"https:\\\/\\\/www.vocationministry.com\\\/wp-content\\\/uploads\\\/2024\\\/03\\\/14.png\",\"datePublished\":\"2022-03-21T23:28:44+00:00\",\"dateModified\":\"2024-06-26T21:32:21+00:00\",\"breadcrumb\":{\"@id\":\"https:\\\/\\\/www.vocationministry.com\\\/shop\\\/saints-like-me-childrens-board-book\\\/#breadcrumb\"},\"inLanguage\":\"es\",\"potentialAction\":[{\"@type\":\"ReadAction\",\"target\":[\"https:\\\/\\\/www.vocationministry.com\\\/shop\\\/saints-like-me-childrens-board-book\\\/\"]}]},{\"@type\":\"ImageObject\",\"inLanguage\":\"es\",\"@id\":\"https:\\\/\\\/www.vocationministry.com\\\/shop\\\/saints-like-me-childrens-board-book\\\/#primaryimage\",\"url\":\"https:\\\/\\\/www.vocationministry.com\\\/wp-content\\\/uploads\\\/2024\\\/03\\\/14.png\",\"contentUrl\":\"https:\\\/\\\/www.vocationministry.com\\\/wp-content\\\/uploads\\\/2024\\\/03\\\/14.png\",\"width\":2048,\"height\":2048},{\"@type\":\"BreadcrumbList\",\"@id\":\"https:\\\/\\\/www.vocationministry.com\\\/shop\\\/saints-like-me-childrens-board-book\\\/#breadcrumb\",\"itemListElement\":[{\"@type\":\"ListItem\",\"position\":1,\"name\":\"Home\",\"item\":\"https:\\\/\\\/www.vocationministry.com\\\/\"},{\"@type\":\"ListItem\",\"position\":2,\"name\":\"Shop\",\"item\":\"https:\\\/\\\/www.vocationministry.com\\\/shop\\\/\"},{\"@type\":\"ListItem\",\"position\":3,\"name\":\"Saints Like Me \u2013 Children\u2019s Board Book\"}]},{\"@type\":\"WebSite\",\"@id\":\"https:\\\/\\\/www.vocationministry.com\\\/es\\\/#website\",\"url\":\"https:\\\/\\\/www.vocationministry.com\\\/es\\\/\",\"name\":\"Vocation Ministry\",\"description\":\"Creating A Culture of Vocations\",\"publisher\":{\"@id\":\"https:\\\/\\\/www.vocationministry.com\\\/es\\\/#organization\"},\"potentialAction\":[{\"@type\":\"SearchAction\",\"target\":{\"@type\":\"EntryPoint\",\"urlTemplate\":\"https:\\\/\\\/www.vocationministry.com\\\/es\\\/?s={search_term_string}\"},\"query-input\":{\"@type\":\"PropertyValueSpecification\",\"valueRequired\":true,\"valueName\":\"search_term_string\"}}],\"inLanguage\":\"es\"},{\"@type\":\"Organization\",\"@id\":\"https:\\\/\\\/www.vocationministry.com\\\/es\\\/#organization\",\"name\":\"Vocation Ministry\",\"url\":\"https:\\\/\\\/www.vocationministry.com\\\/es\\\/\",\"logo\":{\"@type\":\"ImageObject\",\"inLanguage\":\"es\",\"@id\":\"https:\\\/\\\/www.vocationministry.com\\\/es\\\/#\\\/schema\\\/logo\\\/image\\\/\",\"url\":\"https:\\\/\\\/www.vocationministry.com\\\/wp-content\\\/uploads\\\/2024\\\/02\\\/Blue-VM-Logo-white-Background.png\",\"contentUrl\":\"https:\\\/\\\/www.vocationministry.com\\\/wp-content\\\/uploads\\\/2024\\\/02\\\/Blue-VM-Logo-white-Background.png\",\"width\":2000,\"height\":1000,\"caption\":\"Vocation Ministry\"},\"image\":{\"@id\":\"https:\\\/\\\/www.vocationministry.com\\\/es\\\/#\\\/schema\\\/logo\\\/image\\\/\"},\"sameAs\":[\"https:\\\/\\\/www.facebook.com\\\/VocationMinistry\"]}]}<\/script>\n<!-- \/ Yoast SEO Premium plugin. -->","yoast_head_json":{"title":"Santos como yo \u2013 Libro infantil de cart\u00f3n - Vocation Ministry","robots":{"index":"index","follow":"follow","max-snippet":"max-snippet:-1","max-image-preview":"max-image-preview:large","max-video-preview":"max-video-preview:-1"},"canonical":"https:\/\/www.vocationministry.com\/es\/shop\/saints-like-me-childrens-board-book\/","og_locale":"es_MX","og_type":"article","og_title":"Saints Like Me \u2013 Children\u2019s Board Book","og_description":"Children\u2019s Board Book by Lisa Hendey - helps the youngest children understand that God has a plan and a purpose for their lives.","og_url":"https:\/\/www.vocationministry.com\/es\/shop\/saints-like-me-childrens-board-book\/","og_site_name":"Vocation Ministry","article_publisher":"https:\/\/www.facebook.com\/VocationMinistry","article_modified_time":"2024-06-26T21:32:21+00:00","og_image":[{"width":2000,"height":1000,"url":"https:\/\/www.vocationministry.com\/wp-content\/uploads\/2024\/07\/Blue-VM-Logo-white-Background.png","type":"image\/png"},{"width":1024,"height":1024,"url":"https:\/\/www.vocationministry.com\/wp-content\/uploads\/2024\/03\/14-1024x1024.png","type":"image\/png"}],"twitter_card":"summary_large_image","twitter_misc":{"Tiempo de lectura":"1 minuto"},"schema":{"@context":"https:\/\/schema.org","@graph":[{"@type":"WebPage","@id":"https:\/\/www.vocationministry.com\/shop\/saints-like-me-childrens-board-book\/","url":"https:\/\/www.vocationministry.com\/shop\/saints-like-me-childrens-board-book\/","name":"Santos como yo \u2013 Libro infantil de cart\u00f3n - Vocation Ministry","isPartOf":{"@id":"https:\/\/www.vocationministry.com\/es\/#website"},"primaryImageOfPage":{"@id":"https:\/\/www.vocationministry.com\/shop\/saints-like-me-childrens-board-book\/#primaryimage"},"image":{"@id":"https:\/\/www.vocationministry.com\/shop\/saints-like-me-childrens-board-book\/#primaryimage"},"thumbnailUrl":"https:\/\/www.vocationministry.com\/wp-content\/uploads\/2024\/03\/14.png","datePublished":"2022-03-21T23:28:44+00:00","dateModified":"2024-06-26T21:32:21+00:00","breadcrumb":{"@id":"https:\/\/www.vocationministry.com\/shop\/saints-like-me-childrens-board-book\/#breadcrumb"},"inLanguage":"es","potentialAction":[{"@type":"ReadAction","target":["https:\/\/www.vocationministry.com\/shop\/saints-like-me-childrens-board-book\/"]}]},{"@type":"ImageObject","inLanguage":"es","@id":"https:\/\/www.vocationministry.com\/shop\/saints-like-me-childrens-board-book\/#primaryimage","url":"https:\/\/www.vocationministry.com\/wp-content\/uploads\/2024\/03\/14.png","contentUrl":"https:\/\/www.vocationministry.com\/wp-content\/uploads\/2024\/03\/14.png","width":2048,"height":2048},{"@type":"BreadcrumbList","@id":"https:\/\/www.vocationministry.com\/shop\/saints-like-me-childrens-board-book\/#breadcrumb","itemListElement":[{"@type":"ListItem","position":1,"name":"Home","item":"https:\/\/www.vocationministry.com\/"},{"@type":"ListItem","position":2,"name":"Shop","item":"https:\/\/www.vocationministry.com\/shop\/"},{"@type":"ListItem","position":3,"name":"Saints Like Me \u2013 Children\u2019s Board Book"}]},{"@type":"WebSite","@id":"https:\/\/www.vocationministry.com\/es\/#website","url":"https:\/\/www.vocationministry.com\/es\/","name":"Vocation Ministry","description":"Creando una cultura de vocaciones","publisher":{"@id":"https:\/\/www.vocationministry.com\/es\/#organization"},"potentialAction":[{"@type":"SearchAction","target":{"@type":"EntryPoint","urlTemplate":"https:\/\/www.vocationministry.com\/es\/?s={search_term_string}"},"query-input":{"@type":"PropertyValueSpecification","valueRequired":true,"valueName":"search_term_string"}}],"inLanguage":"es"},{"@type":"Organization","@id":"https:\/\/www.vocationministry.com\/es\/#organization","name":"Vocation Ministry","url":"https:\/\/www.vocationministry.com\/es\/","logo":{"@type":"ImageObject","inLanguage":"es","@id":"https:\/\/www.vocationministry.com\/es\/#\/schema\/logo\/image\/","url":"https:\/\/www.vocationministry.com\/wp-content\/uploads\/2024\/02\/Blue-VM-Logo-white-Background.png","contentUrl":"https:\/\/www.vocationministry.com\/wp-content\/uploads\/2024\/02\/Blue-VM-Logo-white-Background.png","width":2000,"height":1000,"caption":"Vocation Ministry"},"image":{"@id":"https:\/\/www.vocationministry.com\/es\/#\/schema\/logo\/image\/"},"sameAs":["https:\/\/www.facebook.com\/VocationMinistry"]}]}},"featured_img":"https:\/\/www.vocationministry.com\/wp-content\/uploads\/2024\/03\/14.png","coauthors":[],"author_meta":{"author_link":"https:\/\/www.vocationministry.com\/es\/author\/ninfa-campomanes\/","display_name":"Ninfa Campomanes"},"relative_dates":{"created":"Publicado 4 a\u00f1os hace","modified":"Actualizado 2 a\u00f1os hace"},"absolute_dates":{"created":"Publicado el marzo 21, 2022","modified":"Actualizado el junio 26, 2024"},"absolute_dates_time":{"created":"Publicado el marzo 21, 2022 7:28 pm","modified":"Actualizado el junio 26, 2024 4:32 pm"},"featured_img_caption":"","tax_additional":{"product_brand":{"linked":[],"unlinked":[],"slug":"product_brand","name":"Marcas"},"product_type":{"linked":["<a href=\"https:\/\/www.vocationministry.com\/es\/?taxonomy=product_type&#038;term=simple\" class=\"advgb-post-tax-term\">simple<\/a>"],"unlinked":["<span class=\"advgb-post-tax-term\">simple<\/span>"],"slug":"product_type","name":"Tipo de producto"},"product_visibility":{"linked":[],"unlinked":[],"slug":"product_visibility","name":"Visibilidad del producto"},"product_cat":{"linked":["<a href=\"https:\/\/www.vocationministry.com\/es\/categoria-producto\/books\/\" class=\"advgb-post-tax-term\">Books<\/a>","<a href=\"https:\/\/www.vocationministry.com\/es\/categoria-producto\/kids\/\" class=\"advgb-post-tax-term\">Kids<\/a>"],"unlinked":["<span class=\"advgb-post-tax-term\">Books<\/span>","<span class=\"advgb-post-tax-term\">Kids<\/span>"],"slug":"product_cat","name":"Categor\u00edas del producto"},"product_tag":{"linked":["<a href=\"https:\/\/www.vocationministry.com\/es\/etiqueta-producto\/books\/\" class=\"advgb-post-tax-term\">Books<\/a>","<a href=\"https:\/\/www.vocationministry.com\/es\/etiqueta-producto\/education-resources\/\" class=\"advgb-post-tax-term\">Education Resources<\/a>","<a href=\"https:\/\/www.vocationministry.com\/es\/etiqueta-producto\/gifts\/\" class=\"advgb-post-tax-term\">Gifts<\/a>","<a href=\"https:\/\/www.vocationministry.com\/es\/etiqueta-producto\/kids\/\" class=\"advgb-post-tax-term\">Kids<\/a>"],"unlinked":["<span class=\"advgb-post-tax-term\">Books<\/span>","<span class=\"advgb-post-tax-term\">Education Resources<\/span>","<span class=\"advgb-post-tax-term\">Gifts<\/span>","<span class=\"advgb-post-tax-term\">Kids<\/span>"],"slug":"product_tag","name":"Etiquetas del producto"},"product_shipping_class":{"linked":["<a href=\"https:\/\/www.vocationministry.com\/es\/?taxonomy=product_shipping_class&#038;term=media-mail\" class=\"advgb-post-tax-term\">Media Mail<\/a>"],"unlinked":["<span class=\"advgb-post-tax-term\">Media Mail<\/span>"],"slug":"product_shipping_class","name":"Clases de env\u00edo del producto"},"pos_product_visibility":{"linked":[],"unlinked":[],"slug":"pos_product_visibility","name":"Visibilidad del producto en el punto de venta"},"pa_rosary-for-vocations":{"linked":[],"unlinked":[],"slug":"pa_rosary-for-vocations","name":"Rosario por las Vocaciones del producto"},"pa_vocation-ministry-polo":{"linked":[],"unlinked":[],"slug":"pa_vocation-ministry-polo","name":"Polo del producto"}},"series_order":"","_links":{"self":[{"href":"https:\/\/www.vocationministry.com\/es\/wp-json\/wp\/v2\/product\/2158","targetHints":{"allow":["GET"]}}],"collection":[{"href":"https:\/\/www.vocationministry.com\/es\/wp-json\/wp\/v2\/product"}],"about":[{"href":"https:\/\/www.vocationministry.com\/es\/wp-json\/wp\/v2\/types\/product"}],"wp:featuredmedia":[{"embeddable":true,"href":"https:\/\/www.vocationministry.com\/es\/wp-json\/wp\/v2\/media\/3261"}],"wp:attachment":[{"href":"https:\/\/www.vocationministry.com\/es\/wp-json\/wp\/v2\/media?parent=2158"}],"wp:term":[{"taxonomy":"product_brand","embeddable":true,"href":"https:\/\/www.vocationministry.com\/es\/wp-json\/wp\/v2\/product_brand?post=2158"},{"taxonomy":"product_cat","embeddable":true,"href":"https:\/\/www.vocationministry.com\/es\/wp-json\/wp\/v2\/product_cat?post=2158"},{"taxonomy":"product_tag","embeddable":true,"href":"https:\/\/www.vocationministry.com\/es\/wp-json\/wp\/v2\/product_tag?post=2158"}],"curies":[{"name":"Gracias","href":"https:\/\/api.w.org\/{rel}","templated":true}]}}