{"id":2165,"date":"2022-09-26T18:51:52","date_gmt":"2022-09-26T22:51:52","guid":{"rendered":"https:\/\/www.vocationministry.com\/product\/prayer-card-vocation-prayer-for-children\/"},"modified":"2025-04-10T15:38:46","modified_gmt":"2025-04-10T20:38:46","slug":"prayer-card-vocation-prayer-for-children","status":"publish","type":"product","link":"https:\/\/www.vocationministry.com\/es\/shop\/prayer-card-vocation-prayer-for-children\/","title":{"rendered":"Estampilla de oraci\u00f3n \u2014 Oraci\u00f3n vocacional para ni\u00f1os (paquete de 50)"},"content":{"rendered":"<p>Una hermosa Oraci\u00f3n Vocacional para Ni\u00f1os de 2.5\u201d x 4\u201d (tama\u00f1o tarjeta de presentaci\u00f3n) presenta una imagen de la Sagrada Familia en el frente y una oraci\u00f3n vocacional en el reverso.<\/p>\n<p><em>*Se vende en paquetes de 50.<\/em><\/p>\n<p style=\"text-align: center;\"><strong>Oraci\u00f3n Vocacional por los Ni\u00f1os:<\/strong><\/p>\n<div class=\"page\" title=\"P\u00e1gina 2\">\n<div class=\"section\">\n<div class=\"layoutArea\">\n<div class=\"column\">\n<p style=\"text-align: center;\">Oh Jes\u00fas, te amo,<br \/>\ny quiero amarte m\u00e1s.<\/p>\n<p style=\"text-align: center;\">Cuando me creaste,<br \/>\nme diste un plan,<br \/>\nuna misi\u00f3n especial en Tu Iglesia.<\/p>\n<p style=\"text-align: center;\">Ay\u00fadame a saber, entender,<br \/>\ny acepto Tu plan para mi vida<br \/>\npara que pueda llevar a cabo tu misi\u00f3n<br \/>\ny ayudar a otros a llegar a conocerte.<\/p>\n<p style=\"text-align: center;\">Como nuestra Sant\u00edsima Madre,<br \/>\ndame la sabidur\u00eda para escuchar tu voz<br \/>\ny el coraje para responder a Tu llamado.<\/p>\n<p style=\"text-align: center;\">Como sea que me llames a vivir: casarme o estar<br \/>\nun sacerdote, hermana o hermano, ay\u00fadame a amarte m\u00e1s<br \/>\namando a los dem\u00e1s como los amas.<\/p>\n<p style=\"text-align: center;\">Am\u00e9n.<\/p>\n<\/div>\n<\/div>\n<\/div>\n<\/div>","protected":false},"excerpt":{"rendered":"<p>Esta tarjeta de oraci\u00f3n puede ser utilizada como oraci\u00f3n diaria o semanal por familias y estudiantes en clases de catecismo o escuelas cat\u00f3licas para ayudarlos a estar abiertos al plan de Dios en sus vidas.<\/p>","protected":false},"author":647,"featured_media":3267,"template":"","meta":{"_acf_changed":false,"_et_pb_use_builder":"","_et_pb_old_content":"","_et_gb_content_width":"","advgb_blocks_editor_width":"","advgb_blocks_columns_visual_guide":""},"product_brand":[],"product_cat":[62,54],"product_tag":[41,43,55],"class_list":{"0":"post-2165","1":"product","2":"type-product","3":"status-publish","4":"has-post-thumbnail","6":"product_cat-kids","7":"product_cat-prayer-cards","8":"product_tag-education-resources","9":"product_tag-kids","10":"product_tag-prayer-cards","11":"product_shipping_class-standard","13":"first","14":"instock","15":"taxable","16":"shipping-taxable","17":"purchasable","18":"product-type-simple"},"acf":[],"yoast_head":"<!-- This site is optimized with the Yoast SEO Premium plugin v24.9 (Yoast SEO v27.5) - https:\/\/yoast.com\/product\/yoast-seo-premium-wordpress\/ -->\n<title>Prayer Card \u2014 Vocation Prayer for Children (Pack of 50) - Vocation Ministry<\/title>\n<meta name=\"robots\" content=\"index, follow, max-snippet:-1, max-image-preview:large, max-video-preview:-1\" \/>\n<link rel=\"canonical\" href=\"https:\/\/www.vocationministry.com\/es\/shop\/prayer-card-vocation-prayer-for-children\/\" \/>\n<meta property=\"og:locale\" content=\"es_MX\" \/>\n<meta property=\"og:type\" content=\"article\" \/>\n<meta property=\"og:title\" content=\"Prayer Card \u2014 Vocation Prayer for Children (Pack of 50)\" \/>\n<meta property=\"og:description\" content=\"This prayer card can be used as a daily or weekly prayer by families and students in catechism classes or Catholic schools to help them to be open to God\u2019s plan in their lives.\" \/>\n<meta property=\"og:url\" content=\"https:\/\/www.vocationministry.com\/es\/shop\/prayer-card-vocation-prayer-for-children\/\" \/>\n<meta property=\"og:site_name\" content=\"Vocation Ministry\" \/>\n<meta property=\"article:publisher\" content=\"https:\/\/www.facebook.com\/VocationMinistry\" \/>\n<meta property=\"article:modified_time\" content=\"2025-04-10T20:38:46+00:00\" \/>\n<meta property=\"og:image\" content=\"https:\/\/www.vocationministry.com\/wp-content\/uploads\/2024\/07\/Blue-VM-Logo-white-Background.png\" \/>\n\t<meta property=\"og:image:width\" content=\"2000\" \/>\n\t<meta property=\"og:image:height\" content=\"1000\" \/>\n\t<meta property=\"og:image:type\" content=\"image\/png\" \/><meta property=\"og:image\" content=\"https:\/\/www.vocationministry.com\/wp-content\/uploads\/2024\/03\/19.png\" \/>\n\t<meta property=\"og:image:width\" content=\"1080\" \/>\n\t<meta property=\"og:image:height\" content=\"1080\" \/>\n\t<meta property=\"og:image:type\" content=\"image\/png\" \/>\n<meta name=\"twitter:card\" content=\"summary_large_image\" \/>\n<meta name=\"twitter:label1\" content=\"Tiempo de lectura\" \/>\n\t<meta name=\"twitter:data1\" content=\"1 minuto\" \/>\n<script type=\"application\/ld+json\" class=\"yoast-schema-graph\">{\"@context\":\"https:\\\/\\\/schema.org\",\"@graph\":[{\"@type\":\"WebPage\",\"@id\":\"https:\\\/\\\/www.vocationministry.com\\\/shop\\\/prayer-card-vocation-prayer-for-children\\\/\",\"url\":\"https:\\\/\\\/www.vocationministry.com\\\/shop\\\/prayer-card-vocation-prayer-for-children\\\/\",\"name\":\"Prayer Card \u2014 Vocation Prayer for Children (Pack of 50) - Vocation Ministry\",\"isPartOf\":{\"@id\":\"https:\\\/\\\/www.vocationministry.com\\\/es\\\/#website\"},\"primaryImageOfPage\":{\"@id\":\"https:\\\/\\\/www.vocationministry.com\\\/shop\\\/prayer-card-vocation-prayer-for-children\\\/#primaryimage\"},\"image\":{\"@id\":\"https:\\\/\\\/www.vocationministry.com\\\/shop\\\/prayer-card-vocation-prayer-for-children\\\/#primaryimage\"},\"thumbnailUrl\":\"https:\\\/\\\/www.vocationministry.com\\\/wp-content\\\/uploads\\\/2024\\\/03\\\/19.png\",\"datePublished\":\"2022-09-26T22:51:52+00:00\",\"dateModified\":\"2025-04-10T20:38:46+00:00\",\"breadcrumb\":{\"@id\":\"https:\\\/\\\/www.vocationministry.com\\\/shop\\\/prayer-card-vocation-prayer-for-children\\\/#breadcrumb\"},\"inLanguage\":\"es\",\"potentialAction\":[{\"@type\":\"ReadAction\",\"target\":[\"https:\\\/\\\/www.vocationministry.com\\\/shop\\\/prayer-card-vocation-prayer-for-children\\\/\"]}]},{\"@type\":\"ImageObject\",\"inLanguage\":\"es\",\"@id\":\"https:\\\/\\\/www.vocationministry.com\\\/shop\\\/prayer-card-vocation-prayer-for-children\\\/#primaryimage\",\"url\":\"https:\\\/\\\/www.vocationministry.com\\\/wp-content\\\/uploads\\\/2024\\\/03\\\/19.png\",\"contentUrl\":\"https:\\\/\\\/www.vocationministry.com\\\/wp-content\\\/uploads\\\/2024\\\/03\\\/19.png\",\"width\":1080,\"height\":1080},{\"@type\":\"BreadcrumbList\",\"@id\":\"https:\\\/\\\/www.vocationministry.com\\\/shop\\\/prayer-card-vocation-prayer-for-children\\\/#breadcrumb\",\"itemListElement\":[{\"@type\":\"ListItem\",\"position\":1,\"name\":\"Home\",\"item\":\"https:\\\/\\\/www.vocationministry.com\\\/\"},{\"@type\":\"ListItem\",\"position\":2,\"name\":\"Shop\",\"item\":\"https:\\\/\\\/www.vocationministry.com\\\/shop\\\/\"},{\"@type\":\"ListItem\",\"position\":3,\"name\":\"Prayer Card \u2014 Vocation Prayer for Children (Pack of 50)\"}]},{\"@type\":\"WebSite\",\"@id\":\"https:\\\/\\\/www.vocationministry.com\\\/es\\\/#website\",\"url\":\"https:\\\/\\\/www.vocationministry.com\\\/es\\\/\",\"name\":\"Vocation Ministry\",\"description\":\"Creating A Culture of Vocations\",\"publisher\":{\"@id\":\"https:\\\/\\\/www.vocationministry.com\\\/es\\\/#organization\"},\"potentialAction\":[{\"@type\":\"SearchAction\",\"target\":{\"@type\":\"EntryPoint\",\"urlTemplate\":\"https:\\\/\\\/www.vocationministry.com\\\/es\\\/?s={search_term_string}\"},\"query-input\":{\"@type\":\"PropertyValueSpecification\",\"valueRequired\":true,\"valueName\":\"search_term_string\"}}],\"inLanguage\":\"es\"},{\"@type\":\"Organization\",\"@id\":\"https:\\\/\\\/www.vocationministry.com\\\/es\\\/#organization\",\"name\":\"Vocation Ministry\",\"url\":\"https:\\\/\\\/www.vocationministry.com\\\/es\\\/\",\"logo\":{\"@type\":\"ImageObject\",\"inLanguage\":\"es\",\"@id\":\"https:\\\/\\\/www.vocationministry.com\\\/es\\\/#\\\/schema\\\/logo\\\/image\\\/\",\"url\":\"https:\\\/\\\/www.vocationministry.com\\\/wp-content\\\/uploads\\\/2024\\\/02\\\/Blue-VM-Logo-white-Background.png\",\"contentUrl\":\"https:\\\/\\\/www.vocationministry.com\\\/wp-content\\\/uploads\\\/2024\\\/02\\\/Blue-VM-Logo-white-Background.png\",\"width\":2000,\"height\":1000,\"caption\":\"Vocation Ministry\"},\"image\":{\"@id\":\"https:\\\/\\\/www.vocationministry.com\\\/es\\\/#\\\/schema\\\/logo\\\/image\\\/\"},\"sameAs\":[\"https:\\\/\\\/www.facebook.com\\\/VocationMinistry\"]}]}<\/script>\n<!-- \/ Yoast SEO Premium plugin. -->","yoast_head_json":{"title":"Tarjeta de oraci\u00f3n \u2014 Oraci\u00f3n por las vocaciones de los ni\u00f1os (paquete de 50) - Vocation Ministry","robots":{"index":"index","follow":"follow","max-snippet":"max-snippet:-1","max-image-preview":"max-image-preview:large","max-video-preview":"max-video-preview:-1"},"canonical":"https:\/\/www.vocationministry.com\/es\/shop\/prayer-card-vocation-prayer-for-children\/","og_locale":"es_MX","og_type":"article","og_title":"Prayer Card \u2014 Vocation Prayer for Children (Pack of 50)","og_description":"This prayer card can be used as a daily or weekly prayer by families and students in catechism classes or Catholic schools to help them to be open to God\u2019s plan in their lives.","og_url":"https:\/\/www.vocationministry.com\/es\/shop\/prayer-card-vocation-prayer-for-children\/","og_site_name":"Vocation Ministry","article_publisher":"https:\/\/www.facebook.com\/VocationMinistry","article_modified_time":"2025-04-10T20:38:46+00:00","og_image":[{"width":2000,"height":1000,"url":"https:\/\/www.vocationministry.com\/wp-content\/uploads\/2024\/07\/Blue-VM-Logo-white-Background.png","type":"image\/png"},{"width":1080,"height":1080,"url":"https:\/\/www.vocationministry.com\/wp-content\/uploads\/2024\/03\/19.png","type":"image\/png"}],"twitter_card":"summary_large_image","twitter_misc":{"Tiempo de lectura":"1 minuto"},"schema":{"@context":"https:\/\/schema.org","@graph":[{"@type":"WebPage","@id":"https:\/\/www.vocationministry.com\/shop\/prayer-card-vocation-prayer-for-children\/","url":"https:\/\/www.vocationministry.com\/shop\/prayer-card-vocation-prayer-for-children\/","name":"Tarjeta de oraci\u00f3n \u2014 Oraci\u00f3n por las vocaciones de los ni\u00f1os (paquete de 50) - Vocation Ministry","isPartOf":{"@id":"https:\/\/www.vocationministry.com\/es\/#website"},"primaryImageOfPage":{"@id":"https:\/\/www.vocationministry.com\/shop\/prayer-card-vocation-prayer-for-children\/#primaryimage"},"image":{"@id":"https:\/\/www.vocationministry.com\/shop\/prayer-card-vocation-prayer-for-children\/#primaryimage"},"thumbnailUrl":"https:\/\/www.vocationministry.com\/wp-content\/uploads\/2024\/03\/19.png","datePublished":"2022-09-26T22:51:52+00:00","dateModified":"2025-04-10T20:38:46+00:00","breadcrumb":{"@id":"https:\/\/www.vocationministry.com\/shop\/prayer-card-vocation-prayer-for-children\/#breadcrumb"},"inLanguage":"es","potentialAction":[{"@type":"ReadAction","target":["https:\/\/www.vocationministry.com\/shop\/prayer-card-vocation-prayer-for-children\/"]}]},{"@type":"ImageObject","inLanguage":"es","@id":"https:\/\/www.vocationministry.com\/shop\/prayer-card-vocation-prayer-for-children\/#primaryimage","url":"https:\/\/www.vocationministry.com\/wp-content\/uploads\/2024\/03\/19.png","contentUrl":"https:\/\/www.vocationministry.com\/wp-content\/uploads\/2024\/03\/19.png","width":1080,"height":1080},{"@type":"BreadcrumbList","@id":"https:\/\/www.vocationministry.com\/shop\/prayer-card-vocation-prayer-for-children\/#breadcrumb","itemListElement":[{"@type":"ListItem","position":1,"name":"Home","item":"https:\/\/www.vocationministry.com\/"},{"@type":"ListItem","position":2,"name":"Shop","item":"https:\/\/www.vocationministry.com\/shop\/"},{"@type":"ListItem","position":3,"name":"Prayer Card \u2014 Vocation Prayer for Children (Pack of 50)"}]},{"@type":"WebSite","@id":"https:\/\/www.vocationministry.com\/es\/#website","url":"https:\/\/www.vocationministry.com\/es\/","name":"Vocation Ministry","description":"Creando una cultura de vocaciones","publisher":{"@id":"https:\/\/www.vocationministry.com\/es\/#organization"},"potentialAction":[{"@type":"SearchAction","target":{"@type":"EntryPoint","urlTemplate":"https:\/\/www.vocationministry.com\/es\/?s={search_term_string}"},"query-input":{"@type":"PropertyValueSpecification","valueRequired":true,"valueName":"search_term_string"}}],"inLanguage":"es"},{"@type":"Organization","@id":"https:\/\/www.vocationministry.com\/es\/#organization","name":"Vocation Ministry","url":"https:\/\/www.vocationministry.com\/es\/","logo":{"@type":"ImageObject","inLanguage":"es","@id":"https:\/\/www.vocationministry.com\/es\/#\/schema\/logo\/image\/","url":"https:\/\/www.vocationministry.com\/wp-content\/uploads\/2024\/02\/Blue-VM-Logo-white-Background.png","contentUrl":"https:\/\/www.vocationministry.com\/wp-content\/uploads\/2024\/02\/Blue-VM-Logo-white-Background.png","width":2000,"height":1000,"caption":"Vocation Ministry"},"image":{"@id":"https:\/\/www.vocationministry.com\/es\/#\/schema\/logo\/image\/"},"sameAs":["https:\/\/www.facebook.com\/VocationMinistry"]}]}},"featured_img":"https:\/\/www.vocationministry.com\/wp-content\/uploads\/2024\/03\/19.png","coauthors":[],"author_meta":{"author_link":"https:\/\/www.vocationministry.com\/es\/author\/ninfa-campomanes\/","display_name":"Ninfa Campomanes"},"relative_dates":{"created":"Publicado 4 a\u00f1os hace","modified":"Actualizado 1 a\u00f1o hace"},"absolute_dates":{"created":"Publicado el septiembre 26, 2022","modified":"Actualizado el abril 10, 2025"},"absolute_dates_time":{"created":"Publicado el septiembre 26, 2022 6:51 pm","modified":"Actualizado el abril 10, 2025 3:38 pm"},"featured_img_caption":"","tax_additional":{"product_brand":{"linked":[],"unlinked":[],"slug":"product_brand","name":"Marcas"},"product_type":{"linked":["<a href=\"https:\/\/www.vocationministry.com\/es\/?taxonomy=product_type&#038;term=simple\" class=\"advgb-post-tax-term\">simple<\/a>"],"unlinked":["<span class=\"advgb-post-tax-term\">simple<\/span>"],"slug":"product_type","name":"Tipo de producto"},"product_visibility":{"linked":[],"unlinked":[],"slug":"product_visibility","name":"Visibilidad del producto"},"product_cat":{"linked":["<a href=\"https:\/\/www.vocationministry.com\/es\/categoria-producto\/kids\/\" class=\"advgb-post-tax-term\">Kids<\/a>","<a href=\"https:\/\/www.vocationministry.com\/es\/categoria-producto\/prayer-cards\/\" class=\"advgb-post-tax-term\">Prayer Cards<\/a>"],"unlinked":["<span class=\"advgb-post-tax-term\">Kids<\/span>","<span class=\"advgb-post-tax-term\">Prayer Cards<\/span>"],"slug":"product_cat","name":"Categor\u00edas del producto"},"product_tag":{"linked":["<a href=\"https:\/\/www.vocationministry.com\/es\/etiqueta-producto\/education-resources\/\" class=\"advgb-post-tax-term\">Education Resources<\/a>","<a href=\"https:\/\/www.vocationministry.com\/es\/etiqueta-producto\/kids\/\" class=\"advgb-post-tax-term\">Kids<\/a>","<a href=\"https:\/\/www.vocationministry.com\/es\/etiqueta-producto\/prayer-cards\/\" class=\"advgb-post-tax-term\">Prayer Cards<\/a>"],"unlinked":["<span class=\"advgb-post-tax-term\">Education Resources<\/span>","<span class=\"advgb-post-tax-term\">Kids<\/span>","<span class=\"advgb-post-tax-term\">Prayer Cards<\/span>"],"slug":"product_tag","name":"Etiquetas del producto"},"product_shipping_class":{"linked":["<a href=\"https:\/\/www.vocationministry.com\/es\/?taxonomy=product_shipping_class&#038;term=standard\" class=\"advgb-post-tax-term\">Standard<\/a>"],"unlinked":["<span class=\"advgb-post-tax-term\">Standard<\/span>"],"slug":"product_shipping_class","name":"Clases de env\u00edo del producto"},"pos_product_visibility":{"linked":[],"unlinked":[],"slug":"pos_product_visibility","name":"Visibilidad del producto en el punto de venta"},"pa_rosary-for-vocations":{"linked":[],"unlinked":[],"slug":"pa_rosary-for-vocations","name":"Rosario por las Vocaciones del producto"},"pa_vocation-ministry-polo":{"linked":[],"unlinked":[],"slug":"pa_vocation-ministry-polo","name":"Polo del producto"}},"series_order":"","_links":{"self":[{"href":"https:\/\/www.vocationministry.com\/es\/wp-json\/wp\/v2\/product\/2165","targetHints":{"allow":["GET"]}}],"collection":[{"href":"https:\/\/www.vocationministry.com\/es\/wp-json\/wp\/v2\/product"}],"about":[{"href":"https:\/\/www.vocationministry.com\/es\/wp-json\/wp\/v2\/types\/product"}],"wp:featuredmedia":[{"embeddable":true,"href":"https:\/\/www.vocationministry.com\/es\/wp-json\/wp\/v2\/media\/3267"}],"wp:attachment":[{"href":"https:\/\/www.vocationministry.com\/es\/wp-json\/wp\/v2\/media?parent=2165"}],"wp:term":[{"taxonomy":"product_brand","embeddable":true,"href":"https:\/\/www.vocationministry.com\/es\/wp-json\/wp\/v2\/product_brand?post=2165"},{"taxonomy":"product_cat","embeddable":true,"href":"https:\/\/www.vocationministry.com\/es\/wp-json\/wp\/v2\/product_cat?post=2165"},{"taxonomy":"product_tag","embeddable":true,"href":"https:\/\/www.vocationministry.com\/es\/wp-json\/wp\/v2\/product_tag?post=2165"}],"curies":[{"name":"Gracias","href":"https:\/\/api.w.org\/{rel}","templated":true}]}}