{"id":2172,"date":"2023-11-17T18:54:20","date_gmt":"2023-11-17T23:54:20","guid":{"rendered":"https:\/\/www.vocationministry.com\/product\/jesus-loves-me-childrens-prayer-for-vocations\/"},"modified":"2025-04-10T15:37:07","modified_gmt":"2025-04-10T20:37:07","slug":"jesus-loves-me-childrens-prayer-for-vocations","status":"publish","type":"product","link":"https:\/\/www.vocationministry.com\/es\/shop\/jesus-loves-me-childrens-prayer-for-vocations\/","title":{"rendered":"Tarjeta de oraci\u00f3n: Jes\u00fas me ama, oraci\u00f3n infantil por las vocaciones (paquete de 50)"},"content":{"rendered":"<p><span class=\"TextRun SCXW174502966 BCX0\" lang=\"EN-US\" data-contrast=\"none\"><span class=\"NormalTextRun SCXW174502966 BCX0\">Este<\/span><span class=\"NormalTextRun SCXW174502966 BCX0\"> vistoso\u00a0<\/span><span class=\"NormalTextRun SCXW174502966 BCX0\">4,5\u201d x 3\u201d<\/span><span class=\"NormalTextRun SCXW174502966 BCX0\">\u00a0tarjeta de oraci\u00f3n <\/span><span class=\"NormalTextRun SCXW174502966 BCX0\">es <\/span><span class=\"NormalTextRun SCXW174502966 BCX0\">hecho<\/span><span class=\"NormalTextRun SCXW174502966 BCX0\"> especialmente para ni\u00f1os con<\/span><span class=\"NormalTextRun SCXW174502966 BCX0\"> a <\/span><span class=\"NormalTextRun SCXW174502966 BCX0\">Oraci\u00f3n Infantil por las Vocaciones oraci\u00f3n en el reverso. <\/span><\/span><\/p>\n<p><span class=\"TextRun SCXW174502966 BCX0\" lang=\"EN-US\" data-contrast=\"auto\"><span class=\"NormalTextRun SCXW174502966 BCX0\">Presenta una forma atractiva para que los ni\u00f1os se conecten con su fe. Si <\/span><span class=\"NormalTextRun SCXW174502966 BCX0\">est\u00e1s<\/span><span class=\"NormalTextRun SCXW174502966 BCX0\"> un padre que desea introducir la belleza de la oraci\u00f3n en la rutina diaria de su hijo o un maestro que busca una adici\u00f3n significativa a su sal\u00f3n de clases, estas tarjetas de oraci\u00f3n son la herramienta perfecta para nutrir las mentes j\u00f3venes en su viaje espiritual.<\/span><\/span><\/p>\n<p><em>*Se vende en un paquete de 50<\/em><\/p>","protected":false},"excerpt":{"rendered":"<p><span class=\"TextRun SCXW174502966 BCX0\" lang=\"EN-US\" data-contrast=\"none\"><span class=\"NormalTextRun SCXW174502966 BCX0\">Este<\/span><span class=\"NormalTextRun SCXW174502966 BCX0\"> vistoso\u00a0<\/span><span class=\"NormalTextRun SCXW174502966 BCX0\">4,5\u201d x 3\u201d<\/span><span class=\"NormalTextRun SCXW174502966 BCX0\">\u00a0tarjeta de oraci\u00f3n <\/span><span class=\"NormalTextRun SCXW174502966 BCX0\">es <\/span><span class=\"NormalTextRun SCXW174502966 BCX0\">hecho<\/span><span class=\"NormalTextRun SCXW174502966 BCX0\"> especialmente para ni\u00f1os con<\/span><span class=\"NormalTextRun SCXW174502966 BCX0\"> a <\/span><span class=\"NormalTextRun SCXW174502966 BCX0\">Oraci\u00f3n Infantil por las Vocaciones oraci\u00f3n en el reverso. <\/span><\/span><\/p>","protected":false},"author":647,"featured_media":674,"template":"","meta":{"_acf_changed":false,"_et_pb_use_builder":"","_et_pb_old_content":"","_et_gb_content_width":"","advgb_blocks_editor_width":"","advgb_blocks_columns_visual_guide":""},"product_brand":[],"product_cat":[62,54],"product_tag":[41,43,55],"class_list":{"0":"post-2172","1":"product","2":"type-product","3":"status-publish","4":"has-post-thumbnail","6":"product_cat-kids","7":"product_cat-prayer-cards","8":"product_tag-education-resources","9":"product_tag-kids","10":"product_tag-prayer-cards","11":"product_shipping_class-standard","13":"first","14":"instock","15":"taxable","16":"shipping-taxable","17":"purchasable","18":"product-type-simple"},"acf":[],"yoast_head":"<!-- This site is optimized with the Yoast SEO Premium plugin v24.9 (Yoast SEO v27.4) - https:\/\/yoast.com\/product\/yoast-seo-premium-wordpress\/ -->\n<title>Prayer Card- Jesus Loves Me-Children&#039;s Prayer for Vocations (Pack of 50) - Vocation Ministry<\/title>\n<meta name=\"robots\" content=\"index, follow, max-snippet:-1, max-image-preview:large, max-video-preview:-1\" \/>\n<link rel=\"canonical\" href=\"https:\/\/www.vocationministry.com\/es\/shop\/jesus-loves-me-childrens-prayer-for-vocations\/\" \/>\n<meta property=\"og:locale\" content=\"es_MX\" \/>\n<meta property=\"og:type\" content=\"article\" \/>\n<meta property=\"og:title\" content=\"Prayer Card- Jesus Loves Me-Children&#039;s Prayer for Vocations (Pack of 50)\" \/>\n<meta property=\"og:description\" content=\"This colorful\u00a04.5\u201dx 3\u201d\u00a0prayer card is made especially for children with a Children&#039;s Prayer for Vocations prayer on the back.\" \/>\n<meta property=\"og:url\" content=\"https:\/\/www.vocationministry.com\/es\/shop\/jesus-loves-me-childrens-prayer-for-vocations\/\" \/>\n<meta property=\"og:site_name\" content=\"Vocation Ministry\" \/>\n<meta property=\"article:publisher\" content=\"https:\/\/www.facebook.com\/VocationMinistry\" \/>\n<meta property=\"article:modified_time\" content=\"2025-04-10T20:37:07+00:00\" \/>\n<meta property=\"og:image\" content=\"https:\/\/www.vocationministry.com\/wp-content\/uploads\/2024\/07\/Blue-VM-Logo-white-Background.png\" \/>\n\t<meta property=\"og:image:width\" content=\"2000\" \/>\n\t<meta property=\"og:image:height\" content=\"1000\" \/>\n\t<meta property=\"og:image:type\" content=\"image\/png\" \/><meta property=\"og:image\" content=\"https:\/\/www.vocationministry.com\/wp-content\/uploads\/2024\/02\/Jesus-Loves-Me-Prayer-Card.png\" \/>\n\t<meta property=\"og:image:width\" content=\"1080\" \/>\n\t<meta property=\"og:image:height\" content=\"1080\" \/>\n\t<meta property=\"og:image:type\" content=\"image\/png\" \/>\n<meta name=\"twitter:card\" content=\"summary_large_image\" \/>\n<script type=\"application\/ld+json\" class=\"yoast-schema-graph\">{\"@context\":\"https:\\\/\\\/schema.org\",\"@graph\":[{\"@type\":\"WebPage\",\"@id\":\"https:\\\/\\\/www.vocationministry.com\\\/shop\\\/jesus-loves-me-childrens-prayer-for-vocations\\\/\",\"url\":\"https:\\\/\\\/www.vocationministry.com\\\/shop\\\/jesus-loves-me-childrens-prayer-for-vocations\\\/\",\"name\":\"Prayer Card- Jesus Loves Me-Children's Prayer for Vocations (Pack of 50) - Vocation Ministry\",\"isPartOf\":{\"@id\":\"https:\\\/\\\/www.vocationministry.com\\\/es\\\/#website\"},\"primaryImageOfPage\":{\"@id\":\"https:\\\/\\\/www.vocationministry.com\\\/shop\\\/jesus-loves-me-childrens-prayer-for-vocations\\\/#primaryimage\"},\"image\":{\"@id\":\"https:\\\/\\\/www.vocationministry.com\\\/shop\\\/jesus-loves-me-childrens-prayer-for-vocations\\\/#primaryimage\"},\"thumbnailUrl\":\"https:\\\/\\\/www.vocationministry.com\\\/wp-content\\\/uploads\\\/2024\\\/02\\\/Jesus-Loves-Me-Prayer-Card.png\",\"datePublished\":\"2023-11-17T23:54:20+00:00\",\"dateModified\":\"2025-04-10T20:37:07+00:00\",\"breadcrumb\":{\"@id\":\"https:\\\/\\\/www.vocationministry.com\\\/shop\\\/jesus-loves-me-childrens-prayer-for-vocations\\\/#breadcrumb\"},\"inLanguage\":\"es\",\"potentialAction\":[{\"@type\":\"ReadAction\",\"target\":[\"https:\\\/\\\/www.vocationministry.com\\\/shop\\\/jesus-loves-me-childrens-prayer-for-vocations\\\/\"]}]},{\"@type\":\"ImageObject\",\"inLanguage\":\"es\",\"@id\":\"https:\\\/\\\/www.vocationministry.com\\\/shop\\\/jesus-loves-me-childrens-prayer-for-vocations\\\/#primaryimage\",\"url\":\"https:\\\/\\\/www.vocationministry.com\\\/wp-content\\\/uploads\\\/2024\\\/02\\\/Jesus-Loves-Me-Prayer-Card.png\",\"contentUrl\":\"https:\\\/\\\/www.vocationministry.com\\\/wp-content\\\/uploads\\\/2024\\\/02\\\/Jesus-Loves-Me-Prayer-Card.png\",\"width\":1080,\"height\":1080},{\"@type\":\"BreadcrumbList\",\"@id\":\"https:\\\/\\\/www.vocationministry.com\\\/shop\\\/jesus-loves-me-childrens-prayer-for-vocations\\\/#breadcrumb\",\"itemListElement\":[{\"@type\":\"ListItem\",\"position\":1,\"name\":\"Home\",\"item\":\"https:\\\/\\\/www.vocationministry.com\\\/\"},{\"@type\":\"ListItem\",\"position\":2,\"name\":\"Shop\",\"item\":\"https:\\\/\\\/www.vocationministry.com\\\/shop\\\/\"},{\"@type\":\"ListItem\",\"position\":3,\"name\":\"Prayer Card- Jesus Loves Me-Children&#8217;s Prayer for Vocations (Pack of 50)\"}]},{\"@type\":\"WebSite\",\"@id\":\"https:\\\/\\\/www.vocationministry.com\\\/es\\\/#website\",\"url\":\"https:\\\/\\\/www.vocationministry.com\\\/es\\\/\",\"name\":\"Vocation Ministry\",\"description\":\"Creating A Culture of Vocations\",\"publisher\":{\"@id\":\"https:\\\/\\\/www.vocationministry.com\\\/es\\\/#organization\"},\"potentialAction\":[{\"@type\":\"SearchAction\",\"target\":{\"@type\":\"EntryPoint\",\"urlTemplate\":\"https:\\\/\\\/www.vocationministry.com\\\/es\\\/?s={search_term_string}\"},\"query-input\":{\"@type\":\"PropertyValueSpecification\",\"valueRequired\":true,\"valueName\":\"search_term_string\"}}],\"inLanguage\":\"es\"},{\"@type\":\"Organization\",\"@id\":\"https:\\\/\\\/www.vocationministry.com\\\/es\\\/#organization\",\"name\":\"Vocation Ministry\",\"url\":\"https:\\\/\\\/www.vocationministry.com\\\/es\\\/\",\"logo\":{\"@type\":\"ImageObject\",\"inLanguage\":\"es\",\"@id\":\"https:\\\/\\\/www.vocationministry.com\\\/es\\\/#\\\/schema\\\/logo\\\/image\\\/\",\"url\":\"https:\\\/\\\/www.vocationministry.com\\\/wp-content\\\/uploads\\\/2024\\\/02\\\/Blue-VM-Logo-white-Background.png\",\"contentUrl\":\"https:\\\/\\\/www.vocationministry.com\\\/wp-content\\\/uploads\\\/2024\\\/02\\\/Blue-VM-Logo-white-Background.png\",\"width\":2000,\"height\":1000,\"caption\":\"Vocation Ministry\"},\"image\":{\"@id\":\"https:\\\/\\\/www.vocationministry.com\\\/es\\\/#\\\/schema\\\/logo\\\/image\\\/\"},\"sameAs\":[\"https:\\\/\\\/www.facebook.com\\\/VocationMinistry\"]}]}<\/script>\n<!-- \/ Yoast SEO Premium plugin. -->","yoast_head_json":{"title":"Tarjeta de oraci\u00f3n &quot;Jes\u00fas me ama&quot; - Oraci\u00f3n infantil por las vocaciones (paquete de 50) - Vocation Ministry","robots":{"index":"index","follow":"follow","max-snippet":"max-snippet:-1","max-image-preview":"max-image-preview:large","max-video-preview":"max-video-preview:-1"},"canonical":"https:\/\/www.vocationministry.com\/es\/shop\/jesus-loves-me-childrens-prayer-for-vocations\/","og_locale":"es_MX","og_type":"article","og_title":"Prayer Card- Jesus Loves Me-Children's Prayer for Vocations (Pack of 50)","og_description":"This colorful\u00a04.5\u201dx 3\u201d\u00a0prayer card is made especially for children with a Children's Prayer for Vocations prayer on the back.","og_url":"https:\/\/www.vocationministry.com\/es\/shop\/jesus-loves-me-childrens-prayer-for-vocations\/","og_site_name":"Vocation Ministry","article_publisher":"https:\/\/www.facebook.com\/VocationMinistry","article_modified_time":"2025-04-10T20:37:07+00:00","og_image":[{"width":2000,"height":1000,"url":"https:\/\/www.vocationministry.com\/wp-content\/uploads\/2024\/07\/Blue-VM-Logo-white-Background.png","type":"image\/png"},{"width":1080,"height":1080,"url":"https:\/\/www.vocationministry.com\/wp-content\/uploads\/2024\/02\/Jesus-Loves-Me-Prayer-Card.png","type":"image\/png"}],"twitter_card":"summary_large_image","schema":{"@context":"https:\/\/schema.org","@graph":[{"@type":"WebPage","@id":"https:\/\/www.vocationministry.com\/shop\/jesus-loves-me-childrens-prayer-for-vocations\/","url":"https:\/\/www.vocationministry.com\/shop\/jesus-loves-me-childrens-prayer-for-vocations\/","name":"Tarjeta de oraci\u00f3n &quot;Jes\u00fas me ama&quot; - Oraci\u00f3n infantil por las vocaciones (paquete de 50) - Vocation Ministry","isPartOf":{"@id":"https:\/\/www.vocationministry.com\/es\/#website"},"primaryImageOfPage":{"@id":"https:\/\/www.vocationministry.com\/shop\/jesus-loves-me-childrens-prayer-for-vocations\/#primaryimage"},"image":{"@id":"https:\/\/www.vocationministry.com\/shop\/jesus-loves-me-childrens-prayer-for-vocations\/#primaryimage"},"thumbnailUrl":"https:\/\/www.vocationministry.com\/wp-content\/uploads\/2024\/02\/Jesus-Loves-Me-Prayer-Card.png","datePublished":"2023-11-17T23:54:20+00:00","dateModified":"2025-04-10T20:37:07+00:00","breadcrumb":{"@id":"https:\/\/www.vocationministry.com\/shop\/jesus-loves-me-childrens-prayer-for-vocations\/#breadcrumb"},"inLanguage":"es","potentialAction":[{"@type":"ReadAction","target":["https:\/\/www.vocationministry.com\/shop\/jesus-loves-me-childrens-prayer-for-vocations\/"]}]},{"@type":"ImageObject","inLanguage":"es","@id":"https:\/\/www.vocationministry.com\/shop\/jesus-loves-me-childrens-prayer-for-vocations\/#primaryimage","url":"https:\/\/www.vocationministry.com\/wp-content\/uploads\/2024\/02\/Jesus-Loves-Me-Prayer-Card.png","contentUrl":"https:\/\/www.vocationministry.com\/wp-content\/uploads\/2024\/02\/Jesus-Loves-Me-Prayer-Card.png","width":1080,"height":1080},{"@type":"BreadcrumbList","@id":"https:\/\/www.vocationministry.com\/shop\/jesus-loves-me-childrens-prayer-for-vocations\/#breadcrumb","itemListElement":[{"@type":"ListItem","position":1,"name":"Home","item":"https:\/\/www.vocationministry.com\/"},{"@type":"ListItem","position":2,"name":"Shop","item":"https:\/\/www.vocationministry.com\/shop\/"},{"@type":"ListItem","position":3,"name":"Prayer Card- Jesus Loves Me-Children&#8217;s Prayer for Vocations (Pack of 50)"}]},{"@type":"WebSite","@id":"https:\/\/www.vocationministry.com\/es\/#website","url":"https:\/\/www.vocationministry.com\/es\/","name":"Vocation Ministry","description":"Creando una cultura de vocaciones","publisher":{"@id":"https:\/\/www.vocationministry.com\/es\/#organization"},"potentialAction":[{"@type":"SearchAction","target":{"@type":"EntryPoint","urlTemplate":"https:\/\/www.vocationministry.com\/es\/?s={search_term_string}"},"query-input":{"@type":"PropertyValueSpecification","valueRequired":true,"valueName":"search_term_string"}}],"inLanguage":"es"},{"@type":"Organization","@id":"https:\/\/www.vocationministry.com\/es\/#organization","name":"Vocation Ministry","url":"https:\/\/www.vocationministry.com\/es\/","logo":{"@type":"ImageObject","inLanguage":"es","@id":"https:\/\/www.vocationministry.com\/es\/#\/schema\/logo\/image\/","url":"https:\/\/www.vocationministry.com\/wp-content\/uploads\/2024\/02\/Blue-VM-Logo-white-Background.png","contentUrl":"https:\/\/www.vocationministry.com\/wp-content\/uploads\/2024\/02\/Blue-VM-Logo-white-Background.png","width":2000,"height":1000,"caption":"Vocation Ministry"},"image":{"@id":"https:\/\/www.vocationministry.com\/es\/#\/schema\/logo\/image\/"},"sameAs":["https:\/\/www.facebook.com\/VocationMinistry"]}]}},"featured_img":"https:\/\/www.vocationministry.com\/wp-content\/uploads\/2024\/02\/Jesus-Loves-Me-Prayer-Card.png","coauthors":[],"author_meta":{"author_link":"https:\/\/www.vocationministry.com\/es\/author\/ninfa-campomanes\/","display_name":"Ninfa Campomanes"},"relative_dates":{"created":"Publicado 2 a\u00f1os hace","modified":"Actualizado 1 a\u00f1o hace"},"absolute_dates":{"created":"Publicado el noviembre 17, 2023","modified":"Actualizado el abril 10, 2025"},"absolute_dates_time":{"created":"Publicado el noviembre 17, 2023 6:54 pm","modified":"Actualizado el abril 10, 2025 3:37 pm"},"featured_img_caption":"","tax_additional":{"product_brand":{"linked":[],"unlinked":[],"slug":"product_brand","name":"Marcas"},"product_type":{"linked":["<a href=\"https:\/\/www.vocationministry.com\/es\/?taxonomy=product_type&#038;term=simple\" class=\"advgb-post-tax-term\">simple<\/a>"],"unlinked":["<span class=\"advgb-post-tax-term\">simple<\/span>"],"slug":"product_type","name":"Tipo de producto"},"product_visibility":{"linked":[],"unlinked":[],"slug":"product_visibility","name":"Visibilidad del producto"},"product_cat":{"linked":["<a href=\"https:\/\/www.vocationministry.com\/es\/categoria-producto\/kids\/\" class=\"advgb-post-tax-term\">Kids<\/a>","<a href=\"https:\/\/www.vocationministry.com\/es\/categoria-producto\/prayer-cards\/\" class=\"advgb-post-tax-term\">Prayer Cards<\/a>"],"unlinked":["<span class=\"advgb-post-tax-term\">Kids<\/span>","<span class=\"advgb-post-tax-term\">Prayer Cards<\/span>"],"slug":"product_cat","name":"Categor\u00edas del producto"},"product_tag":{"linked":["<a href=\"https:\/\/www.vocationministry.com\/es\/etiqueta-producto\/education-resources\/\" class=\"advgb-post-tax-term\">Education Resources<\/a>","<a href=\"https:\/\/www.vocationministry.com\/es\/etiqueta-producto\/kids\/\" class=\"advgb-post-tax-term\">Kids<\/a>","<a href=\"https:\/\/www.vocationministry.com\/es\/etiqueta-producto\/prayer-cards\/\" class=\"advgb-post-tax-term\">Prayer Cards<\/a>"],"unlinked":["<span class=\"advgb-post-tax-term\">Education Resources<\/span>","<span class=\"advgb-post-tax-term\">Kids<\/span>","<span class=\"advgb-post-tax-term\">Prayer Cards<\/span>"],"slug":"product_tag","name":"Etiquetas del producto"},"product_shipping_class":{"linked":["<a href=\"https:\/\/www.vocationministry.com\/es\/?taxonomy=product_shipping_class&#038;term=standard\" class=\"advgb-post-tax-term\">Standard<\/a>"],"unlinked":["<span class=\"advgb-post-tax-term\">Standard<\/span>"],"slug":"product_shipping_class","name":"Clases de env\u00edo del producto"},"pos_product_visibility":{"linked":[],"unlinked":[],"slug":"pos_product_visibility","name":"Visibilidad del producto en el punto de venta"},"pa_rosary-for-vocations":{"linked":[],"unlinked":[],"slug":"pa_rosary-for-vocations","name":"Rosario por las Vocaciones del producto"},"pa_vocation-ministry-polo":{"linked":[],"unlinked":[],"slug":"pa_vocation-ministry-polo","name":"Polo del producto"}},"series_order":"","_links":{"self":[{"href":"https:\/\/www.vocationministry.com\/es\/wp-json\/wp\/v2\/product\/2172","targetHints":{"allow":["GET"]}}],"collection":[{"href":"https:\/\/www.vocationministry.com\/es\/wp-json\/wp\/v2\/product"}],"about":[{"href":"https:\/\/www.vocationministry.com\/es\/wp-json\/wp\/v2\/types\/product"}],"wp:featuredmedia":[{"embeddable":true,"href":"https:\/\/www.vocationministry.com\/es\/wp-json\/wp\/v2\/media\/674"}],"wp:attachment":[{"href":"https:\/\/www.vocationministry.com\/es\/wp-json\/wp\/v2\/media?parent=2172"}],"wp:term":[{"taxonomy":"product_brand","embeddable":true,"href":"https:\/\/www.vocationministry.com\/es\/wp-json\/wp\/v2\/product_brand?post=2172"},{"taxonomy":"product_cat","embeddable":true,"href":"https:\/\/www.vocationministry.com\/es\/wp-json\/wp\/v2\/product_cat?post=2172"},{"taxonomy":"product_tag","embeddable":true,"href":"https:\/\/www.vocationministry.com\/es\/wp-json\/wp\/v2\/product_tag?post=2172"}],"curies":[{"name":"Gracias","href":"https:\/\/api.w.org\/{rel}","templated":true}]}}