{"id":2175,"date":"2024-01-02T16:54:52","date_gmt":"2024-01-02T21:54:52","guid":{"rendered":"https:\/\/www.vocationministry.com\/product\/the-harvest-resource-book-bundle\/"},"modified":"2026-02-10T09:39:16","modified_gmt":"2026-02-10T15:39:16","slug":"the-harvest-resource-book-bundle","status":"publish","type":"product","link":"https:\/\/www.vocationministry.com\/es\/shop\/the-harvest-resource-book-bundle\/","title":{"rendered":"Paquete de libros de recursos de la cosecha"},"content":{"rendered":"<p><strong><em>La cosecha<\/em><\/strong> es una gu\u00eda completa de 200 p\u00e1ginas que brinda consejos pr\u00e1cticos e inspiraci\u00f3n, que incluye 75 actividades impactantes, que se implementan f\u00e1cilmente en el aula. \u00a1Este enfoque innovador brinda a nuestros educadores cat\u00f3licos los recursos necesarios para afectar positivamente a la Iglesia y a nuestra juventud para las generaciones venideras!<\/p>\n<p>Nuestro <strong>NUEVO <em>Libro de recursos de cosecha <\/em><\/strong>\u00a1Est\u00e1 lleno de recursos dise\u00f1ados espec\u00edficamente para educadores que desean promover vocaciones en sus aulas! Este libro es la clave para ayudar a nuestros j\u00f3venes a abrir la puerta para escuchar el llamado de Dios.<\/p>\n<p class=\"x_MsoNormal\">Usted encontrar\u00e1:<\/p>\n<ul type=\"disc\">\n<li class=\"x_MsoListParagraph\">Herramientas a utilizar para cada d\u00eda del calendario vocacional<\/li>\n<li class=\"x_MsoListParagraph\">Tarjetas de oraci\u00f3n<\/li>\n<li class=\"x_MsoListParagraph\">Actividades para involucrar a los ni\u00f1os.<\/li>\n<li class=\"x_MsoListParagraph\">\u00a1Y mucho m\u00e1s!<\/li>\n<\/ul>\n<p>\u00a1Hagamos la diferencia!<\/p>\n<p>Juntos, podemos empoderar a las personas para que acepten su llamado divino y sirvan a la Iglesia con pasi\u00f3n y prop\u00f3sito.<\/p>","protected":false},"excerpt":{"rendered":"<p>Este conjunto es el recurso perfecto para inspirar m\u00e1s vocaciones al sacerdocio, la vida consagrada y el matrimonio sacramental en su aula cat\u00f3lica.<\/p>\n<h4>Descuento por cantidad:<\/h4>\n<table class=\"wcj_product_wholesale_price_table\"><tbody><tr class=\"wcj-row wcj-row0 wcj-row-even\"><th style=\"text-align: center\">20-49<\/th><th style=\"text-align: center\">50-99<\/th><th style=\"text-align: center\">100+<\/th><\/tr><tr class=\"wcj-row wcj-row1 wcj-row-odd\"><td style=\"text-align: center\"><del><span class=\"woocommerce-Price-amount amount\"><bdi><span class=\"woocommerce-Price-currencySymbol\">&#036;<\/span>35.95<\/bdi><\/span><\/del> <span class=\"woocommerce-Price-amount amount\"><bdi><span class=\"woocommerce-Price-currencySymbol\">&#036;<\/span>32.35<\/bdi><\/span><\/td><td style=\"text-align: center\"><del><span class=\"woocommerce-Price-amount amount\"><bdi><span class=\"woocommerce-Price-currencySymbol\">&#036;<\/span>35.95<\/bdi><\/span><\/del> <span class=\"woocommerce-Price-amount amount\"><bdi><span class=\"woocommerce-Price-currencySymbol\">&#036;<\/span>30.55<\/bdi><\/span><\/td><td style=\"text-align: center\"><del><span class=\"woocommerce-Price-amount amount\"><bdi><span class=\"woocommerce-Price-currencySymbol\">&#036;<\/span>35.95<\/bdi><\/span><\/del> <span class=\"woocommerce-Price-amount amount\"><bdi><span class=\"woocommerce-Price-currencySymbol\">&#036;<\/span>28.75<\/bdi><\/span><\/td><\/tr><\/tbody><\/table>\n<p>&nbsp;<\/p>","protected":false},"author":647,"featured_media":8406,"template":"","meta":{"_acf_changed":false,"_et_pb_use_builder":"","_et_pb_old_content":"","_et_gb_content_width":"","advgb_blocks_editor_width":"","advgb_blocks_columns_visual_guide":""},"product_brand":[],"product_cat":[47],"product_tag":[44,45,41,59],"class_list":{"0":"post-2175","1":"product","2":"type-product","3":"status-publish","4":"has-post-thumbnail","6":"product_cat-books","7":"product_tag-books","8":"product_tag-bundles","9":"product_tag-education-resources","10":"product_tag-the-harvest","11":"product_shipping_class-media-mail","13":"first","14":"instock","15":"taxable","16":"shipping-taxable","17":"purchasable","18":"product-type-simple"},"acf":[],"yoast_head":"<!-- This site is optimized with the Yoast SEO Premium plugin v24.9 (Yoast SEO v27.5) - https:\/\/yoast.com\/product\/yoast-seo-premium-wordpress\/ -->\n<title>The Harvest Resource Book Bundle - Vocation Ministry<\/title>\n<meta name=\"robots\" content=\"index, follow, max-snippet:-1, max-image-preview:large, max-video-preview:-1\" \/>\n<link rel=\"canonical\" href=\"https:\/\/www.vocationministry.com\/es\/shop\/the-harvest-resource-book-bundle\/\" \/>\n<meta property=\"og:locale\" content=\"es_MX\" \/>\n<meta property=\"og:type\" content=\"article\" \/>\n<meta property=\"og:title\" content=\"The Harvest Resource Book Bundle\" \/>\n<meta property=\"og:description\" content=\"This set is the perfect resource to Inspire more vocations to the priesthood, consecrated life, and sacramental marriage in your Catholic Classroom. Quantity Discount:   &nbsp;\" \/>\n<meta property=\"og:url\" content=\"https:\/\/www.vocationministry.com\/es\/shop\/the-harvest-resource-book-bundle\/\" \/>\n<meta property=\"og:site_name\" content=\"Vocation Ministry\" \/>\n<meta property=\"article:publisher\" content=\"https:\/\/www.facebook.com\/VocationMinistry\" \/>\n<meta property=\"article:modified_time\" content=\"2026-02-10T15:39:16+00:00\" \/>\n<meta property=\"og:image\" content=\"https:\/\/www.vocationministry.com\/wp-content\/uploads\/2024\/07\/Blue-VM-Logo-white-Background.png\" \/>\n\t<meta property=\"og:image:width\" content=\"2000\" \/>\n\t<meta property=\"og:image:height\" content=\"1000\" \/>\n\t<meta property=\"og:image:type\" content=\"image\/png\" \/><meta property=\"og:image\" content=\"https:\/\/www.vocationministry.com\/wp-content\/uploads\/2019\/03\/Harvest-Book-Bundle.png\" \/>\n\t<meta property=\"og:image:width\" content=\"940\" \/>\n\t<meta property=\"og:image:height\" content=\"788\" \/>\n\t<meta property=\"og:image:type\" content=\"image\/png\" \/>\n<meta name=\"twitter:card\" content=\"summary_large_image\" \/>\n<meta name=\"twitter:label1\" content=\"Tiempo de lectura\" \/>\n\t<meta name=\"twitter:data1\" content=\"1 minuto\" \/>\n<script type=\"application\/ld+json\" class=\"yoast-schema-graph\">{\"@context\":\"https:\\\/\\\/schema.org\",\"@graph\":[{\"@type\":\"WebPage\",\"@id\":\"https:\\\/\\\/www.vocationministry.com\\\/shop\\\/the-harvest-resource-book-bundle\\\/\",\"url\":\"https:\\\/\\\/www.vocationministry.com\\\/shop\\\/the-harvest-resource-book-bundle\\\/\",\"name\":\"The Harvest Resource Book Bundle - Vocation Ministry\",\"isPartOf\":{\"@id\":\"https:\\\/\\\/www.vocationministry.com\\\/es\\\/#website\"},\"primaryImageOfPage\":{\"@id\":\"https:\\\/\\\/www.vocationministry.com\\\/shop\\\/the-harvest-resource-book-bundle\\\/#primaryimage\"},\"image\":{\"@id\":\"https:\\\/\\\/www.vocationministry.com\\\/shop\\\/the-harvest-resource-book-bundle\\\/#primaryimage\"},\"thumbnailUrl\":\"https:\\\/\\\/www.vocationministry.com\\\/wp-content\\\/uploads\\\/2019\\\/03\\\/Harvest-Book-Bundle.png\",\"datePublished\":\"2024-01-02T21:54:52+00:00\",\"dateModified\":\"2026-02-10T15:39:16+00:00\",\"breadcrumb\":{\"@id\":\"https:\\\/\\\/www.vocationministry.com\\\/shop\\\/the-harvest-resource-book-bundle\\\/#breadcrumb\"},\"inLanguage\":\"es\",\"potentialAction\":[{\"@type\":\"ReadAction\",\"target\":[\"https:\\\/\\\/www.vocationministry.com\\\/shop\\\/the-harvest-resource-book-bundle\\\/\"]}]},{\"@type\":\"ImageObject\",\"inLanguage\":\"es\",\"@id\":\"https:\\\/\\\/www.vocationministry.com\\\/shop\\\/the-harvest-resource-book-bundle\\\/#primaryimage\",\"url\":\"https:\\\/\\\/www.vocationministry.com\\\/wp-content\\\/uploads\\\/2019\\\/03\\\/Harvest-Book-Bundle.png\",\"contentUrl\":\"https:\\\/\\\/www.vocationministry.com\\\/wp-content\\\/uploads\\\/2019\\\/03\\\/Harvest-Book-Bundle.png\",\"width\":940,\"height\":788},{\"@type\":\"BreadcrumbList\",\"@id\":\"https:\\\/\\\/www.vocationministry.com\\\/shop\\\/the-harvest-resource-book-bundle\\\/#breadcrumb\",\"itemListElement\":[{\"@type\":\"ListItem\",\"position\":1,\"name\":\"Home\",\"item\":\"https:\\\/\\\/www.vocationministry.com\\\/\"},{\"@type\":\"ListItem\",\"position\":2,\"name\":\"Shop\",\"item\":\"https:\\\/\\\/www.vocationministry.com\\\/shop\\\/\"},{\"@type\":\"ListItem\",\"position\":3,\"name\":\"The Harvest Resource Book Bundle\"}]},{\"@type\":\"WebSite\",\"@id\":\"https:\\\/\\\/www.vocationministry.com\\\/es\\\/#website\",\"url\":\"https:\\\/\\\/www.vocationministry.com\\\/es\\\/\",\"name\":\"Vocation Ministry\",\"description\":\"Creating A Culture of Vocations\",\"publisher\":{\"@id\":\"https:\\\/\\\/www.vocationministry.com\\\/es\\\/#organization\"},\"potentialAction\":[{\"@type\":\"SearchAction\",\"target\":{\"@type\":\"EntryPoint\",\"urlTemplate\":\"https:\\\/\\\/www.vocationministry.com\\\/es\\\/?s={search_term_string}\"},\"query-input\":{\"@type\":\"PropertyValueSpecification\",\"valueRequired\":true,\"valueName\":\"search_term_string\"}}],\"inLanguage\":\"es\"},{\"@type\":\"Organization\",\"@id\":\"https:\\\/\\\/www.vocationministry.com\\\/es\\\/#organization\",\"name\":\"Vocation Ministry\",\"url\":\"https:\\\/\\\/www.vocationministry.com\\\/es\\\/\",\"logo\":{\"@type\":\"ImageObject\",\"inLanguage\":\"es\",\"@id\":\"https:\\\/\\\/www.vocationministry.com\\\/es\\\/#\\\/schema\\\/logo\\\/image\\\/\",\"url\":\"https:\\\/\\\/www.vocationministry.com\\\/wp-content\\\/uploads\\\/2024\\\/02\\\/Blue-VM-Logo-white-Background.png\",\"contentUrl\":\"https:\\\/\\\/www.vocationministry.com\\\/wp-content\\\/uploads\\\/2024\\\/02\\\/Blue-VM-Logo-white-Background.png\",\"width\":2000,\"height\":1000,\"caption\":\"Vocation Ministry\"},\"image\":{\"@id\":\"https:\\\/\\\/www.vocationministry.com\\\/es\\\/#\\\/schema\\\/logo\\\/image\\\/\"},\"sameAs\":[\"https:\\\/\\\/www.facebook.com\\\/VocationMinistry\"]}]}<\/script>\n<!-- \/ Yoast SEO Premium plugin. -->","yoast_head_json":{"title":"Paquete de libros de recursos de la cosecha - Vocation Ministry","robots":{"index":"index","follow":"follow","max-snippet":"max-snippet:-1","max-image-preview":"max-image-preview:large","max-video-preview":"max-video-preview:-1"},"canonical":"https:\/\/www.vocationministry.com\/es\/shop\/the-harvest-resource-book-bundle\/","og_locale":"es_MX","og_type":"article","og_title":"The Harvest Resource Book Bundle","og_description":"This set is the perfect resource to Inspire more vocations to the priesthood, consecrated life, and sacramental marriage in your Catholic Classroom. Quantity Discount:   &nbsp;","og_url":"https:\/\/www.vocationministry.com\/es\/shop\/the-harvest-resource-book-bundle\/","og_site_name":"Vocation Ministry","article_publisher":"https:\/\/www.facebook.com\/VocationMinistry","article_modified_time":"2026-02-10T15:39:16+00:00","og_image":[{"width":2000,"height":1000,"url":"https:\/\/www.vocationministry.com\/wp-content\/uploads\/2024\/07\/Blue-VM-Logo-white-Background.png","type":"image\/png"},{"width":940,"height":788,"url":"https:\/\/www.vocationministry.com\/wp-content\/uploads\/2019\/03\/Harvest-Book-Bundle.png","type":"image\/png"}],"twitter_card":"summary_large_image","twitter_misc":{"Tiempo de lectura":"1 minuto"},"schema":{"@context":"https:\/\/schema.org","@graph":[{"@type":"WebPage","@id":"https:\/\/www.vocationministry.com\/shop\/the-harvest-resource-book-bundle\/","url":"https:\/\/www.vocationministry.com\/shop\/the-harvest-resource-book-bundle\/","name":"Paquete de libros de recursos de la cosecha - Vocation Ministry","isPartOf":{"@id":"https:\/\/www.vocationministry.com\/es\/#website"},"primaryImageOfPage":{"@id":"https:\/\/www.vocationministry.com\/shop\/the-harvest-resource-book-bundle\/#primaryimage"},"image":{"@id":"https:\/\/www.vocationministry.com\/shop\/the-harvest-resource-book-bundle\/#primaryimage"},"thumbnailUrl":"https:\/\/www.vocationministry.com\/wp-content\/uploads\/2019\/03\/Harvest-Book-Bundle.png","datePublished":"2024-01-02T21:54:52+00:00","dateModified":"2026-02-10T15:39:16+00:00","breadcrumb":{"@id":"https:\/\/www.vocationministry.com\/shop\/the-harvest-resource-book-bundle\/#breadcrumb"},"inLanguage":"es","potentialAction":[{"@type":"ReadAction","target":["https:\/\/www.vocationministry.com\/shop\/the-harvest-resource-book-bundle\/"]}]},{"@type":"ImageObject","inLanguage":"es","@id":"https:\/\/www.vocationministry.com\/shop\/the-harvest-resource-book-bundle\/#primaryimage","url":"https:\/\/www.vocationministry.com\/wp-content\/uploads\/2019\/03\/Harvest-Book-Bundle.png","contentUrl":"https:\/\/www.vocationministry.com\/wp-content\/uploads\/2019\/03\/Harvest-Book-Bundle.png","width":940,"height":788},{"@type":"BreadcrumbList","@id":"https:\/\/www.vocationministry.com\/shop\/the-harvest-resource-book-bundle\/#breadcrumb","itemListElement":[{"@type":"ListItem","position":1,"name":"Home","item":"https:\/\/www.vocationministry.com\/"},{"@type":"ListItem","position":2,"name":"Shop","item":"https:\/\/www.vocationministry.com\/shop\/"},{"@type":"ListItem","position":3,"name":"The Harvest Resource Book Bundle"}]},{"@type":"WebSite","@id":"https:\/\/www.vocationministry.com\/es\/#website","url":"https:\/\/www.vocationministry.com\/es\/","name":"Vocation Ministry","description":"Creando una cultura de vocaciones","publisher":{"@id":"https:\/\/www.vocationministry.com\/es\/#organization"},"potentialAction":[{"@type":"SearchAction","target":{"@type":"EntryPoint","urlTemplate":"https:\/\/www.vocationministry.com\/es\/?s={search_term_string}"},"query-input":{"@type":"PropertyValueSpecification","valueRequired":true,"valueName":"search_term_string"}}],"inLanguage":"es"},{"@type":"Organization","@id":"https:\/\/www.vocationministry.com\/es\/#organization","name":"Vocation Ministry","url":"https:\/\/www.vocationministry.com\/es\/","logo":{"@type":"ImageObject","inLanguage":"es","@id":"https:\/\/www.vocationministry.com\/es\/#\/schema\/logo\/image\/","url":"https:\/\/www.vocationministry.com\/wp-content\/uploads\/2024\/02\/Blue-VM-Logo-white-Background.png","contentUrl":"https:\/\/www.vocationministry.com\/wp-content\/uploads\/2024\/02\/Blue-VM-Logo-white-Background.png","width":2000,"height":1000,"caption":"Vocation Ministry"},"image":{"@id":"https:\/\/www.vocationministry.com\/es\/#\/schema\/logo\/image\/"},"sameAs":["https:\/\/www.facebook.com\/VocationMinistry"]}]}},"featured_img":"https:\/\/www.vocationministry.com\/wp-content\/uploads\/2019\/03\/Harvest-Book-Bundle.png","coauthors":[],"author_meta":{"author_link":"https:\/\/www.vocationministry.com\/es\/author\/ninfa-campomanes\/","display_name":"Ninfa Campomanes"},"relative_dates":{"created":"Publicado 2 a\u00f1os hace","modified":"Actualizado 3 meses hace"},"absolute_dates":{"created":"Publicado el enero 2, 2024","modified":"Actualizado el febrero 10, 2026"},"absolute_dates_time":{"created":"Publicado el enero 2, 2024 4:54 pm","modified":"Actualizado el febrero 10, 2026 9:39 am"},"featured_img_caption":"","tax_additional":{"product_brand":{"linked":[],"unlinked":[],"slug":"product_brand","name":"Marcas"},"product_type":{"linked":["<a href=\"https:\/\/www.vocationministry.com\/es\/?taxonomy=product_type&#038;term=simple\" class=\"advgb-post-tax-term\">simple<\/a>"],"unlinked":["<span class=\"advgb-post-tax-term\">simple<\/span>"],"slug":"product_type","name":"Tipo de producto"},"product_visibility":{"linked":[],"unlinked":[],"slug":"product_visibility","name":"Visibilidad del producto"},"product_cat":{"linked":["<a href=\"https:\/\/www.vocationministry.com\/es\/categoria-producto\/books\/\" class=\"advgb-post-tax-term\">Books<\/a>"],"unlinked":["<span class=\"advgb-post-tax-term\">Books<\/span>"],"slug":"product_cat","name":"Categor\u00edas del producto"},"product_tag":{"linked":["<a href=\"https:\/\/www.vocationministry.com\/es\/etiqueta-producto\/books\/\" class=\"advgb-post-tax-term\">Books<\/a>","<a href=\"https:\/\/www.vocationministry.com\/es\/etiqueta-producto\/bundles\/\" class=\"advgb-post-tax-term\">Bundles<\/a>","<a href=\"https:\/\/www.vocationministry.com\/es\/etiqueta-producto\/education-resources\/\" class=\"advgb-post-tax-term\">Education Resources<\/a>","<a href=\"https:\/\/www.vocationministry.com\/es\/etiqueta-producto\/the-harvest\/\" class=\"advgb-post-tax-term\">The Harvest<\/a>"],"unlinked":["<span class=\"advgb-post-tax-term\">Books<\/span>","<span class=\"advgb-post-tax-term\">Bundles<\/span>","<span class=\"advgb-post-tax-term\">Education Resources<\/span>","<span class=\"advgb-post-tax-term\">The Harvest<\/span>"],"slug":"product_tag","name":"Etiquetas del producto"},"product_shipping_class":{"linked":["<a href=\"https:\/\/www.vocationministry.com\/es\/?taxonomy=product_shipping_class&#038;term=media-mail\" class=\"advgb-post-tax-term\">Media Mail<\/a>"],"unlinked":["<span class=\"advgb-post-tax-term\">Media Mail<\/span>"],"slug":"product_shipping_class","name":"Clases de env\u00edo del producto"},"pos_product_visibility":{"linked":[],"unlinked":[],"slug":"pos_product_visibility","name":"Visibilidad del producto en el punto de venta"},"pa_rosary-for-vocations":{"linked":[],"unlinked":[],"slug":"pa_rosary-for-vocations","name":"Rosario por las Vocaciones del producto"},"pa_vocation-ministry-polo":{"linked":[],"unlinked":[],"slug":"pa_vocation-ministry-polo","name":"Polo del producto"}},"series_order":"","_links":{"self":[{"href":"https:\/\/www.vocationministry.com\/es\/wp-json\/wp\/v2\/product\/2175","targetHints":{"allow":["GET"]}}],"collection":[{"href":"https:\/\/www.vocationministry.com\/es\/wp-json\/wp\/v2\/product"}],"about":[{"href":"https:\/\/www.vocationministry.com\/es\/wp-json\/wp\/v2\/types\/product"}],"wp:featuredmedia":[{"embeddable":true,"href":"https:\/\/www.vocationministry.com\/es\/wp-json\/wp\/v2\/media\/8406"}],"wp:attachment":[{"href":"https:\/\/www.vocationministry.com\/es\/wp-json\/wp\/v2\/media?parent=2175"}],"wp:term":[{"taxonomy":"product_brand","embeddable":true,"href":"https:\/\/www.vocationministry.com\/es\/wp-json\/wp\/v2\/product_brand?post=2175"},{"taxonomy":"product_cat","embeddable":true,"href":"https:\/\/www.vocationministry.com\/es\/wp-json\/wp\/v2\/product_cat?post=2175"},{"taxonomy":"product_tag","embeddable":true,"href":"https:\/\/www.vocationministry.com\/es\/wp-json\/wp\/v2\/product_tag?post=2175"}],"curies":[{"name":"Gracias","href":"https:\/\/api.w.org\/{rel}","templated":true}]}}