{"id":9753,"date":"2025-03-31T14:53:50","date_gmt":"2025-03-31T19:53:50","guid":{"rendered":"https:\/\/www.vocationministry.com\/?post_type=product&#038;p=9753"},"modified":"2026-02-19T12:22:11","modified_gmt":"2026-02-19T18:22:11","slug":"worship-aid","status":"publish","type":"product","link":"https:\/\/www.vocationministry.com\/es\/shop\/worship-aid\/","title":{"rendered":"Ayuda para el culto de la Adoraci\u00f3n por las Vocaciones"},"content":{"rendered":"<ul>\n<li class=\"\" data-start=\"843\" data-end=\"925\">\n<p class=\"\" data-start=\"845\" data-end=\"925\"><strong data-start=\"845\" data-end=\"872\">Cartulina de alta calidad:<\/strong> Impresi\u00f3n duradera de 8,5\u201d x 11\u201d dise\u00f1ada para uso repetido.<\/p>\n<\/li>\n<li class=\"\" data-start=\"926\" data-end=\"1098\">\n<p class=\"\" data-start=\"928\" data-end=\"1098\"><strong data-start=\"928\" data-end=\"957\">Gu\u00eda completa de adoraci\u00f3n:<\/strong> Incluye procesi\u00f3n de entrada, escritura (Lucas 10:1-2), reflexi\u00f3n de la homil\u00eda, letan\u00eda por las vocaciones, bendici\u00f3n, alabanzas divinas y reposici\u00f3n.<\/p>\n<\/li>\n<li class=\"\" data-start=\"1099\" data-end=\"1267\">\n<p class=\"\" data-start=\"1101\" data-end=\"1267\"><strong data-start=\"1101\" data-end=\"1129\">Oraciones lit\u00fargicas ricas:<\/strong> Incluye himnos tradicionales como <em data-start=\"1165\" data-end=\"1185\">Oh Salutaris Hostia<\/em> y <em data-start=\"1190\" data-end=\"1203\">Tantum Ergo<\/em>, as\u00ed como oraciones por las vocaciones que involucren a todos los participantes.<\/p>\n<\/li>\n<li class=\"\" data-start=\"1268\" data-end=\"1353\">\n<p class=\"\" data-start=\"1270\" data-end=\"1353\"><strong data-start=\"1270\" data-end=\"1285\">Paquete de 50:<\/strong> Ideal para adoraci\u00f3n grupal, eventos parroquiales o devociones de toda la escuela.<\/p>\n<\/li>\n<\/ul>\n<h4 class=\"\" data-start=\"1495\" data-end=\"1528\">\u00bfPor qu\u00e9 elegir esta ayuda para la adoraci\u00f3n?<\/h4>\n<ul data-start=\"1529\" data-end=\"1942\">\n<li class=\"\" data-start=\"1529\" data-end=\"1683\">\n<p class=\"\" data-start=\"1531\" data-end=\"1683\"><strong data-start=\"1531\" data-end=\"1566\">Fomenta una cultura de vocaciones:<\/strong> Ayuda a tu comunidad a orar intencionalmente por las vocaciones al sacerdocio, la vida consagrada y el matrimonio sacramental.<\/p>\n<\/li>\n<li class=\"\" data-start=\"1684\" data-end=\"1785\">\n<p class=\"\" data-start=\"1686\" data-end=\"1785\"><strong data-start=\"1686\" data-end=\"1702\">F\u00e1cil de usar:<\/strong> Proporciona un formato estructurado, lo que permite una facilitaci\u00f3n fluida durante la adoraci\u00f3n.<\/p>\n<\/li>\n<li class=\"\" data-start=\"1786\" data-end=\"1942\">\n<p class=\"\" data-start=\"1788\" data-end=\"1942\"><strong data-start=\"1788\" data-end=\"1829\">Apoya la misi\u00f3n de Vocation Ministry:<\/strong> Cada compra apoya directamente el trabajo de Vocation Ministry en la promoci\u00f3n y el cultivo de vocaciones en todo el mundo.<\/p>\n<\/li>\n<\/ul>","protected":false},"excerpt":{"rendered":"<p class=\"\" data-start=\"171\" data-end=\"554\">Profundice el compromiso de su comunidad de orar por las vocaciones con nuestra <strong data-start=\"156\" data-end=\"195\">Ayuda para el culto de la Adoraci\u00f3n por las Vocaciones<\/strong>. Cada compra incluye un <strong data-start=\"222\" data-end=\"236\">paquete de 50<\/strong> Impresiones en cartulina de 8,5\u201d x 11\u201d bellamente dise\u00f1adas que presentan el orden completo de adoraci\u00f3n, oraciones, escrituras y reflexiones para guiar a su parroquia, escuela o ministerio al ofrecer poderosas intercesiones para un aumento en las vocaciones sacerdotales, religiosas y sacramentales.<\/p>\n<p class=\"\" data-start=\"556\" data-end=\"822\">Ideal para noches de adoraci\u00f3n parroquial, eventos de discernimiento y retiros juveniles, esta gu\u00eda de adoraci\u00f3n ofrece un formato estructurado que fomenta un esp\u00edritu de reverencia y oraci\u00f3n. Inspira a los fieles a implorar al Se\u00f1or de la mies que env\u00ede m\u00e1s obreros a su vi\u00f1a.<\/p>","protected":false},"author":2,"featured_media":9754,"template":"","meta":{"_acf_changed":false,"_et_pb_use_builder":"","_et_pb_old_content":"","_et_gb_content_width":"","advgb_blocks_editor_width":"","advgb_blocks_columns_visual_guide":""},"product_brand":[],"product_cat":[60,54],"product_tag":[49],"class_list":{"0":"post-9753","1":"product","2":"type-product","3":"status-publish","4":"has-post-thumbnail","6":"product_cat-mass-items","7":"product_cat-prayer-cards","8":"product_tag-parish-resources","9":"product_shipping_class-standard","11":"first","12":"instock","13":"taxable","14":"shipping-taxable","15":"purchasable","16":"product-type-simple"},"acf":[],"yoast_head":"<!-- This site is optimized with the Yoast SEO Premium plugin v24.9 (Yoast SEO v27.4) - https:\/\/yoast.com\/product\/yoast-seo-premium-wordpress\/ -->\n<title>Adoration for Vocations Worship Aid - Vocation Ministry<\/title>\n<meta name=\"description\" content=\"Deepen your community\u2019s commitment to praying for vocations with our Adoration for Vocations Worship Aid.\" \/>\n<meta name=\"robots\" content=\"index, follow, max-snippet:-1, max-image-preview:large, max-video-preview:-1\" \/>\n<link rel=\"canonical\" href=\"https:\/\/www.vocationministry.com\/es\/shop\/worship-aid\/\" \/>\n<meta property=\"og:locale\" content=\"es_MX\" \/>\n<meta property=\"og:type\" content=\"article\" \/>\n<meta property=\"og:title\" content=\"Adoration for Vocations Worship Aid\" \/>\n<meta property=\"og:description\" content=\"Deepen your community\u2019s commitment to praying for vocations with our Adoration for Vocations Worship Aid.\" \/>\n<meta property=\"og:url\" content=\"https:\/\/www.vocationministry.com\/es\/shop\/worship-aid\/\" \/>\n<meta property=\"og:site_name\" content=\"Vocation Ministry\" \/>\n<meta property=\"article:publisher\" content=\"https:\/\/www.facebook.com\/VocationMinistry\" \/>\n<meta property=\"article:modified_time\" content=\"2026-02-19T18:22:11+00:00\" \/>\n<meta property=\"og:image\" content=\"https:\/\/www.vocationministry.com\/wp-content\/uploads\/2024\/07\/Blue-VM-Logo-white-Background.png\" \/>\n\t<meta property=\"og:image:width\" content=\"2000\" \/>\n\t<meta property=\"og:image:height\" content=\"1000\" \/>\n\t<meta property=\"og:image:type\" content=\"image\/png\" \/><meta property=\"og:image\" content=\"https:\/\/www.vocationministry.com\/wp-content\/uploads\/2025\/03\/AdorationforVocationsWorshipAid.png\" \/>\n\t<meta property=\"og:image:width\" content=\"940\" \/>\n\t<meta property=\"og:image:height\" content=\"788\" \/>\n\t<meta property=\"og:image:type\" content=\"image\/png\" \/>\n<meta name=\"twitter:card\" content=\"summary_large_image\" \/>\n<meta name=\"twitter:label1\" content=\"Tiempo de lectura\" \/>\n\t<meta name=\"twitter:data1\" content=\"1 minuto\" \/>\n<script type=\"application\/ld+json\" class=\"yoast-schema-graph\">{\"@context\":\"https:\\\/\\\/schema.org\",\"@graph\":[{\"@type\":\"WebPage\",\"@id\":\"https:\\\/\\\/www.vocationministry.com\\\/shop\\\/worship-aid\\\/\",\"url\":\"https:\\\/\\\/www.vocationministry.com\\\/shop\\\/worship-aid\\\/\",\"name\":\"Adoration for Vocations Worship Aid - Vocation Ministry\",\"isPartOf\":{\"@id\":\"https:\\\/\\\/www.vocationministry.com\\\/es\\\/#website\"},\"primaryImageOfPage\":{\"@id\":\"https:\\\/\\\/www.vocationministry.com\\\/shop\\\/worship-aid\\\/#primaryimage\"},\"image\":{\"@id\":\"https:\\\/\\\/www.vocationministry.com\\\/shop\\\/worship-aid\\\/#primaryimage\"},\"thumbnailUrl\":\"https:\\\/\\\/www.vocationministry.com\\\/wp-content\\\/uploads\\\/2025\\\/03\\\/AdorationforVocationsWorshipAid.png\",\"datePublished\":\"2025-03-31T19:53:50+00:00\",\"dateModified\":\"2026-02-19T18:22:11+00:00\",\"description\":\"Deepen your community\u2019s commitment to praying for vocations with our Adoration for Vocations Worship Aid.\",\"breadcrumb\":{\"@id\":\"https:\\\/\\\/www.vocationministry.com\\\/shop\\\/worship-aid\\\/#breadcrumb\"},\"inLanguage\":\"es\",\"potentialAction\":[{\"@type\":\"ReadAction\",\"target\":[\"https:\\\/\\\/www.vocationministry.com\\\/shop\\\/worship-aid\\\/\"]}]},{\"@type\":\"ImageObject\",\"inLanguage\":\"es\",\"@id\":\"https:\\\/\\\/www.vocationministry.com\\\/shop\\\/worship-aid\\\/#primaryimage\",\"url\":\"https:\\\/\\\/www.vocationministry.com\\\/wp-content\\\/uploads\\\/2025\\\/03\\\/AdorationforVocationsWorshipAid.png\",\"contentUrl\":\"https:\\\/\\\/www.vocationministry.com\\\/wp-content\\\/uploads\\\/2025\\\/03\\\/AdorationforVocationsWorshipAid.png\",\"width\":940,\"height\":788},{\"@type\":\"BreadcrumbList\",\"@id\":\"https:\\\/\\\/www.vocationministry.com\\\/shop\\\/worship-aid\\\/#breadcrumb\",\"itemListElement\":[{\"@type\":\"ListItem\",\"position\":1,\"name\":\"Home\",\"item\":\"https:\\\/\\\/www.vocationministry.com\\\/\"},{\"@type\":\"ListItem\",\"position\":2,\"name\":\"Shop\",\"item\":\"https:\\\/\\\/www.vocationministry.com\\\/shop\\\/\"},{\"@type\":\"ListItem\",\"position\":3,\"name\":\"Adoration for Vocations Worship Aid\"}]},{\"@type\":\"WebSite\",\"@id\":\"https:\\\/\\\/www.vocationministry.com\\\/es\\\/#website\",\"url\":\"https:\\\/\\\/www.vocationministry.com\\\/es\\\/\",\"name\":\"Vocation Ministry\",\"description\":\"Creating A Culture of Vocations\",\"publisher\":{\"@id\":\"https:\\\/\\\/www.vocationministry.com\\\/es\\\/#organization\"},\"potentialAction\":[{\"@type\":\"SearchAction\",\"target\":{\"@type\":\"EntryPoint\",\"urlTemplate\":\"https:\\\/\\\/www.vocationministry.com\\\/es\\\/?s={search_term_string}\"},\"query-input\":{\"@type\":\"PropertyValueSpecification\",\"valueRequired\":true,\"valueName\":\"search_term_string\"}}],\"inLanguage\":\"es\"},{\"@type\":\"Organization\",\"@id\":\"https:\\\/\\\/www.vocationministry.com\\\/es\\\/#organization\",\"name\":\"Vocation Ministry\",\"url\":\"https:\\\/\\\/www.vocationministry.com\\\/es\\\/\",\"logo\":{\"@type\":\"ImageObject\",\"inLanguage\":\"es\",\"@id\":\"https:\\\/\\\/www.vocationministry.com\\\/es\\\/#\\\/schema\\\/logo\\\/image\\\/\",\"url\":\"https:\\\/\\\/www.vocationministry.com\\\/wp-content\\\/uploads\\\/2024\\\/02\\\/Blue-VM-Logo-white-Background.png\",\"contentUrl\":\"https:\\\/\\\/www.vocationministry.com\\\/wp-content\\\/uploads\\\/2024\\\/02\\\/Blue-VM-Logo-white-Background.png\",\"width\":2000,\"height\":1000,\"caption\":\"Vocation Ministry\"},\"image\":{\"@id\":\"https:\\\/\\\/www.vocationministry.com\\\/es\\\/#\\\/schema\\\/logo\\\/image\\\/\"},\"sameAs\":[\"https:\\\/\\\/www.facebook.com\\\/VocationMinistry\"]}]}<\/script>\n<!-- \/ Yoast SEO Premium plugin. -->","yoast_head_json":{"title":"Adoraci\u00f3n por las Vocaciones - Vocation Ministry","description":"Profundice el compromiso de su comunidad de orar por las vocaciones con nuestra Ayuda para la Adoraci\u00f3n por las Vocaciones.","robots":{"index":"index","follow":"follow","max-snippet":"max-snippet:-1","max-image-preview":"max-image-preview:large","max-video-preview":"max-video-preview:-1"},"canonical":"https:\/\/www.vocationministry.com\/es\/shop\/worship-aid\/","og_locale":"es_MX","og_type":"article","og_title":"Adoration for Vocations Worship Aid","og_description":"Deepen your community\u2019s commitment to praying for vocations with our Adoration for Vocations Worship Aid.","og_url":"https:\/\/www.vocationministry.com\/es\/shop\/worship-aid\/","og_site_name":"Vocation Ministry","article_publisher":"https:\/\/www.facebook.com\/VocationMinistry","article_modified_time":"2026-02-19T18:22:11+00:00","og_image":[{"width":2000,"height":1000,"url":"https:\/\/www.vocationministry.com\/wp-content\/uploads\/2024\/07\/Blue-VM-Logo-white-Background.png","type":"image\/png"},{"width":940,"height":788,"url":"https:\/\/www.vocationministry.com\/wp-content\/uploads\/2025\/03\/AdorationforVocationsWorshipAid.png","type":"image\/png"}],"twitter_card":"summary_large_image","twitter_misc":{"Tiempo de lectura":"1 minuto"},"schema":{"@context":"https:\/\/schema.org","@graph":[{"@type":"WebPage","@id":"https:\/\/www.vocationministry.com\/shop\/worship-aid\/","url":"https:\/\/www.vocationministry.com\/shop\/worship-aid\/","name":"Adoraci\u00f3n por las Vocaciones - Vocation Ministry","isPartOf":{"@id":"https:\/\/www.vocationministry.com\/es\/#website"},"primaryImageOfPage":{"@id":"https:\/\/www.vocationministry.com\/shop\/worship-aid\/#primaryimage"},"image":{"@id":"https:\/\/www.vocationministry.com\/shop\/worship-aid\/#primaryimage"},"thumbnailUrl":"https:\/\/www.vocationministry.com\/wp-content\/uploads\/2025\/03\/AdorationforVocationsWorshipAid.png","datePublished":"2025-03-31T19:53:50+00:00","dateModified":"2026-02-19T18:22:11+00:00","description":"Profundice el compromiso de su comunidad de orar por las vocaciones con nuestra Ayuda para la Adoraci\u00f3n por las Vocaciones.","breadcrumb":{"@id":"https:\/\/www.vocationministry.com\/shop\/worship-aid\/#breadcrumb"},"inLanguage":"es","potentialAction":[{"@type":"ReadAction","target":["https:\/\/www.vocationministry.com\/shop\/worship-aid\/"]}]},{"@type":"ImageObject","inLanguage":"es","@id":"https:\/\/www.vocationministry.com\/shop\/worship-aid\/#primaryimage","url":"https:\/\/www.vocationministry.com\/wp-content\/uploads\/2025\/03\/AdorationforVocationsWorshipAid.png","contentUrl":"https:\/\/www.vocationministry.com\/wp-content\/uploads\/2025\/03\/AdorationforVocationsWorshipAid.png","width":940,"height":788},{"@type":"BreadcrumbList","@id":"https:\/\/www.vocationministry.com\/shop\/worship-aid\/#breadcrumb","itemListElement":[{"@type":"ListItem","position":1,"name":"Home","item":"https:\/\/www.vocationministry.com\/"},{"@type":"ListItem","position":2,"name":"Shop","item":"https:\/\/www.vocationministry.com\/shop\/"},{"@type":"ListItem","position":3,"name":"Adoration for Vocations Worship Aid"}]},{"@type":"WebSite","@id":"https:\/\/www.vocationministry.com\/es\/#website","url":"https:\/\/www.vocationministry.com\/es\/","name":"Vocation Ministry","description":"Creando una cultura de vocaciones","publisher":{"@id":"https:\/\/www.vocationministry.com\/es\/#organization"},"potentialAction":[{"@type":"SearchAction","target":{"@type":"EntryPoint","urlTemplate":"https:\/\/www.vocationministry.com\/es\/?s={search_term_string}"},"query-input":{"@type":"PropertyValueSpecification","valueRequired":true,"valueName":"search_term_string"}}],"inLanguage":"es"},{"@type":"Organization","@id":"https:\/\/www.vocationministry.com\/es\/#organization","name":"Vocation Ministry","url":"https:\/\/www.vocationministry.com\/es\/","logo":{"@type":"ImageObject","inLanguage":"es","@id":"https:\/\/www.vocationministry.com\/es\/#\/schema\/logo\/image\/","url":"https:\/\/www.vocationministry.com\/wp-content\/uploads\/2024\/02\/Blue-VM-Logo-white-Background.png","contentUrl":"https:\/\/www.vocationministry.com\/wp-content\/uploads\/2024\/02\/Blue-VM-Logo-white-Background.png","width":2000,"height":1000,"caption":"Vocation Ministry"},"image":{"@id":"https:\/\/www.vocationministry.com\/es\/#\/schema\/logo\/image\/"},"sameAs":["https:\/\/www.facebook.com\/VocationMinistry"]}]}},"featured_img":"https:\/\/www.vocationministry.com\/wp-content\/uploads\/2025\/03\/AdorationforVocationsWorshipAid.png","coauthors":[],"author_meta":{"author_link":"https:\/\/www.vocationministry.com\/es\/author\/marketing\/","display_name":"McKinsey Ogle"},"relative_dates":{"created":"Publicado 1 a\u00f1o hace","modified":"Actualizado 2 meses hace"},"absolute_dates":{"created":"Publicado el marzo 31, 2025","modified":"Actualizado el febrero 19, 2026"},"absolute_dates_time":{"created":"Publicado el marzo 31, 2025 2:53 pm","modified":"Actualizado el febrero 19, 2026 12:22 pm"},"featured_img_caption":"","tax_additional":{"product_brand":{"linked":[],"unlinked":[],"slug":"product_brand","name":"Marcas"},"product_type":{"linked":["<a href=\"https:\/\/www.vocationministry.com\/es\/?taxonomy=product_type&#038;term=simple\" class=\"advgb-post-tax-term\">simple<\/a>"],"unlinked":["<span class=\"advgb-post-tax-term\">simple<\/span>"],"slug":"product_type","name":"Tipo de producto"},"product_visibility":{"linked":[],"unlinked":[],"slug":"product_visibility","name":"Visibilidad del producto"},"product_cat":{"linked":["<a href=\"https:\/\/www.vocationministry.com\/es\/categoria-producto\/mass-items\/\" class=\"advgb-post-tax-term\">Mass Items<\/a>","<a href=\"https:\/\/www.vocationministry.com\/es\/categoria-producto\/prayer-cards\/\" class=\"advgb-post-tax-term\">Prayer Cards<\/a>"],"unlinked":["<span class=\"advgb-post-tax-term\">Mass Items<\/span>","<span class=\"advgb-post-tax-term\">Prayer Cards<\/span>"],"slug":"product_cat","name":"Categor\u00edas del producto"},"product_tag":{"linked":["<a href=\"https:\/\/www.vocationministry.com\/es\/etiqueta-producto\/parish-resources\/\" class=\"advgb-post-tax-term\">Parish Resources<\/a>"],"unlinked":["<span class=\"advgb-post-tax-term\">Parish Resources<\/span>"],"slug":"product_tag","name":"Etiquetas del producto"},"product_shipping_class":{"linked":["<a href=\"https:\/\/www.vocationministry.com\/es\/?taxonomy=product_shipping_class&#038;term=standard\" class=\"advgb-post-tax-term\">Standard<\/a>"],"unlinked":["<span class=\"advgb-post-tax-term\">Standard<\/span>"],"slug":"product_shipping_class","name":"Clases de env\u00edo del producto"},"pos_product_visibility":{"linked":[],"unlinked":[],"slug":"pos_product_visibility","name":"Visibilidad del producto en el punto de venta"},"pa_rosary-for-vocations":{"linked":[],"unlinked":[],"slug":"pa_rosary-for-vocations","name":"Rosario por las Vocaciones del producto"},"pa_vocation-ministry-polo":{"linked":[],"unlinked":[],"slug":"pa_vocation-ministry-polo","name":"Polo del producto"}},"series_order":"","_links":{"self":[{"href":"https:\/\/www.vocationministry.com\/es\/wp-json\/wp\/v2\/product\/9753","targetHints":{"allow":["GET"]}}],"collection":[{"href":"https:\/\/www.vocationministry.com\/es\/wp-json\/wp\/v2\/product"}],"about":[{"href":"https:\/\/www.vocationministry.com\/es\/wp-json\/wp\/v2\/types\/product"}],"wp:featuredmedia":[{"embeddable":true,"href":"https:\/\/www.vocationministry.com\/es\/wp-json\/wp\/v2\/media\/9754"}],"wp:attachment":[{"href":"https:\/\/www.vocationministry.com\/es\/wp-json\/wp\/v2\/media?parent=9753"}],"wp:term":[{"taxonomy":"product_brand","embeddable":true,"href":"https:\/\/www.vocationministry.com\/es\/wp-json\/wp\/v2\/product_brand?post=9753"},{"taxonomy":"product_cat","embeddable":true,"href":"https:\/\/www.vocationministry.com\/es\/wp-json\/wp\/v2\/product_cat?post=9753"},{"taxonomy":"product_tag","embeddable":true,"href":"https:\/\/www.vocationministry.com\/es\/wp-json\/wp\/v2\/product_tag?post=9753"}],"curies":[{"name":"Gracias","href":"https:\/\/api.w.org\/{rel}","templated":true}]}}